{"id":26285,"date":"2022-09-19T08:12:04","date_gmt":"2022-09-19T07:12:04","guid":{"rendered":"https:\/\/earlyfeednutrition.com\/what-we-offer\/piglets-flavorit\/"},"modified":"2023-02-23T13:47:00","modified_gmt":"2023-02-23T12:47:00","slug":"piglets-flavorit","status":"publish","type":"product","link":"https:\/\/earlyfeednutrition.com\/pl\/what-we-offer\/piglets-flavorit\/","title":{"rendered":"PIGLET&#8217;S FLAVORIT"},"content":{"rendered":"<section class=\"section section--gutenberg section--gutenberg-nomargin wp-block-columns\"><div class=\"container\" style=\"\"><div class=\"columns\"><div class=\"wp-block-column column\" style=\"\"><section class=\"section section--gutenberg section--gutenberg-nomargin wp-block-heading\">\n<h2><span style=\"font-family: bebas-neue-rounded, &quot;Roboto&quot;, &quot;Open Sans&quot;, &quot;Helvetica&quot;, &quot;Arial&quot;, sans-serif;\" class=\"font-family\"><span style=\"color: #DBB154\" class=\"text-color\">Pobranie paszy (r)ewolucja<\/span><\/span><\/h2>\n<\/section><section class=\"section section--gutenberg section--gutenberg-nomargin wp-block-paragraph\">\n<p><span style=\"font-family: &quot;Roboto&quot;, &quot;Open Sans&quot;, &quot;Helvetica&quot;, &quot;Arial&quot;, sans-serif;\" class=\"font-family\"><span style=\"color: #FFFFFF\" class=\"text-color\">W ostatnich latach sk\u0142ad mieszanek dla prosi\u0105t uleg\u0142 drastycznej zmianie: zakaz stosowania tlenku cynku, ograniczenie (lub brak) antybiotyk\u00f3w w paszy, zwi\u0119kszenie wykorzystania sk\u0142adnik\u00f3w funkcjonalnych itp.<\/span><\/span><\/p>\n<\/section><section class=\"section section--gutenberg section--gutenberg-nomargin wp-block-paragraph\">\n<p><span style=\"font-family: &quot;Roboto&quot;, &quot;Open Sans&quot;, &quot;Helvetica&quot;, &quot;Arial&quot;, sans-serif;\" class=\"font-family\"><span style=\"color: #FFFFFF\" class=\"text-color\">Dlatego nadszed\u0142 czas, aby ponownie rozwa\u017cy\u0107 rozwi\u0105zania wspieraj\u0105ce pobranie paszy przez prosi\u0119ta.<\/span><\/span><\/p>\n<\/section><\/div><div class=\"wp-block-column column\" style=\"\"><section class=\"section section--gutenberg section--gutenberg-nomargin wp-block-heading\">\n<h2><span style=\"font-family: bebas-neue-rounded, &quot;Roboto&quot;, &quot;Open Sans&quot;, &quot;Helvetica&quot;, &quot;Arial&quot;, sans-serif;\" class=\"font-family\"><span style=\"color: #DBB154\" class=\"text-color\">Rozwi\u0105zanie tr\u00f3jstronne<\/span><\/span><\/h2>\n<\/section><section class=\"section section--gutenberg section--gutenberg-nomargin wp-block-paragraph\">\n<p>Innowacyjne rozwi\u0105zanie Earlyfeed wspieraj\u0105ce pobranie paszy tworz\u0105 trzy filary:<\/p>\n<\/section>\n<ul class=\"wp-block-list\">\n<li>Atrakcyjny aromat ma przypomina\u0107 zapach lochy, wabi\u0105c prosi\u0119ta do paszy.<\/li>\n\n\n\n<li>Lepsza smakowito\u015b\u0107 przyczynia si\u0119, do wzrostu pobrania paszy.<\/li>\n\n\n\n<li>Zastosowanie substancji s\u0142odz\u0105cych pochodzenia naturalnego sprawia, \u017ce Flavorit Piglet jest przysz\u0142o\u015bciow\u0105 koncepcj\u0105.<\/li>\n<\/ul>\n<section class=\"section section--gutenberg section--gutenberg-nomargin wp-block-paragraph\">\n<p><span style=\"font-family: &quot;Roboto&quot;, &quot;Open Sans&quot;, &quot;Helvetica&quot;, &quot;Arial&quot;, sans-serif;\" class=\"font-family\"><span style=\"color: #FFFFFF\" class=\"text-color\">Dzi\u0119ki po\u0142\u0105czeniu umiej\u0119tno\u015bci nauki oraz rozpoznawania zapachu matki prosi\u0119ta \u0142agodniej przechodz\u0105 przez okres odsadzenia. A to dzi\u0119ki mo\u017cliwo\u015bciom i ch\u0119ciom pobierania paszy, mniejszym poziomem stresu, oraz popraw\u0105 dobrostanu.<\/span><\/span><\/p>\n<\/section><\/div><div class=\"wp-block-column column\" style=\"\"><section class=\"section section--gutenberg section--gutenberg-nomargin wp-block-heading\">\n<h2><span style=\"color: #DBB154\" class=\"text-color\"><span style=\"font-family: bebas-neue-rounded, &quot;Roboto&quot;, &quot;Open Sans&quot;, &quot;Helvetica&quot;, &quot;Arial&quot;, sans-serif;\" class=\"font-family\">Korzy\u015bci wynikaj\u0105ce z zastosowania <\/span><\/span><span style=\"color: #ffffff\" class=\"text-color\"><span style=\"font-family: bebas-neue-rounded, &quot;Roboto&quot;, &quot;Open Sans&quot;, &quot;Helvetica&quot;, &quot;Arial&quot;, sans-serif;\" class=\"font-family\">PIGLET&#8217;S Flavorit<\/span><\/span><\/h2>\n<\/section>\n<ul class=\"wp-block-list\">\n<li>Unikalne podej\u015bcie do pobrania paszy przez prosi\u0119ta<\/li>\n\n\n\n<li>Wp\u0142yw na dalsze etapy produkcji <\/li>\n\n\n\n<li>Lepsze pobranie paszy<\/li>\n<\/ul>\n<section class=\"section section--gutenberg section--gutenberg-nomargin wp-block-image\"><div class=\"container\"><div class=\"columns\"><div class=\"column\">\n<figure class=\"wp-block-image size-large is-resized\"><img loading=\"lazy\" decoding=\"async\" src=\"https:\/\/earlyfeednutrition.com\/app\/uploads\/2022\/09\/Piglets_flavorit_final_v2-1024x433.png\" alt=\"\" class=\"wp-image-25249\" width=\"255\" height=\"107\" srcset=\"https:\/\/earlyfeednutrition.com\/app\/uploads\/2022\/09\/Piglets_flavorit_final_v2-1024x433.png 1024w, https:\/\/earlyfeednutrition.com\/app\/uploads\/2022\/09\/Piglets_flavorit_final_v2-300x127.png 300w, https:\/\/earlyfeednutrition.com\/app\/uploads\/2022\/09\/Piglets_flavorit_final_v2-768x325.png 768w, https:\/\/earlyfeednutrition.com\/app\/uploads\/2022\/09\/Piglets_flavorit_final_v2-1280x542.png 1280w, https:\/\/earlyfeednutrition.com\/app\/uploads\/2022\/09\/Piglets_flavorit_final_v2-475x201.png 475w, https:\/\/earlyfeednutrition.com\/app\/uploads\/2022\/09\/Piglets_flavorit_final_v2-320x135.png 320w, https:\/\/earlyfeednutrition.com\/app\/uploads\/2022\/09\/Piglets_flavorit_final_v2.png 1382w\" sizes=\"auto, (max-width: 255px) 100vw, 255px\" \/><\/figure>\n<\/div><\/div><\/div><\/section><\/div><\/div><\/div><\/section>\n\n\n<figure class=\"wp-block-embed is-type-video is-provider-youtube wp-block-embed-youtube wp-embed-aspect-16-9 wp-has-aspect-ratio\"><div class=\"wp-block-embed__wrapper\">\n<iframe loading=\"lazy\" title=\"Piglet&#039;s flavorit\" width=\"500\" height=\"281\" src=\"https:\/\/www.youtube.com\/embed\/DG4ctRcpmeI?feature=oembed\" frameborder=\"0\" allow=\"accelerometer; autoplay; clipboard-write; encrypted-media; gyroscope; picture-in-picture; web-share\" referrerpolicy=\"strict-origin-when-cross-origin\" allowfullscreen><\/iframe>\n<\/div><\/figure>\n\n\n\n<section id=\"agri-contact-tile-block_4d7ffcafdb7f5f3e0517f3ffecf0a2ce\" class=\"section section--gutenberg agri-contact-tile\">\n    <div class=\"container\">\n        <div class=\"columns\">\n            <div class=\"column is-full is-8-tablet is-offset-2-tablet is-6-desktop is-offset-3-desktop is-4-widescreen is-offset-4-widescreen\">\n                <div class=\"block block--localcontact\">\n                    <div class=\"content\">\n                        <div class=\"note\">Tw\u00f3j ekspert Earlyfeed<\/div>\n                        <div class=\"name\">Pawe\u0142 Sklorz<\/div>\n                        <div class=\"function\">Doradca techniczny <\/div>\n                    <\/div>\n\n                    <div class=\"button--wrapper\">\n                        <a href=\"mailto:p.sklorz@agrifirm.com\" class=\"button button--primary button--primary--brown\">Skontaktuj si\u0119<\/a>\n                    <\/div>\n\n                    <div class=\"description\">\n                        <p>Ten kontakt zosta\u0142 zasugerowany na podstawie lokalizacji, z kt\u00f3rej przegl\u0105dasz. <a href=\"https:\/\/earlyfeednutrition.com\/pl\/contact-pl\/\"><span class=\"s1\">Tutaj<\/span><\/a>\u00a0mo\u017cesz oczywi\u015bcie sprawdzi\u0107 r\u00f3wnie\u017c inne nasze kontakty i lokalizacje.<\/p>\n                    <\/div>\n                <\/div>\n            <\/div>\n        <\/div>\n    <\/div>\n<\/section>","protected":false},"featured_media":25067,"template":"","sector":[430],"country":[],"product_category":[2364],"class_list":["post-26285","product","type-product","status-publish","has-post-thumbnail","hentry","sector-swine-pl","product_category-innowacyjne-rozwiazanie-w-zakresie-pobierania-paszy-przez-prosieta"],"acf":[],"yoast_head":"<!-- This site is optimized with the Yoast SEO plugin v27.0 - https:\/\/yoast.com\/product\/yoast-seo-wordpress\/ -->\n<title>PIGLET&#039;S FLAVORIT - Earlyfeed<\/title>\n<meta name=\"robots\" content=\"index, follow, max-snippet:-1, max-image-preview:large, max-video-preview:-1\" \/>\n<link rel=\"canonical\" href=\"https:\/\/earlyfeednutrition.com\/pl\/what-we-offer\/piglets-flavorit\/\" \/>\n<meta property=\"og:locale\" content=\"pl_PL\" \/>\n<meta property=\"og:type\" content=\"article\" \/>\n<meta property=\"og:title\" content=\"PIGLET&#039;S FLAVORIT - Earlyfeed\" \/>\n<meta property=\"og:description\" content=\"Pobranie paszy (r)ewolucja W ostatnich latach sk\u0142ad mieszanek dla prosi\u0105t uleg\u0142 drastycznej zmianie: zakaz stosowania tlenku cynku, ograniczenie (lub brak) antybiotyk\u00f3w w paszy, zwi\u0119kszenie wykorzystania sk\u0142adnik\u00f3w funkcjonalnych itp. Dlatego nadszed\u0142 czas, aby ponownie rozwa\u017cy\u0107 rozwi\u0105zania wspieraj\u0105ce pobranie paszy przez prosi\u0119ta. Rozwi\u0105zanie tr\u00f3jstronne Innowacyjne rozwi\u0105zanie Earlyfeed wspieraj\u0105ce pobranie paszy tworz\u0105 trzy filary: Dzi\u0119ki po\u0142\u0105czeniu umiej\u0119tno\u015bci nauki [&hellip;]\" \/>\n<meta property=\"og:url\" content=\"https:\/\/earlyfeednutrition.com\/pl\/what-we-offer\/piglets-flavorit\/\" \/>\n<meta property=\"og:site_name\" content=\"Earlyfeed\" \/>\n<meta property=\"article:modified_time\" content=\"2023-02-23T12:47:00+00:00\" \/>\n<meta property=\"og:image\" content=\"https:\/\/earlyfeednutrition.com\/app\/uploads\/2022\/09\/Piglets-flavorit_main_website-1024x463.png\" \/>\n\t<meta property=\"og:image:width\" content=\"1024\" \/>\n\t<meta property=\"og:image:height\" content=\"463\" \/>\n\t<meta property=\"og:image:type\" content=\"image\/png\" \/>\n<meta name=\"twitter:card\" content=\"summary_large_image\" \/>\n<meta name=\"twitter:label1\" content=\"Est. reading time\" \/>\n\t<meta name=\"twitter:data1\" content=\"1 minute\" \/>\n<script type=\"application\/ld+json\" class=\"yoast-schema-graph\">{\"@context\":\"https:\/\/schema.org\",\"@graph\":[{\"@type\":\"WebPage\",\"@id\":\"https:\/\/earlyfeednutrition.com\/pl\/what-we-offer\/piglets-flavorit\/\",\"url\":\"https:\/\/earlyfeednutrition.com\/pl\/what-we-offer\/piglets-flavorit\/\",\"name\":\"PIGLET'S FLAVORIT - Earlyfeed\",\"isPartOf\":{\"@id\":\"https:\/\/earlyfeednutrition.com\/pl\/#website\"},\"primaryImageOfPage\":{\"@id\":\"https:\/\/earlyfeednutrition.com\/pl\/what-we-offer\/piglets-flavorit\/#primaryimage\"},\"image\":{\"@id\":\"https:\/\/earlyfeednutrition.com\/pl\/what-we-offer\/piglets-flavorit\/#primaryimage\"},\"thumbnailUrl\":\"https:\/\/earlyfeednutrition.com\/app\/uploads\/2022\/09\/Piglets-flavorit_main_website.png\",\"datePublished\":\"2022-09-19T07:12:04+00:00\",\"dateModified\":\"2023-02-23T12:47:00+00:00\",\"breadcrumb\":{\"@id\":\"https:\/\/earlyfeednutrition.com\/pl\/what-we-offer\/piglets-flavorit\/#breadcrumb\"},\"inLanguage\":\"pl-PL\",\"potentialAction\":[{\"@type\":\"ReadAction\",\"target\":[\"https:\/\/earlyfeednutrition.com\/pl\/what-we-offer\/piglets-flavorit\/\"]}]},{\"@type\":\"ImageObject\",\"inLanguage\":\"pl-PL\",\"@id\":\"https:\/\/earlyfeednutrition.com\/pl\/what-we-offer\/piglets-flavorit\/#primaryimage\",\"url\":\"https:\/\/earlyfeednutrition.com\/app\/uploads\/2022\/09\/Piglets-flavorit_main_website.png\",\"contentUrl\":\"https:\/\/earlyfeednutrition.com\/app\/uploads\/2022\/09\/Piglets-flavorit_main_website.png\",\"width\":2500,\"height\":1131},{\"@type\":\"BreadcrumbList\",\"@id\":\"https:\/\/earlyfeednutrition.com\/pl\/what-we-offer\/piglets-flavorit\/#breadcrumb\",\"itemListElement\":[{\"@type\":\"ListItem\",\"position\":1,\"name\":\"Strona g\u0142\u00f3wna\",\"item\":\"https:\/\/earlyfeednutrition.com\/pl\/\"},{\"@type\":\"ListItem\",\"position\":2,\"name\":\"Product\",\"item\":\"https:\/\/earlyfeednutrition.com\/pl\/what-we-offer\/\"},{\"@type\":\"ListItem\",\"position\":3,\"name\":\"PIGLET&#8217;S FLAVORIT\"}]},{\"@type\":\"WebSite\",\"@id\":\"https:\/\/earlyfeednutrition.com\/pl\/#website\",\"url\":\"https:\/\/earlyfeednutrition.com\/pl\/\",\"name\":\"Earlyfeed\",\"description\":\"Right from the start\",\"potentialAction\":[{\"@type\":\"SearchAction\",\"target\":{\"@type\":\"EntryPoint\",\"urlTemplate\":\"https:\/\/earlyfeednutrition.com\/pl\/?s={search_term_string}\"},\"query-input\":{\"@type\":\"PropertyValueSpecification\",\"valueRequired\":true,\"valueName\":\"search_term_string\"}}],\"inLanguage\":\"pl-PL\"}]}<\/script>\n<!-- \/ Yoast SEO plugin. -->","yoast_head_json":{"title":"PIGLET'S FLAVORIT - Earlyfeed","robots":{"index":"index","follow":"follow","max-snippet":"max-snippet:-1","max-image-preview":"max-image-preview:large","max-video-preview":"max-video-preview:-1"},"canonical":"https:\/\/earlyfeednutrition.com\/pl\/what-we-offer\/piglets-flavorit\/","og_locale":"pl_PL","og_type":"article","og_title":"PIGLET'S FLAVORIT - Earlyfeed","og_description":"Pobranie paszy (r)ewolucja W ostatnich latach sk\u0142ad mieszanek dla prosi\u0105t uleg\u0142 drastycznej zmianie: zakaz stosowania tlenku cynku, ograniczenie (lub brak) antybiotyk\u00f3w w paszy, zwi\u0119kszenie wykorzystania sk\u0142adnik\u00f3w funkcjonalnych itp. Dlatego nadszed\u0142 czas, aby ponownie rozwa\u017cy\u0107 rozwi\u0105zania wspieraj\u0105ce pobranie paszy przez prosi\u0119ta. Rozwi\u0105zanie tr\u00f3jstronne Innowacyjne rozwi\u0105zanie Earlyfeed wspieraj\u0105ce pobranie paszy tworz\u0105 trzy filary: Dzi\u0119ki po\u0142\u0105czeniu umiej\u0119tno\u015bci nauki [&hellip;]","og_url":"https:\/\/earlyfeednutrition.com\/pl\/what-we-offer\/piglets-flavorit\/","og_site_name":"Earlyfeed","article_modified_time":"2023-02-23T12:47:00+00:00","og_image":[{"width":1024,"height":463,"url":"https:\/\/earlyfeednutrition.com\/app\/uploads\/2022\/09\/Piglets-flavorit_main_website-1024x463.png","type":"image\/png"}],"twitter_card":"summary_large_image","twitter_misc":{"Est. reading time":"1 minute"},"schema":{"@context":"https:\/\/schema.org","@graph":[{"@type":"WebPage","@id":"https:\/\/earlyfeednutrition.com\/pl\/what-we-offer\/piglets-flavorit\/","url":"https:\/\/earlyfeednutrition.com\/pl\/what-we-offer\/piglets-flavorit\/","name":"PIGLET'S FLAVORIT - Earlyfeed","isPartOf":{"@id":"https:\/\/earlyfeednutrition.com\/pl\/#website"},"primaryImageOfPage":{"@id":"https:\/\/earlyfeednutrition.com\/pl\/what-we-offer\/piglets-flavorit\/#primaryimage"},"image":{"@id":"https:\/\/earlyfeednutrition.com\/pl\/what-we-offer\/piglets-flavorit\/#primaryimage"},"thumbnailUrl":"https:\/\/earlyfeednutrition.com\/app\/uploads\/2022\/09\/Piglets-flavorit_main_website.png","datePublished":"2022-09-19T07:12:04+00:00","dateModified":"2023-02-23T12:47:00+00:00","breadcrumb":{"@id":"https:\/\/earlyfeednutrition.com\/pl\/what-we-offer\/piglets-flavorit\/#breadcrumb"},"inLanguage":"pl-PL","potentialAction":[{"@type":"ReadAction","target":["https:\/\/earlyfeednutrition.com\/pl\/what-we-offer\/piglets-flavorit\/"]}]},{"@type":"ImageObject","inLanguage":"pl-PL","@id":"https:\/\/earlyfeednutrition.com\/pl\/what-we-offer\/piglets-flavorit\/#primaryimage","url":"https:\/\/earlyfeednutrition.com\/app\/uploads\/2022\/09\/Piglets-flavorit_main_website.png","contentUrl":"https:\/\/earlyfeednutrition.com\/app\/uploads\/2022\/09\/Piglets-flavorit_main_website.png","width":2500,"height":1131},{"@type":"BreadcrumbList","@id":"https:\/\/earlyfeednutrition.com\/pl\/what-we-offer\/piglets-flavorit\/#breadcrumb","itemListElement":[{"@type":"ListItem","position":1,"name":"Strona g\u0142\u00f3wna","item":"https:\/\/earlyfeednutrition.com\/pl\/"},{"@type":"ListItem","position":2,"name":"Product","item":"https:\/\/earlyfeednutrition.com\/pl\/what-we-offer\/"},{"@type":"ListItem","position":3,"name":"PIGLET&#8217;S FLAVORIT"}]},{"@type":"WebSite","@id":"https:\/\/earlyfeednutrition.com\/pl\/#website","url":"https:\/\/earlyfeednutrition.com\/pl\/","name":"Earlyfeed","description":"Right from the start","potentialAction":[{"@type":"SearchAction","target":{"@type":"EntryPoint","urlTemplate":"https:\/\/earlyfeednutrition.com\/pl\/?s={search_term_string}"},"query-input":{"@type":"PropertyValueSpecification","valueRequired":true,"valueName":"search_term_string"}}],"inLanguage":"pl-PL"}]}},"_links":{"self":[{"href":"https:\/\/earlyfeednutrition.com\/pl\/wp-json\/wp\/v2\/product\/26285","targetHints":{"allow":["GET"]}}],"collection":[{"href":"https:\/\/earlyfeednutrition.com\/pl\/wp-json\/wp\/v2\/product"}],"about":[{"href":"https:\/\/earlyfeednutrition.com\/pl\/wp-json\/wp\/v2\/types\/product"}],"wp:featuredmedia":[{"embeddable":true,"href":"https:\/\/earlyfeednutrition.com\/pl\/wp-json\/wp\/v2\/media\/25067"}],"wp:attachment":[{"href":"https:\/\/earlyfeednutrition.com\/pl\/wp-json\/wp\/v2\/media?parent=26285"}],"wp:term":[{"taxonomy":"sector","embeddable":true,"href":"https:\/\/earlyfeednutrition.com\/pl\/wp-json\/wp\/v2\/sector?post=26285"},{"taxonomy":"country","embeddable":true,"href":"https:\/\/earlyfeednutrition.com\/pl\/wp-json\/wp\/v2\/country?post=26285"},{"taxonomy":"product_category","embeddable":true,"href":"https:\/\/earlyfeednutrition.com\/pl\/wp-json\/wp\/v2\/product_category?post=26285"}],"curies":[{"name":"wp","href":"https:\/\/api.w.org\/{rel}","templated":true}]}}