{"id":13504,"date":"2020-11-29T21:16:16","date_gmt":"2020-11-29T21:16:16","guid":{"rendered":"https:\/\/www.earlyfeednutrition.com\/what-we-offer\/start_plus\/"},"modified":"2021-09-13T14:03:44","modified_gmt":"2021-09-13T14:03:44","slug":"start_plus","status":"publish","type":"product","link":"https:\/\/earlyfeednutrition.com\/pl\/what-we-offer\/start_plus\/","title":{"rendered":"START+"},"content":{"rendered":"<section class=\"section section--gutenberg section--gutenberg-nomargin wp-block-columns\"><div class=\"container\" style=\"\"><div class=\"columns\"><div class=\"wp-block-column column\" style=\"\"><section class=\"section section--gutenberg section--gutenberg-nomargin wp-block-heading\">\n<h2><span style=\"font-family: bebas-neue-rounded, &quot;Roboto&quot;, &quot;Open Sans&quot;, &quot;Helvetica&quot;, &quot;Arial&quot;, sans-serif;\" class=\"font-family\"><span style=\"color: #DBB154\" class=\"text-color\">Naturalne wzbogacenie stymuluj\u0105ce dojrzewanie jelit na wczesnym etapie rozwoju<\/span><\/span><\/h2>\n<\/section><section class=\"section section--gutenberg section--gutenberg-nomargin wp-block-paragraph\">\n<p><span style=\"font-family: &quot;Roboto&quot;, &quot;Open Sans&quot;, &quot;Helvetica&quot;, &quot;Arial&quot;, sans-serif;\" class=\"font-family\"><span style=\"color: #FFFFFF\" class=\"text-color\">START+ to unikalna koncepcja opracowana przez naszych naukowc\u00f3w w celu stymulacji dojrzewania jelit prosi\u0105t. Korzy\u015bci p\u0142yn\u0105ce z zastosowania START+ zosta\u0142y naukowo udokumentowane podczas szeroko zakrojonych pr\u00f3b dotycz\u0105cych naszych produkt\u00f3w marki Earlyfeed.<\/span><\/span><\/p>\n<\/section><\/div><div class=\"wp-block-column column\" style=\"\"><section class=\"section section--gutenberg section--gutenberg-nomargin wp-block-heading\">\n<h2><span style=\"font-family: bebas-neue-rounded, &quot;Roboto&quot;, &quot;Open Sans&quot;, &quot;Helvetica&quot;, &quot;Arial&quot;, sans-serif;\" class=\"font-family\"><span style=\"color: #DBB154\" class=\"text-color\">Zainspirowana przez Matk\u0119 Natur\u0119<\/span><\/span><\/h2>\n<\/section><section class=\"section section--gutenberg section--gutenberg-nomargin wp-block-paragraph\">\n<p><span style=\"font-family: &quot;Roboto&quot;, &quot;Open Sans&quot;, &quot;Helvetica&quot;, &quot;Arial&quot;, sans-serif;\" class=\"font-family\"><span style=\"color: #FFFFFF\" class=\"text-color\">Koncepcja START+ narodzi\u0142a si\u0119, gdy nasi badacze byli w stanie wskaza\u0107 konkretne galaktooligosacharydy (GOS), kt\u00f3re skutecznie na\u015bladuj\u0105 funkcje oligosacharyd\u00f3w mleka ludzkiego (HMO). Te naturalne prebiotyki znajduj\u0105 si\u0119 w mleku matki. Mleko lochy zawiera podobne struktury, zwane oligosacharydami mleka wieprzowego (PMO). Podobnie jak HMO lub PMO specyficzna mieszanka GOS zawarta w START+ wspomaga rozw\u00f3j po\u017cytecznych bakterii, poprawia morfologi\u0119 jelit i og\u00f3lny stan zdrowia. Tak wi\u0119c nawet je\u015bli prosi\u0119ta nie otrzymuj\u0105 wystarczaj\u0105cej ilo\u015bci siary lub mleka, mog\u0105 mie\u0107 dobry start w \u017cyciu.<\/span><\/span><\/p>\n<\/section><\/div><div class=\"wp-block-column column\" style=\"\"><section class=\"section section--gutenberg section--gutenberg-nomargin wp-block-heading\">\n<h2><span style=\"color: #DBB154\" class=\"text-color\"><span style=\"font-family: bebas-neue-rounded, &quot;Roboto&quot;, &quot;Open Sans&quot;, &quot;Helvetica&quot;, &quot;Arial&quot;, sans-serif;\" class=\"font-family\">G\u0142\u00f3wne korzy\u015bci zwi\u0105zane z koncentratami<\/span><\/span> <span style=\"color: #DBB154\" class=\"text-color\"><span style=\"font-family: bebas-neue-rounded, &quot;Roboto&quot;, &quot;Open Sans&quot;, &quot;Helvetica&quot;, &quot;Arial&quot;, sans-serif;\" class=\"font-family\"> <\/span><\/span><span style=\"color: #ffffff\" class=\"text-color\"><span style=\"font-family: bebas-neue-rounded, &quot;Roboto&quot;, &quot;Open Sans&quot;, &quot;Helvetica&quot;, &quot;Arial&quot;, sans-serif;\" class=\"font-family\">starT+<\/span><\/span><\/h2>\n<\/section>\n<ul class=\"wp-block-list\"><li><span style=\"font-family: &quot;Roboto&quot;, &quot;Open Sans&quot;, &quot;Helvetica&quot;, &quot;Arial&quot;, sans-serif;\" class=\"font-family\">Szybsze dojrzewanie jelit&nbsp;<\/span><\/li><li><span style=\"font-family: &quot;Roboto&quot;, &quot;Open Sans&quot;, &quot;Helvetica&quot;, &quot;Arial&quot;, sans-serif;\" class=\"font-family\">Zwi\u0119kszona odporno\u015b\u0107&nbsp;<\/span><\/li><li><span style=\"font-family: &quot;Roboto&quot;, &quot;Open Sans&quot;, &quot;Helvetica&quot;, &quot;Arial&quot;, sans-serif;\" class=\"font-family\">Lepsza wydajno\u015b\u0107&nbsp;<\/span><\/li><li><span style=\"font-family: &quot;Roboto&quot;, &quot;Open Sans&quot;, &quot;Helvetica&quot;, &quot;Arial&quot;, sans-serif;\" class=\"font-family\">Zwi\u0119kszanie masy cia\u0142a po odsadzeniu&nbsp;<\/span><\/li><li><span style=\"font-family: &quot;Roboto&quot;, &quot;Open Sans&quot;, &quot;Helvetica&quot;, &quot;Arial&quot;, sans-serif;\" class=\"font-family\">Bardziej wydajne stosowanie antybiotyk\u00f3w&nbsp;<\/span><\/li><\/ul>\n<\/div><\/div><\/div><\/section>\n\n\n<figure class=\"wp-block-embed is-type-video is-provider-youtube wp-block-embed-youtube wp-embed-aspect-16-9 wp-has-aspect-ratio\"><div class=\"wp-block-embed__wrapper\">\n<iframe loading=\"lazy\" title=\"START+\" width=\"500\" height=\"281\" src=\"https:\/\/www.youtube.com\/embed\/8ULZiEOhZgg?feature=oembed\" frameborder=\"0\" allow=\"accelerometer; autoplay; clipboard-write; encrypted-media; gyroscope; picture-in-picture; web-share\" referrerpolicy=\"strict-origin-when-cross-origin\" allowfullscreen><\/iframe>\n<\/div><\/figure>\n\n\n\n\n<section id=\"earlyfeed-gallery-block_5fb79eaebe7b6\" class=\"section section--gutenberg earlyfeed-gallery\">\n    <div class=\"container\">\n        <div class=\"columns\" style='height: 400px'>\n                    \n            \n            <div class=\"column col-width--65\">\n                                <picture>\n                                        \n                    <source media=\"(min-width: 2561px)\" data-srcset=\"https:\/\/earlyfeednutrition.com\/app\/uploads\/2020\/12\/Agrifirm20201105-2482.jpg\" \/>\n                    <source media=\"(min-width: 1921px)\" data-srcset=\"https:\/\/earlyfeednutrition.com\/app\/uploads\/2020\/12\/Agrifirm20201105-2482.jpg\" \/>\n                    <source media=\"(min-width: 1441px)\" data-srcset=\"https:\/\/earlyfeednutrition.com\/app\/uploads\/2020\/12\/Agrifirm20201105-2482-1920x1279.jpg\" \/>\n                    <source media=\"(min-width: 1281px)\" data-srcset=\"https:\/\/earlyfeednutrition.com\/app\/uploads\/2020\/12\/Agrifirm20201105-2482-1440x960.jpg\" \/>\n                    <source media=\"(min-width: 769px)\" data-srcset=\"https:\/\/earlyfeednutrition.com\/app\/uploads\/2020\/12\/Agrifirm20201105-2482-1280x853.jpg\" \/>\n                    <source media=\"(min-width: 476px)\" data-srcset=\"https:\/\/earlyfeednutrition.com\/app\/uploads\/2020\/12\/Agrifirm20201105-2482-768x512.jpg\" \/>\n                    <source media=\"(min-width: 321px)\" data-srcset=\"https:\/\/earlyfeednutrition.com\/app\/uploads\/2020\/12\/Agrifirm20201105-2482-475x317.jpg\" \/>\n                    <source media=\"(max-width: 320px)\" data-srcset=\"https:\/\/earlyfeednutrition.com\/app\/uploads\/2020\/12\/Agrifirm20201105-2482-320x213.jpg\" \/>\n                    \n                    <img data-src=\"https:\/\/earlyfeednutrition.com\/app\/uploads\/2020\/12\/Agrifirm20201105-2482-320x213.jpg\" alt=\"\" class=\"lazyload\">\n                <\/picture>\n\n            <\/div>\n                                \n            \n            <div class=\"column col-width--30\">\n                                <picture>\n                                        \n                    <source media=\"(min-width: 2561px)\" data-srcset=\"https:\/\/earlyfeednutrition.com\/app\/uploads\/2020\/12\/Agrifirm20201105-3071.jpg\" \/>\n                    <source media=\"(min-width: 1921px)\" data-srcset=\"https:\/\/earlyfeednutrition.com\/app\/uploads\/2020\/12\/Agrifirm20201105-3071.jpg\" \/>\n                    <source media=\"(min-width: 1441px)\" data-srcset=\"https:\/\/earlyfeednutrition.com\/app\/uploads\/2020\/12\/Agrifirm20201105-3071-1920x1279.jpg\" \/>\n                    <source media=\"(min-width: 1281px)\" data-srcset=\"https:\/\/earlyfeednutrition.com\/app\/uploads\/2020\/12\/Agrifirm20201105-3071-1440x960.jpg\" \/>\n                    <source media=\"(min-width: 769px)\" data-srcset=\"https:\/\/earlyfeednutrition.com\/app\/uploads\/2020\/12\/Agrifirm20201105-3071-1280x853.jpg\" \/>\n                    <source media=\"(min-width: 476px)\" data-srcset=\"https:\/\/earlyfeednutrition.com\/app\/uploads\/2020\/12\/Agrifirm20201105-3071-768x512.jpg\" \/>\n                    <source media=\"(min-width: 321px)\" data-srcset=\"https:\/\/earlyfeednutrition.com\/app\/uploads\/2020\/12\/Agrifirm20201105-3071-475x317.jpg\" \/>\n                    <source media=\"(max-width: 320px)\" data-srcset=\"https:\/\/earlyfeednutrition.com\/app\/uploads\/2020\/12\/Agrifirm20201105-3071-320x213.jpg\" \/>\n                    \n                    <img data-src=\"https:\/\/earlyfeednutrition.com\/app\/uploads\/2020\/12\/Agrifirm20201105-3071-320x213.jpg\" alt=\"\" class=\"lazyload\">\n                <\/picture>\n\n            <\/div>\n                            <\/div>\n    <\/div>\n<\/section> \n\n\n<section id=\"agri-contact-tile-block_5fc4bc64411b1\" class=\"section section--gutenberg agri-contact-tile\">\n    <div class=\"container\">\n        <div class=\"columns\">\n            <div class=\"column is-full is-8-tablet is-offset-2-tablet is-6-desktop is-offset-3-desktop is-4-widescreen is-offset-4-widescreen\">\n                <div class=\"block block--localcontact\">\n                    <div class=\"content\">\n                        <div class=\"note\">Tw\u00f3j ekspert Earlyfeed<\/div>\n                        <div class=\"name\">Pawe\u0142 Sklorz<\/div>\n                        <div class=\"function\">Doradca techniczny <\/div>\n                    <\/div>\n\n                    <div class=\"button--wrapper\">\n                        <a href=\"mailto:p.sklorz@agrifirm.com\" class=\"button button--primary button--primary--brown\">Get in touch<\/a>\n                    <\/div>\n\n                    <div class=\"description\">\n                        <p>This contact was suggested based on the location you are browsing from. You can of course also consult our other contacts and locations <a href=\"http:\/\/staging-earlyfeed.kinsta.cloud\/contact-us\/\"><span class=\"s1\">here<\/span><\/a>.<\/p>\n                    <\/div>\n                <\/div>\n            <\/div>\n        <\/div>\n    <\/div>\n<\/section>","protected":false},"featured_media":13505,"template":"","sector":[430],"country":[],"product_category":[2063],"class_list":["post-13504","product","type-product","status-publish","has-post-thumbnail","hentry","sector-swine-pl","product_category-koncepcja-zainspirowana-natura"],"acf":[],"yoast_head":"<!-- This site is optimized with the Yoast SEO plugin v27.0 - https:\/\/yoast.com\/product\/yoast-seo-wordpress\/ -->\n<title>START+ - Earlyfeed<\/title>\n<meta name=\"robots\" content=\"index, follow, max-snippet:-1, max-image-preview:large, max-video-preview:-1\" \/>\n<link rel=\"canonical\" href=\"https:\/\/earlyfeednutrition.com\/pl\/what-we-offer\/start_plus\/\" \/>\n<meta property=\"og:locale\" content=\"pl_PL\" \/>\n<meta property=\"og:type\" content=\"article\" \/>\n<meta property=\"og:title\" content=\"START+ - Earlyfeed\" \/>\n<meta property=\"og:description\" content=\"Naturalne wzbogacenie stymuluj\u0105ce dojrzewanie jelit na wczesnym etapie rozwoju START+ to unikalna koncepcja opracowana przez naszych naukowc\u00f3w w celu stymulacji dojrzewania jelit prosi\u0105t. Korzy\u015bci p\u0142yn\u0105ce z zastosowania START+ zosta\u0142y naukowo udokumentowane podczas szeroko zakrojonych pr\u00f3b dotycz\u0105cych naszych produkt\u00f3w marki Earlyfeed. Zainspirowana przez Matk\u0119 Natur\u0119 Koncepcja START+ narodzi\u0142a si\u0119, gdy nasi badacze byli w stanie wskaza\u0107 [&hellip;]\" \/>\n<meta property=\"og:url\" content=\"https:\/\/earlyfeednutrition.com\/pl\/what-we-offer\/start_plus\/\" \/>\n<meta property=\"og:site_name\" content=\"Earlyfeed\" \/>\n<meta property=\"article:modified_time\" content=\"2021-09-13T14:03:44+00:00\" \/>\n<meta property=\"og:image\" content=\"https:\/\/earlyfeednutrition.com\/app\/uploads\/2020\/11\/Acr80252331918784-12776585_product.jpg\" \/>\n\t<meta property=\"og:image:width\" content=\"1631\" \/>\n\t<meta property=\"og:image:height\" content=\"817\" \/>\n\t<meta property=\"og:image:type\" content=\"image\/jpeg\" \/>\n<meta name=\"twitter:card\" content=\"summary_large_image\" \/>\n<meta name=\"twitter:label1\" content=\"Est. reading time\" \/>\n\t<meta name=\"twitter:data1\" content=\"1 minute\" \/>\n<script type=\"application\/ld+json\" class=\"yoast-schema-graph\">{\"@context\":\"https:\/\/schema.org\",\"@graph\":[{\"@type\":\"WebPage\",\"@id\":\"https:\/\/earlyfeednutrition.com\/pl\/what-we-offer\/start_plus\/\",\"url\":\"https:\/\/earlyfeednutrition.com\/pl\/what-we-offer\/start_plus\/\",\"name\":\"START+ - Earlyfeed\",\"isPartOf\":{\"@id\":\"https:\/\/earlyfeednutrition.com\/pl\/#website\"},\"primaryImageOfPage\":{\"@id\":\"https:\/\/earlyfeednutrition.com\/pl\/what-we-offer\/start_plus\/#primaryimage\"},\"image\":{\"@id\":\"https:\/\/earlyfeednutrition.com\/pl\/what-we-offer\/start_plus\/#primaryimage\"},\"thumbnailUrl\":\"https:\/\/earlyfeednutrition.com\/app\/uploads\/2020\/11\/Acr80252331918784-12776585_product.jpg\",\"datePublished\":\"2020-11-29T21:16:16+00:00\",\"dateModified\":\"2021-09-13T14:03:44+00:00\",\"breadcrumb\":{\"@id\":\"https:\/\/earlyfeednutrition.com\/pl\/what-we-offer\/start_plus\/#breadcrumb\"},\"inLanguage\":\"pl-PL\",\"potentialAction\":[{\"@type\":\"ReadAction\",\"target\":[\"https:\/\/earlyfeednutrition.com\/pl\/what-we-offer\/start_plus\/\"]}]},{\"@type\":\"ImageObject\",\"inLanguage\":\"pl-PL\",\"@id\":\"https:\/\/earlyfeednutrition.com\/pl\/what-we-offer\/start_plus\/#primaryimage\",\"url\":\"https:\/\/earlyfeednutrition.com\/app\/uploads\/2020\/11\/Acr80252331918784-12776585_product.jpg\",\"contentUrl\":\"https:\/\/earlyfeednutrition.com\/app\/uploads\/2020\/11\/Acr80252331918784-12776585_product.jpg\",\"width\":1631,\"height\":817},{\"@type\":\"BreadcrumbList\",\"@id\":\"https:\/\/earlyfeednutrition.com\/pl\/what-we-offer\/start_plus\/#breadcrumb\",\"itemListElement\":[{\"@type\":\"ListItem\",\"position\":1,\"name\":\"Strona g\u0142\u00f3wna\",\"item\":\"https:\/\/earlyfeednutrition.com\/pl\/\"},{\"@type\":\"ListItem\",\"position\":2,\"name\":\"Product\",\"item\":\"https:\/\/earlyfeednutrition.com\/pl\/what-we-offer\/\"},{\"@type\":\"ListItem\",\"position\":3,\"name\":\"START+\"}]},{\"@type\":\"WebSite\",\"@id\":\"https:\/\/earlyfeednutrition.com\/pl\/#website\",\"url\":\"https:\/\/earlyfeednutrition.com\/pl\/\",\"name\":\"Earlyfeed\",\"description\":\"Right from the start\",\"potentialAction\":[{\"@type\":\"SearchAction\",\"target\":{\"@type\":\"EntryPoint\",\"urlTemplate\":\"https:\/\/earlyfeednutrition.com\/pl\/?s={search_term_string}\"},\"query-input\":{\"@type\":\"PropertyValueSpecification\",\"valueRequired\":true,\"valueName\":\"search_term_string\"}}],\"inLanguage\":\"pl-PL\"}]}<\/script>\n<!-- \/ Yoast SEO plugin. -->","yoast_head_json":{"title":"START+ - Earlyfeed","robots":{"index":"index","follow":"follow","max-snippet":"max-snippet:-1","max-image-preview":"max-image-preview:large","max-video-preview":"max-video-preview:-1"},"canonical":"https:\/\/earlyfeednutrition.com\/pl\/what-we-offer\/start_plus\/","og_locale":"pl_PL","og_type":"article","og_title":"START+ - Earlyfeed","og_description":"Naturalne wzbogacenie stymuluj\u0105ce dojrzewanie jelit na wczesnym etapie rozwoju START+ to unikalna koncepcja opracowana przez naszych naukowc\u00f3w w celu stymulacji dojrzewania jelit prosi\u0105t. Korzy\u015bci p\u0142yn\u0105ce z zastosowania START+ zosta\u0142y naukowo udokumentowane podczas szeroko zakrojonych pr\u00f3b dotycz\u0105cych naszych produkt\u00f3w marki Earlyfeed. Zainspirowana przez Matk\u0119 Natur\u0119 Koncepcja START+ narodzi\u0142a si\u0119, gdy nasi badacze byli w stanie wskaza\u0107 [&hellip;]","og_url":"https:\/\/earlyfeednutrition.com\/pl\/what-we-offer\/start_plus\/","og_site_name":"Earlyfeed","article_modified_time":"2021-09-13T14:03:44+00:00","og_image":[{"width":1631,"height":817,"url":"https:\/\/earlyfeednutrition.com\/app\/uploads\/2020\/11\/Acr80252331918784-12776585_product.jpg","type":"image\/jpeg"}],"twitter_card":"summary_large_image","twitter_misc":{"Est. reading time":"1 minute"},"schema":{"@context":"https:\/\/schema.org","@graph":[{"@type":"WebPage","@id":"https:\/\/earlyfeednutrition.com\/pl\/what-we-offer\/start_plus\/","url":"https:\/\/earlyfeednutrition.com\/pl\/what-we-offer\/start_plus\/","name":"START+ - Earlyfeed","isPartOf":{"@id":"https:\/\/earlyfeednutrition.com\/pl\/#website"},"primaryImageOfPage":{"@id":"https:\/\/earlyfeednutrition.com\/pl\/what-we-offer\/start_plus\/#primaryimage"},"image":{"@id":"https:\/\/earlyfeednutrition.com\/pl\/what-we-offer\/start_plus\/#primaryimage"},"thumbnailUrl":"https:\/\/earlyfeednutrition.com\/app\/uploads\/2020\/11\/Acr80252331918784-12776585_product.jpg","datePublished":"2020-11-29T21:16:16+00:00","dateModified":"2021-09-13T14:03:44+00:00","breadcrumb":{"@id":"https:\/\/earlyfeednutrition.com\/pl\/what-we-offer\/start_plus\/#breadcrumb"},"inLanguage":"pl-PL","potentialAction":[{"@type":"ReadAction","target":["https:\/\/earlyfeednutrition.com\/pl\/what-we-offer\/start_plus\/"]}]},{"@type":"ImageObject","inLanguage":"pl-PL","@id":"https:\/\/earlyfeednutrition.com\/pl\/what-we-offer\/start_plus\/#primaryimage","url":"https:\/\/earlyfeednutrition.com\/app\/uploads\/2020\/11\/Acr80252331918784-12776585_product.jpg","contentUrl":"https:\/\/earlyfeednutrition.com\/app\/uploads\/2020\/11\/Acr80252331918784-12776585_product.jpg","width":1631,"height":817},{"@type":"BreadcrumbList","@id":"https:\/\/earlyfeednutrition.com\/pl\/what-we-offer\/start_plus\/#breadcrumb","itemListElement":[{"@type":"ListItem","position":1,"name":"Strona g\u0142\u00f3wna","item":"https:\/\/earlyfeednutrition.com\/pl\/"},{"@type":"ListItem","position":2,"name":"Product","item":"https:\/\/earlyfeednutrition.com\/pl\/what-we-offer\/"},{"@type":"ListItem","position":3,"name":"START+"}]},{"@type":"WebSite","@id":"https:\/\/earlyfeednutrition.com\/pl\/#website","url":"https:\/\/earlyfeednutrition.com\/pl\/","name":"Earlyfeed","description":"Right from the start","potentialAction":[{"@type":"SearchAction","target":{"@type":"EntryPoint","urlTemplate":"https:\/\/earlyfeednutrition.com\/pl\/?s={search_term_string}"},"query-input":{"@type":"PropertyValueSpecification","valueRequired":true,"valueName":"search_term_string"}}],"inLanguage":"pl-PL"}]}},"_links":{"self":[{"href":"https:\/\/earlyfeednutrition.com\/pl\/wp-json\/wp\/v2\/product\/13504","targetHints":{"allow":["GET"]}}],"collection":[{"href":"https:\/\/earlyfeednutrition.com\/pl\/wp-json\/wp\/v2\/product"}],"about":[{"href":"https:\/\/earlyfeednutrition.com\/pl\/wp-json\/wp\/v2\/types\/product"}],"wp:featuredmedia":[{"embeddable":true,"href":"https:\/\/earlyfeednutrition.com\/pl\/wp-json\/wp\/v2\/media\/13505"}],"wp:attachment":[{"href":"https:\/\/earlyfeednutrition.com\/pl\/wp-json\/wp\/v2\/media?parent=13504"}],"wp:term":[{"taxonomy":"sector","embeddable":true,"href":"https:\/\/earlyfeednutrition.com\/pl\/wp-json\/wp\/v2\/sector?post=13504"},{"taxonomy":"country","embeddable":true,"href":"https:\/\/earlyfeednutrition.com\/pl\/wp-json\/wp\/v2\/country?post=13504"},{"taxonomy":"product_category","embeddable":true,"href":"https:\/\/earlyfeednutrition.com\/pl\/wp-json\/wp\/v2\/product_category?post=13504"}],"curies":[{"name":"wp","href":"https:\/\/api.w.org\/{rel}","templated":true}]}}