{"id":13467,"date":"2019-08-29T19:20:04","date_gmt":"2019-08-29T19:20:04","guid":{"rendered":"https:\/\/www.earlyfeednutrition.com\/privacy-policy\/"},"modified":"2021-02-04T10:29:09","modified_gmt":"2021-02-04T10:29:09","slug":"privacy-policy","status":"publish","type":"page","link":"https:\/\/earlyfeednutrition.com\/pl\/privacy-policy\/","title":{"rendered":"Warunki ochrony prywatno\u015bci"},"content":{"rendered":"<section class=\"section section--gutenberg section--gutenberg-nomargin wp-block-paragraph\">\n<p>Agrifirm (Agrifirm Group B.V. i\/lub jej sp\u00f3\u0142ki stowarzyszone) przywi\u0105zuje du\u017c\u0105 wag\u0119 do prywatno\u015bci u\u017cytkownik\u00f3w aplikacji i os\u00f3b odwiedzaj\u0105cych jej stron\u0119. Agrifirm (Agrifirm Group B.V. i\/lub jej sp\u00f3\u0142ki stowarzyszone) przetwarza dane osobowe u\u017cytkownik\u00f3w, kt\u00f3rzy odwiedzaj\u0105 nasz\u0105 stron\u0119 internetow\u0105 i korzystaj\u0105 z naszej aplikacji. W niniejszym o\u015bwiadczeniu pragniemy poinformowa\u0107 Ci\u0119 o tym, jakie dane przetwarzamy i dlaczego. Agrifirm (Agrifirm Group B.V. i\/lub jej sp\u00f3\u0142ki stowarzyszone) jest odpowiedzialna za przetwarzanie Twoich danych osobowych.&nbsp;<\/p>\n<\/section>\n\n<section class=\"section section--gutenberg section--gutenberg-nomargin wp-block-paragraph\">\n<p>Uwa\u017cnie przeczytaj te informacje, aby zrozumie\u0107, jak przetwarzamy dane i jakie s\u0105 Twoje prawa. Stosujemy szereg podstawowych warto\u015bci, aby zagwarantowa\u0107 jak najlepsz\u0105 ochron\u0119 Twojej prywatno\u015bci.&nbsp;<\/p>\n<\/section>\n\n<section class=\"section section--gutenberg section--gutenberg-nomargin wp-block-paragraph\">\n<p><strong>Informowanie<\/strong>&nbsp;\u2013 Chcemy przekaza\u0107 Ci jak najdok\u0142adniejsze informacje dotycz\u0105ce tego, w jaki spos\u00f3b i dlaczego przetwarzamy dane osobowe. Robimy to poprzez niniejsze o\u015bwiadczenie o ochronie prywatno\u015bci.&nbsp;<\/p>\n<\/section>\n\n<section class=\"section section--gutenberg section--gutenberg-nomargin wp-block-paragraph\">\n<p><strong>Ograniczanie zbierania danych<\/strong>&nbsp;\u2013 Zapewniamy, \u017ce gromadzimy tylko te dane osobowe, kt\u00f3re s\u0105 naprawd\u0119 niezb\u0119dne do prawid\u0142owego funkcjonowania aplikacji oraz us\u0142ug i produkt\u00f3w, o kt\u00f3re poprosi\u0142e\u015b.&nbsp;<\/p>\n<\/section>\n\n<section class=\"section section--gutenberg section--gutenberg-nomargin wp-block-paragraph\">\n<p><strong>Brak marketingu opartego na danych osobowych<\/strong>&nbsp;\u2013 Nie sprzedajemy danych osobowych osobom trzecim.&nbsp;<\/p>\n<\/section>\n\n<section class=\"section section--gutenberg section--gutenberg-nomargin wp-block-paragraph\">\n<p><strong>Bezpiecze\u0144stwo<\/strong>&nbsp;\u2013 Podejmujemy odpowiednie \u015brodki bezpiecze\u0144stwa w celu ochrony Twoich danych osobowych, a tak\u017ce wymagamy tego od stron, kt\u00f3re w naszym imieniu przetwarzaj\u0105 dane osobowe.&nbsp;<\/p>\n<\/section>\n\n<section class=\"section section--gutenberg section--gutenberg-nomargin wp-block-paragraph\">\n<p><strong>Prawo dost\u0119pu do danych i ich poprawienia<\/strong>&nbsp;\u2013 Szanujemy Twoje prawo do dost\u0119pu, poprawiania i usuwania Twoich danych osobowych.&nbsp;<\/p>\n<\/section>\n\n<section class=\"section section--gutenberg section--gutenberg-nomargin wp-block-paragraph\">\n<p><strong><strong>1. Wykorzystanie danych osobowych<\/strong>&nbsp;<\/strong><\/p>\n<\/section>\n\n<section class=\"section section--gutenberg section--gutenberg-nomargin wp-block-paragraph\">\n<p>Istniej\u0105 dwie og\u00f3lne kategorie informacji, kt\u00f3re gromadzimy i\/lub o kt\u00f3re prosimy.&nbsp;<\/p>\n<\/section>\n\n<section class=\"section section--gutenberg section--gutenberg-nomargin wp-block-paragraph\">\n<p>Kategoria 1: Informacje, kt\u00f3re nam przekazujesz. Przetwarzamy dane, kt\u00f3re od Ciebie otrzymujemy. Na przyk\u0142ad podczas rejestracji u\u017cytkownika, zapisywania si\u0119 do newslettera lub kontaktu z nami.&nbsp;<\/p>\n<\/section>\n\n<section class=\"section section--gutenberg section--gutenberg-nomargin wp-block-paragraph\">\n<p>Informacje zwi\u0105zane z kontem \u2013 Aby m\u00f3c korzysta\u0107 z naszej aplikacji lub niekt\u00f3rych cz\u0119\u015bci naszych witryn internetowych, musisz utworzy\u0107 konto, poda\u0107 nam pewne informacje, na przyk\u0142ad adres e-mail i nazwisko.&nbsp;&nbsp;<\/p>\n<\/section>\n\n\n<ul class=\"wp-block-list\"><li>Informacje zwi\u0105zane z profilem \u2013 Aby\u015bmy mogli \u015bwiadczy\u0107 na Twoj\u0105 rzecz us\u0142ugi i aby\u015b m\u00f3g\u0142 z nich korzysta\u0107, zostaniesz poproszony o podanie pewnych informacji, na przyk\u0142ad imienia i nazwiska, adresu e-mail, numeru telefonu, adresu, wieku i\/lub daty urodzenia, numeru konta bankowego, numeru VAT i numeru Izby Handlowej Twojej firmy. Potrzebujemy tych informacji, aby si\u0119 z Tob\u0105 kontaktowa\u0107, ale tak\u017ce w celu \u015bwiadczenia wymaganych od nas us\u0142ug.&nbsp;<\/li><\/ul>\n\n\n\n<ul class=\"wp-block-list\"><li>Informacje zwi\u0105zane z komunikacj\u0105 \u2013 Gdy kontaktujesz si\u0119 z nami lub gdy my kontaktujemy si\u0119 z Tob\u0105, gromadzimy informacje o przyczynie takiego kontaktu oraz wszelkie informacje, kt\u00f3re przekazujesz nam za po\u015brednictwem telefonu lub poczty elektronicznej.&nbsp;<\/li><li>Inne informacje \u2013 Mo\u017cemy poprosi\u0107 Ci\u0119 o wyra\u017cenie opinii na temat naszych us\u0142ug za po\u015brednictwem poczty elektronicznej lub ankiety online. Cenimy sobie informacje zwrotne i przetwarzamy tylko te dane osobowe, kt\u00f3re mog\u0105 by\u0107 gromadzone przez nas lub w naszym imieniu do cel\u00f3w wewn\u0119trznych, aby poprawi\u0107 poziom naszych us\u0142ug.&nbsp;<\/li><\/ul>\n\n\n<section class=\"section section--gutenberg section--gutenberg-nomargin wp-block-heading\">\n<h3><strong>O\u015bwiadczenie o ochronie prywatno\u015bci<\/strong>&nbsp;<\/h3>\n<\/section>\n\n<section class=\"section section--gutenberg section--gutenberg-nomargin wp-block-paragraph\">\n<p><strong><strong>Kategoria 2: Informacje, kt\u00f3re gromadzimy automatycznie<\/strong>&nbsp;<\/strong><\/p>\n<\/section>\n\n<section class=\"section section--gutenberg section--gutenberg-nomargin wp-block-paragraph\">\n<p>Gdy korzystasz z naszej strony internetowej lub aplikacji, gromadzimy informacje o Twojej aktywno\u015bci, takie jak zachowanie podczas klikania myszk\u0105, odwiedzane strony i informacje o urz\u0105dzeniu w celu zapewnienia Ci jak najlepszej obs\u0142ugi. Dzi\u0119ki takim informacjom dowiadujemy si\u0119, co Ci\u0119 interesuje, mo\u017cemy spersonalizowa\u0107 oferowane Ci us\u0142ugi i usuwa\u0107 wszelkie niedogodno\u015bci.&nbsp;<\/p>\n<\/section>\n\n<section class=\"section section--gutenberg section--gutenberg-nomargin wp-block-paragraph\">\n<p><strong>Dane z dziennika<\/strong>. Gdy korzystasz z naszej strony internetowej lub aplikacji, automatycznie gromadzimy pewne informacje przekazywane przez Twoj\u0105 przegl\u0105dark\u0119 internetow\u0105. Informacje te obejmuj\u0105: szczeg\u00f3\u0142y dotycz\u0105ce sposobu korzystania z naszej strony internetowej lub aplikacji (w tym linki do aplikacji stron trzecich), czas odwiedzin oraz informacje o wykorzystywanym urz\u0105dzeniu, a tak\u017ce ewentualnie lokalizacj\u0119 urz\u0105dzenia w celu zapobie\u017cenia niew\u0142a\u015bciwemu u\u017cyciu.&nbsp;<\/p>\n<\/section>\n\n<section class=\"section section--gutenberg section--gutenberg-nomargin wp-block-paragraph\">\n<p><strong>Pliki cookie<\/strong>. W aplikacji i na stronie internetowej u\u017cywamy plik\u00f3w cookie lub podobnych technik. Plik cookie to prosty, ma\u0142y plik, kt\u00f3ry jest wysy\u0142any wraz ze stronami z tej aplikacji i strony internetowej i jest przechowywany przez przegl\u0105dark\u0119 na dysku twardym komputera. Informacje w nim przechowywane mog\u0105 zosta\u0107 zwr\u00f3cone na nasze serwery lub do serwer\u00f3w odpowiednich stron trzecich podczas kolejnej wizyty. Zawsze mo\u017cesz r\u0119cznie usun\u0105\u0107 pliki cookie z komputera lub je zablokowa\u0107. Je\u015bli zdecydujesz si\u0119 usun\u0105\u0107 lub zablokowa\u0107 pliki cookie, zapoznaj si\u0119 z menu \u201eOpcje internetowe\u201d w swojej przegl\u0105darce. Je\u017celi nie zgadzasz si\u0119 na korzystanie z plik\u00f3w cookie, mo\u017ce to wp\u0142yn\u0105\u0107 na funkcjonowanie aplikacji lub strony internetowej.<\/p>\n<\/section>\n\n<section class=\"section section--gutenberg section--gutenberg-nomargin wp-block-paragraph\">\n<p><strong><strong>2. Cele, dla kt\u00f3rych wykorzystywane s\u0105 informacje<\/strong>&nbsp;<\/strong><\/p>\n<\/section>\n\n<section class=\"section section--gutenberg section--gutenberg-nomargin wp-block-paragraph\">\n<p>Po pierwsze, wykorzystujemy Twoje dane w celu wype\u0142nienia naszych zobowi\u0105za\u0144 umownych wobec Ciebie i realizacji oferowanych us\u0142ug w najlepszy mo\u017cliwy spos\u00f3b (uzasadniony interes). W tym kontek\u015bcie wykorzystujemy Twoje dane do:&nbsp;<\/p>\n<\/section>\n\n\n<ol class=\"wp-block-list\"><li>Tworzenia konta;&nbsp;<\/li><li>Logowania si\u0119 do Twojego konta;&nbsp;<\/li><li>Wysy\u0142ania zapyta\u0144 i realizowania naszych us\u0142ug;&nbsp;<\/li><li>Sk\u0142adania zam\u00f3wienia na produkty i\/lub us\u0142ugi;&nbsp;<\/li><li>\u015aledzenia wskazanych przez Ciebie preferencji;&nbsp;<\/li><li>Wysy\u0142ania newslettera;&nbsp;<\/li><li>Poprawiania naszych us\u0142ug, bezpiecze\u0144stwa i zapobiegania oszustwom;&nbsp;<\/li><li>Realizacji innych us\u0142ug na Twoje \u017cyczenie;&nbsp;<\/li><li>Optymalnego wy\u015bwietlania strony internetowej lub aplikacji w przegl\u0105darce internetowej i na u\u017cywanym urz\u0105dzeniu;&nbsp;<\/li><li>Obs\u0142ugi klienta poprzez r\u00f3\u017cne kana\u0142y;&nbsp;<\/li><li>Identyfikacji Twojej osoby;&nbsp;<\/li><li>Utrzymania porz\u0105dku w naszej wewn\u0119trznej administracji i przestrzegania naszych zobowi\u0105za\u0144 prawnych.&nbsp;<\/li><\/ol>\n\n\n<section class=\"section section--gutenberg section--gutenberg-nomargin wp-block-paragraph\">\n<p><strong><strong>3. \u015awiadczenie us\u0142ug na rzecz stron trzecich<\/strong>&nbsp;<\/strong><\/p>\n<\/section>\n\n<section class=\"section section--gutenberg section--gutenberg-nomargin wp-block-paragraph\">\n<p>Twoje dane nie b\u0119d\u0105 bezpo\u015brednio przekazywane stronom trzecim, innym ni\u017c strony trzecie uczestnicz\u0105ce w realizacji umowy mi\u0119dzy Tob\u0105 a nami. S\u0105 to strony trzecie, kt\u00f3re \u015bwiadcz\u0105 na nasz\u0105 rzecz us\u0142ugi, a tak\u017ce przetwarzaj\u0105 dane osobowe w tym kontek\u015bcie. Na przyk\u0142ad podmioty przetwarzaj\u0105ce dane mog\u0105 \u015bwiadczy\u0107 na nasz\u0105 rzecz us\u0142ugi w zakresie p\u0142atno\u015bci, reklamy, wsparcia klienta lub sprzeda\u017cy, wsparcia w wysy\u0142aniu wiadomo\u015bci e-mail lub analizowania opinii, a tak\u017ce pomocy w zabezpieczaniu naszej strony internetowej lub aplikacji.&nbsp;<\/p>\n<\/section>\n\n<section class=\"section section--gutenberg section--gutenberg-nomargin wp-block-paragraph\">\n<p>Podmioty przetwarzaj\u0105ce dane maj\u0105 obowi\u0105zek zachowania poufno\u015bci i mog\u0105 wykorzystywa\u0107 te dane wy\u0142\u0105cznie w celu \u015bwiadczenia us\u0142ug zgodnie z naszymi instrukcjami. Mo\u017cemy r\u00f3wnie\u017c by\u0107 zobowi\u0105zani do udost\u0119pnienia danych stronom trzecim na mocy przepisu prawa lub na wniosek organu w\u0142adzy.&nbsp;<\/p>\n<\/section>\n\n<section class=\"section section--gutenberg section--gutenberg-nomargin wp-block-paragraph\">\n<p><strong><strong>4. Bezpiecze\u0144stwo<\/strong>&nbsp;<\/strong><\/p>\n<\/section>\n\n<section class=\"section section--gutenberg section--gutenberg-nomargin wp-block-paragraph\">\n<p>Podejmujemy \u015brodki bezpiecze\u0144stwa w celu ograniczenia niew\u0142a\u015bciwego wykorzystania i nieautoryzowanego dost\u0119pu do danych osobowych. Powa\u017cnie traktujemy bezpiecze\u0144stwo Twoich danych i posiadamy procedury bezpiecze\u0144stwa oraz ograniczenia techniczne, aby chroni\u0107 Twoje dane przed nieautoryzowanym dost\u0119pem, zniszczeniem lub zmian\u0105. Opr\u00f3cz stosowanych przez nas \u015brodk\u00f3w bezpiecze\u0144stwa, takich jak szyfrowanie Twoich danych, zalecamy staranne wybranie has\u0142a i upewnienie si\u0119, \u017ce dane do logowania pozostan\u0105 poufne.&nbsp;<\/p>\n<\/section>\n\n<section class=\"section section--gutenberg section--gutenberg-nomargin wp-block-paragraph\">\n<p><strong><strong>5. Okres przechowywania<\/strong>&nbsp;<\/strong><\/p>\n<\/section>\n\n<section class=\"section section--gutenberg section--gutenberg-nomargin wp-block-paragraph\">\n<p>Przechowujemy przekazane nam przez Ciebie informacje tak d\u0142ugo, jak jest to konieczne lub uzasadnione do przetworzenia Twojego zapytania, realizacji umowy i dostarczenia Ci wymaganej us\u0142ugi. Dane te s\u0105 przechowywane zgodnie z naszymi procedurami maksymalnie przez 8 lat po zako\u0144czeniu us\u0142ugi. Po up\u0142ywie odpowiedniego okresu usuniemy lub zanonimizujemy Twoje dane.&nbsp;<\/p>\n<\/section>\n\n<section class=\"section section--gutenberg section--gutenberg-nomargin wp-block-paragraph\">\n<p><strong><strong>6. Zmiany w niniejszym o\u015bwiadczeniu o prywatno\u015bci i plikach cookie<\/strong>&nbsp;<\/strong><\/p>\n<\/section>\n\n<section class=\"section section--gutenberg section--gutenberg-nomargin wp-block-paragraph\">\n<p>Zastrzegamy sobie prawo do wprowadzania zmian w niniejszym o\u015bwiadczeniu. Zalecamy regularne sprawdzanie niniejszego o\u015bwiadczenia, aby mie\u0107 \u015bwiadomo\u015b\u0107 tych zmian.&nbsp;<\/p>\n<\/section>\n\n<section class=\"section section--gutenberg section--gutenberg-nomargin wp-block-paragraph\">\n<p><strong><strong>7. Dost\u0119p, zmiana i usuwanie danych<\/strong>&nbsp;<\/strong><\/p>\n<\/section>\n\n<section class=\"section section--gutenberg section--gutenberg-nomargin wp-block-paragraph\">\n<p>W przypadku pyta\u0144 dotycz\u0105cych naszej polityki prywatno\u015bci lub pyta\u0144 dotycz\u0105cych dost\u0119pu i zmiany (lub usuni\u0119cia) Twoich danych osobowych mo\u017cesz skontaktowa\u0107 si\u0119 z nami w ka\u017cdej chwili.&nbsp;<\/p>\n<\/section>\n\n<section class=\"section section--gutenberg section--gutenberg-nomargin wp-block-paragraph\">\n<p><strong><strong>8. Kontakt<\/strong>&nbsp;<\/strong><\/p>\n<\/section>\n\n<section class=\"section section--gutenberg section--gutenberg-nomargin wp-block-paragraph\">\n<p>Agrifirm Group B.V.<br>Landgoedlaan 20<br>7325 AW Apeldoorn<br>privacy@agrifirm.com<\/p>\n<\/section>","protected":false},"excerpt":{"rendered":"<p>Agrifirm (Agrifirm Group B.V. i\/lub jej sp\u00f3\u0142ki stowarzyszone) przywi\u0105zuje du\u017c\u0105 wag\u0119 do prywatno\u015bci u\u017cytkownik\u00f3w aplikacji i os\u00f3b odwiedzaj\u0105cych jej stron\u0119. Agrifirm (Agrifirm Group B.V. i\/lub jej sp\u00f3\u0142ki stowarzyszone) przetwarza dane osobowe u\u017cytkownik\u00f3w, kt\u00f3rzy odwiedzaj\u0105 nasz\u0105 stron\u0119 internetow\u0105 i korzystaj\u0105 z naszej aplikacji. W niniejszym o\u015bwiadczeniu pragniemy poinformowa\u0107 Ci\u0119 o tym, jakie dane przetwarzamy i dlaczego. [&hellip;]<\/p>\n","protected":false},"author":1,"featured_media":0,"parent":0,"menu_order":0,"comment_status":"closed","ping_status":"open","template":"","meta":{"_acf_changed":false,"footnotes":""},"country":[],"class_list":["post-13467","page","type-page","status-publish","hentry"],"acf":[],"yoast_head":"<!-- This site is optimized with the Yoast SEO plugin v27.0 - https:\/\/yoast.com\/product\/yoast-seo-wordpress\/ -->\n<title>Warunki ochrony prywatno\u015bci - Earlyfeed<\/title>\n<meta name=\"robots\" content=\"index, follow, max-snippet:-1, max-image-preview:large, max-video-preview:-1\" \/>\n<link rel=\"canonical\" href=\"https:\/\/earlyfeednutrition.com\/pl\/privacy-policy\/\" \/>\n<meta property=\"og:locale\" content=\"pl_PL\" \/>\n<meta property=\"og:type\" content=\"article\" \/>\n<meta property=\"og:title\" content=\"Warunki ochrony prywatno\u015bci - Earlyfeed\" \/>\n<meta property=\"og:description\" content=\"Agrifirm (Agrifirm Group B.V. i\/lub jej sp\u00f3\u0142ki stowarzyszone) przywi\u0105zuje du\u017c\u0105 wag\u0119 do prywatno\u015bci u\u017cytkownik\u00f3w aplikacji i os\u00f3b odwiedzaj\u0105cych jej stron\u0119. Agrifirm (Agrifirm Group B.V. i\/lub jej sp\u00f3\u0142ki stowarzyszone) przetwarza dane osobowe u\u017cytkownik\u00f3w, kt\u00f3rzy odwiedzaj\u0105 nasz\u0105 stron\u0119 internetow\u0105 i korzystaj\u0105 z naszej aplikacji. W niniejszym o\u015bwiadczeniu pragniemy poinformowa\u0107 Ci\u0119 o tym, jakie dane przetwarzamy i dlaczego. [&hellip;]\" \/>\n<meta property=\"og:url\" content=\"https:\/\/earlyfeednutrition.com\/pl\/privacy-policy\/\" \/>\n<meta property=\"og:site_name\" content=\"Earlyfeed\" \/>\n<meta property=\"article:modified_time\" content=\"2021-02-04T10:29:09+00:00\" \/>\n<meta name=\"twitter:card\" content=\"summary_large_image\" \/>\n<meta name=\"twitter:label1\" content=\"Est. reading time\" \/>\n\t<meta name=\"twitter:data1\" content=\"5 minutes\" \/>\n<script type=\"application\/ld+json\" class=\"yoast-schema-graph\">{\"@context\":\"https:\/\/schema.org\",\"@graph\":[{\"@type\":\"WebPage\",\"@id\":\"https:\/\/earlyfeednutrition.com\/pl\/privacy-policy\/\",\"url\":\"https:\/\/earlyfeednutrition.com\/pl\/privacy-policy\/\",\"name\":\"Warunki ochrony prywatno\u015bci - Earlyfeed\",\"isPartOf\":{\"@id\":\"https:\/\/earlyfeednutrition.com\/pl\/#website\"},\"datePublished\":\"2019-08-29T19:20:04+00:00\",\"dateModified\":\"2021-02-04T10:29:09+00:00\",\"breadcrumb\":{\"@id\":\"https:\/\/earlyfeednutrition.com\/pl\/privacy-policy\/#breadcrumb\"},\"inLanguage\":\"pl-PL\",\"potentialAction\":[{\"@type\":\"ReadAction\",\"target\":[\"https:\/\/earlyfeednutrition.com\/pl\/privacy-policy\/\"]}]},{\"@type\":\"BreadcrumbList\",\"@id\":\"https:\/\/earlyfeednutrition.com\/pl\/privacy-policy\/#breadcrumb\",\"itemListElement\":[{\"@type\":\"ListItem\",\"position\":1,\"name\":\"Strona g\u0142\u00f3wna\",\"item\":\"https:\/\/earlyfeednutrition.com\/pl\/\"},{\"@type\":\"ListItem\",\"position\":2,\"name\":\"Warunki ochrony prywatno\u015bci\"}]},{\"@type\":\"WebSite\",\"@id\":\"https:\/\/earlyfeednutrition.com\/pl\/#website\",\"url\":\"https:\/\/earlyfeednutrition.com\/pl\/\",\"name\":\"Earlyfeed\",\"description\":\"Right from the start\",\"potentialAction\":[{\"@type\":\"SearchAction\",\"target\":{\"@type\":\"EntryPoint\",\"urlTemplate\":\"https:\/\/earlyfeednutrition.com\/pl\/?s={search_term_string}\"},\"query-input\":{\"@type\":\"PropertyValueSpecification\",\"valueRequired\":true,\"valueName\":\"search_term_string\"}}],\"inLanguage\":\"pl-PL\"}]}<\/script>\n<!-- \/ Yoast SEO plugin. -->","yoast_head_json":{"title":"Warunki ochrony prywatno\u015bci - Earlyfeed","robots":{"index":"index","follow":"follow","max-snippet":"max-snippet:-1","max-image-preview":"max-image-preview:large","max-video-preview":"max-video-preview:-1"},"canonical":"https:\/\/earlyfeednutrition.com\/pl\/privacy-policy\/","og_locale":"pl_PL","og_type":"article","og_title":"Warunki ochrony prywatno\u015bci - Earlyfeed","og_description":"Agrifirm (Agrifirm Group B.V. i\/lub jej sp\u00f3\u0142ki stowarzyszone) przywi\u0105zuje du\u017c\u0105 wag\u0119 do prywatno\u015bci u\u017cytkownik\u00f3w aplikacji i os\u00f3b odwiedzaj\u0105cych jej stron\u0119. Agrifirm (Agrifirm Group B.V. i\/lub jej sp\u00f3\u0142ki stowarzyszone) przetwarza dane osobowe u\u017cytkownik\u00f3w, kt\u00f3rzy odwiedzaj\u0105 nasz\u0105 stron\u0119 internetow\u0105 i korzystaj\u0105 z naszej aplikacji. W niniejszym o\u015bwiadczeniu pragniemy poinformowa\u0107 Ci\u0119 o tym, jakie dane przetwarzamy i dlaczego. [&hellip;]","og_url":"https:\/\/earlyfeednutrition.com\/pl\/privacy-policy\/","og_site_name":"Earlyfeed","article_modified_time":"2021-02-04T10:29:09+00:00","twitter_card":"summary_large_image","twitter_misc":{"Est. reading time":"5 minutes"},"schema":{"@context":"https:\/\/schema.org","@graph":[{"@type":"WebPage","@id":"https:\/\/earlyfeednutrition.com\/pl\/privacy-policy\/","url":"https:\/\/earlyfeednutrition.com\/pl\/privacy-policy\/","name":"Warunki ochrony prywatno\u015bci - Earlyfeed","isPartOf":{"@id":"https:\/\/earlyfeednutrition.com\/pl\/#website"},"datePublished":"2019-08-29T19:20:04+00:00","dateModified":"2021-02-04T10:29:09+00:00","breadcrumb":{"@id":"https:\/\/earlyfeednutrition.com\/pl\/privacy-policy\/#breadcrumb"},"inLanguage":"pl-PL","potentialAction":[{"@type":"ReadAction","target":["https:\/\/earlyfeednutrition.com\/pl\/privacy-policy\/"]}]},{"@type":"BreadcrumbList","@id":"https:\/\/earlyfeednutrition.com\/pl\/privacy-policy\/#breadcrumb","itemListElement":[{"@type":"ListItem","position":1,"name":"Strona g\u0142\u00f3wna","item":"https:\/\/earlyfeednutrition.com\/pl\/"},{"@type":"ListItem","position":2,"name":"Warunki ochrony prywatno\u015bci"}]},{"@type":"WebSite","@id":"https:\/\/earlyfeednutrition.com\/pl\/#website","url":"https:\/\/earlyfeednutrition.com\/pl\/","name":"Earlyfeed","description":"Right from the start","potentialAction":[{"@type":"SearchAction","target":{"@type":"EntryPoint","urlTemplate":"https:\/\/earlyfeednutrition.com\/pl\/?s={search_term_string}"},"query-input":{"@type":"PropertyValueSpecification","valueRequired":true,"valueName":"search_term_string"}}],"inLanguage":"pl-PL"}]}},"_links":{"self":[{"href":"https:\/\/earlyfeednutrition.com\/pl\/wp-json\/wp\/v2\/pages\/13467","targetHints":{"allow":["GET"]}}],"collection":[{"href":"https:\/\/earlyfeednutrition.com\/pl\/wp-json\/wp\/v2\/pages"}],"about":[{"href":"https:\/\/earlyfeednutrition.com\/pl\/wp-json\/wp\/v2\/types\/page"}],"author":[{"embeddable":true,"href":"https:\/\/earlyfeednutrition.com\/pl\/wp-json\/wp\/v2\/users\/1"}],"replies":[{"embeddable":true,"href":"https:\/\/earlyfeednutrition.com\/pl\/wp-json\/wp\/v2\/comments?post=13467"}],"version-history":[{"count":4,"href":"https:\/\/earlyfeednutrition.com\/pl\/wp-json\/wp\/v2\/pages\/13467\/revisions"}],"predecessor-version":[{"id":13507,"href":"https:\/\/earlyfeednutrition.com\/pl\/wp-json\/wp\/v2\/pages\/13467\/revisions\/13507"}],"wp:attachment":[{"href":"https:\/\/earlyfeednutrition.com\/pl\/wp-json\/wp\/v2\/media?parent=13467"}],"wp:term":[{"taxonomy":"country","embeddable":true,"href":"https:\/\/earlyfeednutrition.com\/pl\/wp-json\/wp\/v2\/country?post=13467"}],"curies":[{"name":"wp","href":"https:\/\/api.w.org\/{rel}","templated":true}]}}