{"id":13466,"date":"2019-08-29T19:20:04","date_gmt":"2019-08-29T19:20:04","guid":{"rendered":"https:\/\/www.earlyfeednutrition.com\/sample-page\/"},"modified":"2021-02-04T10:29:22","modified_gmt":"2021-02-04T10:29:22","slug":"sample-page","status":"publish","type":"page","link":"https:\/\/earlyfeednutrition.com\/pl\/sample-page\/","title":{"rendered":"Zrzeczenie si\u0119 odpowiedzialno\u015bci"},"content":{"rendered":"<section class=\"section section--gutenberg section--gutenberg-nomargin wp-block-paragraph\">\n<p>Ta strona zosta\u0142a przygotowana z najwy\u017csz\u0105 staranno\u015bci\u0105. Niemniej jednak, mo\u017ce zawiera\u0107 informacje, kt\u00f3re s\u0105 nieprawid\u0142owe i\/lub niekompletne. Z jej tre\u015bci nie mo\u017cna wyci\u0105gn\u0105\u0107 \u017cadnych skutk\u00f3w prawnych. Royal Agrifirm Group nie ponosi odpowiedzialno\u015bci za bezpo\u015brednie lub po\u015brednie szkody wynikaj\u0105ce z wykorzystania informacji zamieszczonych na tej stronie lub za po\u015brednictwem stron, do kt\u00f3rych prowadz\u0105 linki. Zawarto\u015b\u0107 tej strony nie mo\u017ce by\u0107 publikowana bez zgody Royal Agrifirm Group.&nbsp;<\/p>\n<\/section>\n\n<section class=\"section section--gutenberg section--gutenberg-nomargin wp-block-paragraph\">\n<p>W przypadku dostaw, p\u0142atno\u015bci itp. obowi\u0105zuj\u0105 lokalne warunki dostawy sp\u00f3\u0142ki zale\u017cnej Royal Agrifirm Group zdeponowanej w Izbie Handlowej.&nbsp;<\/p>\n<\/section>\n\n<section class=\"section section--gutenberg section--gutenberg-nomargin wp-block-paragraph\">\n<p>Royal Agrifirm Group&nbsp;<\/p>\n<\/section>\n\n<section class=\"section section--gutenberg section--gutenberg-nomargin wp-block-paragraph\">\n<p>CC 50003631&nbsp;<\/p>\n<\/section>\n\n<section class=\"section section--gutenberg section--gutenberg-nomargin wp-block-paragraph\">\n<p><\/p>\n<\/section>","protected":false},"excerpt":{"rendered":"<p>Ta strona zosta\u0142a przygotowana z najwy\u017csz\u0105 staranno\u015bci\u0105. Niemniej jednak, mo\u017ce zawiera\u0107 informacje, kt\u00f3re s\u0105 nieprawid\u0142owe i\/lub niekompletne. Z jej tre\u015bci nie mo\u017cna wyci\u0105gn\u0105\u0107 \u017cadnych skutk\u00f3w prawnych. Royal Agrifirm Group nie ponosi odpowiedzialno\u015bci za bezpo\u015brednie lub po\u015brednie szkody wynikaj\u0105ce z wykorzystania informacji zamieszczonych na tej stronie lub za po\u015brednictwem stron, do kt\u00f3rych prowadz\u0105 linki. Zawarto\u015b\u0107 tej [&hellip;]<\/p>\n","protected":false},"author":5,"featured_media":0,"parent":0,"menu_order":0,"comment_status":"closed","ping_status":"open","template":"","meta":{"_acf_changed":false,"footnotes":""},"country":[],"class_list":["post-13466","page","type-page","status-publish","hentry"],"acf":[],"yoast_head":"<!-- This site is optimized with the Yoast SEO plugin v27.0 - https:\/\/yoast.com\/product\/yoast-seo-wordpress\/ -->\n<title>Zrzeczenie si\u0119 odpowiedzialno\u015bci - Earlyfeed<\/title>\n<meta name=\"robots\" content=\"index, follow, max-snippet:-1, max-image-preview:large, max-video-preview:-1\" \/>\n<link rel=\"canonical\" href=\"https:\/\/earlyfeednutrition.com\/pl\/sample-page\/\" \/>\n<meta property=\"og:locale\" content=\"pl_PL\" \/>\n<meta property=\"og:type\" content=\"article\" \/>\n<meta property=\"og:title\" content=\"Zrzeczenie si\u0119 odpowiedzialno\u015bci - Earlyfeed\" \/>\n<meta property=\"og:description\" content=\"Ta strona zosta\u0142a przygotowana z najwy\u017csz\u0105 staranno\u015bci\u0105. Niemniej jednak, mo\u017ce zawiera\u0107 informacje, kt\u00f3re s\u0105 nieprawid\u0142owe i\/lub niekompletne. Z jej tre\u015bci nie mo\u017cna wyci\u0105gn\u0105\u0107 \u017cadnych skutk\u00f3w prawnych. Royal Agrifirm Group nie ponosi odpowiedzialno\u015bci za bezpo\u015brednie lub po\u015brednie szkody wynikaj\u0105ce z wykorzystania informacji zamieszczonych na tej stronie lub za po\u015brednictwem stron, do kt\u00f3rych prowadz\u0105 linki. Zawarto\u015b\u0107 tej [&hellip;]\" \/>\n<meta property=\"og:url\" content=\"https:\/\/earlyfeednutrition.com\/pl\/sample-page\/\" \/>\n<meta property=\"og:site_name\" content=\"Earlyfeed\" \/>\n<meta property=\"article:modified_time\" content=\"2021-02-04T10:29:22+00:00\" \/>\n<meta name=\"twitter:card\" content=\"summary_large_image\" \/>\n<meta name=\"twitter:label1\" content=\"Est. reading time\" \/>\n\t<meta name=\"twitter:data1\" content=\"1 minute\" \/>\n<script type=\"application\/ld+json\" class=\"yoast-schema-graph\">{\"@context\":\"https:\/\/schema.org\",\"@graph\":[{\"@type\":\"WebPage\",\"@id\":\"https:\/\/earlyfeednutrition.com\/pl\/sample-page\/\",\"url\":\"https:\/\/earlyfeednutrition.com\/pl\/sample-page\/\",\"name\":\"Zrzeczenie si\u0119 odpowiedzialno\u015bci - Earlyfeed\",\"isPartOf\":{\"@id\":\"https:\/\/earlyfeednutrition.com\/pl\/#website\"},\"datePublished\":\"2019-08-29T19:20:04+00:00\",\"dateModified\":\"2021-02-04T10:29:22+00:00\",\"breadcrumb\":{\"@id\":\"https:\/\/earlyfeednutrition.com\/pl\/sample-page\/#breadcrumb\"},\"inLanguage\":\"pl-PL\",\"potentialAction\":[{\"@type\":\"ReadAction\",\"target\":[\"https:\/\/earlyfeednutrition.com\/pl\/sample-page\/\"]}]},{\"@type\":\"BreadcrumbList\",\"@id\":\"https:\/\/earlyfeednutrition.com\/pl\/sample-page\/#breadcrumb\",\"itemListElement\":[{\"@type\":\"ListItem\",\"position\":1,\"name\":\"Strona g\u0142\u00f3wna\",\"item\":\"https:\/\/www.earlyfeednutrition.com\/pl\/\"},{\"@type\":\"ListItem\",\"position\":2,\"name\":\"Zrzeczenie si\u0119 odpowiedzialno\u015bci\"}]},{\"@type\":\"WebSite\",\"@id\":\"https:\/\/earlyfeednutrition.com\/pl\/#website\",\"url\":\"https:\/\/earlyfeednutrition.com\/pl\/\",\"name\":\"Earlyfeed\",\"description\":\"Right from the start\",\"potentialAction\":[{\"@type\":\"SearchAction\",\"target\":{\"@type\":\"EntryPoint\",\"urlTemplate\":\"https:\/\/earlyfeednutrition.com\/pl\/?s={search_term_string}\"},\"query-input\":{\"@type\":\"PropertyValueSpecification\",\"valueRequired\":true,\"valueName\":\"search_term_string\"}}],\"inLanguage\":\"pl-PL\"}]}<\/script>\n<!-- \/ Yoast SEO plugin. -->","yoast_head_json":{"title":"Zrzeczenie si\u0119 odpowiedzialno\u015bci - Earlyfeed","robots":{"index":"index","follow":"follow","max-snippet":"max-snippet:-1","max-image-preview":"max-image-preview:large","max-video-preview":"max-video-preview:-1"},"canonical":"https:\/\/earlyfeednutrition.com\/pl\/sample-page\/","og_locale":"pl_PL","og_type":"article","og_title":"Zrzeczenie si\u0119 odpowiedzialno\u015bci - Earlyfeed","og_description":"Ta strona zosta\u0142a przygotowana z najwy\u017csz\u0105 staranno\u015bci\u0105. Niemniej jednak, mo\u017ce zawiera\u0107 informacje, kt\u00f3re s\u0105 nieprawid\u0142owe i\/lub niekompletne. Z jej tre\u015bci nie mo\u017cna wyci\u0105gn\u0105\u0107 \u017cadnych skutk\u00f3w prawnych. Royal Agrifirm Group nie ponosi odpowiedzialno\u015bci za bezpo\u015brednie lub po\u015brednie szkody wynikaj\u0105ce z wykorzystania informacji zamieszczonych na tej stronie lub za po\u015brednictwem stron, do kt\u00f3rych prowadz\u0105 linki. Zawarto\u015b\u0107 tej [&hellip;]","og_url":"https:\/\/earlyfeednutrition.com\/pl\/sample-page\/","og_site_name":"Earlyfeed","article_modified_time":"2021-02-04T10:29:22+00:00","twitter_card":"summary_large_image","twitter_misc":{"Est. reading time":"1 minute"},"schema":{"@context":"https:\/\/schema.org","@graph":[{"@type":"WebPage","@id":"https:\/\/earlyfeednutrition.com\/pl\/sample-page\/","url":"https:\/\/earlyfeednutrition.com\/pl\/sample-page\/","name":"Zrzeczenie si\u0119 odpowiedzialno\u015bci - Earlyfeed","isPartOf":{"@id":"https:\/\/earlyfeednutrition.com\/pl\/#website"},"datePublished":"2019-08-29T19:20:04+00:00","dateModified":"2021-02-04T10:29:22+00:00","breadcrumb":{"@id":"https:\/\/earlyfeednutrition.com\/pl\/sample-page\/#breadcrumb"},"inLanguage":"pl-PL","potentialAction":[{"@type":"ReadAction","target":["https:\/\/earlyfeednutrition.com\/pl\/sample-page\/"]}]},{"@type":"BreadcrumbList","@id":"https:\/\/earlyfeednutrition.com\/pl\/sample-page\/#breadcrumb","itemListElement":[{"@type":"ListItem","position":1,"name":"Strona g\u0142\u00f3wna","item":"https:\/\/www.earlyfeednutrition.com\/pl\/"},{"@type":"ListItem","position":2,"name":"Zrzeczenie si\u0119 odpowiedzialno\u015bci"}]},{"@type":"WebSite","@id":"https:\/\/earlyfeednutrition.com\/pl\/#website","url":"https:\/\/earlyfeednutrition.com\/pl\/","name":"Earlyfeed","description":"Right from the start","potentialAction":[{"@type":"SearchAction","target":{"@type":"EntryPoint","urlTemplate":"https:\/\/earlyfeednutrition.com\/pl\/?s={search_term_string}"},"query-input":{"@type":"PropertyValueSpecification","valueRequired":true,"valueName":"search_term_string"}}],"inLanguage":"pl-PL"}]}},"_links":{"self":[{"href":"https:\/\/earlyfeednutrition.com\/pl\/wp-json\/wp\/v2\/pages\/13466","targetHints":{"allow":["GET"]}}],"collection":[{"href":"https:\/\/earlyfeednutrition.com\/pl\/wp-json\/wp\/v2\/pages"}],"about":[{"href":"https:\/\/earlyfeednutrition.com\/pl\/wp-json\/wp\/v2\/types\/page"}],"author":[{"embeddable":true,"href":"https:\/\/earlyfeednutrition.com\/pl\/wp-json\/wp\/v2\/users\/5"}],"replies":[{"embeddable":true,"href":"https:\/\/earlyfeednutrition.com\/pl\/wp-json\/wp\/v2\/comments?post=13466"}],"version-history":[{"count":2,"href":"https:\/\/earlyfeednutrition.com\/pl\/wp-json\/wp\/v2\/pages\/13466\/revisions"}],"predecessor-version":[{"id":13508,"href":"https:\/\/earlyfeednutrition.com\/pl\/wp-json\/wp\/v2\/pages\/13466\/revisions\/13508"}],"wp:attachment":[{"href":"https:\/\/earlyfeednutrition.com\/pl\/wp-json\/wp\/v2\/media?parent=13466"}],"wp:term":[{"taxonomy":"country","embeddable":true,"href":"https:\/\/earlyfeednutrition.com\/pl\/wp-json\/wp\/v2\/country?post=13466"}],"curies":[{"name":"wp","href":"https:\/\/api.w.org\/{rel}","templated":true}]}}