{"id":13414,"date":"2020-11-05T16:06:10","date_gmt":"2020-11-05T16:06:10","guid":{"rendered":"https:\/\/www.earlyfeednutrition.com\/what-we-do\/swine\/"},"modified":"2021-08-04T07:27:50","modified_gmt":"2021-08-04T07:27:50","slug":"swine","status":"publish","type":"page","link":"https:\/\/earlyfeednutrition.com\/pl\/what-we-do\/swine\/","title":{"rendered":"Trzoda chlewna"},"content":{"rendered":"<section class=\"section section--gutenberg section--gutenberg-nomargin wp-block-heading\">\n<h2><span style=\"font-family: bebas-neue-rounded, &quot;Roboto&quot;, &quot;Open Sans&quot;, &quot;Helvetica&quot;, &quot;Arial&quot;, sans-serif;\" class=\"font-family\"><span style=\"color: #3A261B\" class=\"text-color\"><strong>SKUPIENIE SI\u0118 NA ZDROWIU JELIT OD SAMEGO POCZ\u0104TKU<\/strong><\/span><\/span><\/h2>\n<\/section>\n\n<section class=\"section section--gutenberg section--gutenberg-nomargin wp-block-paragraph\">\n<p><span style=\"font-family: &quot;Roboto&quot;, &quot;Open Sans&quot;, &quot;Helvetica&quot;, &quot;Arial&quot;, sans-serif;\" class=\"font-family\">Powszechnie wiadomo, \u017ce wczesne dojrzewanie przewodu pokarmowego ma kluczowe znaczenie dla optymalnego i zdrowego wzrostu prosi\u0105t. Stymulowanie zdrowia jelit prosi\u0105t zaczyna si\u0119 od dok\u0142adnego \u017cywienia loch, a kontynuowane jest dzi\u0119ki przemy\u015blanym koncepcjom promuj\u0105cym wczesne pobieranie paszy. Wi\u0119ksza liczba prosi\u0105t jedz\u0105cych przed odsadzeniem u\u0142atwia p\u0142ynniejsze odsadzenie i b\u0119dzie mia\u0142a pozytywny wp\u0142yw na og\u00f3ln\u0105 wydajno\u015b\u0107 zwierz\u0105t.<\/span><\/p>\n<\/section>\n\n<section class=\"section section--gutenberg section--gutenberg-nomargin wp-block-heading\">\n<h2><span style=\"font-family: bebas-neue-rounded, &quot;Roboto&quot;, &quot;Open Sans&quot;, &quot;Helvetica&quot;, &quot;Arial&quot;, sans-serif;\" class=\"font-family\"><span style=\"color: #3A261B\" class=\"text-color\"><strong>DOBRZE WYWA\u017bONY I SMACZNY<\/strong><\/span><\/span><\/h2>\n<\/section>\n\n<section class=\"section section--gutenberg section--gutenberg-nomargin wp-block-paragraph\">\n<p><span style=\"font-family: &quot;Roboto&quot;, &quot;Open Sans&quot;, &quot;Helvetica&quot;, &quot;Arial&quot;, sans-serif;\" class=\"font-family\">Firma Earlyfeed opracowa\u0142a rozwi\u0105zania w zakresie wczesnego \u017cywienia dla prosi\u0105t, kt\u00f3re s\u0105 uznawane na ca\u0142ym \u015bwiecie za najlepsze w swojej klasie. Dobrze wywa\u017cone i innowacyjne, maj\u0105 zdolno\u015b\u0107 do wspierania ca\u0142ego miotu od samego pocz\u0105tku oraz do maksymalizowania sukcesu i rentowno\u015bci po odsadzeniu. Bardzo wysoka smakowito\u015b\u0107 zach\u0119ca do wczesnego przyjmowania pokarm\u00f3w, podczas gdy wyrafinowane sk\u0142adniki stymuluj\u0105 dojrzewanie przewodu pokarmowego i dostarczaj\u0105 sk\u0142adnik\u00f3w od\u017cywczych, kt\u00f3re wzmacniaj\u0105 stan zdrowia prosi\u0105t.<\/span><\/p>\n<\/section>","protected":false},"excerpt":{"rendered":"<p>SKUPIENIE SI\u0118 NA ZDROWIU JELIT OD SAMEGO POCZ\u0104TKU Powszechnie wiadomo, \u017ce wczesne dojrzewanie przewodu pokarmowego ma kluczowe znaczenie dla optymalnego i zdrowego wzrostu prosi\u0105t. Stymulowanie zdrowia jelit prosi\u0105t zaczyna si\u0119 od dok\u0142adnego \u017cywienia loch, a kontynuowane jest dzi\u0119ki przemy\u015blanym koncepcjom promuj\u0105cym wczesne pobieranie paszy. Wi\u0119ksza liczba prosi\u0105t jedz\u0105cych przed odsadzeniem u\u0142atwia p\u0142ynniejsze odsadzenie i b\u0119dzie [&hellip;]<\/p>\n","protected":false},"author":1,"featured_media":0,"parent":13400,"menu_order":0,"comment_status":"closed","ping_status":"closed","template":"page-product-group.php","meta":{"_acf_changed":false,"footnotes":""},"country":[],"class_list":["post-13414","page","type-page","status-publish","hentry"],"acf":[],"yoast_head":"<!-- This site is optimized with the Yoast SEO plugin v27.0 - https:\/\/yoast.com\/product\/yoast-seo-wordpress\/ -->\n<title>Trzoda chlewna - Earlyfeed<\/title>\n<meta name=\"robots\" content=\"index, follow, max-snippet:-1, max-image-preview:large, max-video-preview:-1\" \/>\n<link rel=\"canonical\" href=\"https:\/\/earlyfeednutrition.com\/pl\/what-we-do\/swine\/\" \/>\n<meta property=\"og:locale\" content=\"pl_PL\" \/>\n<meta property=\"og:type\" content=\"article\" \/>\n<meta property=\"og:title\" content=\"Trzoda chlewna - Earlyfeed\" \/>\n<meta property=\"og:description\" content=\"SKUPIENIE SI\u0118 NA ZDROWIU JELIT OD SAMEGO POCZ\u0104TKU Powszechnie wiadomo, \u017ce wczesne dojrzewanie przewodu pokarmowego ma kluczowe znaczenie dla optymalnego i zdrowego wzrostu prosi\u0105t. Stymulowanie zdrowia jelit prosi\u0105t zaczyna si\u0119 od dok\u0142adnego \u017cywienia loch, a kontynuowane jest dzi\u0119ki przemy\u015blanym koncepcjom promuj\u0105cym wczesne pobieranie paszy. Wi\u0119ksza liczba prosi\u0105t jedz\u0105cych przed odsadzeniem u\u0142atwia p\u0142ynniejsze odsadzenie i b\u0119dzie [&hellip;]\" \/>\n<meta property=\"og:url\" content=\"https:\/\/earlyfeednutrition.com\/pl\/what-we-do\/swine\/\" \/>\n<meta property=\"og:site_name\" content=\"Earlyfeed\" \/>\n<meta property=\"article:modified_time\" content=\"2021-08-04T07:27:50+00:00\" \/>\n<meta name=\"twitter:card\" content=\"summary_large_image\" \/>\n<meta name=\"twitter:label1\" content=\"Est. reading time\" \/>\n\t<meta name=\"twitter:data1\" content=\"1 minute\" \/>\n<script type=\"application\/ld+json\" class=\"yoast-schema-graph\">{\"@context\":\"https:\/\/schema.org\",\"@graph\":[{\"@type\":\"WebPage\",\"@id\":\"https:\/\/earlyfeednutrition.com\/pl\/what-we-do\/swine\/\",\"url\":\"https:\/\/earlyfeednutrition.com\/pl\/what-we-do\/swine\/\",\"name\":\"Trzoda chlewna - Earlyfeed\",\"isPartOf\":{\"@id\":\"https:\/\/earlyfeednutrition.com\/pl\/#website\"},\"datePublished\":\"2020-11-05T16:06:10+00:00\",\"dateModified\":\"2021-08-04T07:27:50+00:00\",\"breadcrumb\":{\"@id\":\"https:\/\/earlyfeednutrition.com\/pl\/what-we-do\/swine\/#breadcrumb\"},\"inLanguage\":\"pl-PL\",\"potentialAction\":[{\"@type\":\"ReadAction\",\"target\":[\"https:\/\/earlyfeednutrition.com\/pl\/what-we-do\/swine\/\"]}]},{\"@type\":\"BreadcrumbList\",\"@id\":\"https:\/\/earlyfeednutrition.com\/pl\/what-we-do\/swine\/#breadcrumb\",\"itemListElement\":[{\"@type\":\"ListItem\",\"position\":1,\"name\":\"Strona g\u0142\u00f3wna\",\"item\":\"https:\/\/www.earlyfeednutrition.com\/pl\/\"},{\"@type\":\"ListItem\",\"position\":2,\"name\":\"Czym si\u0119 zajmujemy?\",\"item\":\"https:\/\/earlyfeednutrition.com\/pl\/what-we-do\/\"},{\"@type\":\"ListItem\",\"position\":3,\"name\":\"Trzoda chlewna\"}]},{\"@type\":\"WebSite\",\"@id\":\"https:\/\/earlyfeednutrition.com\/pl\/#website\",\"url\":\"https:\/\/earlyfeednutrition.com\/pl\/\",\"name\":\"Earlyfeed\",\"description\":\"Right from the start\",\"potentialAction\":[{\"@type\":\"SearchAction\",\"target\":{\"@type\":\"EntryPoint\",\"urlTemplate\":\"https:\/\/earlyfeednutrition.com\/pl\/?s={search_term_string}\"},\"query-input\":{\"@type\":\"PropertyValueSpecification\",\"valueRequired\":true,\"valueName\":\"search_term_string\"}}],\"inLanguage\":\"pl-PL\"}]}<\/script>\n<!-- \/ Yoast SEO plugin. -->","yoast_head_json":{"title":"Trzoda chlewna - Earlyfeed","robots":{"index":"index","follow":"follow","max-snippet":"max-snippet:-1","max-image-preview":"max-image-preview:large","max-video-preview":"max-video-preview:-1"},"canonical":"https:\/\/earlyfeednutrition.com\/pl\/what-we-do\/swine\/","og_locale":"pl_PL","og_type":"article","og_title":"Trzoda chlewna - Earlyfeed","og_description":"SKUPIENIE SI\u0118 NA ZDROWIU JELIT OD SAMEGO POCZ\u0104TKU Powszechnie wiadomo, \u017ce wczesne dojrzewanie przewodu pokarmowego ma kluczowe znaczenie dla optymalnego i zdrowego wzrostu prosi\u0105t. Stymulowanie zdrowia jelit prosi\u0105t zaczyna si\u0119 od dok\u0142adnego \u017cywienia loch, a kontynuowane jest dzi\u0119ki przemy\u015blanym koncepcjom promuj\u0105cym wczesne pobieranie paszy. Wi\u0119ksza liczba prosi\u0105t jedz\u0105cych przed odsadzeniem u\u0142atwia p\u0142ynniejsze odsadzenie i b\u0119dzie [&hellip;]","og_url":"https:\/\/earlyfeednutrition.com\/pl\/what-we-do\/swine\/","og_site_name":"Earlyfeed","article_modified_time":"2021-08-04T07:27:50+00:00","twitter_card":"summary_large_image","twitter_misc":{"Est. reading time":"1 minute"},"schema":{"@context":"https:\/\/schema.org","@graph":[{"@type":"WebPage","@id":"https:\/\/earlyfeednutrition.com\/pl\/what-we-do\/swine\/","url":"https:\/\/earlyfeednutrition.com\/pl\/what-we-do\/swine\/","name":"Trzoda chlewna - Earlyfeed","isPartOf":{"@id":"https:\/\/earlyfeednutrition.com\/pl\/#website"},"datePublished":"2020-11-05T16:06:10+00:00","dateModified":"2021-08-04T07:27:50+00:00","breadcrumb":{"@id":"https:\/\/earlyfeednutrition.com\/pl\/what-we-do\/swine\/#breadcrumb"},"inLanguage":"pl-PL","potentialAction":[{"@type":"ReadAction","target":["https:\/\/earlyfeednutrition.com\/pl\/what-we-do\/swine\/"]}]},{"@type":"BreadcrumbList","@id":"https:\/\/earlyfeednutrition.com\/pl\/what-we-do\/swine\/#breadcrumb","itemListElement":[{"@type":"ListItem","position":1,"name":"Strona g\u0142\u00f3wna","item":"https:\/\/www.earlyfeednutrition.com\/pl\/"},{"@type":"ListItem","position":2,"name":"Czym si\u0119 zajmujemy?","item":"https:\/\/earlyfeednutrition.com\/pl\/what-we-do\/"},{"@type":"ListItem","position":3,"name":"Trzoda chlewna"}]},{"@type":"WebSite","@id":"https:\/\/earlyfeednutrition.com\/pl\/#website","url":"https:\/\/earlyfeednutrition.com\/pl\/","name":"Earlyfeed","description":"Right from the start","potentialAction":[{"@type":"SearchAction","target":{"@type":"EntryPoint","urlTemplate":"https:\/\/earlyfeednutrition.com\/pl\/?s={search_term_string}"},"query-input":{"@type":"PropertyValueSpecification","valueRequired":true,"valueName":"search_term_string"}}],"inLanguage":"pl-PL"}]}},"_links":{"self":[{"href":"https:\/\/earlyfeednutrition.com\/pl\/wp-json\/wp\/v2\/pages\/13414","targetHints":{"allow":["GET"]}}],"collection":[{"href":"https:\/\/earlyfeednutrition.com\/pl\/wp-json\/wp\/v2\/pages"}],"about":[{"href":"https:\/\/earlyfeednutrition.com\/pl\/wp-json\/wp\/v2\/types\/page"}],"author":[{"embeddable":true,"href":"https:\/\/earlyfeednutrition.com\/pl\/wp-json\/wp\/v2\/users\/1"}],"replies":[{"embeddable":true,"href":"https:\/\/earlyfeednutrition.com\/pl\/wp-json\/wp\/v2\/comments?post=13414"}],"version-history":[{"count":5,"href":"https:\/\/earlyfeednutrition.com\/pl\/wp-json\/wp\/v2\/pages\/13414\/revisions"}],"predecessor-version":[{"id":16074,"href":"https:\/\/earlyfeednutrition.com\/pl\/wp-json\/wp\/v2\/pages\/13414\/revisions\/16074"}],"up":[{"embeddable":true,"href":"https:\/\/earlyfeednutrition.com\/pl\/wp-json\/wp\/v2\/pages\/13400"}],"wp:attachment":[{"href":"https:\/\/earlyfeednutrition.com\/pl\/wp-json\/wp\/v2\/media?parent=13414"}],"wp:term":[{"taxonomy":"country","embeddable":true,"href":"https:\/\/earlyfeednutrition.com\/pl\/wp-json\/wp\/v2\/country?post=13414"}],"curies":[{"name":"wp","href":"https:\/\/api.w.org\/{rel}","templated":true}]}}