{"id":13412,"date":"2020-11-05T16:05:40","date_gmt":"2020-11-05T16:05:40","guid":{"rendered":"https:\/\/www.earlyfeednutrition.com\/what-we-do\/ruminants\/"},"modified":"2021-08-04T07:30:26","modified_gmt":"2021-08-04T07:30:26","slug":"ruminants","status":"publish","type":"page","link":"https:\/\/earlyfeednutrition.com\/pl\/what-we-do\/ruminants\/","title":{"rendered":"Prze\u017cuwacze"},"content":{"rendered":"<section class=\"section section--gutenberg section--gutenberg-nomargin wp-block-heading\">\n<h2><span style=\"font-family: bebas-neue-rounded, &quot;Roboto&quot;, &quot;Open Sans&quot;, &quot;Helvetica&quot;, &quot;Arial&quot;, sans-serif;\" class=\"font-family\"><span style=\"color: #3A261B\" class=\"text-color\"><strong>CZAS TO PIENI\u0104DZ&nbsp;<\/strong>&nbsp;<\/span><\/span><\/h2>\n<\/section>\n\n<section class=\"section section--gutenberg section--gutenberg-nomargin wp-block-paragraph\">\n<p><span style=\"font-family: &quot;Roboto&quot;, &quot;Open Sans&quot;, &quot;Helvetica&quot;, &quot;Arial&quot;, sans-serif;\" class=\"font-family\">Od urodzenia do pierwszego ocielenia mijaj\u0105 \u015brednio 24 miesi\u0105ce. Do tego momentu ciel\u0119 jest kosztem dla rolnika. Przyspieszenie tego procesu wzrostu pomaga zmaksymalizowa\u0107 wydajno\u015b\u0107 i zoptymalizowa\u0107 rentowno\u015b\u0107. Szybki wzrost ciel\u0105t skutkuje wcze\u015bniejsz\u0105 inseminacj\u0105. Dodatkowo, przyspieszony odch\u00f3w ciel\u0105t cz\u0119sto prowadzi do lepszego wzrostu i bardziej wydajnej produkcji mleka.<\/span><\/p>\n<\/section>\n\n<section class=\"section section--gutenberg section--gutenberg-nomargin wp-block-heading\">\n<h2><span style=\"font-family: bebas-neue-rounded, &quot;Roboto&quot;, &quot;Open Sans&quot;, &quot;Helvetica&quot;, &quot;Arial&quot;, sans-serif;\" class=\"font-family\"><span style=\"color: #3A261B\" class=\"text-color\"><strong>\u017bWACZ JAKO MOTOR WZROSTU&nbsp;<\/strong>&nbsp;<\/span><\/span><\/h2>\n<\/section>\n\n<section class=\"section section--gutenberg section--gutenberg-nomargin wp-block-paragraph\">\n<p><span style=\"font-family: &quot;Roboto&quot;, &quot;Open Sans&quot;, &quot;Helvetica&quot;, &quot;Arial&quot;, sans-serif;\" class=\"font-family\">Nasze badania nad unikalnym i z\u0142o\u017conym uk\u0142adem pokarmowym prze\u017cuwaczy wykaza\u0142y, \u017ce wczesny rozw\u00f3j \u017cwacza jest mechanizmem, kt\u00f3ry mo\u017ce dzia\u0142a\u0107 jako pot\u0119\u017cny motor wzrostu. Opieraj\u0105c si\u0119 na tej wiedzy, Earlyfeed opracowa\u0142 specjalne rozwi\u0105zania \u017cywieniowe dla ciel\u0105t, aby szybko zmaksymalizowa\u0107 ich zaopatrzenie w energi\u0119, oprze\u0107 si\u0119 pospolitym patogenom i zmniejszy\u0107 klasyczny spadek wzrostowy po odsadzeniu.&nbsp;<\/span><\/p>\n<\/section>","protected":false},"excerpt":{"rendered":"<p>CZAS TO PIENI\u0104DZ&nbsp;&nbsp; Od urodzenia do pierwszego ocielenia mijaj\u0105 \u015brednio 24 miesi\u0105ce. Do tego momentu ciel\u0119 jest kosztem dla rolnika. Przyspieszenie tego procesu wzrostu pomaga zmaksymalizowa\u0107 wydajno\u015b\u0107 i zoptymalizowa\u0107 rentowno\u015b\u0107. Szybki wzrost ciel\u0105t skutkuje wcze\u015bniejsz\u0105 inseminacj\u0105. Dodatkowo, przyspieszony odch\u00f3w ciel\u0105t cz\u0119sto prowadzi do lepszego wzrostu i bardziej wydajnej produkcji mleka. \u017bWACZ JAKO MOTOR WZROSTU&nbsp;&nbsp; Nasze [&hellip;]<\/p>\n","protected":false},"author":1,"featured_media":0,"parent":13400,"menu_order":0,"comment_status":"closed","ping_status":"closed","template":"page-product-group.php","meta":{"_acf_changed":false,"footnotes":""},"country":[],"class_list":["post-13412","page","type-page","status-publish","hentry"],"acf":[],"yoast_head":"<!-- This site is optimized with the Yoast SEO plugin v27.0 - https:\/\/yoast.com\/product\/yoast-seo-wordpress\/ -->\n<title>Prze\u017cuwacze - Earlyfeed<\/title>\n<meta name=\"robots\" content=\"index, follow, max-snippet:-1, max-image-preview:large, max-video-preview:-1\" \/>\n<link rel=\"canonical\" href=\"https:\/\/earlyfeednutrition.com\/pl\/what-we-do\/ruminants\/\" \/>\n<meta property=\"og:locale\" content=\"pl_PL\" \/>\n<meta property=\"og:type\" content=\"article\" \/>\n<meta property=\"og:title\" content=\"Prze\u017cuwacze - Earlyfeed\" \/>\n<meta property=\"og:description\" content=\"CZAS TO PIENI\u0104DZ&nbsp;&nbsp; Od urodzenia do pierwszego ocielenia mijaj\u0105 \u015brednio 24 miesi\u0105ce. Do tego momentu ciel\u0119 jest kosztem dla rolnika. Przyspieszenie tego procesu wzrostu pomaga zmaksymalizowa\u0107 wydajno\u015b\u0107 i zoptymalizowa\u0107 rentowno\u015b\u0107. Szybki wzrost ciel\u0105t skutkuje wcze\u015bniejsz\u0105 inseminacj\u0105. Dodatkowo, przyspieszony odch\u00f3w ciel\u0105t cz\u0119sto prowadzi do lepszego wzrostu i bardziej wydajnej produkcji mleka. \u017bWACZ JAKO MOTOR WZROSTU&nbsp;&nbsp; Nasze [&hellip;]\" \/>\n<meta property=\"og:url\" content=\"https:\/\/earlyfeednutrition.com\/pl\/what-we-do\/ruminants\/\" \/>\n<meta property=\"og:site_name\" content=\"Earlyfeed\" \/>\n<meta property=\"article:modified_time\" content=\"2021-08-04T07:30:26+00:00\" \/>\n<meta name=\"twitter:card\" content=\"summary_large_image\" \/>\n<meta name=\"twitter:label1\" content=\"Est. reading time\" \/>\n\t<meta name=\"twitter:data1\" content=\"1 minute\" \/>\n<script type=\"application\/ld+json\" class=\"yoast-schema-graph\">{\"@context\":\"https:\/\/schema.org\",\"@graph\":[{\"@type\":\"WebPage\",\"@id\":\"https:\/\/earlyfeednutrition.com\/pl\/what-we-do\/ruminants\/\",\"url\":\"https:\/\/earlyfeednutrition.com\/pl\/what-we-do\/ruminants\/\",\"name\":\"Prze\u017cuwacze - Earlyfeed\",\"isPartOf\":{\"@id\":\"https:\/\/earlyfeednutrition.com\/pl\/#website\"},\"datePublished\":\"2020-11-05T16:05:40+00:00\",\"dateModified\":\"2021-08-04T07:30:26+00:00\",\"breadcrumb\":{\"@id\":\"https:\/\/earlyfeednutrition.com\/pl\/what-we-do\/ruminants\/#breadcrumb\"},\"inLanguage\":\"pl-PL\",\"potentialAction\":[{\"@type\":\"ReadAction\",\"target\":[\"https:\/\/earlyfeednutrition.com\/pl\/what-we-do\/ruminants\/\"]}]},{\"@type\":\"BreadcrumbList\",\"@id\":\"https:\/\/earlyfeednutrition.com\/pl\/what-we-do\/ruminants\/#breadcrumb\",\"itemListElement\":[{\"@type\":\"ListItem\",\"position\":1,\"name\":\"Strona g\u0142\u00f3wna\",\"item\":\"https:\/\/www.earlyfeednutrition.com\/pl\/\"},{\"@type\":\"ListItem\",\"position\":2,\"name\":\"Czym si\u0119 zajmujemy?\",\"item\":\"https:\/\/earlyfeednutrition.com\/pl\/what-we-do\/\"},{\"@type\":\"ListItem\",\"position\":3,\"name\":\"Prze\u017cuwacze\"}]},{\"@type\":\"WebSite\",\"@id\":\"https:\/\/earlyfeednutrition.com\/pl\/#website\",\"url\":\"https:\/\/earlyfeednutrition.com\/pl\/\",\"name\":\"Earlyfeed\",\"description\":\"Right from the start\",\"potentialAction\":[{\"@type\":\"SearchAction\",\"target\":{\"@type\":\"EntryPoint\",\"urlTemplate\":\"https:\/\/earlyfeednutrition.com\/pl\/?s={search_term_string}\"},\"query-input\":{\"@type\":\"PropertyValueSpecification\",\"valueRequired\":true,\"valueName\":\"search_term_string\"}}],\"inLanguage\":\"pl-PL\"}]}<\/script>\n<!-- \/ Yoast SEO plugin. -->","yoast_head_json":{"title":"Prze\u017cuwacze - Earlyfeed","robots":{"index":"index","follow":"follow","max-snippet":"max-snippet:-1","max-image-preview":"max-image-preview:large","max-video-preview":"max-video-preview:-1"},"canonical":"https:\/\/earlyfeednutrition.com\/pl\/what-we-do\/ruminants\/","og_locale":"pl_PL","og_type":"article","og_title":"Prze\u017cuwacze - Earlyfeed","og_description":"CZAS TO PIENI\u0104DZ&nbsp;&nbsp; Od urodzenia do pierwszego ocielenia mijaj\u0105 \u015brednio 24 miesi\u0105ce. Do tego momentu ciel\u0119 jest kosztem dla rolnika. Przyspieszenie tego procesu wzrostu pomaga zmaksymalizowa\u0107 wydajno\u015b\u0107 i zoptymalizowa\u0107 rentowno\u015b\u0107. Szybki wzrost ciel\u0105t skutkuje wcze\u015bniejsz\u0105 inseminacj\u0105. Dodatkowo, przyspieszony odch\u00f3w ciel\u0105t cz\u0119sto prowadzi do lepszego wzrostu i bardziej wydajnej produkcji mleka. \u017bWACZ JAKO MOTOR WZROSTU&nbsp;&nbsp; Nasze [&hellip;]","og_url":"https:\/\/earlyfeednutrition.com\/pl\/what-we-do\/ruminants\/","og_site_name":"Earlyfeed","article_modified_time":"2021-08-04T07:30:26+00:00","twitter_card":"summary_large_image","twitter_misc":{"Est. reading time":"1 minute"},"schema":{"@context":"https:\/\/schema.org","@graph":[{"@type":"WebPage","@id":"https:\/\/earlyfeednutrition.com\/pl\/what-we-do\/ruminants\/","url":"https:\/\/earlyfeednutrition.com\/pl\/what-we-do\/ruminants\/","name":"Prze\u017cuwacze - Earlyfeed","isPartOf":{"@id":"https:\/\/earlyfeednutrition.com\/pl\/#website"},"datePublished":"2020-11-05T16:05:40+00:00","dateModified":"2021-08-04T07:30:26+00:00","breadcrumb":{"@id":"https:\/\/earlyfeednutrition.com\/pl\/what-we-do\/ruminants\/#breadcrumb"},"inLanguage":"pl-PL","potentialAction":[{"@type":"ReadAction","target":["https:\/\/earlyfeednutrition.com\/pl\/what-we-do\/ruminants\/"]}]},{"@type":"BreadcrumbList","@id":"https:\/\/earlyfeednutrition.com\/pl\/what-we-do\/ruminants\/#breadcrumb","itemListElement":[{"@type":"ListItem","position":1,"name":"Strona g\u0142\u00f3wna","item":"https:\/\/www.earlyfeednutrition.com\/pl\/"},{"@type":"ListItem","position":2,"name":"Czym si\u0119 zajmujemy?","item":"https:\/\/earlyfeednutrition.com\/pl\/what-we-do\/"},{"@type":"ListItem","position":3,"name":"Prze\u017cuwacze"}]},{"@type":"WebSite","@id":"https:\/\/earlyfeednutrition.com\/pl\/#website","url":"https:\/\/earlyfeednutrition.com\/pl\/","name":"Earlyfeed","description":"Right from the start","potentialAction":[{"@type":"SearchAction","target":{"@type":"EntryPoint","urlTemplate":"https:\/\/earlyfeednutrition.com\/pl\/?s={search_term_string}"},"query-input":{"@type":"PropertyValueSpecification","valueRequired":true,"valueName":"search_term_string"}}],"inLanguage":"pl-PL"}]}},"_links":{"self":[{"href":"https:\/\/earlyfeednutrition.com\/pl\/wp-json\/wp\/v2\/pages\/13412","targetHints":{"allow":["GET"]}}],"collection":[{"href":"https:\/\/earlyfeednutrition.com\/pl\/wp-json\/wp\/v2\/pages"}],"about":[{"href":"https:\/\/earlyfeednutrition.com\/pl\/wp-json\/wp\/v2\/types\/page"}],"author":[{"embeddable":true,"href":"https:\/\/earlyfeednutrition.com\/pl\/wp-json\/wp\/v2\/users\/1"}],"replies":[{"embeddable":true,"href":"https:\/\/earlyfeednutrition.com\/pl\/wp-json\/wp\/v2\/comments?post=13412"}],"version-history":[{"count":5,"href":"https:\/\/earlyfeednutrition.com\/pl\/wp-json\/wp\/v2\/pages\/13412\/revisions"}],"predecessor-version":[{"id":16076,"href":"https:\/\/earlyfeednutrition.com\/pl\/wp-json\/wp\/v2\/pages\/13412\/revisions\/16076"}],"up":[{"embeddable":true,"href":"https:\/\/earlyfeednutrition.com\/pl\/wp-json\/wp\/v2\/pages\/13400"}],"wp:attachment":[{"href":"https:\/\/earlyfeednutrition.com\/pl\/wp-json\/wp\/v2\/media?parent=13412"}],"wp:term":[{"taxonomy":"country","embeddable":true,"href":"https:\/\/earlyfeednutrition.com\/pl\/wp-json\/wp\/v2\/country?post=13412"}],"curies":[{"name":"wp","href":"https:\/\/api.w.org\/{rel}","templated":true}]}}