{"id":25216,"date":"2020-11-30T11:00:12","date_gmt":"2020-11-30T11:00:12","guid":{"rendered":"https:\/\/earlyfeednutrition.com\/what-we-offer\/vitastart\/"},"modified":"2023-01-20T14:58:12","modified_gmt":"2023-01-20T13:58:12","slug":"vitastart","status":"publish","type":"product","link":"https:\/\/earlyfeednutrition.com\/it\/what-we-offer\/vitastart\/","title":{"rendered":"VITASTART"},"content":{"rendered":"<section class=\"section section--gutenberg section--gutenberg-nomargin wp-block-columns\"><div class=\"container\" style=\"\"><div class=\"columns\"><div class=\"wp-block-column column\" style=\"\"><section class=\"section section--gutenberg section--gutenberg-nomargin wp-block-heading\">\n<h2 id=\"high-performant-concentrates-for-nursery-piglets\"><span style=\"font-family: bebas-neue-rounded, &quot;Roboto&quot;, &quot;Open Sans&quot;, &quot;Helvetica&quot;, &quot;Arial&quot;, sans-serif;\" class=\"font-family\"><span style=\"color: #DBB154\" class=\"text-color\">Nuclei per un alto rendimento dei suinetti&nbsp;<\/span><\/span><\/h2>\n<\/section><section class=\"section section--gutenberg section--gutenberg-nomargin wp-block-paragraph\">\n<p><span style=\"font-family: &quot;Roboto&quot;, &quot;Open Sans&quot;, &quot;Helvetica&quot;, &quot;Arial&quot;, sans-serif;\" class=\"font-family\"><span style=\"color: #FFFFFF\" class=\"text-color\">Sfruttare appieno il potenziale genetico di ogni animale in termini di performance di crescita e di rapporto di conversione alimentare \u00e8 un compito arduo per il nutrizionista suino. La formulazione della dieta ideale \u00e8 un esercizio continuo per bilanciare l&#8217;assunzione di mangime, la digeribilit\u00e0 e il supporto alla salute. Con Vitastart, Earlyfeed ha sviluppato una gamma flessibile di concentrati starter che consente al nutrizionista di creare un mangime che si adatta letteralmente alle esigenze dell&#8217;animale.&nbsp;<\/span><\/span><\/p>\n<\/section><\/div><div class=\"wp-block-column column\" style=\"\"><section class=\"section section--gutenberg section--gutenberg-nomargin wp-block-heading\">\n<h2 id=\"smart-and-variable-concentrates\"><span style=\"font-family: bebas-neue-rounded, &quot;Roboto&quot;, &quot;Open Sans&quot;, &quot;Helvetica&quot;, &quot;Arial&quot;, sans-serif;\" class=\"font-family\"><span style=\"color: #DBB154\" class=\"text-color\">Concentrati intelligenti e variabili&nbsp;<\/span><\/span><\/h2>\n<\/section><section class=\"section section--gutenberg section--gutenberg-nomargin wp-block-paragraph\">\n<p><span style=\"font-family: &quot;Roboto&quot;, &quot;Open Sans&quot;, &quot;Helvetica&quot;, &quot;Arial&quot;, sans-serif;\" class=\"font-family\"><span style=\"color: #FFFFFF\" class=\"text-color\">I concentrati Vitastart possono essere utilizzati in modo flessibile con diversi livelli di inclusione a seconda dell&#8217;et\u00e0 dei suinetti e della disponibilit\u00e0 di materie prime. Ci\u00f2 consente di formulare una dieta che si adatta a variabili mutevoli come l&#8217;assunzione di mangime e la disponibilit\u00e0 di materie prime&nbsp;<\/span><\/span><\/p>\n<\/section><section class=\"section section--gutenberg section--gutenberg-nomargin wp-block-paragraph\">\n<p><\/p>\n<\/section><\/div><div class=\"wp-block-column column\" style=\"\"><section class=\"section section--gutenberg section--gutenberg-nomargin wp-block-heading\">\n<h2 id=\"main-benefitsof-vitastart\"><span style=\"color: #DBB154\" class=\"text-color\"><span style=\"font-family: bebas-neue-rounded, &quot;Roboto&quot;, &quot;Open Sans&quot;, &quot;Helvetica&quot;, &quot;Arial&quot;, sans-serif;\" class=\"font-family\">PRINICPALI VANTAGGI <br>DI <\/span><\/span><span style=\"color: #ffffff\" class=\"text-color\"><span style=\"font-family: bebas-neue-rounded, &quot;Roboto&quot;, &quot;Open Sans&quot;, &quot;Helvetica&quot;, &quot;Arial&quot;, sans-serif;\" class=\"font-family\">VITASTART<\/span><\/span><\/h2>\n<\/section>\n<ul class=\"wp-block-list\">\n<li><span style=\"font-family: &quot;Roboto&quot;, &quot;Open Sans&quot;, &quot;Helvetica&quot;, &quot;Arial&quot;, sans-serif;\" class=\"font-family\">Aumenta la salute e la vitalit\u00e0 generale&nbsp;<\/span><\/li>\n\n\n\n<li><span style=\"font-family: &quot;Roboto&quot;, &quot;Open Sans&quot;, &quot;Helvetica&quot;, &quot;Arial&quot;, sans-serif;\" class=\"font-family\">Garantisce un&#8217;assunzione ottimale di mangime&nbsp;<\/span><\/li>\n\n\n\n<li><span style=\"font-family: &quot;Roboto&quot;, &quot;Open Sans&quot;, &quot;Helvetica&quot;, &quot;Arial&quot;, sans-serif;\" class=\"font-family\">Consente prestazioni di crescita adeguate&nbsp;<\/span><\/li>\n\n\n\n<li><span style=\"font-family: &quot;Roboto&quot;, &quot;Open Sans&quot;, &quot;Helvetica&quot;, &quot;Arial&quot;, sans-serif;\" class=\"font-family\">Soluzioni flessibili&nbsp;<\/span><\/li>\n\n\n\n<li><span style=\"font-family: &quot;Roboto&quot;, &quot;Open Sans&quot;, &quot;Helvetica&quot;, &quot;Arial&quot;, sans-serif;\" class=\"font-family\">Migliora l&#8217;immunit\u00e0&nbsp;<\/span><\/li>\n<\/ul>\n<\/div><\/div><\/div><\/section>\n\n<section class=\"section section--gutenberg section--gutenberg-nomargin wp-block-heading\">\n<h4 id=\"block-9e88c8f3-bc0f-44b1-ac6b-ed27e9374261\"><span style=\"color: #DBB154\" class=\"text-color\">Arricchito con START+ per una maturazione intestinale pi\u00f9 precoce&nbsp;<\/span><\/h4>\n<\/section>\n\n<section class=\"section section--gutenberg section--gutenberg-nomargin wp-block-paragraph\">\n<p>Vitastart \u00e8 arricchito dal nostro innovativo concetto START+. START+ contiene componenti attivi appositamente studiati per dare ai suinetti un vantaggio nella vita. Promuove la maturazione del tratto intestinale sottosviluppato dei suinetti appena nati e contribuisce a garantire un suinetto sano fin dall&#8217;inizio.&nbsp;<\/p>\n<\/section>\n\n\n\n<section id=\"earlyfeed-gallery-block_5fb3d2cf8a2714c23b24aadc869b38a3\" class=\"section section--gutenberg earlyfeed-gallery\">\n    <div class=\"container\">\n        <div class=\"columns\" style='height: 400px'>\n                    \n            \n            <div class=\"column col-width--60\">\n                                <picture>\n                                        \n                    <source media=\"(min-width: 2561px)\" data-srcset=\"https:\/\/earlyfeednutrition.com\/app\/uploads\/2020\/12\/Agrifirm20201105-3071.jpg\" \/>\n                    <source media=\"(min-width: 1921px)\" data-srcset=\"https:\/\/earlyfeednutrition.com\/app\/uploads\/2020\/12\/Agrifirm20201105-3071.jpg\" \/>\n                    <source media=\"(min-width: 1441px)\" data-srcset=\"https:\/\/earlyfeednutrition.com\/app\/uploads\/2020\/12\/Agrifirm20201105-3071-1920x1279.jpg\" \/>\n                    <source media=\"(min-width: 1281px)\" data-srcset=\"https:\/\/earlyfeednutrition.com\/app\/uploads\/2020\/12\/Agrifirm20201105-3071-1440x960.jpg\" \/>\n                    <source media=\"(min-width: 769px)\" data-srcset=\"https:\/\/earlyfeednutrition.com\/app\/uploads\/2020\/12\/Agrifirm20201105-3071-1280x853.jpg\" \/>\n                    <source media=\"(min-width: 476px)\" data-srcset=\"https:\/\/earlyfeednutrition.com\/app\/uploads\/2020\/12\/Agrifirm20201105-3071-768x512.jpg\" \/>\n                    <source media=\"(min-width: 321px)\" data-srcset=\"https:\/\/earlyfeednutrition.com\/app\/uploads\/2020\/12\/Agrifirm20201105-3071-475x317.jpg\" \/>\n                    <source media=\"(max-width: 320px)\" data-srcset=\"https:\/\/earlyfeednutrition.com\/app\/uploads\/2020\/12\/Agrifirm20201105-3071-320x213.jpg\" \/>\n                    \n                    <img data-src=\"https:\/\/earlyfeednutrition.com\/app\/uploads\/2020\/12\/Agrifirm20201105-3071-320x213.jpg\" alt=\"\" class=\"lazyload\">\n                <\/picture>\n\n            <\/div>\n                                \n            \n            <div class=\"column col-width--35\">\n                                <picture>\n                                        \n                    <source media=\"(min-width: 2561px)\" data-srcset=\"https:\/\/earlyfeednutrition.com\/app\/uploads\/2020\/12\/Agrifirm20201105-3118.jpg\" \/>\n                    <source media=\"(min-width: 1921px)\" data-srcset=\"https:\/\/earlyfeednutrition.com\/app\/uploads\/2020\/12\/Agrifirm20201105-3118.jpg\" \/>\n                    <source media=\"(min-width: 1441px)\" data-srcset=\"https:\/\/earlyfeednutrition.com\/app\/uploads\/2020\/12\/Agrifirm20201105-3118-1920x1279.jpg\" \/>\n                    <source media=\"(min-width: 1281px)\" data-srcset=\"https:\/\/earlyfeednutrition.com\/app\/uploads\/2020\/12\/Agrifirm20201105-3118-1440x960.jpg\" \/>\n                    <source media=\"(min-width: 769px)\" data-srcset=\"https:\/\/earlyfeednutrition.com\/app\/uploads\/2020\/12\/Agrifirm20201105-3118-1280x853.jpg\" \/>\n                    <source media=\"(min-width: 476px)\" data-srcset=\"https:\/\/earlyfeednutrition.com\/app\/uploads\/2020\/12\/Agrifirm20201105-3118-768x512.jpg\" \/>\n                    <source media=\"(min-width: 321px)\" data-srcset=\"https:\/\/earlyfeednutrition.com\/app\/uploads\/2020\/12\/Agrifirm20201105-3118-475x317.jpg\" \/>\n                    <source media=\"(max-width: 320px)\" data-srcset=\"https:\/\/earlyfeednutrition.com\/app\/uploads\/2020\/12\/Agrifirm20201105-3118-320x213.jpg\" \/>\n                    \n                    <img data-src=\"https:\/\/earlyfeednutrition.com\/app\/uploads\/2020\/12\/Agrifirm20201105-3118-320x213.jpg\" alt=\"\" class=\"lazyload\">\n                <\/picture>\n\n            <\/div>\n                            <\/div>\n    <\/div>\n<\/section> \n\n\n<section id=\"agri-contact-tile-block_22571ead6d4e1db5d868b5c0c1bb9daf\" class=\"section section--gutenberg agri-contact-tile\">\n    <div class=\"container\">\n        <div class=\"columns\">\n            <div class=\"column is-full is-8-tablet is-offset-2-tablet is-6-desktop is-offset-3-desktop is-4-widescreen is-offset-4-widescreen\">\n                <div class=\"block block--localcontact\">\n                    <div class=\"content\">\n                        <div class=\"note\">Your Earlyfeed expert<\/div>\n                        <div class=\"name\">Daiana Benamati<\/div>\n                        <div class=\"function\">Veterinaria Nutrizionista <\/div>\n                    <\/div>\n\n                    <div class=\"button--wrapper\">\n                        <a href=\"mailto:d.benamati@agrifirm.com\" class=\"button button--primary button--primary--brown\">Contattaci<\/a>\n                    <\/div>\n\n                    <div class=\"description\">\n                        <p>Questo contatto \u00e8 stato suggerito in base alla localit\u00e0 da cui si sta navigando. Naturalmente \u00e8 possibile consultare anche gli altri contatti e le altre sedi <a href=\"https:\/\/www.earlyfeednutrition.com\/it\/contact-us\/\">qui<\/a>.<\/p>\n                    <\/div>\n                <\/div>\n            <\/div>\n        <\/div>\n    <\/div>\n<\/section>","protected":false},"featured_media":23828,"template":"","sector":[2120],"country":[],"product_category":[2127],"class_list":["post-25216","product","type-product","status-publish","has-post-thumbnail","hentry","sector-suinetti","product_category-concentrati-per-alte-prestazioni"],"acf":[],"yoast_head":"<!-- This site is optimized with the Yoast SEO plugin v27.0 - https:\/\/yoast.com\/product\/yoast-seo-wordpress\/ -->\n<title>VITASTART - Earlyfeed<\/title>\n<meta name=\"robots\" content=\"index, follow, max-snippet:-1, max-image-preview:large, max-video-preview:-1\" \/>\n<link rel=\"canonical\" href=\"https:\/\/earlyfeednutrition.com\/it\/what-we-offer\/vitastart\/\" \/>\n<meta property=\"og:locale\" content=\"it_IT\" \/>\n<meta property=\"og:type\" content=\"article\" \/>\n<meta property=\"og:title\" content=\"VITASTART - Earlyfeed\" \/>\n<meta property=\"og:description\" content=\"Nuclei per un alto rendimento dei suinetti&nbsp; Sfruttare appieno il potenziale genetico di ogni animale in termini di performance di crescita e di rapporto di conversione alimentare \u00e8 un compito arduo per il nutrizionista suino. La formulazione della dieta ideale \u00e8 un esercizio continuo per bilanciare l&#8217;assunzione di mangime, la digeribilit\u00e0 e il supporto alla [&hellip;]\" \/>\n<meta property=\"og:url\" content=\"https:\/\/earlyfeednutrition.com\/it\/what-we-offer\/vitastart\/\" \/>\n<meta property=\"og:site_name\" content=\"Earlyfeed\" \/>\n<meta property=\"article:modified_time\" content=\"2023-01-20T13:58:12+00:00\" \/>\n<meta property=\"og:image\" content=\"https:\/\/earlyfeednutrition.com\/app\/uploads\/2020\/11\/Agrifirm20201105-3086-2.jpg\" \/>\n\t<meta property=\"og:image:width\" content=\"2500\" \/>\n\t<meta property=\"og:image:height\" content=\"1666\" \/>\n\t<meta property=\"og:image:type\" content=\"image\/jpeg\" \/>\n<meta name=\"twitter:card\" content=\"summary_large_image\" \/>\n<meta name=\"twitter:label1\" content=\"Est. reading time\" \/>\n\t<meta name=\"twitter:data1\" content=\"1 minute\" \/>\n<script type=\"application\/ld+json\" class=\"yoast-schema-graph\">{\"@context\":\"https:\/\/schema.org\",\"@graph\":[{\"@type\":\"WebPage\",\"@id\":\"https:\/\/earlyfeednutrition.com\/it\/what-we-offer\/vitastart\/\",\"url\":\"https:\/\/earlyfeednutrition.com\/it\/what-we-offer\/vitastart\/\",\"name\":\"VITASTART - Earlyfeed\",\"isPartOf\":{\"@id\":\"https:\/\/earlyfeednutrition.com\/it\/#website\"},\"primaryImageOfPage\":{\"@id\":\"https:\/\/earlyfeednutrition.com\/it\/what-we-offer\/vitastart\/#primaryimage\"},\"image\":{\"@id\":\"https:\/\/earlyfeednutrition.com\/it\/what-we-offer\/vitastart\/#primaryimage\"},\"thumbnailUrl\":\"https:\/\/earlyfeednutrition.com\/app\/uploads\/2020\/11\/Agrifirm20201105-3086-2.jpg\",\"datePublished\":\"2020-11-30T11:00:12+00:00\",\"dateModified\":\"2023-01-20T13:58:12+00:00\",\"breadcrumb\":{\"@id\":\"https:\/\/earlyfeednutrition.com\/it\/what-we-offer\/vitastart\/#breadcrumb\"},\"inLanguage\":\"it-IT\",\"potentialAction\":[{\"@type\":\"ReadAction\",\"target\":[\"https:\/\/earlyfeednutrition.com\/it\/what-we-offer\/vitastart\/\"]}]},{\"@type\":\"ImageObject\",\"inLanguage\":\"it-IT\",\"@id\":\"https:\/\/earlyfeednutrition.com\/it\/what-we-offer\/vitastart\/#primaryimage\",\"url\":\"https:\/\/earlyfeednutrition.com\/app\/uploads\/2020\/11\/Agrifirm20201105-3086-2.jpg\",\"contentUrl\":\"https:\/\/earlyfeednutrition.com\/app\/uploads\/2020\/11\/Agrifirm20201105-3086-2.jpg\",\"width\":2500,\"height\":1666},{\"@type\":\"BreadcrumbList\",\"@id\":\"https:\/\/earlyfeednutrition.com\/it\/what-we-offer\/vitastart\/#breadcrumb\",\"itemListElement\":[{\"@type\":\"ListItem\",\"position\":1,\"name\":\"Home\",\"item\":\"https:\/\/earlyfeednutrition.com\/it\/\"},{\"@type\":\"ListItem\",\"position\":2,\"name\":\"Product\",\"item\":\"https:\/\/earlyfeednutrition.com\/it\/what-we-offer\/\"},{\"@type\":\"ListItem\",\"position\":3,\"name\":\"VITASTART\"}]},{\"@type\":\"WebSite\",\"@id\":\"https:\/\/earlyfeednutrition.com\/it\/#website\",\"url\":\"https:\/\/earlyfeednutrition.com\/it\/\",\"name\":\"Earlyfeed\",\"description\":\"Right from the start\",\"potentialAction\":[{\"@type\":\"SearchAction\",\"target\":{\"@type\":\"EntryPoint\",\"urlTemplate\":\"https:\/\/earlyfeednutrition.com\/it\/?s={search_term_string}\"},\"query-input\":{\"@type\":\"PropertyValueSpecification\",\"valueRequired\":true,\"valueName\":\"search_term_string\"}}],\"inLanguage\":\"it-IT\"}]}<\/script>\n<!-- \/ Yoast SEO plugin. -->","yoast_head_json":{"title":"VITASTART - Earlyfeed","robots":{"index":"index","follow":"follow","max-snippet":"max-snippet:-1","max-image-preview":"max-image-preview:large","max-video-preview":"max-video-preview:-1"},"canonical":"https:\/\/earlyfeednutrition.com\/it\/what-we-offer\/vitastart\/","og_locale":"it_IT","og_type":"article","og_title":"VITASTART - Earlyfeed","og_description":"Nuclei per un alto rendimento dei suinetti&nbsp; Sfruttare appieno il potenziale genetico di ogni animale in termini di performance di crescita e di rapporto di conversione alimentare \u00e8 un compito arduo per il nutrizionista suino. La formulazione della dieta ideale \u00e8 un esercizio continuo per bilanciare l&#8217;assunzione di mangime, la digeribilit\u00e0 e il supporto alla [&hellip;]","og_url":"https:\/\/earlyfeednutrition.com\/it\/what-we-offer\/vitastart\/","og_site_name":"Earlyfeed","article_modified_time":"2023-01-20T13:58:12+00:00","og_image":[{"width":2500,"height":1666,"url":"https:\/\/earlyfeednutrition.com\/app\/uploads\/2020\/11\/Agrifirm20201105-3086-2.jpg","type":"image\/jpeg"}],"twitter_card":"summary_large_image","twitter_misc":{"Est. reading time":"1 minute"},"schema":{"@context":"https:\/\/schema.org","@graph":[{"@type":"WebPage","@id":"https:\/\/earlyfeednutrition.com\/it\/what-we-offer\/vitastart\/","url":"https:\/\/earlyfeednutrition.com\/it\/what-we-offer\/vitastart\/","name":"VITASTART - Earlyfeed","isPartOf":{"@id":"https:\/\/earlyfeednutrition.com\/it\/#website"},"primaryImageOfPage":{"@id":"https:\/\/earlyfeednutrition.com\/it\/what-we-offer\/vitastart\/#primaryimage"},"image":{"@id":"https:\/\/earlyfeednutrition.com\/it\/what-we-offer\/vitastart\/#primaryimage"},"thumbnailUrl":"https:\/\/earlyfeednutrition.com\/app\/uploads\/2020\/11\/Agrifirm20201105-3086-2.jpg","datePublished":"2020-11-30T11:00:12+00:00","dateModified":"2023-01-20T13:58:12+00:00","breadcrumb":{"@id":"https:\/\/earlyfeednutrition.com\/it\/what-we-offer\/vitastart\/#breadcrumb"},"inLanguage":"it-IT","potentialAction":[{"@type":"ReadAction","target":["https:\/\/earlyfeednutrition.com\/it\/what-we-offer\/vitastart\/"]}]},{"@type":"ImageObject","inLanguage":"it-IT","@id":"https:\/\/earlyfeednutrition.com\/it\/what-we-offer\/vitastart\/#primaryimage","url":"https:\/\/earlyfeednutrition.com\/app\/uploads\/2020\/11\/Agrifirm20201105-3086-2.jpg","contentUrl":"https:\/\/earlyfeednutrition.com\/app\/uploads\/2020\/11\/Agrifirm20201105-3086-2.jpg","width":2500,"height":1666},{"@type":"BreadcrumbList","@id":"https:\/\/earlyfeednutrition.com\/it\/what-we-offer\/vitastart\/#breadcrumb","itemListElement":[{"@type":"ListItem","position":1,"name":"Home","item":"https:\/\/earlyfeednutrition.com\/it\/"},{"@type":"ListItem","position":2,"name":"Product","item":"https:\/\/earlyfeednutrition.com\/it\/what-we-offer\/"},{"@type":"ListItem","position":3,"name":"VITASTART"}]},{"@type":"WebSite","@id":"https:\/\/earlyfeednutrition.com\/it\/#website","url":"https:\/\/earlyfeednutrition.com\/it\/","name":"Earlyfeed","description":"Right from the start","potentialAction":[{"@type":"SearchAction","target":{"@type":"EntryPoint","urlTemplate":"https:\/\/earlyfeednutrition.com\/it\/?s={search_term_string}"},"query-input":{"@type":"PropertyValueSpecification","valueRequired":true,"valueName":"search_term_string"}}],"inLanguage":"it-IT"}]}},"_links":{"self":[{"href":"https:\/\/earlyfeednutrition.com\/it\/wp-json\/wp\/v2\/product\/25216","targetHints":{"allow":["GET"]}}],"collection":[{"href":"https:\/\/earlyfeednutrition.com\/it\/wp-json\/wp\/v2\/product"}],"about":[{"href":"https:\/\/earlyfeednutrition.com\/it\/wp-json\/wp\/v2\/types\/product"}],"wp:featuredmedia":[{"embeddable":true,"href":"https:\/\/earlyfeednutrition.com\/it\/wp-json\/wp\/v2\/media\/23828"}],"wp:attachment":[{"href":"https:\/\/earlyfeednutrition.com\/it\/wp-json\/wp\/v2\/media?parent=25216"}],"wp:term":[{"taxonomy":"sector","embeddable":true,"href":"https:\/\/earlyfeednutrition.com\/it\/wp-json\/wp\/v2\/sector?post=25216"},{"taxonomy":"country","embeddable":true,"href":"https:\/\/earlyfeednutrition.com\/it\/wp-json\/wp\/v2\/country?post=25216"},{"taxonomy":"product_category","embeddable":true,"href":"https:\/\/earlyfeednutrition.com\/it\/wp-json\/wp\/v2\/product_category?post=25216"}],"curies":[{"name":"wp","href":"https:\/\/api.w.org\/{rel}","templated":true}]}}