{"id":25214,"date":"2020-11-30T16:30:45","date_gmt":"2020-11-30T16:30:45","guid":{"rendered":"https:\/\/earlyfeednutrition.com\/what-we-offer\/babimel-wean\/"},"modified":"2023-01-20T14:57:47","modified_gmt":"2023-01-20T13:57:47","slug":"babimel-wean","status":"publish","type":"product","link":"https:\/\/earlyfeednutrition.com\/it\/what-we-offer\/babimel-wean\/","title":{"rendered":"BABI\u00aeMEL WEAN"},"content":{"rendered":"<section class=\"section section--gutenberg section--gutenberg-nomargin wp-block-columns\"><div class=\"container\" style=\"\"><div class=\"columns\"><div class=\"wp-block-column column\" style=\"\"><section class=\"section section--gutenberg section--gutenberg-nomargin wp-block-heading\">\n<h2 id=\"the-flexible-prestarter-for-a-smooth-transition-after-weaning\"><span style=\"font-family: bebas-neue-rounded, &quot;Roboto&quot;, &quot;Open Sans&quot;, &quot;Helvetica&quot;, &quot;Arial&quot;, sans-serif;\" class=\"font-family\"><span style=\"color: #DBB154\" class=\"text-color\">Tl prestarter flessibile per una transizione graduale dopo lo svezzamento&nbsp;<\/span><\/span><\/h2>\n<\/section><section class=\"section section--gutenberg section--gutenberg-nomargin wp-block-paragraph\">\n<p><span style=\"font-family: &quot;Roboto&quot;, &quot;Open Sans&quot;, &quot;Helvetica&quot;, &quot;Arial&quot;, sans-serif;\" class=\"font-family\"><span style=\"color: #FFFFFF\" class=\"text-color\">L\u2019elevato numero di suinetti presenti nelle nidiate moderne, porta alla necessit\u00e0 di utilizzare un mangime sottoscrofa altamente appetibile che possa sostenere anche I suinetti che ricevono meno latte dalla scrofa fin dai primi giorni. Babimel wean, grazie alla particolare formulazione, pu\u00f2 essere somministrato precocemente per creare una pappetta altamente gradita ai suinetti. Grazie alle sue caratteristiche, rimane perfettamente miscelato e non si separa.&nbsp;<\/span><\/span><\/p>\n<\/section><\/div><div class=\"wp-block-column column\" style=\"\"><section class=\"section section--gutenberg section--gutenberg-nomargin wp-block-heading\">\n<h2 id=\"enriched-with-start-for-an-earlier-gut-maturation\"><span style=\"font-family: bebas-neue-rounded, &quot;Roboto&quot;, &quot;Open Sans&quot;, &quot;Helvetica&quot;, &quot;Arial&quot;, sans-serif;\" class=\"font-family\"><span style=\"color: #DBB154\" class=\"text-color\">Arricchito con START+ per una maturazione intestinale pi\u00f9 precoce<\/span><\/span><\/h2>\n<\/section><section class=\"section section--gutenberg section--gutenberg-nomargin wp-block-paragraph\">\n<p><span style=\"font-family: &quot;Roboto&quot;, &quot;Open Sans&quot;, &quot;Helvetica&quot;, &quot;Arial&quot;, sans-serif;\" class=\"font-family\"><span style=\"color: #FFFFFF\" class=\"text-color\">Babi<sup>\u00ae<\/sup>mel Wean \u00e8 arricchito dal nostro innovativo concetto START+. START+ contiene componenti attivi appositamente studiati per dare ai suinetti un vantaggio nella vita. Promuove la maturazione del tratto intestinale sottosviluppato dei suinetti appena nati e contribuisce a garantire un suinetto sano fin dall&#8217;inizio.&nbsp;<\/span><\/span><\/p>\n<\/section><\/div><div class=\"wp-block-column column\" style=\"\"><section class=\"section section--gutenberg section--gutenberg-nomargin wp-block-heading\">\n<h2 id=\"main-benefitsof-babi-mel-wean\"><span style=\"color: #DBB154\" class=\"text-color\"><span style=\"font-family: bebas-neue-rounded, &quot;Roboto&quot;, &quot;Open Sans&quot;, &quot;Helvetica&quot;, &quot;Arial&quot;, sans-serif;\" class=\"font-family\">PRINICPALI VANTAGGI <br>DI <\/span><\/span><span style=\"color: #ffffff\" class=\"text-color\"><span style=\"font-family: bebas-neue-rounded, &quot;Roboto&quot;, &quot;Open Sans&quot;, &quot;Helvetica&quot;, &quot;Arial&quot;, sans-serif;\" class=\"font-family\">BABI<sup>\u00ae<\/sup>MEL WEAN<\/span><\/span><\/h2>\n<\/section>\n<ul class=\"wp-block-list\">\n<li><span style=\"font-family: &quot;Roboto&quot;, &quot;Open Sans&quot;, &quot;Helvetica&quot;, &quot;Arial&quot;, sans-serif;\" class=\"font-family\">Riduce la ricaduta nell&#8217;assunzione di cibo dopo lo svezzamento&nbsp;<\/span><\/li>\n\n\n\n<li><span style=\"font-family: &quot;Roboto&quot;, &quot;Open Sans&quot;, &quot;Helvetica&quot;, &quot;Arial&quot;, sans-serif;\" class=\"font-family\">Gusto eccellente e ingredienti ricchi&nbsp;<\/span><\/li>\n\n\n\n<li><span style=\"font-family: &quot;Roboto&quot;, &quot;Open Sans&quot;, &quot;Helvetica&quot;, &quot;Arial&quot;, sans-serif;\" class=\"font-family\">Supporta la salute generale e l&#8217;immunit\u00e0&nbsp;<\/span><\/li>\n\n\n\n<li><span style=\"font-family: Roboto, &quot;Open Sans&quot;, Helvetica, Arial, sans-serif;\">Miscela omogenea unica e di lunga durata, senza bisogno di costosi dosatori speciali&nbsp;<\/span><\/li>\n\n\n\n<li><span style=\"font-family: Roboto, &quot;Open Sans&quot;, Helvetica, Arial, sans-serif;\">Utilizzabile in forma liquida o secca&nbsp;<\/span><\/li>\n<\/ul>\n<\/div><\/div><\/div><\/section>\n\n\n\n<section id=\"earlyfeed-gallery-block_ecba4bd153dad14ec0d6ffc6076a0f7a\" class=\"section section--gutenberg earlyfeed-gallery\">\n    <div class=\"container\">\n        <div class=\"columns\" style='height: 400px'>\n                    \n            \n            <div class=\"column col-width--65\">\n                                <picture>\n                                        \n                    <source media=\"(min-width: 2561px)\" data-srcset=\"https:\/\/earlyfeednutrition.com\/app\/uploads\/2020\/11\/Agrifirm20201105-1797-2.jpg\" \/>\n                    <source media=\"(min-width: 1921px)\" data-srcset=\"https:\/\/earlyfeednutrition.com\/app\/uploads\/2020\/11\/Agrifirm20201105-1797-2.jpg\" \/>\n                    <source media=\"(min-width: 1441px)\" data-srcset=\"https:\/\/earlyfeednutrition.com\/app\/uploads\/2020\/11\/Agrifirm20201105-1797-2-1920x1280.jpg\" \/>\n                    <source media=\"(min-width: 1281px)\" data-srcset=\"https:\/\/earlyfeednutrition.com\/app\/uploads\/2020\/11\/Agrifirm20201105-1797-2-1440x960.jpg\" \/>\n                    <source media=\"(min-width: 769px)\" data-srcset=\"https:\/\/earlyfeednutrition.com\/app\/uploads\/2020\/11\/Agrifirm20201105-1797-2-1280x853.jpg\" \/>\n                    <source media=\"(min-width: 476px)\" data-srcset=\"https:\/\/earlyfeednutrition.com\/app\/uploads\/2020\/11\/Agrifirm20201105-1797-2-768x512.jpg\" \/>\n                    <source media=\"(min-width: 321px)\" data-srcset=\"https:\/\/earlyfeednutrition.com\/app\/uploads\/2020\/11\/Agrifirm20201105-1797-2-475x317.jpg\" \/>\n                    <source media=\"(max-width: 320px)\" data-srcset=\"https:\/\/earlyfeednutrition.com\/app\/uploads\/2020\/11\/Agrifirm20201105-1797-2-320x213.jpg\" \/>\n                    \n                    <img data-src=\"https:\/\/earlyfeednutrition.com\/app\/uploads\/2020\/11\/Agrifirm20201105-1797-2-320x213.jpg\" alt=\"\" class=\"lazyload\">\n                <\/picture>\n\n            <\/div>\n                                \n            \n            <div class=\"column col-width--30\">\n                                <picture>\n                                        \n                    <source media=\"(min-width: 2561px)\" data-srcset=\"https:\/\/earlyfeednutrition.com\/app\/uploads\/2020\/12\/Agrifirm20201105-2767.jpg\" \/>\n                    <source media=\"(min-width: 1921px)\" data-srcset=\"https:\/\/earlyfeednutrition.com\/app\/uploads\/2020\/12\/Agrifirm20201105-2767.jpg\" \/>\n                    <source media=\"(min-width: 1441px)\" data-srcset=\"https:\/\/earlyfeednutrition.com\/app\/uploads\/2020\/12\/Agrifirm20201105-2767-1920x1279.jpg\" \/>\n                    <source media=\"(min-width: 1281px)\" data-srcset=\"https:\/\/earlyfeednutrition.com\/app\/uploads\/2020\/12\/Agrifirm20201105-2767-1440x960.jpg\" \/>\n                    <source media=\"(min-width: 769px)\" data-srcset=\"https:\/\/earlyfeednutrition.com\/app\/uploads\/2020\/12\/Agrifirm20201105-2767-1280x853.jpg\" \/>\n                    <source media=\"(min-width: 476px)\" data-srcset=\"https:\/\/earlyfeednutrition.com\/app\/uploads\/2020\/12\/Agrifirm20201105-2767-768x512.jpg\" \/>\n                    <source media=\"(min-width: 321px)\" data-srcset=\"https:\/\/earlyfeednutrition.com\/app\/uploads\/2020\/12\/Agrifirm20201105-2767-475x317.jpg\" \/>\n                    <source media=\"(max-width: 320px)\" data-srcset=\"https:\/\/earlyfeednutrition.com\/app\/uploads\/2020\/12\/Agrifirm20201105-2767-320x213.jpg\" \/>\n                    \n                    <img data-src=\"https:\/\/earlyfeednutrition.com\/app\/uploads\/2020\/12\/Agrifirm20201105-2767-320x213.jpg\" alt=\"\" class=\"lazyload\">\n                <\/picture>\n\n            <\/div>\n                            <\/div>\n    <\/div>\n<\/section> \n\n\n<section id=\"agri-contact-tile-block_a3f2267044c7218fb966309e803acb8f\" class=\"section section--gutenberg agri-contact-tile\">\n    <div class=\"container\">\n        <div class=\"columns\">\n            <div class=\"column is-full is-8-tablet is-offset-2-tablet is-6-desktop is-offset-3-desktop is-4-widescreen is-offset-4-widescreen\">\n                <div class=\"block block--localcontact\">\n                    <div class=\"content\">\n                        <div class=\"note\">Your Earlyfeed expert<\/div>\n                        <div class=\"name\">Daiana Benamati<\/div>\n                        <div class=\"function\">Veterinaria Nutrizionista <\/div>\n                    <\/div>\n\n                    <div class=\"button--wrapper\">\n                        <a href=\"mailto:d.benamati@agrifirm.com\" class=\"button button--primary button--primary--brown\">Contattaci<\/a>\n                    <\/div>\n\n                    <div class=\"description\">\n                        <p>Questo contatto \u00e8 stato suggerito in base alla localit\u00e0 da cui si sta navigando. Naturalmente \u00e8 possibile consultare anche gli altri contatti e le altre sedi <a href=\"https:\/\/www.earlyfeednutrition.com\/it\/contact-us\/\">qui<\/a>.<\/p>\n                    <\/div>\n                <\/div>\n            <\/div>\n        <\/div>\n    <\/div>\n<\/section>","protected":false},"featured_media":23845,"template":"","sector":[2120],"country":[],"product_category":[2126],"class_list":["post-25214","product","type-product","status-publish","has-post-thumbnail","hentry","sector-suinetti","product_category-il-sottoscrofa-flessibile"],"acf":[],"yoast_head":"<!-- This site is optimized with the Yoast SEO plugin v27.0 - https:\/\/yoast.com\/product\/yoast-seo-wordpress\/ -->\n<title>BABI\u00aeMEL WEAN - Earlyfeed<\/title>\n<meta name=\"robots\" content=\"index, follow, max-snippet:-1, max-image-preview:large, max-video-preview:-1\" \/>\n<link rel=\"canonical\" href=\"https:\/\/earlyfeednutrition.com\/it\/what-we-offer\/babimel-wean\/\" \/>\n<meta property=\"og:locale\" content=\"it_IT\" \/>\n<meta property=\"og:type\" content=\"article\" \/>\n<meta property=\"og:title\" content=\"BABI\u00aeMEL WEAN - Earlyfeed\" \/>\n<meta property=\"og:description\" content=\"Tl prestarter flessibile per una transizione graduale dopo lo svezzamento&nbsp; L\u2019elevato numero di suinetti presenti nelle nidiate moderne, porta alla necessit\u00e0 di utilizzare un mangime sottoscrofa altamente appetibile che possa sostenere anche I suinetti che ricevono meno latte dalla scrofa fin dai primi giorni. Babimel wean, grazie alla particolare formulazione, pu\u00f2 essere somministrato precocemente per [&hellip;]\" \/>\n<meta property=\"og:url\" content=\"https:\/\/earlyfeednutrition.com\/it\/what-we-offer\/babimel-wean\/\" \/>\n<meta property=\"og:site_name\" content=\"Earlyfeed\" \/>\n<meta property=\"article:modified_time\" content=\"2023-01-20T13:57:47+00:00\" \/>\n<meta property=\"og:image\" content=\"https:\/\/earlyfeednutrition.com\/app\/uploads\/2020\/11\/Babimel_wean-1024x988.png\" \/>\n\t<meta property=\"og:image:width\" content=\"1024\" \/>\n\t<meta property=\"og:image:height\" content=\"988\" \/>\n\t<meta property=\"og:image:type\" content=\"image\/png\" \/>\n<meta name=\"twitter:card\" content=\"summary_large_image\" \/>\n<meta name=\"twitter:label1\" content=\"Est. reading time\" \/>\n\t<meta name=\"twitter:data1\" content=\"1 minute\" \/>\n<script type=\"application\/ld+json\" class=\"yoast-schema-graph\">{\"@context\":\"https:\/\/schema.org\",\"@graph\":[{\"@type\":\"WebPage\",\"@id\":\"https:\/\/earlyfeednutrition.com\/it\/what-we-offer\/babimel-wean\/\",\"url\":\"https:\/\/earlyfeednutrition.com\/it\/what-we-offer\/babimel-wean\/\",\"name\":\"BABI\u00aeMEL WEAN - Earlyfeed\",\"isPartOf\":{\"@id\":\"https:\/\/earlyfeednutrition.com\/it\/#website\"},\"primaryImageOfPage\":{\"@id\":\"https:\/\/earlyfeednutrition.com\/it\/what-we-offer\/babimel-wean\/#primaryimage\"},\"image\":{\"@id\":\"https:\/\/earlyfeednutrition.com\/it\/what-we-offer\/babimel-wean\/#primaryimage\"},\"thumbnailUrl\":\"https:\/\/earlyfeednutrition.com\/app\/uploads\/2020\/11\/Babimel_wean.png\",\"datePublished\":\"2020-11-30T16:30:45+00:00\",\"dateModified\":\"2023-01-20T13:57:47+00:00\",\"breadcrumb\":{\"@id\":\"https:\/\/earlyfeednutrition.com\/it\/what-we-offer\/babimel-wean\/#breadcrumb\"},\"inLanguage\":\"it-IT\",\"potentialAction\":[{\"@type\":\"ReadAction\",\"target\":[\"https:\/\/earlyfeednutrition.com\/it\/what-we-offer\/babimel-wean\/\"]}]},{\"@type\":\"ImageObject\",\"inLanguage\":\"it-IT\",\"@id\":\"https:\/\/earlyfeednutrition.com\/it\/what-we-offer\/babimel-wean\/#primaryimage\",\"url\":\"https:\/\/earlyfeednutrition.com\/app\/uploads\/2020\/11\/Babimel_wean.png\",\"contentUrl\":\"https:\/\/earlyfeednutrition.com\/app\/uploads\/2020\/11\/Babimel_wean.png\",\"width\":2000,\"height\":1929},{\"@type\":\"BreadcrumbList\",\"@id\":\"https:\/\/earlyfeednutrition.com\/it\/what-we-offer\/babimel-wean\/#breadcrumb\",\"itemListElement\":[{\"@type\":\"ListItem\",\"position\":1,\"name\":\"Home\",\"item\":\"https:\/\/www.earlyfeednutrition.com\/it\/\"},{\"@type\":\"ListItem\",\"position\":2,\"name\":\"Product\",\"item\":\"https:\/\/earlyfeednutrition.com\/it\/what-we-offer\/\"},{\"@type\":\"ListItem\",\"position\":3,\"name\":\"BABI\u00aeMEL WEAN\"}]},{\"@type\":\"WebSite\",\"@id\":\"https:\/\/earlyfeednutrition.com\/it\/#website\",\"url\":\"https:\/\/earlyfeednutrition.com\/it\/\",\"name\":\"Earlyfeed\",\"description\":\"Right from the start\",\"potentialAction\":[{\"@type\":\"SearchAction\",\"target\":{\"@type\":\"EntryPoint\",\"urlTemplate\":\"https:\/\/earlyfeednutrition.com\/it\/?s={search_term_string}\"},\"query-input\":{\"@type\":\"PropertyValueSpecification\",\"valueRequired\":true,\"valueName\":\"search_term_string\"}}],\"inLanguage\":\"it-IT\"}]}<\/script>\n<!-- \/ Yoast SEO plugin. -->","yoast_head_json":{"title":"BABI\u00aeMEL WEAN - Earlyfeed","robots":{"index":"index","follow":"follow","max-snippet":"max-snippet:-1","max-image-preview":"max-image-preview:large","max-video-preview":"max-video-preview:-1"},"canonical":"https:\/\/earlyfeednutrition.com\/it\/what-we-offer\/babimel-wean\/","og_locale":"it_IT","og_type":"article","og_title":"BABI\u00aeMEL WEAN - Earlyfeed","og_description":"Tl prestarter flessibile per una transizione graduale dopo lo svezzamento&nbsp; L\u2019elevato numero di suinetti presenti nelle nidiate moderne, porta alla necessit\u00e0 di utilizzare un mangime sottoscrofa altamente appetibile che possa sostenere anche I suinetti che ricevono meno latte dalla scrofa fin dai primi giorni. Babimel wean, grazie alla particolare formulazione, pu\u00f2 essere somministrato precocemente per [&hellip;]","og_url":"https:\/\/earlyfeednutrition.com\/it\/what-we-offer\/babimel-wean\/","og_site_name":"Earlyfeed","article_modified_time":"2023-01-20T13:57:47+00:00","og_image":[{"width":1024,"height":988,"url":"https:\/\/earlyfeednutrition.com\/app\/uploads\/2020\/11\/Babimel_wean-1024x988.png","type":"image\/png"}],"twitter_card":"summary_large_image","twitter_misc":{"Est. reading time":"1 minute"},"schema":{"@context":"https:\/\/schema.org","@graph":[{"@type":"WebPage","@id":"https:\/\/earlyfeednutrition.com\/it\/what-we-offer\/babimel-wean\/","url":"https:\/\/earlyfeednutrition.com\/it\/what-we-offer\/babimel-wean\/","name":"BABI\u00aeMEL WEAN - Earlyfeed","isPartOf":{"@id":"https:\/\/earlyfeednutrition.com\/it\/#website"},"primaryImageOfPage":{"@id":"https:\/\/earlyfeednutrition.com\/it\/what-we-offer\/babimel-wean\/#primaryimage"},"image":{"@id":"https:\/\/earlyfeednutrition.com\/it\/what-we-offer\/babimel-wean\/#primaryimage"},"thumbnailUrl":"https:\/\/earlyfeednutrition.com\/app\/uploads\/2020\/11\/Babimel_wean.png","datePublished":"2020-11-30T16:30:45+00:00","dateModified":"2023-01-20T13:57:47+00:00","breadcrumb":{"@id":"https:\/\/earlyfeednutrition.com\/it\/what-we-offer\/babimel-wean\/#breadcrumb"},"inLanguage":"it-IT","potentialAction":[{"@type":"ReadAction","target":["https:\/\/earlyfeednutrition.com\/it\/what-we-offer\/babimel-wean\/"]}]},{"@type":"ImageObject","inLanguage":"it-IT","@id":"https:\/\/earlyfeednutrition.com\/it\/what-we-offer\/babimel-wean\/#primaryimage","url":"https:\/\/earlyfeednutrition.com\/app\/uploads\/2020\/11\/Babimel_wean.png","contentUrl":"https:\/\/earlyfeednutrition.com\/app\/uploads\/2020\/11\/Babimel_wean.png","width":2000,"height":1929},{"@type":"BreadcrumbList","@id":"https:\/\/earlyfeednutrition.com\/it\/what-we-offer\/babimel-wean\/#breadcrumb","itemListElement":[{"@type":"ListItem","position":1,"name":"Home","item":"https:\/\/www.earlyfeednutrition.com\/it\/"},{"@type":"ListItem","position":2,"name":"Product","item":"https:\/\/earlyfeednutrition.com\/it\/what-we-offer\/"},{"@type":"ListItem","position":3,"name":"BABI\u00aeMEL WEAN"}]},{"@type":"WebSite","@id":"https:\/\/earlyfeednutrition.com\/it\/#website","url":"https:\/\/earlyfeednutrition.com\/it\/","name":"Earlyfeed","description":"Right from the start","potentialAction":[{"@type":"SearchAction","target":{"@type":"EntryPoint","urlTemplate":"https:\/\/earlyfeednutrition.com\/it\/?s={search_term_string}"},"query-input":{"@type":"PropertyValueSpecification","valueRequired":true,"valueName":"search_term_string"}}],"inLanguage":"it-IT"}]}},"_links":{"self":[{"href":"https:\/\/earlyfeednutrition.com\/it\/wp-json\/wp\/v2\/product\/25214","targetHints":{"allow":["GET"]}}],"collection":[{"href":"https:\/\/earlyfeednutrition.com\/it\/wp-json\/wp\/v2\/product"}],"about":[{"href":"https:\/\/earlyfeednutrition.com\/it\/wp-json\/wp\/v2\/types\/product"}],"wp:featuredmedia":[{"embeddable":true,"href":"https:\/\/earlyfeednutrition.com\/it\/wp-json\/wp\/v2\/media\/23845"}],"wp:attachment":[{"href":"https:\/\/earlyfeednutrition.com\/it\/wp-json\/wp\/v2\/media?parent=25214"}],"wp:term":[{"taxonomy":"sector","embeddable":true,"href":"https:\/\/earlyfeednutrition.com\/it\/wp-json\/wp\/v2\/sector?post=25214"},{"taxonomy":"country","embeddable":true,"href":"https:\/\/earlyfeednutrition.com\/it\/wp-json\/wp\/v2\/country?post=25214"},{"taxonomy":"product_category","embeddable":true,"href":"https:\/\/earlyfeednutrition.com\/it\/wp-json\/wp\/v2\/product_category?post=25214"}],"curies":[{"name":"wp","href":"https:\/\/api.w.org\/{rel}","templated":true}]}}