{"id":25208,"date":"2020-11-30T18:45:00","date_gmt":"2020-11-30T18:45:00","guid":{"rendered":"https:\/\/earlyfeednutrition.com\/what-we-offer\/babito\/"},"modified":"2023-01-20T14:56:48","modified_gmt":"2023-01-20T13:56:48","slug":"babito","status":"publish","type":"product","link":"https:\/\/earlyfeednutrition.com\/it\/what-we-offer\/babito\/","title":{"rendered":"Babito\u00ae"},"content":{"rendered":"<section class=\"section section--gutenberg section--gutenberg-nomargin wp-block-columns\"><div class=\"container\" style=\"\"><div class=\"columns\"><div class=\"wp-block-column column\" style=\"\"><section class=\"section section--gutenberg section--gutenberg-nomargin wp-block-heading\">\n<h2 id=\"het-aantrekkelijke-snoepvoer-voor-pasgeboren-biggen\"><span style=\"font-family: bebas-neue-rounded, &quot;Roboto&quot;, &quot;Open Sans&quot;, &quot;Helvetica&quot;, &quot;Arial&quot;, sans-serif;\" class=\"font-family\"><span style=\"color: #DBB154\" class=\"text-color\">Il sottoscrofa per eccellenza&nbsp;<\/span><\/span><\/h2>\n<\/section><section class=\"section section--gutenberg section--gutenberg-nomargin wp-block-paragraph\">\n<p><span style=\"font-family: &quot;Roboto&quot;, &quot;Open Sans&quot;, &quot;Helvetica&quot;, &quot;Arial&quot;, sans-serif;\" class=\"font-family\"><span style=\"color: #FFFFFF\" class=\"text-color\">Creare il massimo numero di mangiatori prima dello svezzamento \u00e8 essenziale per uno svezzamento sano e di successo. Babito<sup>\u00ae<\/sup> \u00e8 un interessante mangime sottoscrofa che consente di ottenere una percentuale pi\u00f9 elevata di mangiatori precoci. Stimola un&#8217;assunzione di mangime pi\u00f9 precoce e pi\u00f9 elevata nei suinetti appena nati, determina una crescita e uno sviluppo pi\u00f9 intensi del loro tratto gastrointestinale e migliora l&#8217;immunit\u00e0 dei suinetti.&nbsp;&nbsp;<\/span><\/span><\/p>\n<\/section><\/div><div class=\"wp-block-column column\" style=\"\"><section class=\"section section--gutenberg section--gutenberg-nomargin wp-block-heading\">\n<h2 id=\"verrijkt-met-start-voor-een-vroege-maturatie-van-de-darm\"><span style=\"font-family: bebas-neue-rounded, &quot;Roboto&quot;, &quot;Open Sans&quot;, &quot;Helvetica&quot;, &quot;Arial&quot;, sans-serif;\" class=\"font-family\"><span style=\"color: #DBB154\" class=\"text-color\">Arricchito con START+ per una maturazione intestinale pi\u00f9 precoce&nbsp;<\/span><\/span><\/h2>\n<\/section><section class=\"section section--gutenberg section--gutenberg-nomargin wp-block-paragraph\">\n<p><span style=\"font-family: &quot;Roboto&quot;, &quot;Open Sans&quot;, &quot;Helvetica&quot;, &quot;Arial&quot;, sans-serif;\" class=\"font-family\"><span style=\"color: #FFFFFF\" class=\"text-color\">Babito<sup>\u00ae<\/sup> \u00e8 arricchito con il nostro innovativo concetto START+. START+ contiene componenti attivi appositamente studiati per dare ai suinetti un vantaggio nella vita. Promuove la maturazione del tratto intestinale sottosviluppato dei suinetti appena nati e contribuisce a garantire un suinetto sano fin dall&#8217;inizio. I suinetti nutriti con Babito<sup>\u00ae<\/sup> mostrano un migliore sviluppo dei villi e un migliore rapporto tra batteri intestinali benefici e batteri patogeni. In questo modo i suinetti sono preparati in modo ottimale per il futuro processo di svezzamento.&nbsp;&nbsp;<\/span><\/span><\/p>\n<\/section><\/div><div class=\"wp-block-column column\" style=\"\"><section class=\"section section--gutenberg section--gutenberg-nomargin wp-block-heading\">\n<h2 id=\"voordelen-van-babito\"><span style=\"\" class=\"text-color\"><span style=\"color: rgb(219, 177, 84); font-family: bebas-neue-rounded, Roboto, &quot;Open Sans&quot;, Helvetica, Arial, sans-serif;\" class=\"font-family\">Principali vantaggi<\/span><\/span><span style=\"color: #DBB154\" class=\"text-color\"> di<span style=\"font-family: bebas-neue-rounded, &quot;Roboto&quot;, &quot;Open Sans&quot;, &quot;Helvetica&quot;, &quot;Arial&quot;, sans-serif;\" class=\"font-family\"> <\/span><\/span><span style=\"font-family: bebas-neue-rounded, &quot;Roboto&quot;, &quot;Open Sans&quot;, &quot;Helvetica&quot;, &quot;Arial&quot;, sans-serif;\" class=\"font-family\"><span style=\"color: #FFFFFF\" class=\"text-color\">Babito<sup>\u00ae<\/sup><\/span><\/span><\/h2>\n<\/section>\n<ul class=\"wp-block-list\">\n<li>Percentuale pi\u00f9 alta di mangiatori prima dello svezzamento&nbsp;&nbsp;<\/li>\n\n\n\n<li>Assunzione precoce di alimenti solidi&nbsp;&nbsp;<\/li>\n\n\n\n<li>Arricchito con START+ per stimolare lo sviluppo del GIT&nbsp;&nbsp;<\/li>\n\n\n\n<li>Nidiate pi\u00f9 uniformi e peso di svezzamento pi\u00f9 elevato&nbsp;&nbsp;<\/li>\n\n\n\n<li>Una preparazione ottimale per uno svezzamento senza problemi&nbsp;<\/li>\n<\/ul>\n<\/div><\/div><\/div><\/section>\n\n\n\n<section id=\"earlyfeed-gallery-block_9ff98c0c5d79e68769517c2d625b380d\" class=\"section section--gutenberg earlyfeed-gallery\">\n    <div class=\"container\">\n        <div class=\"columns\" style='height: 400px'>\n                    \n            \n            <div class=\"column col-width--65\">\n                                <picture>\n                                        \n                    <source media=\"(min-width: 2561px)\" data-srcset=\"https:\/\/earlyfeednutrition.com\/app\/uploads\/2020\/11\/Agrifirm20201105-2398-scaled.jpg\" \/>\n                    <source media=\"(min-width: 1921px)\" data-srcset=\"https:\/\/earlyfeednutrition.com\/app\/uploads\/2020\/11\/Agrifirm20201105-2398-scaled.jpg\" \/>\n                    <source media=\"(min-width: 1441px)\" data-srcset=\"https:\/\/earlyfeednutrition.com\/app\/uploads\/2020\/11\/Agrifirm20201105-2398-scaled.jpg\" \/>\n                    <source media=\"(min-width: 1281px)\" data-srcset=\"https:\/\/earlyfeednutrition.com\/app\/uploads\/2020\/11\/Agrifirm20201105-2398-scaled.jpg\" \/>\n                    <source media=\"(min-width: 769px)\" data-srcset=\"https:\/\/earlyfeednutrition.com\/app\/uploads\/2020\/11\/Agrifirm20201105-2398-scaled.jpg\" \/>\n                    <source media=\"(min-width: 476px)\" data-srcset=\"https:\/\/earlyfeednutrition.com\/app\/uploads\/2020\/11\/Agrifirm20201105-2398-scaled.jpg\" \/>\n                    <source media=\"(min-width: 321px)\" data-srcset=\"https:\/\/earlyfeednutrition.com\/app\/uploads\/2020\/11\/Agrifirm20201105-2398-scaled.jpg\" \/>\n                    <source media=\"(max-width: 320px)\" data-srcset=\"https:\/\/earlyfeednutrition.com\/app\/uploads\/2020\/11\/Agrifirm20201105-2398-scaled.jpg\" \/>\n                    \n                    <img data-src=\"https:\/\/earlyfeednutrition.com\/app\/uploads\/2020\/11\/Agrifirm20201105-2398-scaled.jpg\" alt=\"\" class=\"lazyload\">\n                <\/picture>\n\n            <\/div>\n                                \n            \n            <div class=\"column col-width--30\">\n                                <picture>\n                                        \n                    <source media=\"(min-width: 2561px)\" data-srcset=\"https:\/\/earlyfeednutrition.com\/app\/uploads\/2020\/11\/Agrifirm20201105-1541-3840x2560.jpg\" \/>\n                    <source media=\"(min-width: 1921px)\" data-srcset=\"https:\/\/earlyfeednutrition.com\/app\/uploads\/2020\/11\/Agrifirm20201105-1541-2560x1707.jpg\" \/>\n                    <source media=\"(min-width: 1441px)\" data-srcset=\"https:\/\/earlyfeednutrition.com\/app\/uploads\/2020\/11\/Agrifirm20201105-1541-scaled.jpg\" \/>\n                    <source media=\"(min-width: 1281px)\" data-srcset=\"https:\/\/earlyfeednutrition.com\/app\/uploads\/2020\/11\/Agrifirm20201105-1541-scaled.jpg\" \/>\n                    <source media=\"(min-width: 769px)\" data-srcset=\"https:\/\/earlyfeednutrition.com\/app\/uploads\/2020\/11\/Agrifirm20201105-1541-scaled.jpg\" \/>\n                    <source media=\"(min-width: 476px)\" data-srcset=\"https:\/\/earlyfeednutrition.com\/app\/uploads\/2020\/11\/Agrifirm20201105-1541-scaled.jpg\" \/>\n                    <source media=\"(min-width: 321px)\" data-srcset=\"https:\/\/earlyfeednutrition.com\/app\/uploads\/2020\/11\/Agrifirm20201105-1541-scaled.jpg\" \/>\n                    <source media=\"(max-width: 320px)\" data-srcset=\"https:\/\/earlyfeednutrition.com\/app\/uploads\/2020\/11\/Agrifirm20201105-1541-scaled.jpg\" \/>\n                    \n                    <img data-src=\"https:\/\/earlyfeednutrition.com\/app\/uploads\/2020\/11\/Agrifirm20201105-1541-scaled.jpg\" alt=\"\" class=\"lazyload\">\n                <\/picture>\n\n            <\/div>\n                            <\/div>\n    <\/div>\n<\/section> \n\n\n<section id=\"agri-contact-tile-block_ad4bfdff3c14fb43964269d51a540d03\" class=\"section section--gutenberg agri-contact-tile\">\n    <div class=\"container\">\n        <div class=\"columns\">\n            <div class=\"column is-full is-8-tablet is-offset-2-tablet is-6-desktop is-offset-3-desktop is-4-widescreen is-offset-4-widescreen\">\n                <div class=\"block block--localcontact\">\n                    <div class=\"content\">\n                        <div class=\"note\">Your Earlyfeed expert<\/div>\n                        <div class=\"name\">Daiana Benamati<\/div>\n                        <div class=\"function\">Veterinaria Nutrizionista <\/div>\n                    <\/div>\n\n                    <div class=\"button--wrapper\">\n                        <a href=\"mailto:d.benamati@agrifirm.com\" class=\"button button--primary button--primary--brown\">Contattaci<\/a>\n                    <\/div>\n\n                    <div class=\"description\">\n                        <p>Questo contatto \u00e8 stato suggerito in base alla localit\u00e0 da cui si sta navigando. Naturalmente \u00e8 possibile consultare anche gli altri contatti e le altre sedi <a href=\"https:\/\/www.earlyfeednutrition.com\/it\/contact-us\/\">qui<\/a>.<\/p>\n                    <\/div>\n                <\/div>\n            <\/div>\n        <\/div>\n    <\/div>\n<\/section>","protected":false},"featured_media":24666,"template":"","sector":[2120],"country":[],"product_category":[2124],"class_list":["post-25208","product","type-product","status-publish","has-post-thumbnail","hentry","sector-suinetti","product_category-il-complemento-ideale-al-latte-della-scrofa"],"acf":[],"yoast_head":"<!-- This site is optimized with the Yoast SEO plugin v27.0 - https:\/\/yoast.com\/product\/yoast-seo-wordpress\/ -->\n<title>Babito\u00ae - Earlyfeed<\/title>\n<meta name=\"robots\" content=\"index, follow, max-snippet:-1, max-image-preview:large, max-video-preview:-1\" \/>\n<link rel=\"canonical\" href=\"https:\/\/earlyfeednutrition.com\/it\/what-we-offer\/babito\/\" \/>\n<meta property=\"og:locale\" content=\"it_IT\" \/>\n<meta property=\"og:type\" content=\"article\" \/>\n<meta property=\"og:title\" content=\"Babito\u00ae - Earlyfeed\" \/>\n<meta property=\"og:description\" content=\"Il sottoscrofa per eccellenza&nbsp; Creare il massimo numero di mangiatori prima dello svezzamento \u00e8 essenziale per uno svezzamento sano e di successo. Babito\u00ae \u00e8 un interessante mangime sottoscrofa che consente di ottenere una percentuale pi\u00f9 elevata di mangiatori precoci. Stimola un&#8217;assunzione di mangime pi\u00f9 precoce e pi\u00f9 elevata nei suinetti appena nati, determina una crescita [&hellip;]\" \/>\n<meta property=\"og:url\" content=\"https:\/\/earlyfeednutrition.com\/it\/what-we-offer\/babito\/\" \/>\n<meta property=\"og:site_name\" content=\"Earlyfeed\" \/>\n<meta property=\"article:modified_time\" content=\"2023-01-20T13:56:48+00:00\" \/>\n<meta property=\"og:image\" content=\"https:\/\/earlyfeednutrition.com\/app\/uploads\/2020\/11\/Agrifirm20201105-2207-2.jpg\" \/>\n\t<meta property=\"og:image:width\" content=\"2500\" \/>\n\t<meta property=\"og:image:height\" content=\"1666\" \/>\n\t<meta property=\"og:image:type\" content=\"image\/jpeg\" \/>\n<meta name=\"twitter:card\" content=\"summary_large_image\" \/>\n<meta name=\"twitter:label1\" content=\"Est. reading time\" \/>\n\t<meta name=\"twitter:data1\" content=\"1 minute\" \/>\n<script type=\"application\/ld+json\" class=\"yoast-schema-graph\">{\"@context\":\"https:\/\/schema.org\",\"@graph\":[{\"@type\":\"WebPage\",\"@id\":\"https:\/\/earlyfeednutrition.com\/it\/what-we-offer\/babito\/\",\"url\":\"https:\/\/earlyfeednutrition.com\/it\/what-we-offer\/babito\/\",\"name\":\"Babito\u00ae - Earlyfeed\",\"isPartOf\":{\"@id\":\"https:\/\/earlyfeednutrition.com\/it\/#website\"},\"primaryImageOfPage\":{\"@id\":\"https:\/\/earlyfeednutrition.com\/it\/what-we-offer\/babito\/#primaryimage\"},\"image\":{\"@id\":\"https:\/\/earlyfeednutrition.com\/it\/what-we-offer\/babito\/#primaryimage\"},\"thumbnailUrl\":\"https:\/\/earlyfeednutrition.com\/app\/uploads\/2020\/11\/Agrifirm20201105-2207-2.jpg\",\"datePublished\":\"2020-11-30T18:45:00+00:00\",\"dateModified\":\"2023-01-20T13:56:48+00:00\",\"breadcrumb\":{\"@id\":\"https:\/\/earlyfeednutrition.com\/it\/what-we-offer\/babito\/#breadcrumb\"},\"inLanguage\":\"it-IT\",\"potentialAction\":[{\"@type\":\"ReadAction\",\"target\":[\"https:\/\/earlyfeednutrition.com\/it\/what-we-offer\/babito\/\"]}]},{\"@type\":\"ImageObject\",\"inLanguage\":\"it-IT\",\"@id\":\"https:\/\/earlyfeednutrition.com\/it\/what-we-offer\/babito\/#primaryimage\",\"url\":\"https:\/\/earlyfeednutrition.com\/app\/uploads\/2020\/11\/Agrifirm20201105-2207-2.jpg\",\"contentUrl\":\"https:\/\/earlyfeednutrition.com\/app\/uploads\/2020\/11\/Agrifirm20201105-2207-2.jpg\",\"width\":2500,\"height\":1666},{\"@type\":\"BreadcrumbList\",\"@id\":\"https:\/\/earlyfeednutrition.com\/it\/what-we-offer\/babito\/#breadcrumb\",\"itemListElement\":[{\"@type\":\"ListItem\",\"position\":1,\"name\":\"Home\",\"item\":\"https:\/\/earlyfeednutrition.com\/it\/\"},{\"@type\":\"ListItem\",\"position\":2,\"name\":\"Product\",\"item\":\"https:\/\/earlyfeednutrition.com\/it\/what-we-offer\/\"},{\"@type\":\"ListItem\",\"position\":3,\"name\":\"Babito\u00ae\"}]},{\"@type\":\"WebSite\",\"@id\":\"https:\/\/earlyfeednutrition.com\/it\/#website\",\"url\":\"https:\/\/earlyfeednutrition.com\/it\/\",\"name\":\"Earlyfeed\",\"description\":\"Right from the start\",\"potentialAction\":[{\"@type\":\"SearchAction\",\"target\":{\"@type\":\"EntryPoint\",\"urlTemplate\":\"https:\/\/earlyfeednutrition.com\/it\/?s={search_term_string}\"},\"query-input\":{\"@type\":\"PropertyValueSpecification\",\"valueRequired\":true,\"valueName\":\"search_term_string\"}}],\"inLanguage\":\"it-IT\"}]}<\/script>\n<!-- \/ Yoast SEO plugin. -->","yoast_head_json":{"title":"Babito\u00ae - Earlyfeed","robots":{"index":"index","follow":"follow","max-snippet":"max-snippet:-1","max-image-preview":"max-image-preview:large","max-video-preview":"max-video-preview:-1"},"canonical":"https:\/\/earlyfeednutrition.com\/it\/what-we-offer\/babito\/","og_locale":"it_IT","og_type":"article","og_title":"Babito\u00ae - Earlyfeed","og_description":"Il sottoscrofa per eccellenza&nbsp; Creare il massimo numero di mangiatori prima dello svezzamento \u00e8 essenziale per uno svezzamento sano e di successo. Babito\u00ae \u00e8 un interessante mangime sottoscrofa che consente di ottenere una percentuale pi\u00f9 elevata di mangiatori precoci. Stimola un&#8217;assunzione di mangime pi\u00f9 precoce e pi\u00f9 elevata nei suinetti appena nati, determina una crescita [&hellip;]","og_url":"https:\/\/earlyfeednutrition.com\/it\/what-we-offer\/babito\/","og_site_name":"Earlyfeed","article_modified_time":"2023-01-20T13:56:48+00:00","og_image":[{"width":2500,"height":1666,"url":"https:\/\/earlyfeednutrition.com\/app\/uploads\/2020\/11\/Agrifirm20201105-2207-2.jpg","type":"image\/jpeg"}],"twitter_card":"summary_large_image","twitter_misc":{"Est. reading time":"1 minute"},"schema":{"@context":"https:\/\/schema.org","@graph":[{"@type":"WebPage","@id":"https:\/\/earlyfeednutrition.com\/it\/what-we-offer\/babito\/","url":"https:\/\/earlyfeednutrition.com\/it\/what-we-offer\/babito\/","name":"Babito\u00ae - Earlyfeed","isPartOf":{"@id":"https:\/\/earlyfeednutrition.com\/it\/#website"},"primaryImageOfPage":{"@id":"https:\/\/earlyfeednutrition.com\/it\/what-we-offer\/babito\/#primaryimage"},"image":{"@id":"https:\/\/earlyfeednutrition.com\/it\/what-we-offer\/babito\/#primaryimage"},"thumbnailUrl":"https:\/\/earlyfeednutrition.com\/app\/uploads\/2020\/11\/Agrifirm20201105-2207-2.jpg","datePublished":"2020-11-30T18:45:00+00:00","dateModified":"2023-01-20T13:56:48+00:00","breadcrumb":{"@id":"https:\/\/earlyfeednutrition.com\/it\/what-we-offer\/babito\/#breadcrumb"},"inLanguage":"it-IT","potentialAction":[{"@type":"ReadAction","target":["https:\/\/earlyfeednutrition.com\/it\/what-we-offer\/babito\/"]}]},{"@type":"ImageObject","inLanguage":"it-IT","@id":"https:\/\/earlyfeednutrition.com\/it\/what-we-offer\/babito\/#primaryimage","url":"https:\/\/earlyfeednutrition.com\/app\/uploads\/2020\/11\/Agrifirm20201105-2207-2.jpg","contentUrl":"https:\/\/earlyfeednutrition.com\/app\/uploads\/2020\/11\/Agrifirm20201105-2207-2.jpg","width":2500,"height":1666},{"@type":"BreadcrumbList","@id":"https:\/\/earlyfeednutrition.com\/it\/what-we-offer\/babito\/#breadcrumb","itemListElement":[{"@type":"ListItem","position":1,"name":"Home","item":"https:\/\/earlyfeednutrition.com\/it\/"},{"@type":"ListItem","position":2,"name":"Product","item":"https:\/\/earlyfeednutrition.com\/it\/what-we-offer\/"},{"@type":"ListItem","position":3,"name":"Babito\u00ae"}]},{"@type":"WebSite","@id":"https:\/\/earlyfeednutrition.com\/it\/#website","url":"https:\/\/earlyfeednutrition.com\/it\/","name":"Earlyfeed","description":"Right from the start","potentialAction":[{"@type":"SearchAction","target":{"@type":"EntryPoint","urlTemplate":"https:\/\/earlyfeednutrition.com\/it\/?s={search_term_string}"},"query-input":{"@type":"PropertyValueSpecification","valueRequired":true,"valueName":"search_term_string"}}],"inLanguage":"it-IT"}]}},"_links":{"self":[{"href":"https:\/\/earlyfeednutrition.com\/it\/wp-json\/wp\/v2\/product\/25208","targetHints":{"allow":["GET"]}}],"collection":[{"href":"https:\/\/earlyfeednutrition.com\/it\/wp-json\/wp\/v2\/product"}],"about":[{"href":"https:\/\/earlyfeednutrition.com\/it\/wp-json\/wp\/v2\/types\/product"}],"wp:featuredmedia":[{"embeddable":true,"href":"https:\/\/earlyfeednutrition.com\/it\/wp-json\/wp\/v2\/media\/24666"}],"wp:attachment":[{"href":"https:\/\/earlyfeednutrition.com\/it\/wp-json\/wp\/v2\/media?parent=25208"}],"wp:term":[{"taxonomy":"sector","embeddable":true,"href":"https:\/\/earlyfeednutrition.com\/it\/wp-json\/wp\/v2\/sector?post=25208"},{"taxonomy":"country","embeddable":true,"href":"https:\/\/earlyfeednutrition.com\/it\/wp-json\/wp\/v2\/country?post=25208"},{"taxonomy":"product_category","embeddable":true,"href":"https:\/\/earlyfeednutrition.com\/it\/wp-json\/wp\/v2\/product_category?post=25208"}],"curies":[{"name":"wp","href":"https:\/\/api.w.org\/{rel}","templated":true}]}}