{"id":24981,"date":"2021-03-15T06:00:48","date_gmt":"2021-03-15T06:00:48","guid":{"rendered":"https:\/\/earlyfeednutrition.com\/what-we-offer\/babimel-grow\/"},"modified":"2023-01-20T14:55:42","modified_gmt":"2023-01-20T13:55:42","slug":"babimel-grow","status":"publish","type":"product","link":"https:\/\/earlyfeednutrition.com\/it\/what-we-offer\/babimel-grow\/","title":{"rendered":"BABI\u00aeMEL grow"},"content":{"rendered":"<section class=\"section section--gutenberg section--gutenberg-nomargin wp-block-columns\"><div class=\"container\" style=\"\"><div class=\"columns\"><div class=\"wp-block-column column\" style=\"\"><section class=\"section section--gutenberg section--gutenberg-nomargin wp-block-heading\">\n<h2><span style=\"font-family: bebas-neue-rounded, &quot;Roboto&quot;, &quot;Open Sans&quot;, &quot;Helvetica&quot;, &quot;Arial&quot;, sans-serif;\" class=\"font-family\"><span style=\"color: #DBB154\" class=\"text-color\">Mangime liquido altamente appetibile<\/span><\/span><\/h2>\n<\/section><section class=\"section section--gutenberg section--gutenberg-nomargin wp-block-paragraph\">\n<p><span style=\"font-family: &quot;Roboto&quot;, &quot;Open Sans&quot;, &quot;Helvetica&quot;, &quot;Arial&quot;, sans-serif;\" class=\"font-family\"><span style=\"color: #FFFFFF\" class=\"text-color\">La selezione genetica che porta a un aumento delle dimensioni delle nidiate si traduce in un peso alla nascita inferiore e in suinetti meno sviluppati. Poich\u00e9 l&#8217;immunit\u00e0 proveniente dalla scrofa, la cosiddetta immunit\u00e0 passiva, diminuisce velocemente, i suinetti hanno bisogno di sviluppare pi\u00f9 rapidamente che mai la loro immunit\u00e0 e il loro tratto gastrointestinale. Babi<sup>\u00ae<\/sup>mel Grow, un mangime sottoscrofa per la somministrazione liquida, \u00e8 stato creato per facilitare la transizione dal latte di scrofa e dai sostituti del latte&nbsp; alla dieta di svezzamento. Babi\u00aemel Grow \u00e8 altamente appetibile ed \u00e8 stato sviluppato appositamente per essere utilizzato nei sistemi di alimentazione automatizzati.&nbsp;<\/span><\/span><\/p>\n<\/section><\/div><div class=\"wp-block-column column\" style=\"\"><section class=\"section section--gutenberg section--gutenberg-nomargin wp-block-heading\">\n<h2><span style=\"font-family: bebas-neue-rounded, &quot;Roboto&quot;, &quot;Open Sans&quot;, &quot;Helvetica&quot;, &quot;Arial&quot;, sans-serif;\" class=\"font-family\"><span style=\"color: #DBB154\" class=\"text-color\">ARricchito con START+ per una maturazione intestinale pi\u00f9 precoce<\/span><\/span><\/h2>\n<\/section><section class=\"section section--gutenberg section--gutenberg-nomargin wp-block-paragraph\">\n<p><span style=\"font-family: &quot;Roboto&quot;, &quot;Open Sans&quot;, &quot;Helvetica&quot;, &quot;Arial&quot;, sans-serif;\" class=\"font-family\"><span style=\"color: #FFFFFF\" class=\"text-color\">Babi<sup>\u00ae<\/sup>mel Grow \u00e8 arricchito dal nostro innovativo concetto START+. START+ contiene componenti attivi appositamente studiati per dare ai suinetti un vantaggio nella vita. Promuove la maturazione del tratto intestinale sottosviluppato dei suinetti appena nati e contribuisce a garantire un suinetto sano fin dall&#8217;inizio.&nbsp;<\/span><\/span><\/p>\n<\/section><\/div><div class=\"wp-block-column column\" style=\"\"><section class=\"section section--gutenberg section--gutenberg-nomargin wp-block-heading\">\n<h2><span style=\"color: #DBB154\" class=\"text-color\"><span style=\"font-family: bebas-neue-rounded, &quot;Roboto&quot;, &quot;Open Sans&quot;, &quot;Helvetica&quot;, &quot;Arial&quot;, sans-serif;\" class=\"font-family\">I principlai vantaggi <br>of <\/span><\/span><span style=\"color: #ffffff\" class=\"text-color\"><span style=\"font-family: bebas-neue-rounded, &quot;Roboto&quot;, &quot;Open Sans&quot;, &quot;Helvetica&quot;, &quot;Arial&quot;, sans-serif;\" class=\"font-family\">BABI<sup>\u00ae<\/sup>MEL <\/span><\/span>grow<\/h2>\n<\/section>\n<ul class=\"wp-block-list\">\n<li><span style=\"font-family: &quot;Roboto&quot;, &quot;Open Sans&quot;, &quot;Helvetica&quot;, &quot;Arial&quot;, sans-serif;\" class=\"font-family\">Supplemento ottimale accanto al latte di scrofa&nbsp;<\/span><\/li>\n\n\n\n<li><span style=\"font-family: &quot;Roboto&quot;, &quot;Open Sans&quot;, &quot;Helvetica&quot;, &quot;Arial&quot;, sans-serif;\" class=\"font-family\">Combinazione di ingredienti di origine lattiero-casearia e vegetale altamente digeribile&nbsp;<\/span><\/li>\n\n\n\n<li><span style=\"font-family: &quot;Roboto&quot;, &quot;Open Sans&quot;, &quot;Helvetica&quot;, &quot;Arial&quot;, sans-serif;\" class=\"font-family\">Supporta attivamente la salute e lo sviluppo dell&#8217;intestino&nbsp;<\/span><\/li>\n\n\n\n<li><span style=\"font-family: Roboto, &quot;Open Sans&quot;, Helvetica, Arial, sans-serif;\">Omogeneit\u00e0 di lunga durata&nbsp;<\/span><\/li>\n\n\n\n<li><span style=\"font-family: &quot;Roboto&quot;, &quot;Open Sans&quot;, &quot;Helvetica&quot;, &quot;Arial&quot;, sans-serif;\" class=\"font-family\">Adatto per l&#8217;uso in alimentatori automatici di latte o per l&#8217;applicazione manuale&nbsp;<\/span><\/li>\n<\/ul>\n<\/div><\/div><\/div><\/section>\n\n\n\n<section id=\"earlyfeed-gallery-block_95fc77efd3f9a3d79132faf5a1f53ebe\" class=\"section section--gutenberg earlyfeed-gallery\">\n    <div class=\"container\">\n        <div class=\"columns\" style='height: 400px'>\n                    \n            \n            <div class=\"column col-width--65\">\n                                <picture>\n                                        \n                    <source media=\"(min-width: 2561px)\" data-srcset=\"https:\/\/earlyfeednutrition.com\/app\/uploads\/2021\/03\/LBHR7048.jpg\" \/>\n                    <source media=\"(min-width: 1921px)\" data-srcset=\"https:\/\/earlyfeednutrition.com\/app\/uploads\/2021\/03\/LBHR7048.jpg\" \/>\n                    <source media=\"(min-width: 1441px)\" data-srcset=\"https:\/\/earlyfeednutrition.com\/app\/uploads\/2021\/03\/LBHR7048.jpg\" \/>\n                    <source media=\"(min-width: 1281px)\" data-srcset=\"https:\/\/earlyfeednutrition.com\/app\/uploads\/2021\/03\/LBHR7048-1440x1080.jpg\" \/>\n                    <source media=\"(min-width: 769px)\" data-srcset=\"https:\/\/earlyfeednutrition.com\/app\/uploads\/2021\/03\/LBHR7048-1280x960.jpg\" \/>\n                    <source media=\"(min-width: 476px)\" data-srcset=\"https:\/\/earlyfeednutrition.com\/app\/uploads\/2021\/03\/LBHR7048-768x576.jpg\" \/>\n                    <source media=\"(min-width: 321px)\" data-srcset=\"https:\/\/earlyfeednutrition.com\/app\/uploads\/2021\/03\/LBHR7048-475x356.jpg\" \/>\n                    <source media=\"(max-width: 320px)\" data-srcset=\"https:\/\/earlyfeednutrition.com\/app\/uploads\/2021\/03\/LBHR7048-320x240.jpg\" \/>\n                    \n                    <img data-src=\"https:\/\/earlyfeednutrition.com\/app\/uploads\/2021\/03\/LBHR7048-320x240.jpg\" alt=\"\" class=\"lazyload\">\n                <\/picture>\n\n            <\/div>\n                                \n            \n            <div class=\"column col-width--30\">\n                                <picture>\n                                        \n                    <source media=\"(min-width: 2561px)\" data-srcset=\"https:\/\/earlyfeednutrition.com\/app\/uploads\/2021\/03\/cupsystem-1-e1615786396897.jpg\" \/>\n                    <source media=\"(min-width: 1921px)\" data-srcset=\"https:\/\/earlyfeednutrition.com\/app\/uploads\/2021\/03\/cupsystem-1-e1615786396897.jpg\" \/>\n                    <source media=\"(min-width: 1441px)\" data-srcset=\"https:\/\/earlyfeednutrition.com\/app\/uploads\/2021\/03\/cupsystem-1-e1615786396897.jpg\" \/>\n                    <source media=\"(min-width: 1281px)\" data-srcset=\"https:\/\/earlyfeednutrition.com\/app\/uploads\/2021\/03\/cupsystem-1-e1615786396897.jpg\" \/>\n                    <source media=\"(min-width: 769px)\" data-srcset=\"https:\/\/earlyfeednutrition.com\/app\/uploads\/2021\/03\/cupsystem-1-e1615786396897.jpg\" \/>\n                    <source media=\"(min-width: 476px)\" data-srcset=\"https:\/\/earlyfeednutrition.com\/app\/uploads\/2021\/03\/cupsystem-1-e1615786396897-768x703.jpg\" \/>\n                    <source media=\"(min-width: 321px)\" data-srcset=\"https:\/\/earlyfeednutrition.com\/app\/uploads\/2021\/03\/cupsystem-1-e1615786396897-475x435.jpg\" \/>\n                    <source media=\"(max-width: 320px)\" data-srcset=\"https:\/\/earlyfeednutrition.com\/app\/uploads\/2021\/03\/cupsystem-1-e1615786396897-320x293.jpg\" \/>\n                    \n                    <img data-src=\"https:\/\/earlyfeednutrition.com\/app\/uploads\/2021\/03\/cupsystem-1-e1615786396897-320x293.jpg\" alt=\"\" class=\"lazyload\">\n                <\/picture>\n\n            <\/div>\n                            <\/div>\n    <\/div>\n<\/section> \n\n\n<section id=\"agri-contact-tile-block_08b984ad4536ce0d0cd606b23a7cd995\" class=\"section section--gutenberg agri-contact-tile\">\n    <div class=\"container\">\n        <div class=\"columns\">\n            <div class=\"column is-full is-8-tablet is-offset-2-tablet is-6-desktop is-offset-3-desktop is-4-widescreen is-offset-4-widescreen\">\n                <div class=\"block block--localcontact\">\n                    <div class=\"content\">\n                        <div class=\"note\">Your Earlyfeed expert<\/div>\n                        <div class=\"name\">Daiana Benamati<\/div>\n                        <div class=\"function\">Veterinaria Nutrizionista <\/div>\n                    <\/div>\n\n                    <div class=\"button--wrapper\">\n                        <a href=\"mailto:d.benamati@agrifirm.com\" class=\"button button--primary button--primary--brown\">Contattaci<\/a>\n                    <\/div>\n\n                    <div class=\"description\">\n                        <p>Questo contatto \u00e8 stato suggerito in base alla localit\u00e0 da cui si sta navigando. Naturalmente \u00e8 possibile consultare anche gli altri contatti e le altre sedi <a href=\"https:\/\/www.earlyfeednutrition.com\/it\/contact-us\/\">qui<\/a>.<\/p>\n                    <\/div>\n                <\/div>\n            <\/div>\n        <\/div>\n    <\/div>\n<\/section>","protected":false},"featured_media":24128,"template":"","sector":[2120],"country":[],"product_category":[2121],"class_list":["post-24981","product","type-product","status-publish","has-post-thumbnail","hentry","sector-suinetti","product_category-mangime-liquido-altamente-appetibile"],"acf":[],"yoast_head":"<!-- This site is optimized with the Yoast SEO plugin v27.0 - https:\/\/yoast.com\/product\/yoast-seo-wordpress\/ -->\n<title>BABI\u00aeMEL grow - Earlyfeed<\/title>\n<meta name=\"robots\" content=\"index, follow, max-snippet:-1, max-image-preview:large, max-video-preview:-1\" \/>\n<link rel=\"canonical\" href=\"https:\/\/earlyfeednutrition.com\/it\/what-we-offer\/babimel-grow\/\" \/>\n<meta property=\"og:locale\" content=\"it_IT\" \/>\n<meta property=\"og:type\" content=\"article\" \/>\n<meta property=\"og:title\" content=\"BABI\u00aeMEL grow - Earlyfeed\" \/>\n<meta property=\"og:description\" content=\"Mangime liquido altamente appetibile La selezione genetica che porta a un aumento delle dimensioni delle nidiate si traduce in un peso alla nascita inferiore e in suinetti meno sviluppati. Poich\u00e9 l&#8217;immunit\u00e0 proveniente dalla scrofa, la cosiddetta immunit\u00e0 passiva, diminuisce velocemente, i suinetti hanno bisogno di sviluppare pi\u00f9 rapidamente che mai la loro immunit\u00e0 e il [&hellip;]\" \/>\n<meta property=\"og:url\" content=\"https:\/\/earlyfeednutrition.com\/it\/what-we-offer\/babimel-grow\/\" \/>\n<meta property=\"og:site_name\" content=\"Earlyfeed\" \/>\n<meta property=\"article:modified_time\" content=\"2023-01-20T13:55:42+00:00\" \/>\n<meta property=\"og:image\" content=\"https:\/\/earlyfeed.kinsta.cloud\/app\/uploads\/2021\/03\/IMG_4443_def.jpg\" \/>\n\t<meta property=\"og:image:width\" content=\"2500\" \/>\n\t<meta property=\"og:image:height\" content=\"1666\" \/>\n\t<meta property=\"og:image:type\" content=\"image\/jpeg\" \/>\n<meta name=\"twitter:card\" content=\"summary_large_image\" \/>\n<meta name=\"twitter:label1\" content=\"Est. reading time\" \/>\n\t<meta name=\"twitter:data1\" content=\"1 minute\" \/>\n<script type=\"application\/ld+json\" class=\"yoast-schema-graph\">{\"@context\":\"https:\/\/schema.org\",\"@graph\":[{\"@type\":\"WebPage\",\"@id\":\"https:\/\/earlyfeednutrition.com\/it\/what-we-offer\/babimel-grow\/\",\"url\":\"https:\/\/earlyfeednutrition.com\/it\/what-we-offer\/babimel-grow\/\",\"name\":\"BABI\u00aeMEL grow - Earlyfeed\",\"isPartOf\":{\"@id\":\"https:\/\/earlyfeednutrition.com\/it\/#website\"},\"primaryImageOfPage\":{\"@id\":\"https:\/\/earlyfeednutrition.com\/it\/what-we-offer\/babimel-grow\/#primaryimage\"},\"image\":{\"@id\":\"https:\/\/earlyfeednutrition.com\/it\/what-we-offer\/babimel-grow\/#primaryimage\"},\"thumbnailUrl\":\"https:\/\/earlyfeednutrition.com\/app\/uploads\/2021\/03\/IMG_4443_def.jpg\",\"datePublished\":\"2021-03-15T06:00:48+00:00\",\"dateModified\":\"2023-01-20T13:55:42+00:00\",\"breadcrumb\":{\"@id\":\"https:\/\/earlyfeednutrition.com\/it\/what-we-offer\/babimel-grow\/#breadcrumb\"},\"inLanguage\":\"it-IT\",\"potentialAction\":[{\"@type\":\"ReadAction\",\"target\":[\"https:\/\/earlyfeednutrition.com\/it\/what-we-offer\/babimel-grow\/\"]}]},{\"@type\":\"ImageObject\",\"inLanguage\":\"it-IT\",\"@id\":\"https:\/\/earlyfeednutrition.com\/it\/what-we-offer\/babimel-grow\/#primaryimage\",\"url\":\"https:\/\/earlyfeednutrition.com\/app\/uploads\/2021\/03\/IMG_4443_def.jpg\",\"contentUrl\":\"https:\/\/earlyfeednutrition.com\/app\/uploads\/2021\/03\/IMG_4443_def.jpg\",\"width\":2500,\"height\":1666},{\"@type\":\"BreadcrumbList\",\"@id\":\"https:\/\/earlyfeednutrition.com\/it\/what-we-offer\/babimel-grow\/#breadcrumb\",\"itemListElement\":[{\"@type\":\"ListItem\",\"position\":1,\"name\":\"Home\",\"item\":\"https:\/\/earlyfeednutrition.com\/it\/\"},{\"@type\":\"ListItem\",\"position\":2,\"name\":\"Product\",\"item\":\"https:\/\/earlyfeednutrition.com\/it\/what-we-offer\/\"},{\"@type\":\"ListItem\",\"position\":3,\"name\":\"BABI\u00aeMEL grow\"}]},{\"@type\":\"WebSite\",\"@id\":\"https:\/\/earlyfeednutrition.com\/it\/#website\",\"url\":\"https:\/\/earlyfeednutrition.com\/it\/\",\"name\":\"Earlyfeed\",\"description\":\"Right from the start\",\"potentialAction\":[{\"@type\":\"SearchAction\",\"target\":{\"@type\":\"EntryPoint\",\"urlTemplate\":\"https:\/\/earlyfeednutrition.com\/it\/?s={search_term_string}\"},\"query-input\":{\"@type\":\"PropertyValueSpecification\",\"valueRequired\":true,\"valueName\":\"search_term_string\"}}],\"inLanguage\":\"it-IT\"}]}<\/script>\n<!-- \/ Yoast SEO plugin. -->","yoast_head_json":{"title":"BABI\u00aeMEL grow - Earlyfeed","robots":{"index":"index","follow":"follow","max-snippet":"max-snippet:-1","max-image-preview":"max-image-preview:large","max-video-preview":"max-video-preview:-1"},"canonical":"https:\/\/earlyfeednutrition.com\/it\/what-we-offer\/babimel-grow\/","og_locale":"it_IT","og_type":"article","og_title":"BABI\u00aeMEL grow - Earlyfeed","og_description":"Mangime liquido altamente appetibile La selezione genetica che porta a un aumento delle dimensioni delle nidiate si traduce in un peso alla nascita inferiore e in suinetti meno sviluppati. Poich\u00e9 l&#8217;immunit\u00e0 proveniente dalla scrofa, la cosiddetta immunit\u00e0 passiva, diminuisce velocemente, i suinetti hanno bisogno di sviluppare pi\u00f9 rapidamente che mai la loro immunit\u00e0 e il [&hellip;]","og_url":"https:\/\/earlyfeednutrition.com\/it\/what-we-offer\/babimel-grow\/","og_site_name":"Earlyfeed","article_modified_time":"2023-01-20T13:55:42+00:00","og_image":[{"width":2500,"height":1666,"url":"https:\/\/earlyfeed.kinsta.cloud\/app\/uploads\/2021\/03\/IMG_4443_def.jpg","type":"image\/jpeg"}],"twitter_card":"summary_large_image","twitter_misc":{"Est. reading time":"1 minute"},"schema":{"@context":"https:\/\/schema.org","@graph":[{"@type":"WebPage","@id":"https:\/\/earlyfeednutrition.com\/it\/what-we-offer\/babimel-grow\/","url":"https:\/\/earlyfeednutrition.com\/it\/what-we-offer\/babimel-grow\/","name":"BABI\u00aeMEL grow - Earlyfeed","isPartOf":{"@id":"https:\/\/earlyfeednutrition.com\/it\/#website"},"primaryImageOfPage":{"@id":"https:\/\/earlyfeednutrition.com\/it\/what-we-offer\/babimel-grow\/#primaryimage"},"image":{"@id":"https:\/\/earlyfeednutrition.com\/it\/what-we-offer\/babimel-grow\/#primaryimage"},"thumbnailUrl":"https:\/\/earlyfeednutrition.com\/app\/uploads\/2021\/03\/IMG_4443_def.jpg","datePublished":"2021-03-15T06:00:48+00:00","dateModified":"2023-01-20T13:55:42+00:00","breadcrumb":{"@id":"https:\/\/earlyfeednutrition.com\/it\/what-we-offer\/babimel-grow\/#breadcrumb"},"inLanguage":"it-IT","potentialAction":[{"@type":"ReadAction","target":["https:\/\/earlyfeednutrition.com\/it\/what-we-offer\/babimel-grow\/"]}]},{"@type":"ImageObject","inLanguage":"it-IT","@id":"https:\/\/earlyfeednutrition.com\/it\/what-we-offer\/babimel-grow\/#primaryimage","url":"https:\/\/earlyfeednutrition.com\/app\/uploads\/2021\/03\/IMG_4443_def.jpg","contentUrl":"https:\/\/earlyfeednutrition.com\/app\/uploads\/2021\/03\/IMG_4443_def.jpg","width":2500,"height":1666},{"@type":"BreadcrumbList","@id":"https:\/\/earlyfeednutrition.com\/it\/what-we-offer\/babimel-grow\/#breadcrumb","itemListElement":[{"@type":"ListItem","position":1,"name":"Home","item":"https:\/\/earlyfeednutrition.com\/it\/"},{"@type":"ListItem","position":2,"name":"Product","item":"https:\/\/earlyfeednutrition.com\/it\/what-we-offer\/"},{"@type":"ListItem","position":3,"name":"BABI\u00aeMEL grow"}]},{"@type":"WebSite","@id":"https:\/\/earlyfeednutrition.com\/it\/#website","url":"https:\/\/earlyfeednutrition.com\/it\/","name":"Earlyfeed","description":"Right from the start","potentialAction":[{"@type":"SearchAction","target":{"@type":"EntryPoint","urlTemplate":"https:\/\/earlyfeednutrition.com\/it\/?s={search_term_string}"},"query-input":{"@type":"PropertyValueSpecification","valueRequired":true,"valueName":"search_term_string"}}],"inLanguage":"it-IT"}]}},"_links":{"self":[{"href":"https:\/\/earlyfeednutrition.com\/it\/wp-json\/wp\/v2\/product\/24981","targetHints":{"allow":["GET"]}}],"collection":[{"href":"https:\/\/earlyfeednutrition.com\/it\/wp-json\/wp\/v2\/product"}],"about":[{"href":"https:\/\/earlyfeednutrition.com\/it\/wp-json\/wp\/v2\/types\/product"}],"wp:featuredmedia":[{"embeddable":true,"href":"https:\/\/earlyfeednutrition.com\/it\/wp-json\/wp\/v2\/media\/24128"}],"wp:attachment":[{"href":"https:\/\/earlyfeednutrition.com\/it\/wp-json\/wp\/v2\/media?parent=24981"}],"wp:term":[{"taxonomy":"sector","embeddable":true,"href":"https:\/\/earlyfeednutrition.com\/it\/wp-json\/wp\/v2\/sector?post=24981"},{"taxonomy":"country","embeddable":true,"href":"https:\/\/earlyfeednutrition.com\/it\/wp-json\/wp\/v2\/country?post=24981"},{"taxonomy":"product_category","embeddable":true,"href":"https:\/\/earlyfeednutrition.com\/it\/wp-json\/wp\/v2\/product_category?post=24981"}],"curies":[{"name":"wp","href":"https:\/\/api.w.org\/{rel}","templated":true}]}}