{"id":24979,"date":"2021-12-05T23:00:19","date_gmt":"2021-12-05T23:00:19","guid":{"rendered":"https:\/\/earlyfeednutrition.com\/what-we-offer\/aim-for-zero\/"},"modified":"2023-01-20T14:54:24","modified_gmt":"2023-01-20T13:54:24","slug":"aim-for-zero","status":"publish","type":"product","link":"https:\/\/earlyfeednutrition.com\/it\/what-we-offer\/aim-for-zero\/","title":{"rendered":"AIM FOR ZERO"},"content":{"rendered":"<section class=\"section section--gutenberg section--gutenberg-nomargin wp-block-paragraph\">\n<p class=\"no-padding-top\"><span style=\"font-family: &quot;Roboto&quot;, &quot;Open Sans&quot;, &quot;Helvetica&quot;, &quot;Arial&quot;, sans-serif;\" class=\"font-family\"><span style=\"color: #FFFFFF\" class=\"text-color\">Con le crescenti sfide per gli allevamenti in tutto il mondo, la produzione sostenibile \u00e8 diventata una priorit\u00e0. A causa di problemi ambientali e sociali, la somministrazione di zinco medicato e antibiotici durante lo svezzamento \u00e8 sotto pressione a livello globale.&nbsp; Il programma Aim For Zero di Earlyfeed offre un approccio totale e innovativo per aiutare gli allevatori e i mangimifici nella lotta contro le malattie, come l&#8217;E. coli, nei suinetti.&nbsp;<\/span><\/span><\/p>\n<\/section>\n\n<section class=\"section section--gutenberg section--gutenberg-nomargin wp-block-columns\"><div class=\"container\" style=\"\"><div class=\"columns\"><div class=\"wp-block-column column\" style=\"\"><section class=\"section section--gutenberg section--gutenberg-nomargin wp-block-heading\">\n<h2 id=\"the-aim-for-zero-program\"><span style=\"\" class=\"font-family\"><span style=\"font-family: bebas-neue-rounded, Roboto, &quot;Open Sans&quot;, Helvetica, Arial, sans-serif; color: rgb(219, 177, 84);\" class=\"text-color\">Il programma Aim for Zero <\/span><\/span><\/h2>\n<\/section><section class=\"section section--gutenberg section--gutenberg-nomargin wp-block-paragraph\">\n<p><span style=\"font-family: &quot;Roboto&quot;, &quot;Open Sans&quot;, &quot;Helvetica&quot;, &quot;Arial&quot;, sans-serif;\" class=\"font-family\"><span style=\"color: #FFFFFF\" class=\"text-color\">Per aiutare i suinetti che si trovano in condizioni di salute non ottimali, Earlyfeed ha sviluppato il programma Aim For Zero. Questo programma 3 in 1 combina il supporto alla gestione dell&#8217;azienda e la formulazione dei mangimi con soluzioni innovative per la salute nutrizionale.&nbsp;<\/span><\/span><\/p>\n<\/section><section class=\"section section--gutenberg section--gutenberg-nomargin wp-block-heading\">\n<h3 id=\"1-farm-management-practices\">1. Pratiche di gestione dell&#8217;azienda&nbsp;&nbsp;<\/h3>\n<\/section><section class=\"section section--gutenberg section--gutenberg-nomargin wp-block-paragraph\">\n<p><span style=\"font-family: &quot;Roboto&quot;, &quot;Open Sans&quot;, &quot;Helvetica&quot;, &quot;Arial&quot;, sans-serif;\" class=\"font-family\"><span style=\"color: #FFFFFF\" class=\"text-color\">I suinetti devono affrontare molteplici fattori di stress simultanei durante lo svezzamento. Ci sono cambiamenti ambientali &#8211; separazione dalla scrofa, clima, mescolamento delle nidiate &#8211; e dietetici &#8211; assenza di accesso al latte, nuova dieta, approvvigionamento idrico. Questi fattori di stress hanno un impatto negativo sulla salute e sull&#8217;efficienza dei suinetti. Per questo motivo, il team di supporto al management aziendale di Earlyfeed \u00e8 lieto di essere il vostro partner, condividendo pratiche di gestione collaudate all&#8217;interno dell&#8217;azienda.&nbsp;<\/span><\/span><\/p>\n<\/section><section class=\"section section--gutenberg section--gutenberg-nomargin wp-block-heading\">\n<h3 id=\"2-feed-formulation\">2. Formulazione del mangime<\/h3>\n<\/section><section class=\"section section--gutenberg section--gutenberg-nomargin wp-block-paragraph\">\n<p><span style=\"font-family: &quot;Roboto&quot;, &quot;Open Sans&quot;, &quot;Helvetica&quot;, &quot;Arial&quot;, sans-serif;\" class=\"font-family\"><span style=\"color: #FFFFFF\" class=\"text-color\">La formulazione adeguata dei mangimi \u00e8 il secondo elemento cruciale del programma Aim For Zero. Il nostro team di nutrizionisti \u00e8 pronto a condividere con voi le pi\u00f9 recenti conoscenze sulla composizione dei mangimi, come i livelli di proteine e fibre, nonch\u00e9 ulteriori soluzioni basate sulla scienza. Inoltre, tradurranno le intuizioni nelle vostre formule esistenti e le adatteranno alla vostra situazione locale.&nbsp;<\/span><\/span><\/p>\n<\/section><section class=\"section section--gutenberg section--gutenberg-nomargin wp-block-paragraph\">\n<p><span style=\"font-family: &quot;Roboto&quot;, &quot;Open Sans&quot;, &quot;Helvetica&quot;, &quot;Arial&quot;, sans-serif;\" class=\"font-family\"><span style=\"color: #FFFFFF\" class=\"text-color\">Therefore the Earlyfeed\u2019s farm management team is happy to be your sparring partner for sharing know-how on farm management practices<\/span><\/span><span style=\"color: #FFFFFF\" class=\"text-color\">.<\/span><\/p>\n<\/section><\/div><div class=\"wp-block-column column\" style=\"\"><section class=\"section section--gutenberg section--gutenberg-nomargin wp-block-paragraph\">\n<p><\/p>\n<\/section><section class=\"section section--gutenberg section--gutenberg-nomargin wp-block-paragraph\">\n<p><\/p>\n<\/section><section class=\"section section--gutenberg section--gutenberg-nomargin wp-block-paragraph\">\n<p><\/p>\n<\/section><section class=\"section section--gutenberg section--gutenberg-nomargin wp-block-paragraph\">\n<p><\/p>\n<\/section><section class=\"section section--gutenberg section--gutenberg-nomargin wp-block-paragraph\">\n<p><\/p>\n<\/section><section class=\"section section--gutenberg section--gutenberg-nomargin wp-block-paragraph\">\n<p><\/p>\n<\/section><section class=\"section section--gutenberg section--gutenberg-nomargin wp-block-heading\">\n<h3 id=\"3-nutritional-health-solutions\">3. Soluzioni nutrizionali per la salute<\/h3>\n<\/section><section class=\"section section--gutenberg section--gutenberg-nomargin wp-block-paragraph\">\n<p><span style=\"font-family: &quot;Roboto&quot;, &quot;Open Sans&quot;, &quot;Helvetica&quot;, &quot;Arial&quot;, sans-serif;\" class=\"font-family\"><span style=\"color: #FFFFFF\" class=\"text-color\">Oltre al supporto alla gestione dell&#8217;allevamento e alla formulazione dei mangimi, Earlyfeed offre soluzioni innovative per la salute nutrizionale.&nbsp; START+ stimola lo sviluppo intestinale e immunitario dei suinetti. Basato su specifici galatto-oligosaccaridi (GOS) che imitano la funzione degli oligosaccaridi del latte umano, queste strutture naturali sono simili agli oligosaccaridi del latte suino forniti dalla scrofa. In questo modo, anche quando i suinetti non ricevono abbastanza colostro o latte, possono comunque avere un vantaggio.&nbsp;<\/span><\/span><\/p>\n<\/section><section class=\"section section--gutenberg section--gutenberg-nomargin wp-block-paragraph\">\n<p><span style=\"font-family: &quot;Roboto&quot;, &quot;Open Sans&quot;, &quot;Helvetica&quot;, &quot;Arial&quot;, sans-serif;\" class=\"font-family\"><span style=\"color: #FFFFFF\" class=\"text-color\">Inoltre, Earlyfeed utilizza Vitazero\u00ae per creare uno scudo di difesa esogeno. Questo innovativo ingrediente funzionale per mangimi supporta il meccanismo di difesa esogena attraverso un concetto 4-in-1:&nbsp;<\/span><\/span><\/p>\n<\/section>\n<ul class=\"wp-block-list\">\n<li><span style=\"color: #FFFFFF\" class=\"text-color\"><span style=\"font-family: &quot;Roboto&quot;, &quot;Open Sans&quot;, &quot;Helvetica&quot;, &quot;Arial&quot;, sans-serif;\" class=\"font-family\">Uccidere gli agenti patogeni in arrivo&nbsp;<\/span><\/span><\/li>\n\n\n\n<li><span style=\"color: #FFFFFF\" class=\"text-color\"><span style=\"font-family: &quot;Roboto&quot;, &quot;Open Sans&quot;, &quot;Helvetica&quot;, &quot;Arial&quot;, sans-serif;\" class=\"font-family\">Catturare gli agenti patogeni esistenti<\/span><\/span><\/li>\n\n\n\n<li><span style=\"color: #FFFFFF\" class=\"text-color\"><span style=\"font-family: &quot;Roboto&quot;, &quot;Open Sans&quot;, &quot;Helvetica&quot;, &quot;Arial&quot;, sans-serif;\" class=\"font-family\">Proteggere dalle endotossine&nbsp;<\/span><\/span><\/li>\n\n\n\n<li><span style=\"color: #FFFFFF\" class=\"text-color\"><span style=\"font-family: &quot;Roboto&quot;, &quot;Open Sans&quot;, &quot;Helvetica&quot;, &quot;Arial&quot;, sans-serif;\" class=\"font-family\">Fortificare la barriera intestinale&nbsp;<\/span><\/span><\/li>\n<\/ul>\n<section class=\"section section--gutenberg section--gutenberg-nomargin wp-block-paragraph\">\n<p><span style=\"font-family: &quot;Roboto&quot;, &quot;Open Sans&quot;, &quot;Helvetica&quot;, &quot;Arial&quot;, sans-serif;\" class=\"font-family\"><span style=\"color: #FFFFFF\" class=\"text-color\">Grazie a questa modalit\u00e0 d&#8217;azione 4-in-1, Vitazero\u00ae sostiene la salute dell&#8217;intestino evitando l&#8217;attivazione di una risposta immunitaria. In questo modo si risparmiano proteine ed energia per la crescita, con conseguente riduzione della mortalit\u00e0 e dell&#8217;uso di antibiotici.&nbsp;<\/span><\/span><\/p>\n<\/section><\/div><div class=\"wp-block-column column\" style=\"\"><section class=\"section section--gutenberg section--gutenberg-nomargin wp-block-heading\">\n<h2 id=\"main-benefitsof-aim-for-zero\"><span style=\"color: #DBB154\" class=\"text-color\"><span style=\"font-family: bebas-neue-rounded, &quot;Roboto&quot;, &quot;Open Sans&quot;, &quot;Helvetica&quot;, &quot;Arial&quot;, sans-serif;\" class=\"font-family\">Principali vataggi<br>di <\/span><\/span><span style=\"color: #ffffff\" class=\"text-color\"><span style=\"font-family: bebas-neue-rounded, &quot;Roboto&quot;, &quot;Open Sans&quot;, &quot;Helvetica&quot;, &quot;Arial&quot;, sans-serif;\" class=\"font-family\">Aim for Zero<\/span><\/span><\/h2>\n<\/section><section class=\"section section--gutenberg section--gutenberg-nomargin wp-block-paragraph\">\n<p><span style=\"font-family: &quot;Roboto&quot;, &quot;Open Sans&quot;, &quot;Helvetica&quot;, &quot;Arial&quot;, sans-serif;\" class=\"font-family\"><span style=\"color: #FFFFFF\" class=\"text-color\">Il successo dell&#8217;implementazione del programma Aim For Zero crea un equilibrio tra salute e prestazioni, generando benefici per i suinetti, le persone e il pianeta.&nbsp;<\/span><\/span><\/p>\n<\/section><section class=\"section section--gutenberg section--gutenberg-nomargin wp-block-heading\">\n<h3 id=\"piglets\"><span style=\"color: #DBB154\" class=\"text-color\">SUINETTI<\/span><\/h3>\n<\/section><section class=\"section section--gutenberg section--gutenberg-nomargin wp-block-paragraph\">\n<p><span style=\"font-family: &quot;Roboto&quot;, &quot;Open Sans&quot;, &quot;Helvetica&quot;, &quot;Arial&quot;, sans-serif;\" class=\"font-family\"><span style=\"color: #FFFFFF\" class=\"text-color\">L&#8217;effetto vantaggioso sul microbiota intestinale porta a una migliore assunzione di cibo, con conseguente maggiore resistenza dei suinetti. L&#8217;assenza di zinco medicato evita l&#8217;accumulo di metalli pesanti in organi vitali come il fegato e i reni.&nbsp;<\/span><\/span><\/p>\n<\/section><section class=\"section section--gutenberg section--gutenberg-nomargin wp-block-heading\">\n<h3 id=\"people\"><span style=\"color: #DBB154\" class=\"text-color\">PERSONE<\/span><\/h3>\n<\/section><section class=\"section section--gutenberg section--gutenberg-nomargin wp-block-paragraph\">\n<p><span style=\"font-family: &quot;Roboto&quot;, &quot;Open Sans&quot;, &quot;Helvetica&quot;, &quot;Arial&quot;, sans-serif;\" class=\"font-family\"><span style=\"color: #FFFFFF\" class=\"text-color\">Si prevede che la resistenza agli antibiotici sia una delle maggiori minacce per la salute umana e che possa diventare la prima causa di morte entro il 2050 se non si interviene.&nbsp;&nbsp;&nbsp;<\/span><\/span><\/p>\n<\/section><section class=\"section section--gutenberg section--gutenberg-nomargin wp-block-paragraph\">\n<p><span style=\"font-family: &quot;Roboto&quot;, &quot;Open Sans&quot;, &quot;Helvetica&quot;, &quot;Arial&quot;, sans-serif;\" class=\"font-family\"><span style=\"color: #FFFFFF\" class=\"text-color\">Il programma Aim For Zero contribuisce a ridurre l&#8217;uso di antibiotici fornendo agli allevatori un&#8217;alternativa economicamente vantaggiosa allo zinco medicato e agli antibiotici.&nbsp;<\/span><\/span><\/p>\n<\/section><section class=\"section section--gutenberg section--gutenberg-nomargin wp-block-heading\">\n<h3 id=\"planet\"><span style=\"color: #DBB154\" class=\"text-color\">PIANETA<\/span><\/h3>\n<\/section><section class=\"section section--gutenberg section--gutenberg-nomargin wp-block-paragraph\">\n<p><span style=\"font-family: &quot;Roboto&quot;, &quot;Open Sans&quot;, &quot;Helvetica&quot;, &quot;Arial&quot;, sans-serif;\" class=\"font-family\"><span style=\"color: #FFFFFF\" class=\"text-color\">L&#8217;esclusione dello zinco medicato nell&#8217;alimentazione dei suinetti ridurr\u00e0 l&#8217;inquinamento da metalli pesanti nel suolo e nelle colture.&nbsp;<\/span><\/span><\/p>\n<\/section><\/div><\/div><\/div><\/section>\n\n\n<section id=\"agri-contact-tile-block_470372c23f3b2c7fb814e5700a118077\" class=\"section section--gutenberg agri-contact-tile\">\n    <div class=\"container\">\n        <div class=\"columns\">\n            <div class=\"column is-full is-8-tablet is-offset-2-tablet is-6-desktop is-offset-3-desktop is-4-widescreen is-offset-4-widescreen\">\n                <div class=\"block block--localcontact\">\n                    <div class=\"content\">\n                        <div class=\"note\">Your Earlyfeed expert<\/div>\n                        <div class=\"name\">Daiana Benamati<\/div>\n                        <div class=\"function\">Veterinaria Nutrizionista <\/div>\n                    <\/div>\n\n                    <div class=\"button--wrapper\">\n                        <a href=\"mailto:d.benamati@agrifirm.com\" class=\"button button--primary button--primary--brown\">Contattaci<\/a>\n                    <\/div>\n\n                    <div class=\"description\">\n                        <p>Questo contatto \u00e8 stato suggerito in base alla localit\u00e0 da cui si sta navigando. Naturalmente \u00e8 possibile consultare anche gli altri contatti e le altre sedi <a href=\"https:\/\/www.earlyfeednutrition.com\/it\/contact-us\/\">qui<\/a>.<\/p>\n                    <\/div>\n                <\/div>\n            <\/div>\n        <\/div>\n    <\/div>\n<\/section>\n\n\n<figure class=\"wp-block-embed is-type-video is-provider-youtube wp-block-embed-youtube wp-embed-aspect-16-9 wp-has-aspect-ratio\"><div class=\"wp-block-embed__wrapper\">\n<iframe loading=\"lazy\" title=\"Testimonial Aim for Zero concept\" width=\"500\" height=\"281\" src=\"https:\/\/www.youtube.com\/embed\/xyb-WR885eg?start=8&#038;feature=oembed\" frameborder=\"0\" allow=\"accelerometer; autoplay; clipboard-write; encrypted-media; gyroscope; picture-in-picture; web-share\" referrerpolicy=\"strict-origin-when-cross-origin\" allowfullscreen><\/iframe>\n<\/div><\/figure>\n","protected":false},"featured_media":24204,"template":"","sector":[2120],"country":[],"product_category":[2134],"class_list":["post-24979","product","type-product","status-publish","has-post-thumbnail","hentry","sector-suinetti","product_category-assunzione-precoce-di-mangime"],"acf":[],"yoast_head":"<!-- This site is optimized with the Yoast SEO plugin v27.0 - https:\/\/yoast.com\/product\/yoast-seo-wordpress\/ -->\n<title>AIM FOR ZERO - Earlyfeed<\/title>\n<meta name=\"robots\" content=\"index, follow, max-snippet:-1, max-image-preview:large, max-video-preview:-1\" \/>\n<link rel=\"canonical\" href=\"https:\/\/earlyfeednutrition.com\/it\/what-we-offer\/aim-for-zero\/\" \/>\n<meta property=\"og:locale\" content=\"it_IT\" \/>\n<meta property=\"og:type\" content=\"article\" \/>\n<meta property=\"og:title\" content=\"AIM FOR ZERO - Earlyfeed\" \/>\n<meta property=\"og:description\" content=\"Con le crescenti sfide per gli allevamenti in tutto il mondo, la produzione sostenibile \u00e8 diventata una priorit\u00e0. A causa di problemi ambientali e sociali, la somministrazione di zinco medicato e antibiotici durante lo svezzamento \u00e8 sotto pressione a livello globale.&nbsp; Il programma Aim For Zero di Earlyfeed offre un approccio totale e innovativo per [&hellip;]\" \/>\n<meta property=\"og:url\" content=\"https:\/\/earlyfeednutrition.com\/it\/what-we-offer\/aim-for-zero\/\" \/>\n<meta property=\"og:site_name\" content=\"Earlyfeed\" \/>\n<meta property=\"article:modified_time\" content=\"2023-01-20T13:54:24+00:00\" \/>\n<meta property=\"og:image\" content=\"https:\/\/www.earlyfeednutrition.com\/app\/uploads\/2020\/11\/A40_standalone3-e1638522279314-1024x476.png\" \/>\n\t<meta property=\"og:image:width\" content=\"1024\" \/>\n\t<meta property=\"og:image:height\" content=\"476\" \/>\n\t<meta property=\"og:image:type\" content=\"image\/png\" \/>\n<meta name=\"twitter:card\" content=\"summary_large_image\" \/>\n<meta name=\"twitter:label1\" content=\"Est. reading time\" \/>\n\t<meta name=\"twitter:data1\" content=\"3 minutes\" \/>\n<script type=\"application\/ld+json\" class=\"yoast-schema-graph\">{\"@context\":\"https:\/\/schema.org\",\"@graph\":[{\"@type\":\"WebPage\",\"@id\":\"https:\/\/earlyfeednutrition.com\/it\/what-we-offer\/aim-for-zero\/\",\"url\":\"https:\/\/earlyfeednutrition.com\/it\/what-we-offer\/aim-for-zero\/\",\"name\":\"AIM FOR ZERO - Earlyfeed\",\"isPartOf\":{\"@id\":\"https:\/\/earlyfeednutrition.com\/it\/#website\"},\"primaryImageOfPage\":{\"@id\":\"https:\/\/earlyfeednutrition.com\/it\/what-we-offer\/aim-for-zero\/#primaryimage\"},\"image\":{\"@id\":\"https:\/\/earlyfeednutrition.com\/it\/what-we-offer\/aim-for-zero\/#primaryimage\"},\"thumbnailUrl\":\"https:\/\/earlyfeednutrition.com\/app\/uploads\/2020\/11\/A40_standalone3-e1638522279314.png\",\"datePublished\":\"2021-12-05T23:00:19+00:00\",\"dateModified\":\"2023-01-20T13:54:24+00:00\",\"breadcrumb\":{\"@id\":\"https:\/\/earlyfeednutrition.com\/it\/what-we-offer\/aim-for-zero\/#breadcrumb\"},\"inLanguage\":\"it-IT\",\"potentialAction\":[{\"@type\":\"ReadAction\",\"target\":[\"https:\/\/earlyfeednutrition.com\/it\/what-we-offer\/aim-for-zero\/\"]}]},{\"@type\":\"ImageObject\",\"inLanguage\":\"it-IT\",\"@id\":\"https:\/\/earlyfeednutrition.com\/it\/what-we-offer\/aim-for-zero\/#primaryimage\",\"url\":\"https:\/\/earlyfeednutrition.com\/app\/uploads\/2020\/11\/A40_standalone3-e1638522279314.png\",\"contentUrl\":\"https:\/\/earlyfeednutrition.com\/app\/uploads\/2020\/11\/A40_standalone3-e1638522279314.png\",\"width\":4988,\"height\":2319},{\"@type\":\"BreadcrumbList\",\"@id\":\"https:\/\/earlyfeednutrition.com\/it\/what-we-offer\/aim-for-zero\/#breadcrumb\",\"itemListElement\":[{\"@type\":\"ListItem\",\"position\":1,\"name\":\"Home\",\"item\":\"https:\/\/earlyfeednutrition.com\/it\/\"},{\"@type\":\"ListItem\",\"position\":2,\"name\":\"Product\",\"item\":\"https:\/\/earlyfeednutrition.com\/it\/what-we-offer\/\"},{\"@type\":\"ListItem\",\"position\":3,\"name\":\"AIM FOR ZERO\"}]},{\"@type\":\"WebSite\",\"@id\":\"https:\/\/earlyfeednutrition.com\/it\/#website\",\"url\":\"https:\/\/earlyfeednutrition.com\/it\/\",\"name\":\"Earlyfeed\",\"description\":\"Right from the start\",\"potentialAction\":[{\"@type\":\"SearchAction\",\"target\":{\"@type\":\"EntryPoint\",\"urlTemplate\":\"https:\/\/earlyfeednutrition.com\/it\/?s={search_term_string}\"},\"query-input\":{\"@type\":\"PropertyValueSpecification\",\"valueRequired\":true,\"valueName\":\"search_term_string\"}}],\"inLanguage\":\"it-IT\"}]}<\/script>\n<!-- \/ Yoast SEO plugin. -->","yoast_head_json":{"title":"AIM FOR ZERO - Earlyfeed","robots":{"index":"index","follow":"follow","max-snippet":"max-snippet:-1","max-image-preview":"max-image-preview:large","max-video-preview":"max-video-preview:-1"},"canonical":"https:\/\/earlyfeednutrition.com\/it\/what-we-offer\/aim-for-zero\/","og_locale":"it_IT","og_type":"article","og_title":"AIM FOR ZERO - Earlyfeed","og_description":"Con le crescenti sfide per gli allevamenti in tutto il mondo, la produzione sostenibile \u00e8 diventata una priorit\u00e0. A causa di problemi ambientali e sociali, la somministrazione di zinco medicato e antibiotici durante lo svezzamento \u00e8 sotto pressione a livello globale.&nbsp; Il programma Aim For Zero di Earlyfeed offre un approccio totale e innovativo per [&hellip;]","og_url":"https:\/\/earlyfeednutrition.com\/it\/what-we-offer\/aim-for-zero\/","og_site_name":"Earlyfeed","article_modified_time":"2023-01-20T13:54:24+00:00","og_image":[{"width":1024,"height":476,"url":"https:\/\/www.earlyfeednutrition.com\/app\/uploads\/2020\/11\/A40_standalone3-e1638522279314-1024x476.png","type":"image\/png"}],"twitter_card":"summary_large_image","twitter_misc":{"Est. reading time":"3 minutes"},"schema":{"@context":"https:\/\/schema.org","@graph":[{"@type":"WebPage","@id":"https:\/\/earlyfeednutrition.com\/it\/what-we-offer\/aim-for-zero\/","url":"https:\/\/earlyfeednutrition.com\/it\/what-we-offer\/aim-for-zero\/","name":"AIM FOR ZERO - Earlyfeed","isPartOf":{"@id":"https:\/\/earlyfeednutrition.com\/it\/#website"},"primaryImageOfPage":{"@id":"https:\/\/earlyfeednutrition.com\/it\/what-we-offer\/aim-for-zero\/#primaryimage"},"image":{"@id":"https:\/\/earlyfeednutrition.com\/it\/what-we-offer\/aim-for-zero\/#primaryimage"},"thumbnailUrl":"https:\/\/earlyfeednutrition.com\/app\/uploads\/2020\/11\/A40_standalone3-e1638522279314.png","datePublished":"2021-12-05T23:00:19+00:00","dateModified":"2023-01-20T13:54:24+00:00","breadcrumb":{"@id":"https:\/\/earlyfeednutrition.com\/it\/what-we-offer\/aim-for-zero\/#breadcrumb"},"inLanguage":"it-IT","potentialAction":[{"@type":"ReadAction","target":["https:\/\/earlyfeednutrition.com\/it\/what-we-offer\/aim-for-zero\/"]}]},{"@type":"ImageObject","inLanguage":"it-IT","@id":"https:\/\/earlyfeednutrition.com\/it\/what-we-offer\/aim-for-zero\/#primaryimage","url":"https:\/\/earlyfeednutrition.com\/app\/uploads\/2020\/11\/A40_standalone3-e1638522279314.png","contentUrl":"https:\/\/earlyfeednutrition.com\/app\/uploads\/2020\/11\/A40_standalone3-e1638522279314.png","width":4988,"height":2319},{"@type":"BreadcrumbList","@id":"https:\/\/earlyfeednutrition.com\/it\/what-we-offer\/aim-for-zero\/#breadcrumb","itemListElement":[{"@type":"ListItem","position":1,"name":"Home","item":"https:\/\/earlyfeednutrition.com\/it\/"},{"@type":"ListItem","position":2,"name":"Product","item":"https:\/\/earlyfeednutrition.com\/it\/what-we-offer\/"},{"@type":"ListItem","position":3,"name":"AIM FOR ZERO"}]},{"@type":"WebSite","@id":"https:\/\/earlyfeednutrition.com\/it\/#website","url":"https:\/\/earlyfeednutrition.com\/it\/","name":"Earlyfeed","description":"Right from the start","potentialAction":[{"@type":"SearchAction","target":{"@type":"EntryPoint","urlTemplate":"https:\/\/earlyfeednutrition.com\/it\/?s={search_term_string}"},"query-input":{"@type":"PropertyValueSpecification","valueRequired":true,"valueName":"search_term_string"}}],"inLanguage":"it-IT"}]}},"_links":{"self":[{"href":"https:\/\/earlyfeednutrition.com\/it\/wp-json\/wp\/v2\/product\/24979","targetHints":{"allow":["GET"]}}],"collection":[{"href":"https:\/\/earlyfeednutrition.com\/it\/wp-json\/wp\/v2\/product"}],"about":[{"href":"https:\/\/earlyfeednutrition.com\/it\/wp-json\/wp\/v2\/types\/product"}],"wp:featuredmedia":[{"embeddable":true,"href":"https:\/\/earlyfeednutrition.com\/it\/wp-json\/wp\/v2\/media\/24204"}],"wp:attachment":[{"href":"https:\/\/earlyfeednutrition.com\/it\/wp-json\/wp\/v2\/media?parent=24979"}],"wp:term":[{"taxonomy":"sector","embeddable":true,"href":"https:\/\/earlyfeednutrition.com\/it\/wp-json\/wp\/v2\/sector?post=24979"},{"taxonomy":"country","embeddable":true,"href":"https:\/\/earlyfeednutrition.com\/it\/wp-json\/wp\/v2\/country?post=24979"},{"taxonomy":"product_category","embeddable":true,"href":"https:\/\/earlyfeednutrition.com\/it\/wp-json\/wp\/v2\/product_category?post=24979"}],"curies":[{"name":"wp","href":"https:\/\/api.w.org\/{rel}","templated":true}]}}