{"id":24591,"date":"2020-11-05T16:00:36","date_gmt":"2020-11-05T16:00:36","guid":{"rendered":"https:\/\/earlyfeednutrition.com\/poultry\/"},"modified":"2023-03-09T12:54:00","modified_gmt":"2023-03-09T11:54:00","slug":"poultry","status":"publish","type":"page","link":"https:\/\/earlyfeednutrition.com\/it\/poultry\/","title":{"rendered":"Avicoli"},"content":{"rendered":"<section class=\"section section--gutenberg section--gutenberg-nomargin wp-block-heading\">\n<h2><span style=\"color: #3A261B\" class=\"text-color\"><span style=\"font-family: bebas-neue-rounded, &quot;Roboto&quot;, &quot;Open Sans&quot;, &quot;Helvetica&quot;, &quot;Arial&quot;, sans-serif;\" class=\"font-family\">Non esiste il termine &#8220;troppo presto&#8221;<\/span><\/span><\/h2>\n<\/section>\n\n<section class=\"section section--gutenberg section--gutenberg-nomargin wp-block-paragraph\">\n<p><span style=\"font-family: &quot;Roboto&quot;, &quot;Open Sans&quot;, &quot;Helvetica&quot;, &quot;Arial&quot;, sans-serif;\" class=\"font-family\">Se volete dare ai vostri pulcini la possibilit\u00e0 di sviluppare adeguatamente il loro corpo, non potete intervenire troppo presto. Purtroppo, si pu\u00f2 intervenire troppo tardi. Sia la ricerca scientifica che l&#8217;esperienza sul campo ci hanno insegnato che le prime 24-72 ore di vita di un pulcino definiscono in gran parte le sue prestazioni successive. Sebbene la natura fornisca al pulcino le sostanze nutritive sotto forma di un residuo del sacco vitellino, questa riserva naturale ha il solo scopo di evitare che il pulcino muoia di fame. Non \u00e8 sufficiente per preparare il giovane a sopravvivere e prosperare nel difficile ambiente di produzione di un allevamento commerciale di pollame.&nbsp;<\/span><\/p>\n<\/section>\n\n<section class=\"section section--gutenberg section--gutenberg-nomargin wp-block-heading\">\n<h2><span style=\"color: #3A261B\" class=\"text-color\"><span style=\"font-family: bebas-neue-rounded, &quot;Roboto&quot;, &quot;Open Sans&quot;, &quot;Helvetica&quot;, &quot;Arial&quot;, sans-serif;\" class=\"font-family\">Un piccolo aiuto da un amico&nbsp;<\/span><\/span><\/h2>\n<\/section>\n\n<section class=\"section section--gutenberg section--gutenberg-nomargin wp-block-paragraph\">\n<p><span style=\"font-family: &quot;Roboto&quot;, &quot;Open Sans&quot;, &quot;Helvetica&quot;, &quot;Arial&quot;, sans-serif;\" class=\"font-family\">La buona notizia \u00e8 che molti pulcini (e probabilmente pi\u00f9 di quelli che pensate) riescono a cavarsela, nonostante i fattori di stress nei primi giorni di vita. Tutto ci\u00f2 di cui hanno bisogno \u00e8 un piccolo aiuto. I concetti di Earlyfeed per i pulcini di un giorno sono stati accuratamente sviluppati per armonizzare le esigenze del giovane pulcino con le richieste del ciclo di vita.&nbsp;<\/span><\/p>\n<\/section>\n\n<section class=\"section section--gutenberg section--gutenberg-nomargin wp-block-paragraph\">\n<p><span style=\"font-family: &quot;Roboto&quot;, &quot;Open Sans&quot;, &quot;Helvetica&quot;, &quot;Arial&quot;, sans-serif;\" class=\"font-family\">Le nostre soluzioni, se applicate in modo adeguato, determinano un&#8217;assunzione di mangime rapida e stabile e una transizione graduale dall\u2019uovo al mangime. La composizione dei nutrienti consente uno sviluppo intestinale rapido ed equilibrato, senza esercitare troppa pressione sul tratto gastroenterico e sulla stabilit\u00e0 della microflora dei giovani animali. L&#8217;obiettivo finale \u00e8 che i pulcini mangino il prima possibile, ottenendo cos\u00ec prestazioni elevate durante tutto il ciclo di vita.&nbsp;<\/span><\/p>\n<\/section>","protected":false},"excerpt":{"rendered":"<p>Non esiste il termine &#8220;troppo presto&#8221; Se volete dare ai vostri pulcini la possibilit\u00e0 di sviluppare adeguatamente il loro corpo, non potete intervenire troppo presto. Purtroppo, si pu\u00f2 intervenire troppo tardi. Sia la ricerca scientifica che l&#8217;esperienza sul campo ci hanno insegnato che le prime 24-72 ore di vita di un pulcino definiscono in gran [&hellip;]<\/p>\n","protected":false},"author":1,"featured_media":0,"parent":24601,"menu_order":0,"comment_status":"closed","ping_status":"closed","template":"page-product-group.php","meta":{"_acf_changed":false,"footnotes":""},"country":[],"class_list":["post-24591","page","type-page","status-publish","hentry"],"acf":[],"yoast_head":"<!-- This site is optimized with the Yoast SEO plugin v27.0 - https:\/\/yoast.com\/product\/yoast-seo-wordpress\/ -->\n<title>Avicoli - Earlyfeed<\/title>\n<meta name=\"robots\" content=\"index, follow, max-snippet:-1, max-image-preview:large, max-video-preview:-1\" \/>\n<link rel=\"canonical\" href=\"https:\/\/earlyfeednutrition.com\/it\/poultry\/\" \/>\n<meta property=\"og:locale\" content=\"it_IT\" \/>\n<meta property=\"og:type\" content=\"article\" \/>\n<meta property=\"og:title\" content=\"Avicoli - Earlyfeed\" \/>\n<meta property=\"og:description\" content=\"Non esiste il termine &#8220;troppo presto&#8221; Se volete dare ai vostri pulcini la possibilit\u00e0 di sviluppare adeguatamente il loro corpo, non potete intervenire troppo presto. Purtroppo, si pu\u00f2 intervenire troppo tardi. Sia la ricerca scientifica che l&#8217;esperienza sul campo ci hanno insegnato che le prime 24-72 ore di vita di un pulcino definiscono in gran [&hellip;]\" \/>\n<meta property=\"og:url\" content=\"https:\/\/earlyfeednutrition.com\/it\/poultry\/\" \/>\n<meta property=\"og:site_name\" content=\"Earlyfeed\" \/>\n<meta property=\"article:modified_time\" content=\"2023-03-09T11:54:00+00:00\" \/>\n<meta name=\"twitter:card\" content=\"summary_large_image\" \/>\n<meta name=\"twitter:label1\" content=\"Est. reading time\" \/>\n\t<meta name=\"twitter:data1\" content=\"2 minutes\" \/>\n<script type=\"application\/ld+json\" class=\"yoast-schema-graph\">{\"@context\":\"https:\/\/schema.org\",\"@graph\":[{\"@type\":\"WebPage\",\"@id\":\"https:\/\/earlyfeednutrition.com\/it\/poultry\/\",\"url\":\"https:\/\/earlyfeednutrition.com\/it\/poultry\/\",\"name\":\"Avicoli - Earlyfeed\",\"isPartOf\":{\"@id\":\"https:\/\/earlyfeednutrition.com\/it\/#website\"},\"datePublished\":\"2020-11-05T16:00:36+00:00\",\"dateModified\":\"2023-03-09T11:54:00+00:00\",\"breadcrumb\":{\"@id\":\"https:\/\/earlyfeednutrition.com\/it\/poultry\/#breadcrumb\"},\"inLanguage\":\"it-IT\",\"potentialAction\":[{\"@type\":\"ReadAction\",\"target\":[\"https:\/\/earlyfeednutrition.com\/it\/poultry\/\"]}]},{\"@type\":\"BreadcrumbList\",\"@id\":\"https:\/\/earlyfeednutrition.com\/it\/poultry\/#breadcrumb\",\"itemListElement\":[{\"@type\":\"ListItem\",\"position\":1,\"name\":\"Home\",\"item\":\"https:\/\/earlyfeednutrition.com\/it\/\"},{\"@type\":\"ListItem\",\"position\":2,\"name\":\"Cosa facciamo\",\"item\":\"https:\/\/earlyfeednutrition.com\/it\/what-we-do\/\"},{\"@type\":\"ListItem\",\"position\":3,\"name\":\"Avicoli\"}]},{\"@type\":\"WebSite\",\"@id\":\"https:\/\/earlyfeednutrition.com\/it\/#website\",\"url\":\"https:\/\/earlyfeednutrition.com\/it\/\",\"name\":\"Earlyfeed\",\"description\":\"Right from the start\",\"potentialAction\":[{\"@type\":\"SearchAction\",\"target\":{\"@type\":\"EntryPoint\",\"urlTemplate\":\"https:\/\/earlyfeednutrition.com\/it\/?s={search_term_string}\"},\"query-input\":{\"@type\":\"PropertyValueSpecification\",\"valueRequired\":true,\"valueName\":\"search_term_string\"}}],\"inLanguage\":\"it-IT\"}]}<\/script>\n<!-- \/ Yoast SEO plugin. -->","yoast_head_json":{"title":"Avicoli - Earlyfeed","robots":{"index":"index","follow":"follow","max-snippet":"max-snippet:-1","max-image-preview":"max-image-preview:large","max-video-preview":"max-video-preview:-1"},"canonical":"https:\/\/earlyfeednutrition.com\/it\/poultry\/","og_locale":"it_IT","og_type":"article","og_title":"Avicoli - Earlyfeed","og_description":"Non esiste il termine &#8220;troppo presto&#8221; Se volete dare ai vostri pulcini la possibilit\u00e0 di sviluppare adeguatamente il loro corpo, non potete intervenire troppo presto. Purtroppo, si pu\u00f2 intervenire troppo tardi. Sia la ricerca scientifica che l&#8217;esperienza sul campo ci hanno insegnato che le prime 24-72 ore di vita di un pulcino definiscono in gran [&hellip;]","og_url":"https:\/\/earlyfeednutrition.com\/it\/poultry\/","og_site_name":"Earlyfeed","article_modified_time":"2023-03-09T11:54:00+00:00","twitter_card":"summary_large_image","twitter_misc":{"Est. reading time":"2 minutes"},"schema":{"@context":"https:\/\/schema.org","@graph":[{"@type":"WebPage","@id":"https:\/\/earlyfeednutrition.com\/it\/poultry\/","url":"https:\/\/earlyfeednutrition.com\/it\/poultry\/","name":"Avicoli - Earlyfeed","isPartOf":{"@id":"https:\/\/earlyfeednutrition.com\/it\/#website"},"datePublished":"2020-11-05T16:00:36+00:00","dateModified":"2023-03-09T11:54:00+00:00","breadcrumb":{"@id":"https:\/\/earlyfeednutrition.com\/it\/poultry\/#breadcrumb"},"inLanguage":"it-IT","potentialAction":[{"@type":"ReadAction","target":["https:\/\/earlyfeednutrition.com\/it\/poultry\/"]}]},{"@type":"BreadcrumbList","@id":"https:\/\/earlyfeednutrition.com\/it\/poultry\/#breadcrumb","itemListElement":[{"@type":"ListItem","position":1,"name":"Home","item":"https:\/\/earlyfeednutrition.com\/it\/"},{"@type":"ListItem","position":2,"name":"Cosa facciamo","item":"https:\/\/earlyfeednutrition.com\/it\/what-we-do\/"},{"@type":"ListItem","position":3,"name":"Avicoli"}]},{"@type":"WebSite","@id":"https:\/\/earlyfeednutrition.com\/it\/#website","url":"https:\/\/earlyfeednutrition.com\/it\/","name":"Earlyfeed","description":"Right from the start","potentialAction":[{"@type":"SearchAction","target":{"@type":"EntryPoint","urlTemplate":"https:\/\/earlyfeednutrition.com\/it\/?s={search_term_string}"},"query-input":{"@type":"PropertyValueSpecification","valueRequired":true,"valueName":"search_term_string"}}],"inLanguage":"it-IT"}]}},"_links":{"self":[{"href":"https:\/\/earlyfeednutrition.com\/it\/wp-json\/wp\/v2\/pages\/24591","targetHints":{"allow":["GET"]}}],"collection":[{"href":"https:\/\/earlyfeednutrition.com\/it\/wp-json\/wp\/v2\/pages"}],"about":[{"href":"https:\/\/earlyfeednutrition.com\/it\/wp-json\/wp\/v2\/types\/page"}],"author":[{"embeddable":true,"href":"https:\/\/earlyfeednutrition.com\/it\/wp-json\/wp\/v2\/users\/1"}],"replies":[{"embeddable":true,"href":"https:\/\/earlyfeednutrition.com\/it\/wp-json\/wp\/v2\/comments?post=24591"}],"version-history":[{"count":5,"href":"https:\/\/earlyfeednutrition.com\/it\/wp-json\/wp\/v2\/pages\/24591\/revisions"}],"predecessor-version":[{"id":26363,"href":"https:\/\/earlyfeednutrition.com\/it\/wp-json\/wp\/v2\/pages\/24591\/revisions\/26363"}],"up":[{"embeddable":true,"href":"https:\/\/earlyfeednutrition.com\/it\/wp-json\/wp\/v2\/pages\/24601"}],"wp:attachment":[{"href":"https:\/\/earlyfeednutrition.com\/it\/wp-json\/wp\/v2\/media?parent=24591"}],"wp:term":[{"taxonomy":"country","embeddable":true,"href":"https:\/\/earlyfeednutrition.com\/it\/wp-json\/wp\/v2\/country?post=24591"}],"curies":[{"name":"wp","href":"https:\/\/api.w.org\/{rel}","templated":true}]}}