{"id":18203,"date":"2021-12-03T12:23:40","date_gmt":"2021-12-03T11:23:40","guid":{"rendered":"https:\/\/earlyfeednutrition.com\/what-we-offer\/rumi-lac\/"},"modified":"2022-06-14T10:23:32","modified_gmt":"2022-06-14T09:23:32","slug":"rumi-lac","status":"publish","type":"product","link":"https:\/\/earlyfeednutrition.com\/hu\/what-we-offer\/rumi-lac\/","title":{"rendered":"RUMI LAC"},"content":{"rendered":"<section class=\"section section--gutenberg section--gutenberg-nomargin wp-block-columns\"><div class=\"container\" style=\"\"><div class=\"columns\"><div class=\"wp-block-column column\" style=\"\"><section class=\"section section--gutenberg section--gutenberg-nomargin wp-block-heading\">\n<h2><span style=\"font-family: bebas-neue-rounded, &quot;Roboto&quot;, &quot;Open Sans&quot;, &quot;Helvetica&quot;, &quot;Arial&quot;, sans-serif;\" class=\"font-family\"><span style=\"color: #DBB154\" class=\"text-color\">TEJP\u00d3TL\u00d3 A BORJAK OPTIM\u00c1LIS EG\u00c9SZS\u00c9G\u00c9RT \u00c9S N\u00d6VEKED\u00c9S\u00c9RT<\/span><\/span><\/h2>\n<\/section><section class=\"section section--gutenberg section--gutenberg-nomargin wp-block-paragraph\">\n<p><span style=\"font-family: &quot;Roboto&quot;, &quot;Open Sans&quot;, &quot;Helvetica&quot;, &quot;Arial&quot;, sans-serif;\" class=\"font-family\"><span style=\"color: #FFFFFF\" class=\"text-color\">A borjak eg\u00e9szs\u00e9ge \u00e9s n\u00f6veked\u00e9se \u00e9let\u00fck els\u0151 3 h\u00f3napj\u00e1ban nagy hat\u00e1ssal van a j\u00f6v\u0151beni termel\u00e9si potenci\u00e1ljukra. Tudom\u00e1nyos kutat\u00e1sok bizony\u00edtott\u00e1k, hogy az els\u0151 lakt\u00e1ci\u00f3s tejtermel\u00e9s \u00e9s az \u00e9letteljes\u00edtm\u00e9ny szorosan \u00f6sszef\u00fcgg a v\u00e1laszt\u00e1s el\u0151tti n\u00f6veked\u00e9ssel \u00e9s eg\u00e9szs\u00e9gi \u00e1llapottal. Mindezek alapj\u00e1n val\u00f3ban kifizet\u0151d\u0151 befektetni egy min\u0151s\u00e9gi borj\u00fa tejp\u00f3tl\u00f3ba. A Rumi Lac term\u00e9ksk\u00e1l\u00e1t, mely tartalmazza a START+ koncepci\u00f3t, kifejezetten a borjak n\u00f6veked\u00e9s\u00e9nek optimaliz\u00e1l\u00e1s\u00e1ra \u00e9s az eg\u00e9szs\u00e9gi kock\u00e1zatok minimaliz\u00e1l\u00e1s\u00e1ra fejlesztett\u00fck ki. A megfelel\u0151 energia \u00e9s feh\u00e9rjebevitel biztos\u00edt\u00e1sa mellett, a term\u00e9ksk\u00e1la minden term\u00e9ke a b\u00e9lrendszer eg\u00e9szs\u00e9g\u00e9re helyezi a hangs\u00falyt. Mivel a j\u00f3 min\u0151s\u00e9g\u0171 tej itat\u00e1sa messze t\u00falmutat a borj\u00fa b\u00e9lrendszer\u00e9nek eg\u00e9szs\u00e9g\u00e9n, hiszen a borj\u00fa immunrendszere is er\u0151s\u00f6dik \u00e1ltala, seg\u00edtve azt sz\u00e1mos betegs\u00e9g lek\u00fczd\u00e9s\u00e9ben.<\/span><\/span><\/p>\n<\/section><\/div><div class=\"wp-block-column column\" style=\"\"><section class=\"section section--gutenberg section--gutenberg-nomargin wp-block-heading\">\n<h2><span style=\"font-family: bebas-neue-rounded, &quot;Roboto&quot;, &quot;Open Sans&quot;, &quot;Helvetica&quot;, &quot;Arial&quot;, sans-serif;\" class=\"font-family\"><span style=\"color: #DBB154\" class=\"text-color\">START+<\/span><\/span><br><\/h2>\n<\/section><section class=\"section section--gutenberg section--gutenberg-nomargin wp-block-paragraph\">\n<p><span style=\"font-family: &quot;Roboto&quot;, &quot;Open Sans&quot;, &quot;Helvetica&quot;, &quot;Arial&quot;, sans-serif;\" class=\"font-family\"><span style=\"color: #FFFFFF\" class=\"text-color\">A Rumi Lac term\u00e9ksk\u00e1la tartalmazza az innovat\u00edv START+ koncepci\u00f3nkat, \u00e9s mindemellet olyan akt\u00edv komponenseket is tartalmaz mint pl. prebiotikus rost, probiotikumok, term\u00e9szetes antioxid\u00e1nsok \u00e9s szerves szel\u00e9n. Ezt a koncepci\u00f3t kimondottan az\u00e9rt fejlesztett\u00fck ki, hogy kezdeti el\u0151nyt biztos\u00edtson a borjak sz\u00e1m\u00e1ra m\u00e1r \u00e9let\u00fck kezdeti szakasz\u00e1ban is. A START+ el\u0151seg\u00edti az \u00fajsz\u00fcl\u00f6tt borjak m\u00e9g fejletlen b\u00e9lrendszer\u00e9nek \u00e9r\u00e9s\u00e9t \u00e9s el\u0151seg\u00edti a borjak eg\u00e9szs\u00e9ges fejl\u0151d\u00e9s\u00e9t eg\u00e9szen a kezdetekt\u0151l.<\/span><\/span><\/p>\n<\/section><\/div><div class=\"wp-block-column column\" style=\"\"><section class=\"section section--gutenberg section--gutenberg-nomargin wp-block-heading\">\n<h2><span style=\"\" class=\"text-color\"><span style=\"font-family: bebas-neue-rounded, Roboto, &quot;Open Sans&quot;, Helvetica, Arial, sans-serif;\" class=\"font-family\"><font color=\"#dbb154\">EL\u0150NY\u00d6K<\/font><\/span><\/span><\/h2>\n<\/section>\n<ul class=\"wp-block-list\"><li><span style=\"font-family: &quot;Roboto&quot;, &quot;Open Sans&quot;, &quot;Helvetica&quot;, &quot;Arial&quot;, sans-serif;\" class=\"font-family\">GMO-kontroll\u00e1lt \u00e9s VLOG tan\u00fas\u00edtv\u00e1nnyal rendelkezik<\/span><\/li><li><span style=\"font-family: &quot;Roboto&quot;, &quot;Open Sans&quot;, &quot;Helvetica&quot;, &quot;Arial&quot;, sans-serif;\" class=\"font-family\">Kiv\u00e1l\u00f3 \u00edz<\/span><\/li><li><span style=\"font-family: &quot;Roboto&quot;, &quot;Open Sans&quot;, &quot;Helvetica&quot;, &quot;Arial&quot;, sans-serif;\" class=\"font-family\">El\u0151seg\u00edti a korai szil\u00e1rd takarm\u00e1nyfelv\u00e9telt<\/span><\/li><li><span style=\"font-family: Roboto, &quot;Open Sans&quot;, Helvetica, Arial, sans-serif;\">T\u00e1mogatja A b\u00e9lrendszer eg\u00e9szs\u00e9g\u00e9t<\/span><\/li><li><span style=\"font-family: &quot;Roboto&quot;, &quot;Open Sans&quot;, &quot;Helvetica&quot;, &quot;Arial&quot;, sans-serif;\" class=\"font-family\">T\u00e1mogatja az immunit\u00e1st<\/span><\/li><\/ul>\n<div class=\"block block--productwhitepaper\">\n        <h3 class=\"block-title\">T\u00f6bbet szeretne tudni? <\/h3>\n    \n            \n    \n\n    <button class=\"button button--secondary button--arrow button--large \" id=''>T\u00f6ltse le kiadv\u00e1nyunkat\n    \n\n\n <\/button> \n        \n        \n    <\/div><\/div><\/div><\/div><\/section>\n\n\n\n<section id=\"earlyfeed-gallery-block_5fb79eaebe7b6\" class=\"section section--gutenberg earlyfeed-gallery\">\n    <div class=\"container\">\n        <div class=\"columns\" style='height: 400px'>\n                    \n            \n            <div class=\"column col-width--65\">\n                                <picture>\n                                        \n                    <source media=\"(min-width: 2561px)\" data-srcset=\"https:\/\/earlyfeednutrition.com\/app\/uploads\/2020\/11\/what_we_do_ruminants-scaled.jpg\" \/>\n                    <source media=\"(min-width: 1921px)\" data-srcset=\"https:\/\/earlyfeednutrition.com\/app\/uploads\/2020\/11\/what_we_do_ruminants-2560x1600.jpg\" \/>\n                    <source media=\"(min-width: 1441px)\" data-srcset=\"https:\/\/earlyfeednutrition.com\/app\/uploads\/2020\/11\/what_we_do_ruminants-1920x1200.jpg\" \/>\n                    <source media=\"(min-width: 1281px)\" data-srcset=\"https:\/\/earlyfeednutrition.com\/app\/uploads\/2020\/11\/what_we_do_ruminants-1440x900.jpg\" \/>\n                    <source media=\"(min-width: 769px)\" data-srcset=\"https:\/\/earlyfeednutrition.com\/app\/uploads\/2020\/11\/what_we_do_ruminants-1280x800.jpg\" \/>\n                    <source media=\"(min-width: 476px)\" data-srcset=\"https:\/\/earlyfeednutrition.com\/app\/uploads\/2020\/11\/what_we_do_ruminants-768x480.jpg\" \/>\n                    <source media=\"(min-width: 321px)\" data-srcset=\"https:\/\/earlyfeednutrition.com\/app\/uploads\/2020\/11\/what_we_do_ruminants-475x297.jpg\" \/>\n                    <source media=\"(max-width: 320px)\" data-srcset=\"https:\/\/earlyfeednutrition.com\/app\/uploads\/2020\/11\/what_we_do_ruminants-320x200.jpg\" \/>\n                    \n                    <img data-src=\"https:\/\/earlyfeednutrition.com\/app\/uploads\/2020\/11\/what_we_do_ruminants-320x200.jpg\" alt=\"\" class=\"lazyload\">\n                <\/picture>\n\n            <\/div>\n                                \n            \n            <div class=\"column col-width--30\">\n                                <picture>\n                                        \n                    <source media=\"(min-width: 2561px)\" data-srcset=\"https:\/\/earlyfeednutrition.com\/app\/uploads\/2020\/11\/shutterstock_1155149179-2.jpg\" \/>\n                    <source media=\"(min-width: 1921px)\" data-srcset=\"https:\/\/earlyfeednutrition.com\/app\/uploads\/2020\/11\/shutterstock_1155149179-2.jpg\" \/>\n                    <source media=\"(min-width: 1441px)\" data-srcset=\"https:\/\/earlyfeednutrition.com\/app\/uploads\/2020\/11\/shutterstock_1155149179-2-1920x1279.jpg\" \/>\n                    <source media=\"(min-width: 1281px)\" data-srcset=\"https:\/\/earlyfeednutrition.com\/app\/uploads\/2020\/11\/shutterstock_1155149179-2-1440x960.jpg\" \/>\n                    <source media=\"(min-width: 769px)\" data-srcset=\"https:\/\/earlyfeednutrition.com\/app\/uploads\/2020\/11\/shutterstock_1155149179-2-1280x853.jpg\" \/>\n                    <source media=\"(min-width: 476px)\" data-srcset=\"https:\/\/earlyfeednutrition.com\/app\/uploads\/2020\/11\/shutterstock_1155149179-2-768x512.jpg\" \/>\n                    <source media=\"(min-width: 321px)\" data-srcset=\"https:\/\/earlyfeednutrition.com\/app\/uploads\/2020\/11\/shutterstock_1155149179-2-475x317.jpg\" \/>\n                    <source media=\"(max-width: 320px)\" data-srcset=\"https:\/\/earlyfeednutrition.com\/app\/uploads\/2020\/11\/shutterstock_1155149179-2-320x213.jpg\" \/>\n                    \n                    <img data-src=\"https:\/\/earlyfeednutrition.com\/app\/uploads\/2020\/11\/shutterstock_1155149179-2-320x213.jpg\" alt=\"\" class=\"lazyload\">\n                <\/picture>\n\n            <\/div>\n                            <\/div>\n    <\/div>\n<\/section> \n\n\n<section id=\"agri-contact-tile-block_5fc625bb87bc5\" class=\"section section--gutenberg agri-contact-tile\">\n    <div class=\"container\">\n        <div class=\"columns\">\n            <div class=\"column is-full is-8-tablet is-offset-2-tablet is-6-desktop is-offset-3-desktop is-4-widescreen is-offset-4-widescreen\">\n                <div class=\"block block--localcontact\">\n                    <div class=\"content\">\n                        <div class=\"note\">Az \u00d6n Earlyfeed szaktan\u00e1csad\u00f3ja: <\/div>\n                        <div class=\"name\">Eduardo  Ichikawa<\/div>\n                        <div class=\"function\">Gerente Tecnico e de Inova\u00e7\u00f5es<\/div>\n                    <\/div>\n\n                    <div class=\"button--wrapper\">\n                        <a href=\"mailto:e.ichikawa@agrifirm.com\" class=\"button button--primary button--primary--brown\">kapcsolatfelv\u00e9tel<\/a>\n                    <\/div>\n\n                    <div class=\"description\">\n                        <p>Ezt a kapcsolatot az \u00d6n \u00e1ltal b\u00f6ng\u00e9szett hely alapj\u00e1n javasoltuk. Term\u00e9szetesen m\u00e1s el\u00e9rhet\u0151s\u00e9geinket \u00e9s helysz\u00edneinket is megtekintheti <a href=\"https:\/\/earlyfeednutrition.com\/hu\/contact-us\/\"><span class=\"s1\">itt<\/span><\/a>.<\/p>\n                    <\/div>\n                <\/div>\n            <\/div>\n        <\/div>\n    <\/div>\n<\/section>","protected":false},"featured_media":16281,"template":"","sector":[2108],"country":[],"product_category":[],"class_list":["post-18203","product","type-product","status-publish","has-post-thumbnail","hentry","sector-kerodzok-hu"],"acf":[],"yoast_head":"<!-- This site is optimized with the Yoast SEO plugin v27.0 - https:\/\/yoast.com\/product\/yoast-seo-wordpress\/ -->\n<title>RUMI LAC - Earlyfeed<\/title>\n<meta name=\"robots\" content=\"index, follow, max-snippet:-1, max-image-preview:large, max-video-preview:-1\" \/>\n<link rel=\"canonical\" href=\"https:\/\/earlyfeednutrition.com\/hu\/what-we-offer\/rumi-lac\/\" \/>\n<meta property=\"og:locale\" content=\"hu_HU\" \/>\n<meta property=\"og:type\" content=\"article\" \/>\n<meta property=\"og:title\" content=\"RUMI LAC - Earlyfeed\" \/>\n<meta property=\"og:description\" content=\"TEJP\u00d3TL\u00d3 A BORJAK OPTIM\u00c1LIS EG\u00c9SZS\u00c9G\u00c9RT \u00c9S N\u00d6VEKED\u00c9S\u00c9RT A borjak eg\u00e9szs\u00e9ge \u00e9s n\u00f6veked\u00e9se \u00e9let\u00fck els\u0151 3 h\u00f3napj\u00e1ban nagy hat\u00e1ssal van a j\u00f6v\u0151beni termel\u00e9si potenci\u00e1ljukra. Tudom\u00e1nyos kutat\u00e1sok bizony\u00edtott\u00e1k, hogy az els\u0151 lakt\u00e1ci\u00f3s tejtermel\u00e9s \u00e9s az \u00e9letteljes\u00edtm\u00e9ny szorosan \u00f6sszef\u00fcgg a v\u00e1laszt\u00e1s el\u0151tti n\u00f6veked\u00e9ssel \u00e9s eg\u00e9szs\u00e9gi \u00e1llapottal. Mindezek alapj\u00e1n val\u00f3ban kifizet\u0151d\u0151 befektetni egy min\u0151s\u00e9gi borj\u00fa tejp\u00f3tl\u00f3ba. A Rumi Lac [&hellip;]\" \/>\n<meta property=\"og:url\" content=\"https:\/\/earlyfeednutrition.com\/hu\/what-we-offer\/rumi-lac\/\" \/>\n<meta property=\"og:site_name\" content=\"Earlyfeed\" \/>\n<meta property=\"article:modified_time\" content=\"2022-06-14T09:23:32+00:00\" \/>\n<meta property=\"og:image\" content=\"https:\/\/earlyfeednutrition.com\/app\/uploads\/2021\/07\/shutterstock_1787059706_edit-scaled.jpg\" \/>\n\t<meta property=\"og:image:width\" content=\"2560\" \/>\n\t<meta property=\"og:image:height\" content=\"1696\" \/>\n\t<meta property=\"og:image:type\" content=\"image\/jpeg\" \/>\n<meta name=\"twitter:card\" content=\"summary_large_image\" \/>\n<meta name=\"twitter:label1\" content=\"Est. reading time\" \/>\n\t<meta name=\"twitter:data1\" content=\"1 minute\" \/>\n<script type=\"application\/ld+json\" class=\"yoast-schema-graph\">{\"@context\":\"https:\/\/schema.org\",\"@graph\":[{\"@type\":\"WebPage\",\"@id\":\"https:\/\/earlyfeednutrition.com\/hu\/what-we-offer\/rumi-lac\/\",\"url\":\"https:\/\/earlyfeednutrition.com\/hu\/what-we-offer\/rumi-lac\/\",\"name\":\"RUMI LAC - Earlyfeed\",\"isPartOf\":{\"@id\":\"https:\/\/earlyfeednutrition.com\/hu\/#website\"},\"primaryImageOfPage\":{\"@id\":\"https:\/\/earlyfeednutrition.com\/hu\/what-we-offer\/rumi-lac\/#primaryimage\"},\"image\":{\"@id\":\"https:\/\/earlyfeednutrition.com\/hu\/what-we-offer\/rumi-lac\/#primaryimage\"},\"thumbnailUrl\":\"https:\/\/earlyfeednutrition.com\/app\/uploads\/2021\/07\/shutterstock_1787059706_edit-scaled.jpg\",\"datePublished\":\"2021-12-03T11:23:40+00:00\",\"dateModified\":\"2022-06-14T09:23:32+00:00\",\"breadcrumb\":{\"@id\":\"https:\/\/earlyfeednutrition.com\/hu\/what-we-offer\/rumi-lac\/#breadcrumb\"},\"inLanguage\":\"hu-HU\",\"potentialAction\":[{\"@type\":\"ReadAction\",\"target\":[\"https:\/\/earlyfeednutrition.com\/hu\/what-we-offer\/rumi-lac\/\"]}]},{\"@type\":\"ImageObject\",\"inLanguage\":\"hu-HU\",\"@id\":\"https:\/\/earlyfeednutrition.com\/hu\/what-we-offer\/rumi-lac\/#primaryimage\",\"url\":\"https:\/\/earlyfeednutrition.com\/app\/uploads\/2021\/07\/shutterstock_1787059706_edit-scaled.jpg\",\"contentUrl\":\"https:\/\/earlyfeednutrition.com\/app\/uploads\/2021\/07\/shutterstock_1787059706_edit-scaled.jpg\",\"width\":2560,\"height\":1696,\"caption\":\"Dairy calves fed milk in the stable. Calf on a dairy farm drinking millk from a drinking bowls\"},{\"@type\":\"BreadcrumbList\",\"@id\":\"https:\/\/earlyfeednutrition.com\/hu\/what-we-offer\/rumi-lac\/#breadcrumb\",\"itemListElement\":[{\"@type\":\"ListItem\",\"position\":1,\"name\":\"Kezd\u0151lap\",\"item\":\"https:\/\/earlyfeed.kinsta.cloud\/hu\/\"},{\"@type\":\"ListItem\",\"position\":2,\"name\":\"Megold\u00e1saink\",\"item\":\"https:\/\/earlyfeednutrition.com\/hu\/what-we-offer\/\"},{\"@type\":\"ListItem\",\"position\":3,\"name\":\"RUMI LAC\"}]},{\"@type\":\"WebSite\",\"@id\":\"https:\/\/earlyfeednutrition.com\/hu\/#website\",\"url\":\"https:\/\/earlyfeednutrition.com\/hu\/\",\"name\":\"Earlyfeed\",\"description\":\"Right from the start\",\"potentialAction\":[{\"@type\":\"SearchAction\",\"target\":{\"@type\":\"EntryPoint\",\"urlTemplate\":\"https:\/\/earlyfeednutrition.com\/hu\/?s={search_term_string}\"},\"query-input\":{\"@type\":\"PropertyValueSpecification\",\"valueRequired\":true,\"valueName\":\"search_term_string\"}}],\"inLanguage\":\"hu-HU\"}]}<\/script>\n<!-- \/ Yoast SEO plugin. -->","yoast_head_json":{"title":"RUMI LAC - Earlyfeed","robots":{"index":"index","follow":"follow","max-snippet":"max-snippet:-1","max-image-preview":"max-image-preview:large","max-video-preview":"max-video-preview:-1"},"canonical":"https:\/\/earlyfeednutrition.com\/hu\/what-we-offer\/rumi-lac\/","og_locale":"hu_HU","og_type":"article","og_title":"RUMI LAC - Earlyfeed","og_description":"TEJP\u00d3TL\u00d3 A BORJAK OPTIM\u00c1LIS EG\u00c9SZS\u00c9G\u00c9RT \u00c9S N\u00d6VEKED\u00c9S\u00c9RT A borjak eg\u00e9szs\u00e9ge \u00e9s n\u00f6veked\u00e9se \u00e9let\u00fck els\u0151 3 h\u00f3napj\u00e1ban nagy hat\u00e1ssal van a j\u00f6v\u0151beni termel\u00e9si potenci\u00e1ljukra. Tudom\u00e1nyos kutat\u00e1sok bizony\u00edtott\u00e1k, hogy az els\u0151 lakt\u00e1ci\u00f3s tejtermel\u00e9s \u00e9s az \u00e9letteljes\u00edtm\u00e9ny szorosan \u00f6sszef\u00fcgg a v\u00e1laszt\u00e1s el\u0151tti n\u00f6veked\u00e9ssel \u00e9s eg\u00e9szs\u00e9gi \u00e1llapottal. Mindezek alapj\u00e1n val\u00f3ban kifizet\u0151d\u0151 befektetni egy min\u0151s\u00e9gi borj\u00fa tejp\u00f3tl\u00f3ba. A Rumi Lac [&hellip;]","og_url":"https:\/\/earlyfeednutrition.com\/hu\/what-we-offer\/rumi-lac\/","og_site_name":"Earlyfeed","article_modified_time":"2022-06-14T09:23:32+00:00","og_image":[{"width":2560,"height":1696,"url":"https:\/\/earlyfeednutrition.com\/app\/uploads\/2021\/07\/shutterstock_1787059706_edit-scaled.jpg","type":"image\/jpeg"}],"twitter_card":"summary_large_image","twitter_misc":{"Est. reading time":"1 minute"},"schema":{"@context":"https:\/\/schema.org","@graph":[{"@type":"WebPage","@id":"https:\/\/earlyfeednutrition.com\/hu\/what-we-offer\/rumi-lac\/","url":"https:\/\/earlyfeednutrition.com\/hu\/what-we-offer\/rumi-lac\/","name":"RUMI LAC - Earlyfeed","isPartOf":{"@id":"https:\/\/earlyfeednutrition.com\/hu\/#website"},"primaryImageOfPage":{"@id":"https:\/\/earlyfeednutrition.com\/hu\/what-we-offer\/rumi-lac\/#primaryimage"},"image":{"@id":"https:\/\/earlyfeednutrition.com\/hu\/what-we-offer\/rumi-lac\/#primaryimage"},"thumbnailUrl":"https:\/\/earlyfeednutrition.com\/app\/uploads\/2021\/07\/shutterstock_1787059706_edit-scaled.jpg","datePublished":"2021-12-03T11:23:40+00:00","dateModified":"2022-06-14T09:23:32+00:00","breadcrumb":{"@id":"https:\/\/earlyfeednutrition.com\/hu\/what-we-offer\/rumi-lac\/#breadcrumb"},"inLanguage":"hu-HU","potentialAction":[{"@type":"ReadAction","target":["https:\/\/earlyfeednutrition.com\/hu\/what-we-offer\/rumi-lac\/"]}]},{"@type":"ImageObject","inLanguage":"hu-HU","@id":"https:\/\/earlyfeednutrition.com\/hu\/what-we-offer\/rumi-lac\/#primaryimage","url":"https:\/\/earlyfeednutrition.com\/app\/uploads\/2021\/07\/shutterstock_1787059706_edit-scaled.jpg","contentUrl":"https:\/\/earlyfeednutrition.com\/app\/uploads\/2021\/07\/shutterstock_1787059706_edit-scaled.jpg","width":2560,"height":1696,"caption":"Dairy calves fed milk in the stable. Calf on a dairy farm drinking millk from a drinking bowls"},{"@type":"BreadcrumbList","@id":"https:\/\/earlyfeednutrition.com\/hu\/what-we-offer\/rumi-lac\/#breadcrumb","itemListElement":[{"@type":"ListItem","position":1,"name":"Kezd\u0151lap","item":"https:\/\/earlyfeed.kinsta.cloud\/hu\/"},{"@type":"ListItem","position":2,"name":"Megold\u00e1saink","item":"https:\/\/earlyfeednutrition.com\/hu\/what-we-offer\/"},{"@type":"ListItem","position":3,"name":"RUMI LAC"}]},{"@type":"WebSite","@id":"https:\/\/earlyfeednutrition.com\/hu\/#website","url":"https:\/\/earlyfeednutrition.com\/hu\/","name":"Earlyfeed","description":"Right from the start","potentialAction":[{"@type":"SearchAction","target":{"@type":"EntryPoint","urlTemplate":"https:\/\/earlyfeednutrition.com\/hu\/?s={search_term_string}"},"query-input":{"@type":"PropertyValueSpecification","valueRequired":true,"valueName":"search_term_string"}}],"inLanguage":"hu-HU"}]}},"_links":{"self":[{"href":"https:\/\/earlyfeednutrition.com\/hu\/wp-json\/wp\/v2\/product\/18203","targetHints":{"allow":["GET"]}}],"collection":[{"href":"https:\/\/earlyfeednutrition.com\/hu\/wp-json\/wp\/v2\/product"}],"about":[{"href":"https:\/\/earlyfeednutrition.com\/hu\/wp-json\/wp\/v2\/types\/product"}],"wp:featuredmedia":[{"embeddable":true,"href":"https:\/\/earlyfeednutrition.com\/hu\/wp-json\/wp\/v2\/media\/16281"}],"wp:attachment":[{"href":"https:\/\/earlyfeednutrition.com\/hu\/wp-json\/wp\/v2\/media?parent=18203"}],"wp:term":[{"taxonomy":"sector","embeddable":true,"href":"https:\/\/earlyfeednutrition.com\/hu\/wp-json\/wp\/v2\/sector?post=18203"},{"taxonomy":"country","embeddable":true,"href":"https:\/\/earlyfeednutrition.com\/hu\/wp-json\/wp\/v2\/country?post=18203"},{"taxonomy":"product_category","embeddable":true,"href":"https:\/\/earlyfeednutrition.com\/hu\/wp-json\/wp\/v2\/product_category?post=18203"}],"curies":[{"name":"wp","href":"https:\/\/api.w.org\/{rel}","templated":true}]}}