{"id":18070,"date":"2020-11-05T16:06:10","date_gmt":"2020-11-05T16:06:10","guid":{"rendered":"https:\/\/earlyfeednutrition.com\/what-we-do\/swine\/"},"modified":"2022-04-20T10:58:30","modified_gmt":"2022-04-20T09:58:30","slug":"swine","status":"publish","type":"page","link":"https:\/\/earlyfeednutrition.com\/hu\/what-we-do\/swine\/","title":{"rendered":"Sert\u00e9s"},"content":{"rendered":"<section class=\"section section--gutenberg section--gutenberg-nomargin wp-block-heading\">\n<h2><span style=\"font-family: bebas-neue-rounded, &quot;Roboto&quot;, &quot;Open Sans&quot;, &quot;Helvetica&quot;, &quot;Arial&quot;, sans-serif;\" class=\"font-family\"><span style=\"color: #3A261B\" class=\"text-color\">F\u00d3KUSZBAN A B\u00c9LRENDSZER EG\u00c9SZS\u00c9GE M\u00c1R A KEZDETEKT\u0150L<\/span><\/span><\/h2>\n<\/section>\n\n<section class=\"section section--gutenberg section--gutenberg-nomargin wp-block-paragraph\">\n<p><span style=\"font-family: &quot;Roboto&quot;, &quot;Open Sans&quot;, &quot;Helvetica&quot;, &quot;Arial&quot;, sans-serif;\" class=\"font-family\">K\u00f6zismert t\u00e9ny, hogy a gyomor-b\u00e9l traktus korai fejl\u0151d\u00e9se kiemelten fontos a malacok optim\u00e1lis \u00e9s eg\u00e9szs\u00e9ges n\u00f6veked\u00e9se szempontj\u00e1b\u00f3l. A malacok b\u00e9lrendszer\u00e9nek stimul\u00e1l\u00e1sa \u00e9s eg\u00e9szs\u00e9g\u00e9nek fenntart\u00e1sa a koc\u00e1k megfelel\u0151  etet\u00e9s\u00e9vel kezd\u0151dik, \u00e9s az \u00e1llatok ig\u00e9nyeihez illeszked\u0151 koncepci\u00f3k alkalmaz\u00e1s\u00e1val folytat\u00f3dik a korai takarm\u00e1nyfelv\u00e9tel el\u0151seg\u00edt\u00e9se \u00e9rdek\u00e9ben. Min\u00e9l t\u00f6bb malac eszik a v\u00e1laszt\u00e1st megel\u0151z\u0151en, ann\u00e1l k\u00f6nnyebb \u00e9s sim\u00e1bb lesz a v\u00e1laszt\u00e1s, ami pozit\u00edv hat\u00e1ssal lesz az \u00e1llatok k\u00e9s\u0151bbi teljes\u00edtm\u00e9ny\u00e9re is. <\/span><\/p>\n<\/section>\n\n<section class=\"section section--gutenberg section--gutenberg-nomargin wp-block-heading\">\n<h2><span style=\"font-family: bebas-neue-rounded, &quot;Roboto&quot;, &quot;Open Sans&quot;, &quot;Helvetica&quot;, &quot;Arial&quot;, sans-serif;\" class=\"font-family\"><span style=\"color: #3A261B\" class=\"text-color\">A KIEGYENS\u00daLYOZOTT \u00c9S \u00cdZLETES MEGOLD\u00c1S<\/span><\/span><\/h2>\n<\/section>\n\n<section class=\"section section--gutenberg section--gutenberg-nomargin wp-block-paragraph\">\n<p><span style=\"font-family: &quot;Roboto&quot;, &quot;Open Sans&quot;, &quot;Helvetica&quot;, &quot;Arial&quot;, sans-serif;\" class=\"font-family\">Az Earlyfeed korai takarm\u00e1nyoz\u00e1si megold\u00e1sainkat a legjobb genetikai potenci\u00e1llal rendelkez\u0151 malacok sz\u00e1m\u00e1ra fejlesztett\u00fck ki. Ezek a kiegyens\u00falyozott \u00e9s innovat\u00edv megold\u00e1sok m\u00e1r a kezdetekt\u0151l k\u00e9pesek t\u00e1mogatni a teljes alom fejl\u0151d\u00e9s\u00e9t \u00e9s maximaliz\u00e1lni a v\u00e1laszt\u00e1s ut\u00e1ni j\u00f6vedelmez\u0151 termel\u00e9st. A takarm\u00e1ny \u00edzletess\u00e9ge el\u0151seg\u00edti a korai takarm\u00e1nyfelv\u00e9telt, m\u00edg a gondosan v\u00e1logatott \u00f6sszetev\u0151k el\u0151seg\u00edtik a gyomor-b\u00e9l traktus fejl\u0151d\u00e9s\u00e9t \u00e9s a megfelel\u0151 t\u00e1pl\u00e1l\u00f3anyagot biztos\u00edtj\u00e1k a malacok eg\u00e9szs\u00e9g\u00e9nek meg\u0151rz\u00e9s\u00e9hez. <\/span><\/p>\n<\/section>","protected":false},"excerpt":{"rendered":"<p>F\u00d3KUSZBAN A B\u00c9LRENDSZER EG\u00c9SZS\u00c9GE M\u00c1R A KEZDETEKT\u0150L K\u00f6zismert t\u00e9ny, hogy a gyomor-b\u00e9l traktus korai fejl\u0151d\u00e9se kiemelten fontos a malacok optim\u00e1lis \u00e9s eg\u00e9szs\u00e9ges n\u00f6veked\u00e9se szempontj\u00e1b\u00f3l. A malacok b\u00e9lrendszer\u00e9nek stimul\u00e1l\u00e1sa \u00e9s eg\u00e9szs\u00e9g\u00e9nek fenntart\u00e1sa a koc\u00e1k megfelel\u0151 etet\u00e9s\u00e9vel kezd\u0151dik, \u00e9s az \u00e1llatok ig\u00e9nyeihez illeszked\u0151 koncepci\u00f3k alkalmaz\u00e1s\u00e1val folytat\u00f3dik a korai takarm\u00e1nyfelv\u00e9tel el\u0151seg\u00edt\u00e9se \u00e9rdek\u00e9ben. Min\u00e9l t\u00f6bb malac eszik a v\u00e1laszt\u00e1st [&hellip;]<\/p>\n","protected":false},"author":1,"featured_media":0,"parent":15470,"menu_order":0,"comment_status":"closed","ping_status":"closed","template":"page-product-group.php","meta":{"_acf_changed":false,"footnotes":""},"country":[],"class_list":["post-18070","page","type-page","status-publish","hentry"],"acf":[],"yoast_head":"<!-- This site is optimized with the Yoast SEO plugin v27.0 - https:\/\/yoast.com\/product\/yoast-seo-wordpress\/ -->\n<title>Sert\u00e9s - Earlyfeed<\/title>\n<meta name=\"robots\" content=\"index, follow, max-snippet:-1, max-image-preview:large, max-video-preview:-1\" \/>\n<link rel=\"canonical\" href=\"https:\/\/earlyfeednutrition.com\/hu\/what-we-do\/swine\/\" \/>\n<meta property=\"og:locale\" content=\"hu_HU\" \/>\n<meta property=\"og:type\" content=\"article\" \/>\n<meta property=\"og:title\" content=\"Sert\u00e9s - Earlyfeed\" \/>\n<meta property=\"og:description\" content=\"F\u00d3KUSZBAN A B\u00c9LRENDSZER EG\u00c9SZS\u00c9GE M\u00c1R A KEZDETEKT\u0150L K\u00f6zismert t\u00e9ny, hogy a gyomor-b\u00e9l traktus korai fejl\u0151d\u00e9se kiemelten fontos a malacok optim\u00e1lis \u00e9s eg\u00e9szs\u00e9ges n\u00f6veked\u00e9se szempontj\u00e1b\u00f3l. A malacok b\u00e9lrendszer\u00e9nek stimul\u00e1l\u00e1sa \u00e9s eg\u00e9szs\u00e9g\u00e9nek fenntart\u00e1sa a koc\u00e1k megfelel\u0151 etet\u00e9s\u00e9vel kezd\u0151dik, \u00e9s az \u00e1llatok ig\u00e9nyeihez illeszked\u0151 koncepci\u00f3k alkalmaz\u00e1s\u00e1val folytat\u00f3dik a korai takarm\u00e1nyfelv\u00e9tel el\u0151seg\u00edt\u00e9se \u00e9rdek\u00e9ben. Min\u00e9l t\u00f6bb malac eszik a v\u00e1laszt\u00e1st [&hellip;]\" \/>\n<meta property=\"og:url\" content=\"https:\/\/earlyfeednutrition.com\/hu\/what-we-do\/swine\/\" \/>\n<meta property=\"og:site_name\" content=\"Earlyfeed\" \/>\n<meta property=\"article:modified_time\" content=\"2022-04-20T09:58:30+00:00\" \/>\n<meta name=\"twitter:card\" content=\"summary_large_image\" \/>\n<meta name=\"twitter:label1\" content=\"Est. reading time\" \/>\n\t<meta name=\"twitter:data1\" content=\"1 minute\" \/>\n<script type=\"application\/ld+json\" class=\"yoast-schema-graph\">{\"@context\":\"https:\/\/schema.org\",\"@graph\":[{\"@type\":\"WebPage\",\"@id\":\"https:\/\/earlyfeednutrition.com\/hu\/what-we-do\/swine\/\",\"url\":\"https:\/\/earlyfeednutrition.com\/hu\/what-we-do\/swine\/\",\"name\":\"Sert\u00e9s - Earlyfeed\",\"isPartOf\":{\"@id\":\"https:\/\/earlyfeednutrition.com\/hu\/#website\"},\"datePublished\":\"2020-11-05T16:06:10+00:00\",\"dateModified\":\"2022-04-20T09:58:30+00:00\",\"breadcrumb\":{\"@id\":\"https:\/\/earlyfeednutrition.com\/hu\/what-we-do\/swine\/#breadcrumb\"},\"inLanguage\":\"hu-HU\",\"potentialAction\":[{\"@type\":\"ReadAction\",\"target\":[\"https:\/\/earlyfeednutrition.com\/hu\/what-we-do\/swine\/\"]}]},{\"@type\":\"BreadcrumbList\",\"@id\":\"https:\/\/earlyfeednutrition.com\/hu\/what-we-do\/swine\/#breadcrumb\",\"itemListElement\":[{\"@type\":\"ListItem\",\"position\":1,\"name\":\"Kezd\u0151lap\",\"item\":\"https:\/\/earlyfeed.kinsta.cloud\/hu\/\"},{\"@type\":\"ListItem\",\"position\":2,\"name\":\"Tev\u00e9kenys\u00e9g\u00fcnk\",\"item\":\"https:\/\/earlyfeed.kinsta.cloud\/hu\/what-we-do\/\"},{\"@type\":\"ListItem\",\"position\":3,\"name\":\"Sert\u00e9s\"}]},{\"@type\":\"WebSite\",\"@id\":\"https:\/\/earlyfeednutrition.com\/hu\/#website\",\"url\":\"https:\/\/earlyfeednutrition.com\/hu\/\",\"name\":\"Earlyfeed\",\"description\":\"Right from the start\",\"potentialAction\":[{\"@type\":\"SearchAction\",\"target\":{\"@type\":\"EntryPoint\",\"urlTemplate\":\"https:\/\/earlyfeednutrition.com\/hu\/?s={search_term_string}\"},\"query-input\":{\"@type\":\"PropertyValueSpecification\",\"valueRequired\":true,\"valueName\":\"search_term_string\"}}],\"inLanguage\":\"hu-HU\"}]}<\/script>\n<!-- \/ Yoast SEO plugin. -->","yoast_head_json":{"title":"Sert\u00e9s - Earlyfeed","robots":{"index":"index","follow":"follow","max-snippet":"max-snippet:-1","max-image-preview":"max-image-preview:large","max-video-preview":"max-video-preview:-1"},"canonical":"https:\/\/earlyfeednutrition.com\/hu\/what-we-do\/swine\/","og_locale":"hu_HU","og_type":"article","og_title":"Sert\u00e9s - Earlyfeed","og_description":"F\u00d3KUSZBAN A B\u00c9LRENDSZER EG\u00c9SZS\u00c9GE M\u00c1R A KEZDETEKT\u0150L K\u00f6zismert t\u00e9ny, hogy a gyomor-b\u00e9l traktus korai fejl\u0151d\u00e9se kiemelten fontos a malacok optim\u00e1lis \u00e9s eg\u00e9szs\u00e9ges n\u00f6veked\u00e9se szempontj\u00e1b\u00f3l. A malacok b\u00e9lrendszer\u00e9nek stimul\u00e1l\u00e1sa \u00e9s eg\u00e9szs\u00e9g\u00e9nek fenntart\u00e1sa a koc\u00e1k megfelel\u0151 etet\u00e9s\u00e9vel kezd\u0151dik, \u00e9s az \u00e1llatok ig\u00e9nyeihez illeszked\u0151 koncepci\u00f3k alkalmaz\u00e1s\u00e1val folytat\u00f3dik a korai takarm\u00e1nyfelv\u00e9tel el\u0151seg\u00edt\u00e9se \u00e9rdek\u00e9ben. Min\u00e9l t\u00f6bb malac eszik a v\u00e1laszt\u00e1st [&hellip;]","og_url":"https:\/\/earlyfeednutrition.com\/hu\/what-we-do\/swine\/","og_site_name":"Earlyfeed","article_modified_time":"2022-04-20T09:58:30+00:00","twitter_card":"summary_large_image","twitter_misc":{"Est. reading time":"1 minute"},"schema":{"@context":"https:\/\/schema.org","@graph":[{"@type":"WebPage","@id":"https:\/\/earlyfeednutrition.com\/hu\/what-we-do\/swine\/","url":"https:\/\/earlyfeednutrition.com\/hu\/what-we-do\/swine\/","name":"Sert\u00e9s - Earlyfeed","isPartOf":{"@id":"https:\/\/earlyfeednutrition.com\/hu\/#website"},"datePublished":"2020-11-05T16:06:10+00:00","dateModified":"2022-04-20T09:58:30+00:00","breadcrumb":{"@id":"https:\/\/earlyfeednutrition.com\/hu\/what-we-do\/swine\/#breadcrumb"},"inLanguage":"hu-HU","potentialAction":[{"@type":"ReadAction","target":["https:\/\/earlyfeednutrition.com\/hu\/what-we-do\/swine\/"]}]},{"@type":"BreadcrumbList","@id":"https:\/\/earlyfeednutrition.com\/hu\/what-we-do\/swine\/#breadcrumb","itemListElement":[{"@type":"ListItem","position":1,"name":"Kezd\u0151lap","item":"https:\/\/earlyfeed.kinsta.cloud\/hu\/"},{"@type":"ListItem","position":2,"name":"Tev\u00e9kenys\u00e9g\u00fcnk","item":"https:\/\/earlyfeed.kinsta.cloud\/hu\/what-we-do\/"},{"@type":"ListItem","position":3,"name":"Sert\u00e9s"}]},{"@type":"WebSite","@id":"https:\/\/earlyfeednutrition.com\/hu\/#website","url":"https:\/\/earlyfeednutrition.com\/hu\/","name":"Earlyfeed","description":"Right from the start","potentialAction":[{"@type":"SearchAction","target":{"@type":"EntryPoint","urlTemplate":"https:\/\/earlyfeednutrition.com\/hu\/?s={search_term_string}"},"query-input":{"@type":"PropertyValueSpecification","valueRequired":true,"valueName":"search_term_string"}}],"inLanguage":"hu-HU"}]}},"_links":{"self":[{"href":"https:\/\/earlyfeednutrition.com\/hu\/wp-json\/wp\/v2\/pages\/18070","targetHints":{"allow":["GET"]}}],"collection":[{"href":"https:\/\/earlyfeednutrition.com\/hu\/wp-json\/wp\/v2\/pages"}],"about":[{"href":"https:\/\/earlyfeednutrition.com\/hu\/wp-json\/wp\/v2\/types\/page"}],"author":[{"embeddable":true,"href":"https:\/\/earlyfeednutrition.com\/hu\/wp-json\/wp\/v2\/users\/1"}],"replies":[{"embeddable":true,"href":"https:\/\/earlyfeednutrition.com\/hu\/wp-json\/wp\/v2\/comments?post=18070"}],"version-history":[{"count":4,"href":"https:\/\/earlyfeednutrition.com\/hu\/wp-json\/wp\/v2\/pages\/18070\/revisions"}],"predecessor-version":[{"id":18160,"href":"https:\/\/earlyfeednutrition.com\/hu\/wp-json\/wp\/v2\/pages\/18070\/revisions\/18160"}],"up":[{"embeddable":true,"href":"https:\/\/earlyfeednutrition.com\/hu\/wp-json\/wp\/v2\/pages\/15470"}],"wp:attachment":[{"href":"https:\/\/earlyfeednutrition.com\/hu\/wp-json\/wp\/v2\/media?parent=18070"}],"wp:term":[{"taxonomy":"country","embeddable":true,"href":"https:\/\/earlyfeednutrition.com\/hu\/wp-json\/wp\/v2\/country?post=18070"}],"curies":[{"name":"wp","href":"https:\/\/api.w.org\/{rel}","templated":true}]}}