{"id":18068,"date":"2020-11-05T16:05:40","date_gmt":"2020-11-05T16:05:40","guid":{"rendered":"https:\/\/earlyfeednutrition.com\/what-we-do\/ruminants\/"},"modified":"2025-05-07T08:43:43","modified_gmt":"2025-05-07T07:43:43","slug":"ruminants","status":"publish","type":"page","link":"https:\/\/earlyfeednutrition.com\/hu\/what-we-do\/ruminants\/","title":{"rendered":"K\u00e9r\u0151dz\u0151"},"content":{"rendered":"<section class=\"section section--gutenberg section--gutenberg-nomargin wp-block-heading\">\n<h2><span style=\"font-family: bebas-neue-rounded, &quot;Roboto&quot;, &quot;Open Sans&quot;, &quot;Helvetica&quot;, &quot;Arial&quot;, sans-serif;\" class=\"font-family\"><span style=\"color: #3A261B\" class=\"text-color\">AZ ID\u0150 P\u00c9NZ<\/span><\/span><\/h2>\n<\/section>\n\n<section class=\"section section--gutenberg section--gutenberg-nomargin wp-block-paragraph\">\n<p><span style=\"font-family: &quot;Roboto&quot;, &quot;Open Sans&quot;, &quot;Helvetica&quot;, &quot;Arial&quot;, sans-serif;\" class=\"font-family\">Tejel\u0151 tehenek eset\u00e9n \u00e1tlagosan 24 h\u00f3napig tart am\u00edg a borj\u00fa a sz\u00fclet\u00e9st\u0151l eljut az els\u0151 ell\u00e9s\u00e9ig. Addig a borj\u00fa-, \u00e9s n\u00f6vend\u00e9knevel\u00e9s k\u00f6lts\u00e9get jelent a termel\u0151 sz\u00e1m\u00e1ra. A borj\u00faban rejl\u0151 n\u00f6veked\u00e9si potenci\u00e1l nagyobb m\u00e9rt\u00e9k\u0171 kihaszn\u00e1l\u00e1sa hozz\u00e1j\u00e1rul a hat\u00e9konys\u00e1g maximaliz\u00e1l\u00e1s\u00e1hoz \u00e9s a j\u00f6vedelmez\u0151s\u00e9g optimaliz\u00e1l\u00e1s\u00e1hoz. A borjak gyorsabb n\u00f6veked\u00e9se kor\u00e1bbi term\u00e9keny\u00edt\u00e9st tesz lehet\u0151v\u00e9. Mindemellett a gyorsabb borj\u00fanevel\u00e9s gyakran jobb n\u00f6veked\u00e9shez \u00e9s hat\u00e9konyabb tejtermel\u00e9shez vezet.  <\/span><\/p>\n<\/section>\n\n<section class=\"section section--gutenberg section--gutenberg-nomargin wp-block-heading\">\n<h2><span style=\"font-family: bebas-neue-rounded, &quot;Roboto&quot;, &quot;Open Sans&quot;, &quot;Helvetica&quot;, &quot;Arial&quot;, sans-serif;\" class=\"font-family\"><span style=\"color: #3A261B\" class=\"text-color\">A BEND\u0150 MINT A N\u00d6VEKED\u00c9S MOTORJA<\/span><\/span><\/h2>\n<\/section>\n\n<section class=\"section section--gutenberg section--gutenberg-nomargin wp-block-paragraph\">\n<p><span style=\"font-family: &quot;Roboto&quot;, &quot;Open Sans&quot;, &quot;Helvetica&quot;, &quot;Arial&quot;, sans-serif;\" class=\"font-family\">A k\u00e9r\u0151dz\u0151k egyed\u00fcl\u00e1ll\u00f3 \u00e9s komplex em\u00e9szt\u0151rendszer\u00e9vel kapcsolatos kutat\u00e1saink azt mutatt\u00e1k, hogy a korai bend\u0151fejl\u0151d\u00e9s olyan mechanizmus, amely a n\u00f6veked\u00e9s er\u0151s motorjak\u00e9nt m\u0171k\u00f6dhet. Ezen tud\u00e1s alapj\u00e1n az Earlyfeed csapata speci\u00e1lis takarm\u00e1nyoz\u00e1si megold\u00e1sokat fejlesztett ki a borjak sz\u00e1m\u00e1ra, hogy m\u00e1r a fejl\u0151d\u00e9s\u00fck korai szakasz\u00e1ban maxim\u00e1lis energi\u00e1hoz jussanak, ellen\u00e1lljanak a k\u00f3rokoz\u00f3knak, \u00e9s cs\u00f6kkents\u00e9k a v\u00e1laszt\u00e1s ut\u00e1n bek\u00f6vetkez\u0151 klasszikus n\u00f6veked\u00e9sbeli visszaes\u00e9st. <\/span><\/p>\n<\/section>","protected":false},"excerpt":{"rendered":"<p>AZ ID\u0150 P\u00c9NZ Tejel\u0151 tehenek eset\u00e9n \u00e1tlagosan 24 h\u00f3napig tart am\u00edg a borj\u00fa a sz\u00fclet\u00e9st\u0151l eljut az els\u0151 ell\u00e9s\u00e9ig. Addig a borj\u00fa-, \u00e9s n\u00f6vend\u00e9knevel\u00e9s k\u00f6lts\u00e9get jelent a termel\u0151 sz\u00e1m\u00e1ra. A borj\u00faban rejl\u0151 n\u00f6veked\u00e9si potenci\u00e1l nagyobb m\u00e9rt\u00e9k\u0171 kihaszn\u00e1l\u00e1sa hozz\u00e1j\u00e1rul a hat\u00e9konys\u00e1g maximaliz\u00e1l\u00e1s\u00e1hoz \u00e9s a j\u00f6vedelmez\u0151s\u00e9g optimaliz\u00e1l\u00e1s\u00e1hoz. A borjak gyorsabb n\u00f6veked\u00e9se kor\u00e1bbi term\u00e9keny\u00edt\u00e9st tesz lehet\u0151v\u00e9. Mindemellett a [&hellip;]<\/p>\n","protected":false},"author":1,"featured_media":0,"parent":15470,"menu_order":0,"comment_status":"closed","ping_status":"closed","template":"page-product-group.php","meta":{"_acf_changed":false,"footnotes":""},"country":[],"class_list":["post-18068","page","type-page","status-publish","hentry"],"acf":[],"yoast_head":"<!-- This site is optimized with the Yoast SEO plugin v27.0 - https:\/\/yoast.com\/product\/yoast-seo-wordpress\/ -->\n<title>K\u00e9r\u0151dz\u0151 - Earlyfeed<\/title>\n<meta name=\"robots\" content=\"index, follow, max-snippet:-1, max-image-preview:large, max-video-preview:-1\" \/>\n<link rel=\"canonical\" href=\"https:\/\/earlyfeednutrition.com\/hu\/what-we-do\/ruminants\/\" \/>\n<meta property=\"og:locale\" content=\"hu_HU\" \/>\n<meta property=\"og:type\" content=\"article\" \/>\n<meta property=\"og:title\" content=\"K\u00e9r\u0151dz\u0151 - Earlyfeed\" \/>\n<meta property=\"og:description\" content=\"AZ ID\u0150 P\u00c9NZ Tejel\u0151 tehenek eset\u00e9n \u00e1tlagosan 24 h\u00f3napig tart am\u00edg a borj\u00fa a sz\u00fclet\u00e9st\u0151l eljut az els\u0151 ell\u00e9s\u00e9ig. Addig a borj\u00fa-, \u00e9s n\u00f6vend\u00e9knevel\u00e9s k\u00f6lts\u00e9get jelent a termel\u0151 sz\u00e1m\u00e1ra. A borj\u00faban rejl\u0151 n\u00f6veked\u00e9si potenci\u00e1l nagyobb m\u00e9rt\u00e9k\u0171 kihaszn\u00e1l\u00e1sa hozz\u00e1j\u00e1rul a hat\u00e9konys\u00e1g maximaliz\u00e1l\u00e1s\u00e1hoz \u00e9s a j\u00f6vedelmez\u0151s\u00e9g optimaliz\u00e1l\u00e1s\u00e1hoz. A borjak gyorsabb n\u00f6veked\u00e9se kor\u00e1bbi term\u00e9keny\u00edt\u00e9st tesz lehet\u0151v\u00e9. Mindemellett a [&hellip;]\" \/>\n<meta property=\"og:url\" content=\"https:\/\/earlyfeednutrition.com\/hu\/what-we-do\/ruminants\/\" \/>\n<meta property=\"og:site_name\" content=\"Earlyfeed\" \/>\n<meta property=\"article:modified_time\" content=\"2025-05-07T07:43:43+00:00\" \/>\n<meta name=\"twitter:card\" content=\"summary_large_image\" \/>\n<meta name=\"twitter:label1\" content=\"Est. reading time\" \/>\n\t<meta name=\"twitter:data1\" content=\"1 minute\" \/>\n<script type=\"application\/ld+json\" class=\"yoast-schema-graph\">{\"@context\":\"https:\/\/schema.org\",\"@graph\":[{\"@type\":\"WebPage\",\"@id\":\"https:\/\/earlyfeednutrition.com\/hu\/what-we-do\/ruminants\/\",\"url\":\"https:\/\/earlyfeednutrition.com\/hu\/what-we-do\/ruminants\/\",\"name\":\"K\u00e9r\u0151dz\u0151 - Earlyfeed\",\"isPartOf\":{\"@id\":\"https:\/\/earlyfeednutrition.com\/hu\/#website\"},\"datePublished\":\"2020-11-05T16:05:40+00:00\",\"dateModified\":\"2025-05-07T07:43:43+00:00\",\"breadcrumb\":{\"@id\":\"https:\/\/earlyfeednutrition.com\/hu\/what-we-do\/ruminants\/#breadcrumb\"},\"inLanguage\":\"hu-HU\",\"potentialAction\":[{\"@type\":\"ReadAction\",\"target\":[\"https:\/\/earlyfeednutrition.com\/hu\/what-we-do\/ruminants\/\"]}]},{\"@type\":\"BreadcrumbList\",\"@id\":\"https:\/\/earlyfeednutrition.com\/hu\/what-we-do\/ruminants\/#breadcrumb\",\"itemListElement\":[{\"@type\":\"ListItem\",\"position\":1,\"name\":\"Kezd\u0151lap\",\"item\":\"https:\/\/www.earlyfeednutrition.com\/hu\/\"},{\"@type\":\"ListItem\",\"position\":2,\"name\":\"Tev\u00e9kenys\u00e9g\u00fcnk\",\"item\":\"https:\/\/earlyfeed.kinsta.cloud\/hu\/what-we-do\/\"},{\"@type\":\"ListItem\",\"position\":3,\"name\":\"K\u00e9r\u0151dz\u0151\"}]},{\"@type\":\"WebSite\",\"@id\":\"https:\/\/earlyfeednutrition.com\/hu\/#website\",\"url\":\"https:\/\/earlyfeednutrition.com\/hu\/\",\"name\":\"Earlyfeed\",\"description\":\"Right from the start\",\"potentialAction\":[{\"@type\":\"SearchAction\",\"target\":{\"@type\":\"EntryPoint\",\"urlTemplate\":\"https:\/\/earlyfeednutrition.com\/hu\/?s={search_term_string}\"},\"query-input\":{\"@type\":\"PropertyValueSpecification\",\"valueRequired\":true,\"valueName\":\"search_term_string\"}}],\"inLanguage\":\"hu-HU\"}]}<\/script>\n<!-- \/ Yoast SEO plugin. -->","yoast_head_json":{"title":"K\u00e9r\u0151dz\u0151 - Earlyfeed","robots":{"index":"index","follow":"follow","max-snippet":"max-snippet:-1","max-image-preview":"max-image-preview:large","max-video-preview":"max-video-preview:-1"},"canonical":"https:\/\/earlyfeednutrition.com\/hu\/what-we-do\/ruminants\/","og_locale":"hu_HU","og_type":"article","og_title":"K\u00e9r\u0151dz\u0151 - Earlyfeed","og_description":"AZ ID\u0150 P\u00c9NZ Tejel\u0151 tehenek eset\u00e9n \u00e1tlagosan 24 h\u00f3napig tart am\u00edg a borj\u00fa a sz\u00fclet\u00e9st\u0151l eljut az els\u0151 ell\u00e9s\u00e9ig. Addig a borj\u00fa-, \u00e9s n\u00f6vend\u00e9knevel\u00e9s k\u00f6lts\u00e9get jelent a termel\u0151 sz\u00e1m\u00e1ra. A borj\u00faban rejl\u0151 n\u00f6veked\u00e9si potenci\u00e1l nagyobb m\u00e9rt\u00e9k\u0171 kihaszn\u00e1l\u00e1sa hozz\u00e1j\u00e1rul a hat\u00e9konys\u00e1g maximaliz\u00e1l\u00e1s\u00e1hoz \u00e9s a j\u00f6vedelmez\u0151s\u00e9g optimaliz\u00e1l\u00e1s\u00e1hoz. A borjak gyorsabb n\u00f6veked\u00e9se kor\u00e1bbi term\u00e9keny\u00edt\u00e9st tesz lehet\u0151v\u00e9. Mindemellett a [&hellip;]","og_url":"https:\/\/earlyfeednutrition.com\/hu\/what-we-do\/ruminants\/","og_site_name":"Earlyfeed","article_modified_time":"2025-05-07T07:43:43+00:00","twitter_card":"summary_large_image","twitter_misc":{"Est. reading time":"1 minute"},"schema":{"@context":"https:\/\/schema.org","@graph":[{"@type":"WebPage","@id":"https:\/\/earlyfeednutrition.com\/hu\/what-we-do\/ruminants\/","url":"https:\/\/earlyfeednutrition.com\/hu\/what-we-do\/ruminants\/","name":"K\u00e9r\u0151dz\u0151 - Earlyfeed","isPartOf":{"@id":"https:\/\/earlyfeednutrition.com\/hu\/#website"},"datePublished":"2020-11-05T16:05:40+00:00","dateModified":"2025-05-07T07:43:43+00:00","breadcrumb":{"@id":"https:\/\/earlyfeednutrition.com\/hu\/what-we-do\/ruminants\/#breadcrumb"},"inLanguage":"hu-HU","potentialAction":[{"@type":"ReadAction","target":["https:\/\/earlyfeednutrition.com\/hu\/what-we-do\/ruminants\/"]}]},{"@type":"BreadcrumbList","@id":"https:\/\/earlyfeednutrition.com\/hu\/what-we-do\/ruminants\/#breadcrumb","itemListElement":[{"@type":"ListItem","position":1,"name":"Kezd\u0151lap","item":"https:\/\/www.earlyfeednutrition.com\/hu\/"},{"@type":"ListItem","position":2,"name":"Tev\u00e9kenys\u00e9g\u00fcnk","item":"https:\/\/earlyfeed.kinsta.cloud\/hu\/what-we-do\/"},{"@type":"ListItem","position":3,"name":"K\u00e9r\u0151dz\u0151"}]},{"@type":"WebSite","@id":"https:\/\/earlyfeednutrition.com\/hu\/#website","url":"https:\/\/earlyfeednutrition.com\/hu\/","name":"Earlyfeed","description":"Right from the start","potentialAction":[{"@type":"SearchAction","target":{"@type":"EntryPoint","urlTemplate":"https:\/\/earlyfeednutrition.com\/hu\/?s={search_term_string}"},"query-input":{"@type":"PropertyValueSpecification","valueRequired":true,"valueName":"search_term_string"}}],"inLanguage":"hu-HU"}]}},"_links":{"self":[{"href":"https:\/\/earlyfeednutrition.com\/hu\/wp-json\/wp\/v2\/pages\/18068","targetHints":{"allow":["GET"]}}],"collection":[{"href":"https:\/\/earlyfeednutrition.com\/hu\/wp-json\/wp\/v2\/pages"}],"about":[{"href":"https:\/\/earlyfeednutrition.com\/hu\/wp-json\/wp\/v2\/types\/page"}],"author":[{"embeddable":true,"href":"https:\/\/earlyfeednutrition.com\/hu\/wp-json\/wp\/v2\/users\/1"}],"replies":[{"embeddable":true,"href":"https:\/\/earlyfeednutrition.com\/hu\/wp-json\/wp\/v2\/comments?post=18068"}],"version-history":[{"count":4,"href":"https:\/\/earlyfeednutrition.com\/hu\/wp-json\/wp\/v2\/pages\/18068\/revisions"}],"predecessor-version":[{"id":18161,"href":"https:\/\/earlyfeednutrition.com\/hu\/wp-json\/wp\/v2\/pages\/18068\/revisions\/18161"}],"up":[{"embeddable":true,"href":"https:\/\/earlyfeednutrition.com\/hu\/wp-json\/wp\/v2\/pages\/15470"}],"wp:attachment":[{"href":"https:\/\/earlyfeednutrition.com\/hu\/wp-json\/wp\/v2\/media?parent=18068"}],"wp:term":[{"taxonomy":"country","embeddable":true,"href":"https:\/\/earlyfeednutrition.com\/hu\/wp-json\/wp\/v2\/country?post=18068"}],"curies":[{"name":"wp","href":"https:\/\/api.w.org\/{rel}","templated":true}]}}