{"id":18065,"date":"2019-08-29T19:20:04","date_gmt":"2019-08-29T19:20:04","guid":{"rendered":"https:\/\/earlyfeednutrition.com\/privacy-policy\/"},"modified":"2022-07-12T12:51:14","modified_gmt":"2022-07-12T11:51:14","slug":"privacy-policy","status":"publish","type":"page","link":"https:\/\/earlyfeednutrition.com\/hu\/privacy-policy\/","title":{"rendered":"Adatv\u00e9delmi nyilatkozat"},"content":{"rendered":"<section class=\"section section--gutenberg section--gutenberg-nomargin wp-block-paragraph\">\n<p>Az Agrifirm (Agrifirm Group B.V. \u00e9s\/vagy a hozz\u00e1 kapcsol\u00f3d\u00f3 v\u00e1llalatok) nagy jelent\u0151s\u00e9get tulajdon\u00edt az alkalmaz\u00e1s felhaszn\u00e1l\u00f3i \u00e9s a weboldal l\u00e1togat\u00f3i adatainak v\u00e9delm\u00e9nek. Az Agrifirm feldolgozza a weboldalt l\u00e1togat\u00f3 \u00e9s az alkalmaz\u00e1st haszn\u00e1l\u00f3k szem\u00e9lyes adatait. Ebben a nyilatkozatban szeretn\u00e9nk t\u00e1j\u00e9koztatni \u00d6nt arr\u00f3l, hogy milyen adatokat \u00e9s mi\u00e9rt dolgozunk fel. Ezen az oldalon mindig megtal\u00e1lja a nyilatkozat legfrissebb v\u00e1ltozat\u00e1t.<\/p>\n<\/section>\n\n<section class=\"section section--gutenberg section--gutenberg-nomargin wp-block-paragraph\">\n<p>Az Agrifirm felel\u0151s az \u00d6n szem\u00e9lyes adatainak feldolgoz\u00e1s\u00e1\u00e9rt. K\u00e9rj\u00fck, olvassa el figyelmesen ezt a t\u00e1j\u00e9koztat\u00f3t az adatkezel\u00e9sr\u0151l \u00e9s az ezzel kapcsolatos jogair\u00f3l.<\/p>\n<\/section>\n\n<section class=\"section section--gutenberg section--gutenberg-nomargin wp-block-paragraph\">\n<p>Sz\u00e1mos alapszab\u00e1lyt alkalmazunk, az \u00d6n szem\u00e9lyes adatainak v\u00e9delme \u00e9rdek\u00e9ben.<br><strong>T\u00e1j\u00e9koztat\u00e1s <\/strong>\u2013 Szeretn\u00e9nk a legr\u00e9szletesebb m\u00f3don t\u00e1j\u00e9koztatni \u00d6nt arr\u00f3l, hogy hogyan \u00e9s mi\u00e9rt kezelj\u00fck a szem\u00e9lyes adatokat. Ezt az adatv\u00e9delmi nyilatkozat seg\u00edts\u00e9g\u00e9vel tessz\u00fck.<br><strong>Adatgy\u0171jt\u00e9s korl\u00e1toz\u00e1sa<\/strong> &#8211; Biztos\u00edtjuk, hogy a szem\u00e9lyes adatok gy\u0171jt\u00e9se csak arra korl\u00e1toz\u00f3dik, ami val\u00f3ban sz\u00fcks\u00e9ges az alkalmaz\u00e1s\/weboldal megfelel\u0151 m\u0171k\u00f6d\u00e9s\u00e9hez \u00e9s az \u00d6n \u00e1ltal ig\u00e9nyelt szolg\u00e1ltat\u00e1sokhoz \u00e9s term\u00e9kekhez.<br><strong>Nem folytatunk marketing tev\u00e9kenys\u00e9get szem\u00e9lyes adatok felaszn\u00e1l\u00e1s\u00e1val<\/strong> &#8211; Nem adunk el szem\u00e9lyes adatokat harmadik f\u00e9lnek.<br><strong>Biztons\u00e1g <\/strong>\u2013 A megfelel\u0151 biztons\u00e1gi int\u00e9zked\u00e9seket tessz\u00fck meg az \u00d6n szem\u00e9lyes adatainak v\u00e9delme \u00e9rdek\u00e9ben, \u00e9s ezt megk\u00f6vetelj\u00fck a szem\u00e9lyes adatokat a nev\u00fcnkben feldolgoz\u00f3 felekt\u0151l is.<br><strong>Hozz\u00e1f\u00e9r\u00e9si \u00e9s v\u00e1ltoztat\u00e1si jog<\/strong> &#8211; Tiszteletben tartjuk a szem\u00e9lyes adataihoz val\u00f3 hozz\u00e1f\u00e9r\u00e9shez, azok v\u00e1ltoztat\u00e1s\u00e1hoz vagy t\u00f6rl\u00e9s\u00e9hez val\u00f3 jog\u00e1t.<\/p>\n<\/section>\n\n<section class=\"section section--gutenberg section--gutenberg-nomargin wp-block-paragraph\">\n<p><br><strong>1. <\/strong>Szem\u00e9lyes adatok felhaszn\u00e1l\u00e1sa<\/p>\n<\/section>\n\n<section class=\"section section--gutenberg section--gutenberg-nomargin wp-block-paragraph\">\n<p>Az \u00e1ltalunk gy\u0171jt\u00f6tt \u00e9s\/vagy ig\u00e9nyelt adatok k\u00e9t \u00e1ltal\u00e1nos kateg\u00f3ri\u00e1ba sorolhat\u00f3k.<br><em>1. kateg\u00f3ria: Az \u00d6n \u00e1ltal megadott inform\u00e1ci\u00f3k<\/em> <br>Az \u00d6nt\u0151l kapott adatokat feldolgozzuk. P\u00e9ld\u00e1ul amikor felhaszn\u00e1l\u00f3k\u00e9nt regisztr\u00e1l, feliratkozik egy h\u00edrlev\u00e9lre, vagy amikor kapcsolatba l\u00e9p vel\u00fcnk.<\/p>\n<\/section>\n\n<section class=\"section section--gutenberg section--gutenberg-nomargin wp-block-paragraph\">\n<p><strong>Felhaszn\u00e1l\u00f3i adatok<\/strong> &#8211; Az alkalmaz\u00e1sunk vagy weboldalaink bizonyos r\u00e9szeinek haszn\u00e1lat\u00e1hoz felhszn\u00e1l\u00f3i fi\u00f3kot kell l\u00e9trehoznia. Ehhez meg kell adnia bizonyos adatokat, p\u00e9ld\u00e1ul az e-mail c\u00edm\u00e9t \u00e9s a nev\u00e9t.<br><strong>Profiladatok <\/strong>\u2013 Annak \u00e9rdek\u00e9ben, hogy bizonyos szolg\u00e1ltat\u00e1sokat ny\u00fajthassunk, \u00e9s hogy \u00d6n ig\u00e9nybe vehesse ezeket, bizonyos adatok megad\u00e1s\u00e1t k\u00e9rj\u00fck \u00d6nt\u0151l, p\u00e9ld\u00e1ul a teljes nev\u00e9t, e-mail c\u00edm\u00e9t, telefonsz\u00e1m\u00e1t, lakc\u00edm\u00e9t, \u00e9letkor\u00e1t \u00e9s\/vagy sz\u00fclet\u00e9si d\u00e1tum\u00e1t, banksz\u00e1mlasz\u00e1m\u00e1t, ad\u00f3sz\u00e1m\u00e1t \u00e9s v\u00e1llalkoz\u00e1sa c\u00e9gjegyz\u00e9k sz\u00e1m\u00e1t. Ezekre az adatokra az\u00e9rt van sz\u00fcks\u00e9g\u00fcnk, hogy felvehess\u00fck \u00d6nnel a kapcsolatot, hogy biztos\u00edtani tudjuk a t\u0151l\u00fcnk ig\u00e9nyelt szolg\u00e1ltat\u00e1sokat.<br><strong>Kommunik\u00e1ci\u00f3val kapcsolatos inform\u00e1ci\u00f3k<\/strong> &#8211; Amikor \u00d6n kapcsolatba l\u00e9p vel\u00fcnk, vagy amikor mi vessz\u00fck fel \u00d6nnel a kapcsolatot, adatokat gy\u0171jt\u00fcnk a kapcsolatfelv\u00e9tel ok\u00e1r\u00f3l \u00e9s minden olyan inform\u00e1ci\u00f3r\u00f3l, amelyet \u00d6n telefonon vagy e-mailben k\u00f6z\u00f6l vel\u00fcnk.<br><strong>Egy\u00e9b inform\u00e1ci\u00f3<\/strong> &#8211; Megk\u00e9rhetj\u00fck \u00d6nt, hogy e-mailben vagy online felm\u00e9r\u00e9sen kereszt\u00fcl adjon visszajelz\u00e9st szolg\u00e1ltat\u00e1sainkr\u00f3l. Nagyra \u00e9rt\u00e9kelj\u00fck a visszajelz\u00e9s\u00e9t, \u00e9s csak az \u00e1ltalunk vagy a nev\u00fcnkben gy\u0171jt\u00f6tt szem\u00e9lyes adatokat dolgozzuk fel bels\u0151 c\u00e9lokra, szolg\u00e1ltat\u00e1saink jav\u00edt\u00e1sa \u00e9rdek\u00e9ben.<\/p>\n<\/section>\n\n<section class=\"section section--gutenberg section--gutenberg-nomargin wp-block-paragraph\">\n<p><strong>2. kateg\u00f3ria: Automatikusan gy\u0171jt\u00f6tt inform\u00e1ci\u00f3k<\/strong><\/p>\n<\/section>\n\n<section class=\"section section--gutenberg section--gutenberg-nomargin wp-block-paragraph\">\n<p>Amikor \u00d6n weboldalunkat vagy alkalmaz\u00e1sunkat haszn\u00e1lja, inform\u00e1ci\u00f3kat gy\u0171jt\u00fcnk az \u00d6n aktivit\u00e1s\u00e1r\u00f3l, p\u00e9ld\u00e1ul a kattint\u00e1si szok\u00e1sair\u00f3l, a megl\u00e1togatott oldalakr\u00f3l \u00e9s az eszk\u00f6z\u00e9re vonatkoz\u00f3 inform\u00e1ci\u00f3kr\u00f3l, hogy a lehet\u0151 legjobb szolg\u00e1ltat\u00e1st ny\u00fajthassuk \u00d6nnek. Az ilyen inform\u00e1ci\u00f3k lehet\u0151v\u00e9 teszik sz\u00e1munkra, hogy felm\u00e9rj\u00fck, milyen tartalom \u00e9rdekli \u00d6nt, \u00edgy szem\u00e9lyre szabhatjuk \u00e9s optimaliz\u00e1ljuk szolg\u00e1ltat\u00e1sainkat az \u00d6n sz\u00e1m\u00e1ra.<\/p>\n<\/section>\n\n<section class=\"section section--gutenberg section--gutenberg-nomargin wp-block-paragraph\">\n<p><strong>Napl\u00f3zott adatok<\/strong> &#8211; Automatikusan gy\u0171jt\u00fcnk bizonyos adatokat, melyeket az \u00d6n internet b\u00f6ng\u00e9sz\u0151je biztos\u00edt sz\u00e1munkra, amikor \u00d6n a weboldalunkat vagy alkalmaz\u00e1sunkat haszn\u00e1lja. Ezek az adatok a k\u00f6vetkez\u0151ket tartalmazz\u00e1k: a weboldalunk vagy alkalmaz\u00e1sunk haszn\u00e1lat\u00e1nak r\u00e9szleteit (bele\u00e9rtve a harmadik f\u00e9lt\u0151l sz\u00e1rmaz\u00f3 alkalmaz\u00e1sok linkjeit), az oldalon t\u00f6lt\u00f6tt id\u0151t, valamint az \u00d6n \u00e1ltal haszn\u00e1lt eszk\u00f6zre \u00e9s az eszk\u00f6z helyzet\u00e9re vonatkoz\u00f3 inform\u00e1ci\u00f3kat az esetleges vissza\u00e9l\u00e9sek megel\u0151z\u00e9se \u00e9rdek\u00e9ben.<br><strong>S\u00fctik <\/strong>&#8211; Az alkalmaz\u00e1s \u00e9s a weboldal s\u00fctiket vagy hasonl\u00f3 technol\u00f3gi\u00e1kat haszn\u00e1l. A s\u00fctik kis m\u00e9re\u0171 inform\u00e1ci\u00f3s f\u00e1jlok, amelyet b\u00f6ng\u00e9sz\u00e9skor az alkalmaz\u00e1s \u00e9s a weboldal megnyitott oldalai tov\u00e1bb\u00edtanakaz \u00f6n b\u00f6ng\u00e9sz\u0151j\u00e9nek melyet a merevlemez t\u00e1rol. Az abban t\u00e1rolt inform\u00e1ci\u00f3k egy k\u00e9s\u0151bbi l\u00e1togat\u00e1skor visszak\u00fcldhet\u0151k a mi vagy az \u00e9rintett harmadik f\u00e9l szerver\u00e9re. A s\u00fctik b\u00e1rmikor t\u00f6r\u00f6lhet\u0151k manu\u00e1lisan az \u00d6n sz\u00e1m\u00edt\u00f3g\u00e9p\u00e9r\u0151l, s\u0151t, le is letilthatja azokat. Ha a s\u00fctik t\u00f6rl\u00e9se vagy blokkol\u00e1sa mellett d\u00f6nt, b\u00f6ng\u00e9sz\u0151j\u00e9nek &#8220;be\u00e1ll\u00edt\u00e1sok&#8221; men\u00fcpontj\u00e1ban tudja ezt megtenni. Ha nem j\u00e1rul hozz\u00e1 a s\u00fctik haszn\u00e1lat\u00e1hoz, az befoly\u00e1solhatja az alkalmaz\u00e1s vagy a weboldal m\u0171k\u00f6d\u00e9s\u00e9t.<\/p>\n<\/section>\n\n<section class=\"section section--gutenberg section--gutenberg-nomargin wp-block-paragraph\">\n<p>2. <em>Az inform\u00e1ci\u00f3 felhaszn\u00e1l\u00e1s\u00e1nak c\u00e9ljai<\/em> <br>Mindenekel\u0151tt fontos kiemeln\u00fcnk, hogy az \u00d6n adatait a k\u00f6z\u00f6tt\u00fcnk l\u00e9trej\u00f6tt szerz\u0151d\u00e9ses jogviszony felt\u00e9teleinek teljes\u00edt\u00e9s\u00e9hez haszn\u00e1ljuk fel, illetve annak \u00e9rtek\u00e9ben, hogy szolg\u00e1ltat\u00e1sainkat a lehet\u0151 legoptim\u00e1lisabb m\u00f3don biztos\u00edthassuk \u00d6nnek (jogos \u00e9rdek). Ennek t\u00fckr\u00e9ben az \u00d6n adatait az al\u00e1bbi esetekben haszn\u00e1ljuk fel:<\/p>\n<\/section>\n\n\n<ol class=\"wp-block-list\"><li>Felhaszn\u00e1l\u00f3i fi\u00f3k l\u00e9trehoz\u00e1sa;<\/li><li>Bejelentkez\u00e9s a felhaszn\u00e1l\u00f3i fi\u00f3kj\u00e1ba;<\/li><li>Szolg\u00e1ltat\u00e1saink ig\u00e9nyl\u00e9se \u00e9s azok teljes\u00edt\u00e9se;<\/li><li>Term\u00e9kek \u00e9s\/vagy szolg\u00e1ltat\u00e1sok rendel\u00e9se;<\/li><li>Az \u00d6n \u00e1ltal megadott preferenci\u00e1k nyomonk\u00f6vet\u00e9se;<\/li><li>H\u00edrlev\u00e9l k\u00fcld\u00e9se;<\/li><li>Szolg\u00e1ltat\u00e1saink jav\u00edt\u00e1sa biztons\u00e1gi c\u00e9llal \u00e9s internetes csal\u00e1sok kiv\u00e9d\u00e9s\u00e9re;<\/li><li>Az \u00d6n \u00e1ltal k\u00e9rt egy\u00e9b szolg\u00e1ltat\u00e1sok teljes\u00edt\u00e9sekor;<\/li><li>A weboldal vagy alkalmaz\u00e1s optim\u00e1lis megjelen\u00edt\u00e9s\u00e9re az \u00d6n b\u00f6ng\u00e9sz\u0151j\u00e9ben \u00e9s az \u00d6n \u00e1ltal haszn\u00e1lt eszk\u00f6z\u00f6n;<\/li><li>Vev\u0151i kapcsolattart\u00e1sra k\u00fcl\u00f6nb\u00f6z\u0151 csatorn\u00e1kon kereszt\u00fcl;<\/li><li>Az \u00d6n azonos\u00edt\u00e1sa;<\/li><li>Bels\u0151 adminisztr\u00e1ci\u00f3nk t\u00f6k\u00e9letes\u00edt\u00e9s\u00e9re \u00e9s jogi k\u00f6telezetts\u00e9geink teljes\u00edt\u00e9se.<\/li><\/ol>\n\n\n<section class=\"section section--gutenberg section--gutenberg-nomargin wp-block-paragraph\">\n<p><br><strong>3. Adattov\u00e1bb\u00edt\u00e1s harmadik f\u00e9l r\u00e9sz\u00e9re<\/strong><\/p>\n<\/section>\n\n<section class=\"section section--gutenberg section--gutenberg-nomargin wp-block-paragraph\">\n<p>Az \u00d6n adatait nem adjuk \u00e1t harmadik f\u00e9lnek, kiv\u00e9ve az \u00d6n \u00e9s k\u00f6zt\u00fcnk l\u00e9trej\u00f6tt meg\u00e1llapod\u00e1s v\u00e9grehajt\u00e1s\u00e1ban r\u00e9szt vev\u0151 harmadik felet. Ezen olyan harmadik felet \u00e9rt\u00fcnk, aki szolg\u00e1ltat\u00e1sokat ny\u00fajt sz\u00e1munkra, \u00e9s ezzel \u00f6sszef\u00fcgg\u00e9sben szem\u00e9lyes adatokat is kezelnek. Az adatfeldolgoz\u00f3k p\u00e9ld\u00e1ul fizet\u00e9si, hirdet\u00e9si, \u00fcgyf\u00e9l-, vagy \u00e9rt\u00e9kes\u00edt\u00e9s-t\u00e1mogat\u00f3 szolg\u00e1ltat\u00e1sokat ny\u00fajthatnak sz\u00e1munkra, seg\u00edtenek minket e-mailek k\u00fcld\u00e9s\u00e9ben vagy a visszajelz\u00e9sek elemz\u00e9s\u00e9ben, \u00e9s seg\u00edthetnek a weboldalunk vagy alkalmaz\u00e1sunk biztons\u00e1gosabb\u00e1 t\u00e9tel\u00e9ben. Az adatfeldolgoz\u00f3kat titoktart\u00e1si k\u00f6telezetts\u00e9g terheli, \u00e9s az adott adatokat csak arra haszn\u00e1lhatj\u00e1k fel, hogy megb\u00edz\u00e1sunk alapj\u00e1n szolg\u00e1ltat\u00e1st ny\u00fajtsanak sz\u00e1munkra. Jogszab\u00e1ly vagy hat\u00f3s\u00e1g is k\u00f6telezhet minket arra, hogy adatokat osszunk meg harmadik f\u00e9llel.<\/p>\n<\/section>\n\n<section class=\"section section--gutenberg section--gutenberg-nomargin wp-block-paragraph\">\n<p><strong>4. Biztons\u00e1g<\/strong><\/p>\n<\/section>\n\n<section class=\"section section--gutenberg section--gutenberg-nomargin wp-block-paragraph\">\n<p>Biztons\u00e1gi int\u00e9zked\u00e9seket tesz\u00fcnk a szem\u00e9lyes adatokkal val\u00f3 vissza\u00e9l\u00e9s \u00e9s a szem\u00e9lyes adatokhoz val\u00f3 jogosulatlan hozz\u00e1f\u00e9r\u00e9s korl\u00e1toz\u00e1sa \u00e9rdek\u00e9ben. Komolyan vessz\u00fck az \u00d6n adatainak biztons\u00e1g\u00e1t, biztons\u00e1gi elj\u00e1r\u00e1sokkal \u00e9s technikai korl\u00e1toz\u00e1sokkal v\u00e9dj\u00fck adatait a jogosulatlan hozz\u00e1f\u00e9r\u00e9st\u0151l, megsemmis\u00fcl\u00e9st\u0151l vagy m\u00f3dos\u00edt\u00e1st\u00f3l. Az oldalunkon alkalmazott biztons\u00e1gi int\u00e9zked\u00e9seken k\u00edv\u00fcl &#8211; p\u00e9ld\u00e1ul az \u00d6n adatainak titkos\u00edt\u00e1sa &#8211; javasoljuk, hogy gondosan v\u00e1lasszon jelsz\u00f3t, \u00e9s gondoskodjon arr\u00f3l, hogy bejelentkez\u00e9si adatai titokban maradjanak.<\/p>\n<\/section>\n\n<section class=\"section section--gutenberg section--gutenberg-nomargin wp-block-paragraph\">\n<p><strong>5.<\/strong> <strong>Adatmeg\u0151rz\u00e9si id\u0151<\/strong><\/p>\n<\/section>\n\n<section class=\"section section--gutenberg section--gutenberg-nomargin wp-block-paragraph\">\n<p>Az \u00d6n \u00e1ltal megadott adatokat addig \u0151rizz\u00fck meg, am\u00edg az az \u00d6n k\u00e9r\u00e9s\u00e9nek feldolgoz\u00e1s\u00e1hoz, a meg\u00e1llapod\u00e1shoz \u00e9s az \u00d6n \u00e1ltal ig\u00e9nyelt szolg\u00e1ltat\u00e1s ny\u00fajt\u00e1s\u00e1hoz az sz\u00fcks\u00e9ges vagy \u00e9sszer\u0171. Ezeket az adatokat saj\u00e1t protokolunknak megfelel\u0151en a szolg\u00e1ltat\u00e1s megsz\u0171n\u00e9s\u00e9t k\u00f6vet\u0151en legfeljebb 8 \u00e9vig t\u00e1roljuk. A vonatkoz\u00f3 id\u0151szakot k\u00f6vet\u0151en adatait t\u00f6r\u00f6lj\u00fck vagy anonimm\u00e1 tessz\u00fck.<\/p>\n<\/section>\n\n<section class=\"section section--gutenberg section--gutenberg-nomargin wp-block-paragraph\">\n<p><strong>6.<\/strong> <strong>Az adatv\u00e9delmi nyilatkozat m\u00f3dos\u00edt\u00e1sa<\/strong><\/p>\n<\/section>\n\n<section class=\"section section--gutenberg section--gutenberg-nomargin wp-block-paragraph\">\n<p>Fenntartjuk a jogot a jelen nyilatkozat m\u00f3dos\u00edt\u00e1s\u00e1ra. Javasoljuk, hogy rendszeresen tekintse \u00e1t ezt a nyilatkozatot, hogy tiszt\u00e1ban legyen a v\u00e1ltoz\u00e1sokkal.<\/p>\n<\/section>\n\n<section class=\"section section--gutenberg section--gutenberg-nomargin wp-block-paragraph\">\n<p><strong>7.<\/strong> <strong>Hozz\u00e1f\u00e9r\u00e9s, m\u00f3dos\u00edt\u00e1s \u00e9s az adatok t\u00f6rl\u00e9se<\/strong><\/p>\n<\/section>\n\n<section class=\"section section--gutenberg section--gutenberg-nomargin wp-block-paragraph\">\n<p>Adatv\u00e9delmi szab\u00e1lyzatunkkal kapcsolatos k\u00e9rd\u00e9seivel, illetve a szem\u00e9lyes adataihoz val\u00f3 hozz\u00e1f\u00e9r\u00e9ssel \u00e9s azok m\u00f3dos\u00edt\u00e1s\u00e1val (vagy t\u00f6rl\u00e9s\u00e9vel) kapcsolatos k\u00e9rd\u00e9seivel b\u00e1rmikor fordulhat hozz\u00e1nk.<\/p>\n<\/section>\n\n<section class=\"section section--gutenberg section--gutenberg-nomargin wp-block-paragraph\">\n<p><strong>8. Kapcsolat<\/strong><br>Agrifirm Group B.V.<br>Landgoedlaan 20<br>7325 AW Apeldoorn<br>privacy@agrifirm.com<\/p>\n<\/section>","protected":false},"excerpt":{"rendered":"<p>Az Agrifirm (Agrifirm Group B.V. \u00e9s\/vagy a hozz\u00e1 kapcsol\u00f3d\u00f3 v\u00e1llalatok) nagy jelent\u0151s\u00e9get tulajdon\u00edt az alkalmaz\u00e1s felhaszn\u00e1l\u00f3i \u00e9s a weboldal l\u00e1togat\u00f3i adatainak v\u00e9delm\u00e9nek. Az Agrifirm feldolgozza a weboldalt l\u00e1togat\u00f3 \u00e9s az alkalmaz\u00e1st haszn\u00e1l\u00f3k szem\u00e9lyes adatait. Ebben a nyilatkozatban szeretn\u00e9nk t\u00e1j\u00e9koztatni \u00d6nt arr\u00f3l, hogy milyen adatokat \u00e9s mi\u00e9rt dolgozunk fel. Ezen az oldalon mindig megtal\u00e1lja a nyilatkozat [&hellip;]<\/p>\n","protected":false},"author":1,"featured_media":0,"parent":0,"menu_order":0,"comment_status":"closed","ping_status":"open","template":"","meta":{"_acf_changed":false,"footnotes":""},"country":[],"class_list":["post-18065","page","type-page","status-publish","hentry"],"acf":[],"yoast_head":"<!-- This site is optimized with the Yoast SEO plugin v27.0 - https:\/\/yoast.com\/product\/yoast-seo-wordpress\/ -->\n<title>Adatv\u00e9delmi nyilatkozat - Earlyfeed<\/title>\n<meta name=\"robots\" content=\"index, follow, max-snippet:-1, max-image-preview:large, max-video-preview:-1\" \/>\n<link rel=\"canonical\" href=\"https:\/\/earlyfeednutrition.com\/hu\/privacy-policy\/\" \/>\n<meta property=\"og:locale\" content=\"hu_HU\" \/>\n<meta property=\"og:type\" content=\"article\" \/>\n<meta property=\"og:title\" content=\"Adatv\u00e9delmi nyilatkozat - Earlyfeed\" \/>\n<meta property=\"og:description\" content=\"Az Agrifirm (Agrifirm Group B.V. \u00e9s\/vagy a hozz\u00e1 kapcsol\u00f3d\u00f3 v\u00e1llalatok) nagy jelent\u0151s\u00e9get tulajdon\u00edt az alkalmaz\u00e1s felhaszn\u00e1l\u00f3i \u00e9s a weboldal l\u00e1togat\u00f3i adatainak v\u00e9delm\u00e9nek. Az Agrifirm feldolgozza a weboldalt l\u00e1togat\u00f3 \u00e9s az alkalmaz\u00e1st haszn\u00e1l\u00f3k szem\u00e9lyes adatait. Ebben a nyilatkozatban szeretn\u00e9nk t\u00e1j\u00e9koztatni \u00d6nt arr\u00f3l, hogy milyen adatokat \u00e9s mi\u00e9rt dolgozunk fel. Ezen az oldalon mindig megtal\u00e1lja a nyilatkozat [&hellip;]\" \/>\n<meta property=\"og:url\" content=\"https:\/\/earlyfeednutrition.com\/hu\/privacy-policy\/\" \/>\n<meta property=\"og:site_name\" content=\"Earlyfeed\" \/>\n<meta property=\"article:modified_time\" content=\"2022-07-12T11:51:14+00:00\" \/>\n<meta name=\"twitter:card\" content=\"summary_large_image\" \/>\n<meta name=\"twitter:label1\" content=\"Est. reading time\" \/>\n\t<meta name=\"twitter:data1\" content=\"5 minutes\" \/>\n<script type=\"application\/ld+json\" class=\"yoast-schema-graph\">{\"@context\":\"https:\/\/schema.org\",\"@graph\":[{\"@type\":\"WebPage\",\"@id\":\"https:\/\/earlyfeednutrition.com\/hu\/privacy-policy\/\",\"url\":\"https:\/\/earlyfeednutrition.com\/hu\/privacy-policy\/\",\"name\":\"Adatv\u00e9delmi nyilatkozat - Earlyfeed\",\"isPartOf\":{\"@id\":\"https:\/\/earlyfeednutrition.com\/hu\/#website\"},\"datePublished\":\"2019-08-29T19:20:04+00:00\",\"dateModified\":\"2022-07-12T11:51:14+00:00\",\"breadcrumb\":{\"@id\":\"https:\/\/earlyfeednutrition.com\/hu\/privacy-policy\/#breadcrumb\"},\"inLanguage\":\"hu-HU\",\"potentialAction\":[{\"@type\":\"ReadAction\",\"target\":[\"https:\/\/earlyfeednutrition.com\/hu\/privacy-policy\/\"]}]},{\"@type\":\"BreadcrumbList\",\"@id\":\"https:\/\/earlyfeednutrition.com\/hu\/privacy-policy\/#breadcrumb\",\"itemListElement\":[{\"@type\":\"ListItem\",\"position\":1,\"name\":\"Kezd\u0151lap\",\"item\":\"https:\/\/earlyfeednutrition.com\/hu\/\"},{\"@type\":\"ListItem\",\"position\":2,\"name\":\"Adatv\u00e9delmi nyilatkozat\"}]},{\"@type\":\"WebSite\",\"@id\":\"https:\/\/earlyfeednutrition.com\/hu\/#website\",\"url\":\"https:\/\/earlyfeednutrition.com\/hu\/\",\"name\":\"Earlyfeed\",\"description\":\"Right from the start\",\"potentialAction\":[{\"@type\":\"SearchAction\",\"target\":{\"@type\":\"EntryPoint\",\"urlTemplate\":\"https:\/\/earlyfeednutrition.com\/hu\/?s={search_term_string}\"},\"query-input\":{\"@type\":\"PropertyValueSpecification\",\"valueRequired\":true,\"valueName\":\"search_term_string\"}}],\"inLanguage\":\"hu-HU\"}]}<\/script>\n<!-- \/ Yoast SEO plugin. -->","yoast_head_json":{"title":"Adatv\u00e9delmi nyilatkozat - Earlyfeed","robots":{"index":"index","follow":"follow","max-snippet":"max-snippet:-1","max-image-preview":"max-image-preview:large","max-video-preview":"max-video-preview:-1"},"canonical":"https:\/\/earlyfeednutrition.com\/hu\/privacy-policy\/","og_locale":"hu_HU","og_type":"article","og_title":"Adatv\u00e9delmi nyilatkozat - Earlyfeed","og_description":"Az Agrifirm (Agrifirm Group B.V. \u00e9s\/vagy a hozz\u00e1 kapcsol\u00f3d\u00f3 v\u00e1llalatok) nagy jelent\u0151s\u00e9get tulajdon\u00edt az alkalmaz\u00e1s felhaszn\u00e1l\u00f3i \u00e9s a weboldal l\u00e1togat\u00f3i adatainak v\u00e9delm\u00e9nek. Az Agrifirm feldolgozza a weboldalt l\u00e1togat\u00f3 \u00e9s az alkalmaz\u00e1st haszn\u00e1l\u00f3k szem\u00e9lyes adatait. Ebben a nyilatkozatban szeretn\u00e9nk t\u00e1j\u00e9koztatni \u00d6nt arr\u00f3l, hogy milyen adatokat \u00e9s mi\u00e9rt dolgozunk fel. Ezen az oldalon mindig megtal\u00e1lja a nyilatkozat [&hellip;]","og_url":"https:\/\/earlyfeednutrition.com\/hu\/privacy-policy\/","og_site_name":"Earlyfeed","article_modified_time":"2022-07-12T11:51:14+00:00","twitter_card":"summary_large_image","twitter_misc":{"Est. reading time":"5 minutes"},"schema":{"@context":"https:\/\/schema.org","@graph":[{"@type":"WebPage","@id":"https:\/\/earlyfeednutrition.com\/hu\/privacy-policy\/","url":"https:\/\/earlyfeednutrition.com\/hu\/privacy-policy\/","name":"Adatv\u00e9delmi nyilatkozat - Earlyfeed","isPartOf":{"@id":"https:\/\/earlyfeednutrition.com\/hu\/#website"},"datePublished":"2019-08-29T19:20:04+00:00","dateModified":"2022-07-12T11:51:14+00:00","breadcrumb":{"@id":"https:\/\/earlyfeednutrition.com\/hu\/privacy-policy\/#breadcrumb"},"inLanguage":"hu-HU","potentialAction":[{"@type":"ReadAction","target":["https:\/\/earlyfeednutrition.com\/hu\/privacy-policy\/"]}]},{"@type":"BreadcrumbList","@id":"https:\/\/earlyfeednutrition.com\/hu\/privacy-policy\/#breadcrumb","itemListElement":[{"@type":"ListItem","position":1,"name":"Kezd\u0151lap","item":"https:\/\/earlyfeednutrition.com\/hu\/"},{"@type":"ListItem","position":2,"name":"Adatv\u00e9delmi nyilatkozat"}]},{"@type":"WebSite","@id":"https:\/\/earlyfeednutrition.com\/hu\/#website","url":"https:\/\/earlyfeednutrition.com\/hu\/","name":"Earlyfeed","description":"Right from the start","potentialAction":[{"@type":"SearchAction","target":{"@type":"EntryPoint","urlTemplate":"https:\/\/earlyfeednutrition.com\/hu\/?s={search_term_string}"},"query-input":{"@type":"PropertyValueSpecification","valueRequired":true,"valueName":"search_term_string"}}],"inLanguage":"hu-HU"}]}},"_links":{"self":[{"href":"https:\/\/earlyfeednutrition.com\/hu\/wp-json\/wp\/v2\/pages\/18065","targetHints":{"allow":["GET"]}}],"collection":[{"href":"https:\/\/earlyfeednutrition.com\/hu\/wp-json\/wp\/v2\/pages"}],"about":[{"href":"https:\/\/earlyfeednutrition.com\/hu\/wp-json\/wp\/v2\/types\/page"}],"author":[{"embeddable":true,"href":"https:\/\/earlyfeednutrition.com\/hu\/wp-json\/wp\/v2\/users\/1"}],"replies":[{"embeddable":true,"href":"https:\/\/earlyfeednutrition.com\/hu\/wp-json\/wp\/v2\/comments?post=18065"}],"version-history":[{"count":3,"href":"https:\/\/earlyfeednutrition.com\/hu\/wp-json\/wp\/v2\/pages\/18065\/revisions"}],"predecessor-version":[{"id":19130,"href":"https:\/\/earlyfeednutrition.com\/hu\/wp-json\/wp\/v2\/pages\/18065\/revisions\/19130"}],"wp:attachment":[{"href":"https:\/\/earlyfeednutrition.com\/hu\/wp-json\/wp\/v2\/media?parent=18065"}],"wp:term":[{"taxonomy":"country","embeddable":true,"href":"https:\/\/earlyfeednutrition.com\/hu\/wp-json\/wp\/v2\/country?post=18065"}],"curies":[{"name":"wp","href":"https:\/\/api.w.org\/{rel}","templated":true}]}}