{"id":18061,"date":"2020-01-24T20:04:39","date_gmt":"2020-01-24T20:04:39","guid":{"rendered":"https:\/\/earlyfeednutrition.com\/disclaimer\/"},"modified":"2022-04-11T10:12:53","modified_gmt":"2022-04-11T09:12:53","slug":"disclaimer","status":"publish","type":"page","link":"https:\/\/earlyfeednutrition.com\/hu\/disclaimer\/","title":{"rendered":"Jogi nyilatkozat"},"content":{"rendered":"<section class=\"section section--gutenberg section--gutenberg-nomargin wp-block-paragraph\">\n<p>Oldalunkat a legnagyobb k\u00f6r\u00fcltekint\u00e9ssel \u00e1ll\u00edtottuk \u00f6ssze. Ennek ellen\u00e9re el\u0151fordulhat, hogy a webhely hib\u00e1s \u00e9s\/vagy hi\u00e1nyos inform\u00e1ci\u00f3kat tartalmaz. Ebb\u0151l k\u00f6vetkez\u0151 jogi felel\u0151ss\u00e9g a v\u00e1llalatot nem terheli. A Royal Agrifirm Group nem v\u00e1llal felel\u0151ss\u00e9get a weboldalon vagy a kapcsol\u00f3d\u00f3 weboldalakon szerzett inform\u00e1ci\u00f3 felhaszn\u00e1l\u00e1s\u00e1b\u00f3l ered\u0151 k\u00f6zvetlen\u00fcl vagy k\u00f6zvetetten fell\u00e9p\u0151 k\u00e1rok\u00e9rt. A weboldalon szerepl\u0151 tartalmak nem haszn\u00e1lhat\u00f3k fel, nem tehet\u0151k k\u00f6zz\u00e9 a Royal Agrifirm Group enged\u00e9lye n\u00e9lk\u00fcl. <\/p>\n<\/section>\n\n<section class=\"section section--gutenberg section--gutenberg-nomargin wp-block-paragraph\">\n<p>Sz\u00e1ll\u00edt\u00e1si, p\u00e9nz\u00fcgyi stb. felt\u00e9telekkel kapcsolatban a Royal Agrifirm Group le\u00e1nyv\u00e1llalat\u00e1nak a Kereskedelmi Kamar\u00e1n\u00e1l let\u00e9tbe helyezett helyi sz\u00e1ll\u00edt\u00e1si felt\u00e9telei \u00e9rv\u00e9nyesek. <\/p>\n<\/section>\n\n<section class=\"section section--gutenberg section--gutenberg-nomargin wp-block-paragraph\">\n<p>Royal Agrifirm Group<br><em>CC 50003631<\/em><\/p>\n<\/section>","protected":false},"excerpt":{"rendered":"<p>Oldalunkat a legnagyobb k\u00f6r\u00fcltekint\u00e9ssel \u00e1ll\u00edtottuk \u00f6ssze. Ennek ellen\u00e9re el\u0151fordulhat, hogy a webhely hib\u00e1s \u00e9s\/vagy hi\u00e1nyos inform\u00e1ci\u00f3kat tartalmaz. Ebb\u0151l k\u00f6vetkez\u0151 jogi felel\u0151ss\u00e9g a v\u00e1llalatot nem terheli. A Royal Agrifirm Group nem v\u00e1llal felel\u0151ss\u00e9get a weboldalon vagy a kapcsol\u00f3d\u00f3 weboldalakon szerzett inform\u00e1ci\u00f3 felhaszn\u00e1l\u00e1s\u00e1b\u00f3l ered\u0151 k\u00f6zvetlen\u00fcl vagy k\u00f6zvetetten fell\u00e9p\u0151 k\u00e1rok\u00e9rt. A weboldalon szerepl\u0151 tartalmak nem haszn\u00e1lhat\u00f3k fel, nem [&hellip;]<\/p>\n","protected":false},"author":1,"featured_media":0,"parent":0,"menu_order":0,"comment_status":"closed","ping_status":"closed","template":"","meta":{"_acf_changed":false,"footnotes":""},"country":[],"class_list":["post-18061","page","type-page","status-publish","hentry"],"acf":[],"yoast_head":"<!-- This site is optimized with the Yoast SEO plugin v27.0 - https:\/\/yoast.com\/product\/yoast-seo-wordpress\/ -->\n<title>Jogi nyilatkozat - Earlyfeed<\/title>\n<meta name=\"robots\" content=\"index, follow, max-snippet:-1, max-image-preview:large, max-video-preview:-1\" \/>\n<link rel=\"canonical\" href=\"https:\/\/earlyfeednutrition.com\/hu\/disclaimer\/\" \/>\n<meta property=\"og:locale\" content=\"hu_HU\" \/>\n<meta property=\"og:type\" content=\"article\" \/>\n<meta property=\"og:title\" content=\"Jogi nyilatkozat - Earlyfeed\" \/>\n<meta property=\"og:description\" content=\"Oldalunkat a legnagyobb k\u00f6r\u00fcltekint\u00e9ssel \u00e1ll\u00edtottuk \u00f6ssze. Ennek ellen\u00e9re el\u0151fordulhat, hogy a webhely hib\u00e1s \u00e9s\/vagy hi\u00e1nyos inform\u00e1ci\u00f3kat tartalmaz. Ebb\u0151l k\u00f6vetkez\u0151 jogi felel\u0151ss\u00e9g a v\u00e1llalatot nem terheli. A Royal Agrifirm Group nem v\u00e1llal felel\u0151ss\u00e9get a weboldalon vagy a kapcsol\u00f3d\u00f3 weboldalakon szerzett inform\u00e1ci\u00f3 felhaszn\u00e1l\u00e1s\u00e1b\u00f3l ered\u0151 k\u00f6zvetlen\u00fcl vagy k\u00f6zvetetten fell\u00e9p\u0151 k\u00e1rok\u00e9rt. A weboldalon szerepl\u0151 tartalmak nem haszn\u00e1lhat\u00f3k fel, nem [&hellip;]\" \/>\n<meta property=\"og:url\" content=\"https:\/\/earlyfeednutrition.com\/hu\/disclaimer\/\" \/>\n<meta property=\"og:site_name\" content=\"Earlyfeed\" \/>\n<meta property=\"article:modified_time\" content=\"2022-04-11T09:12:53+00:00\" \/>\n<meta name=\"twitter:card\" content=\"summary_large_image\" \/>\n<meta name=\"twitter:label1\" content=\"Est. reading time\" \/>\n\t<meta name=\"twitter:data1\" content=\"1 minute\" \/>\n<script type=\"application\/ld+json\" class=\"yoast-schema-graph\">{\"@context\":\"https:\/\/schema.org\",\"@graph\":[{\"@type\":\"WebPage\",\"@id\":\"https:\/\/earlyfeednutrition.com\/hu\/disclaimer\/\",\"url\":\"https:\/\/earlyfeednutrition.com\/hu\/disclaimer\/\",\"name\":\"Jogi nyilatkozat - Earlyfeed\",\"isPartOf\":{\"@id\":\"https:\/\/earlyfeednutrition.com\/hu\/#website\"},\"datePublished\":\"2020-01-24T20:04:39+00:00\",\"dateModified\":\"2022-04-11T09:12:53+00:00\",\"breadcrumb\":{\"@id\":\"https:\/\/earlyfeednutrition.com\/hu\/disclaimer\/#breadcrumb\"},\"inLanguage\":\"hu-HU\",\"potentialAction\":[{\"@type\":\"ReadAction\",\"target\":[\"https:\/\/earlyfeednutrition.com\/hu\/disclaimer\/\"]}]},{\"@type\":\"BreadcrumbList\",\"@id\":\"https:\/\/earlyfeednutrition.com\/hu\/disclaimer\/#breadcrumb\",\"itemListElement\":[{\"@type\":\"ListItem\",\"position\":1,\"name\":\"Kezd\u0151lap\",\"item\":\"https:\/\/earlyfeednutrition.com\/hu\/\"},{\"@type\":\"ListItem\",\"position\":2,\"name\":\"Jogi nyilatkozat\"}]},{\"@type\":\"WebSite\",\"@id\":\"https:\/\/earlyfeednutrition.com\/hu\/#website\",\"url\":\"https:\/\/earlyfeednutrition.com\/hu\/\",\"name\":\"Earlyfeed\",\"description\":\"Right from the start\",\"potentialAction\":[{\"@type\":\"SearchAction\",\"target\":{\"@type\":\"EntryPoint\",\"urlTemplate\":\"https:\/\/earlyfeednutrition.com\/hu\/?s={search_term_string}\"},\"query-input\":{\"@type\":\"PropertyValueSpecification\",\"valueRequired\":true,\"valueName\":\"search_term_string\"}}],\"inLanguage\":\"hu-HU\"}]}<\/script>\n<!-- \/ Yoast SEO plugin. -->","yoast_head_json":{"title":"Jogi nyilatkozat - Earlyfeed","robots":{"index":"index","follow":"follow","max-snippet":"max-snippet:-1","max-image-preview":"max-image-preview:large","max-video-preview":"max-video-preview:-1"},"canonical":"https:\/\/earlyfeednutrition.com\/hu\/disclaimer\/","og_locale":"hu_HU","og_type":"article","og_title":"Jogi nyilatkozat - Earlyfeed","og_description":"Oldalunkat a legnagyobb k\u00f6r\u00fcltekint\u00e9ssel \u00e1ll\u00edtottuk \u00f6ssze. Ennek ellen\u00e9re el\u0151fordulhat, hogy a webhely hib\u00e1s \u00e9s\/vagy hi\u00e1nyos inform\u00e1ci\u00f3kat tartalmaz. Ebb\u0151l k\u00f6vetkez\u0151 jogi felel\u0151ss\u00e9g a v\u00e1llalatot nem terheli. A Royal Agrifirm Group nem v\u00e1llal felel\u0151ss\u00e9get a weboldalon vagy a kapcsol\u00f3d\u00f3 weboldalakon szerzett inform\u00e1ci\u00f3 felhaszn\u00e1l\u00e1s\u00e1b\u00f3l ered\u0151 k\u00f6zvetlen\u00fcl vagy k\u00f6zvetetten fell\u00e9p\u0151 k\u00e1rok\u00e9rt. A weboldalon szerepl\u0151 tartalmak nem haszn\u00e1lhat\u00f3k fel, nem [&hellip;]","og_url":"https:\/\/earlyfeednutrition.com\/hu\/disclaimer\/","og_site_name":"Earlyfeed","article_modified_time":"2022-04-11T09:12:53+00:00","twitter_card":"summary_large_image","twitter_misc":{"Est. reading time":"1 minute"},"schema":{"@context":"https:\/\/schema.org","@graph":[{"@type":"WebPage","@id":"https:\/\/earlyfeednutrition.com\/hu\/disclaimer\/","url":"https:\/\/earlyfeednutrition.com\/hu\/disclaimer\/","name":"Jogi nyilatkozat - Earlyfeed","isPartOf":{"@id":"https:\/\/earlyfeednutrition.com\/hu\/#website"},"datePublished":"2020-01-24T20:04:39+00:00","dateModified":"2022-04-11T09:12:53+00:00","breadcrumb":{"@id":"https:\/\/earlyfeednutrition.com\/hu\/disclaimer\/#breadcrumb"},"inLanguage":"hu-HU","potentialAction":[{"@type":"ReadAction","target":["https:\/\/earlyfeednutrition.com\/hu\/disclaimer\/"]}]},{"@type":"BreadcrumbList","@id":"https:\/\/earlyfeednutrition.com\/hu\/disclaimer\/#breadcrumb","itemListElement":[{"@type":"ListItem","position":1,"name":"Kezd\u0151lap","item":"https:\/\/earlyfeednutrition.com\/hu\/"},{"@type":"ListItem","position":2,"name":"Jogi nyilatkozat"}]},{"@type":"WebSite","@id":"https:\/\/earlyfeednutrition.com\/hu\/#website","url":"https:\/\/earlyfeednutrition.com\/hu\/","name":"Earlyfeed","description":"Right from the start","potentialAction":[{"@type":"SearchAction","target":{"@type":"EntryPoint","urlTemplate":"https:\/\/earlyfeednutrition.com\/hu\/?s={search_term_string}"},"query-input":{"@type":"PropertyValueSpecification","valueRequired":true,"valueName":"search_term_string"}}],"inLanguage":"hu-HU"}]}},"_links":{"self":[{"href":"https:\/\/earlyfeednutrition.com\/hu\/wp-json\/wp\/v2\/pages\/18061","targetHints":{"allow":["GET"]}}],"collection":[{"href":"https:\/\/earlyfeednutrition.com\/hu\/wp-json\/wp\/v2\/pages"}],"about":[{"href":"https:\/\/earlyfeednutrition.com\/hu\/wp-json\/wp\/v2\/types\/page"}],"author":[{"embeddable":true,"href":"https:\/\/earlyfeednutrition.com\/hu\/wp-json\/wp\/v2\/users\/1"}],"replies":[{"embeddable":true,"href":"https:\/\/earlyfeednutrition.com\/hu\/wp-json\/wp\/v2\/comments?post=18061"}],"version-history":[{"count":1,"href":"https:\/\/earlyfeednutrition.com\/hu\/wp-json\/wp\/v2\/pages\/18061\/revisions"}],"predecessor-version":[{"id":18075,"href":"https:\/\/earlyfeednutrition.com\/hu\/wp-json\/wp\/v2\/pages\/18061\/revisions\/18075"}],"wp:attachment":[{"href":"https:\/\/earlyfeednutrition.com\/hu\/wp-json\/wp\/v2\/media?parent=18061"}],"wp:term":[{"taxonomy":"country","embeddable":true,"href":"https:\/\/earlyfeednutrition.com\/hu\/wp-json\/wp\/v2\/country?post=18061"}],"curies":[{"name":"wp","href":"https:\/\/api.w.org\/{rel}","templated":true}]}}