{"id":18059,"date":"2019-09-06T07:49:47","date_gmt":"2019-09-06T07:49:47","guid":{"rendered":"https:\/\/earlyfeednutrition.com\/cookie-policy\/"},"modified":"2022-07-12T12:53:44","modified_gmt":"2022-07-12T11:53:44","slug":"cookie-policy","status":"publish","type":"page","link":"https:\/\/earlyfeednutrition.com\/hu\/cookie-policy\/","title":{"rendered":"S\u00fcti szab\u00e1lyzat"},"content":{"rendered":"<section class=\"section section--gutenberg section--gutenberg-nomargin wp-block-paragraph\">\n<p>Az Agrifirm (Agrifirm Group B.V. \u00e9s\/vagy a hozz\u00e1 kapcsol\u00f3d\u00f3 v\u00e1llalatok) s\u00fctiket haszn\u00e1l a <a href=\"http:\/\/www.earlyfeednutrition.com\">www.earlyfeednutrition.com<\/a> weboldalon. Ezek olyan kis inform\u00e1ci\u00f3s f\u00e1jlok, melyeket az \u00d6n sz\u00e1m\u00edt\u00f3g\u00e9pe t\u00e1rol, amikor \u00d6n felkeresi a weboldalunkat. A s\u00fctik lehet\u0151v\u00e9 teszik sz\u00e1munkra, hogy betekint\u00e9st nyerj\u00fcnk a weboldalunk l\u00e1togat\u00f3inak b\u00f6ng\u00e9sz\u00e9si szok\u00e1saiba. Ezeket az inform\u00e1ci\u00f3kat webes szolg\u00e1ltat\u00e1saink optimaliz\u00e1l\u00e1s\u00e1ra haszn\u00e1ljuk fel. A s\u00fctik nem vesz\u00e9lyeztetik az \u00d6n sz\u00e1m\u00edt\u00f3g\u00e9p\u00e9e vagy az azon t\u00e1rolt adatok biztons\u00e1g\u00e1t.<\/p>\n<\/section>\n\n<section class=\"section section--gutenberg section--gutenberg-nomargin wp-block-paragraph\">\n<p>A s\u00fctiket b\u00e1rmikor t\u00f6r\u00f6lheti manu\u00e1lisan a sz\u00e1m\u00edt\u00f3g\u00e9p\u00e9r\u0151l, vagy le is tilthatja azokat. Ehhez keresse meg b\u00f6ng\u00e9sz\u0151j\u00e9ben az &#8220;Internet be\u00e1ll\u00edt\u00e1sok&#8221; men\u00fcpontot. Ha \u00fagy d\u00f6nt, hogy t\u00f6rli vagy blokkolja a s\u00fctiket, el\u0151fordulhat, hogy weboldalunk nem fog optim\u00e1lisan m\u0171k\u00f6dni, \u00e9s egyes szolg\u00e1ltat\u00e1sokat nem tud majd haszn\u00e1lni.<\/p>\n<\/section>\n\n<section class=\"section section--gutenberg section--gutenberg-nomargin wp-block-paragraph\">\n<p> <\/p>\n<\/section>\n\n<section class=\"section section--gutenberg section--gutenberg-nomargin wp-block-heading\">\n<h2>Funkcion\u00e1lis \u00e9s nem funkcion\u00e1lis s\u00fctik<\/h2>\n<\/section>\n\n<section class=\"section section--gutenberg section--gutenberg-nomargin wp-block-paragraph\">\n<p>A s\u00fctik k\u00f6z\u00f6tt megk\u00fcl\u00f6nb\u00f6ztet\u00fcnk funkcion\u00e1lis \u00e9s nem funkcion\u00e1lis s\u00fctiket. A funkcion\u00e1lis s\u00fctik a weboldal megfelel\u0151 m\u0171k\u00f6d\u00e9s\u00e9hez sz\u00fcks\u00e9gesek, \u00e9s biztos\u00edtj\u00e1 az \u00d6n \u00e1ltal keresett inform\u00e1ci\u00f3 gyors \u00e9s pontos bet\u00f6lt\u00e9s\u00e9t a weboldalon, minen alkalommal amikor felkeresi azt. Ez az\u00e9rt hasznos, mert nem kell minden alkalommal \u00fajra megadnia az adatait, preferenci\u00e1it, vagy szem\u00e9lyre szabnia a be\u00e1ll\u00edt\u00e1sait.<\/p>\n<\/section>\n\n<section class=\"section section--gutenberg section--gutenberg-nomargin wp-block-paragraph\">\n<p>A nem funkcion\u00e1lis s\u00fctiket arra haszn\u00e1ljuk, hogy felm\u00e9rj\u00fck a weboldalunk l\u00e1togat\u00f3inak sz\u00e1m\u00e1t, \u00e9s hogy mik\u00e9nt haszn\u00e1lj\u00e1k a weboldalt. Ezt az inform\u00e1ci\u00f3t a weboldal tov\u00e1bbi fejleszt\u00e9s\u00e9re haszn\u00e1ljuk fel. Ez az inform\u00e1ci\u00f3 anonim, ezekkel senkit nem lehet azonos\u00edtani. Ezek a f\u00e1jlok automatikusan t\u00f6rl\u0151dnek, amikor bez\u00e1rja az internetb\u00f6ng\u00e9sz\u0151j\u00e9t, vagy az utols\u00f3 l\u00e1togat\u00e1s\u00e1t k\u00f6vet\u0151 12 h\u00f3napig maradnak a sz\u00e1m\u00edt\u00f3g\u00e9pen.<\/p>\n<\/section>\n\n<section class=\"section section--gutenberg section--gutenberg-nomargin wp-block-paragraph\">\n<p>A funkcion\u00e1lis s\u00fctik felhaszn\u00e1l\u00e1sa:<\/p>\n<\/section>\n\n\n<ul class=\"wp-block-list\"><li>A bejelentkez\u00e9si adatok meg\u0151rz\u00e9se.<\/li><li>A bejelentkez\u00e9si adatok biztons\u00e1g\u00e1nak biztos\u00edt\u00e1sa<\/li><li>Az online rendel\u00e9shez az \u00d6n saj\u00e1t vev\u0151i adatainak bet\u00f6lt\u00e9se<\/li><li>Aweboldal egys\u00e9ges kialak\u00edt\u00e1s\u00e1nak biztos\u00edt\u00e1sa.<\/li><\/ul>\n\n\n<section class=\"section section--gutenberg section--gutenberg-nomargin wp-block-paragraph\">\n<p>A nem funkcion\u00e1lis s\u00fctik felhaszn\u00e1l\u00e1sa: <\/p>\n<\/section>\n\n\n<ul class=\"wp-block-list\"><li>A weboldal l\u00e1togat\u00f3i sz\u00e1m\u00e1nak felm\u00e9r\u00e9se<\/li><li>A l\u00e1togat\u00f3k b\u00f6ng\u00e9sz\u00e9si szok\u00e1sainak felm\u00e9r\u00e9se<\/li><li>A weboldal teljes\u00edtm\u00e9ny\u00e9nek jav\u00edt\u00e1sa<\/li><li>A felhaszn\u00e1l\u00f3i \u00e9lm\u00e9ny jav\u00edt\u00e1sa<\/li><\/ul>\n\n\n<section class=\"section section--gutenberg section--gutenberg-nomargin wp-block-paragraph\">\n<p>A s\u00fctikr\u0151l \u00e9s a s\u00fctikre vonatkoz\u00f3 jogszab\u00e1lyokr\u00f3l tov\u00e1bbi inform\u00e1ci\u00f3kat a <a href=\"http:\/\/www.youronlinechoices.com\/\">http:\/\/www.youronlinechoices.com\/<\/a> oldalon tal\u00e1l.<\/p>\n<\/section>\n\n<section class=\"section section--gutenberg section--gutenberg-nomargin wp-block-heading\">\n<h2>S\u00fctikre vonatkoz\u00f3 ir\u00e1nyelvek friss\u00edt\u00e9se<\/h2>\n<\/section>\n\n<section class=\"section section--gutenberg section--gutenberg-nomargin wp-block-paragraph\">\n<p>A s\u00fcti szab\u00e1lyzat az adatgy\u0171jt\u00e9si \u00e9s adatkezel\u00e9si szab\u00e1lyok v\u00e1ltoz\u00e1s\u00e1nak lek\u00f6vet\u00e9se v\u00e9gett id\u0151k\u00f6z\u00f6nk\u00e9nt m\u00f3dos\u00edt\u00e1sra ker\u00fcl. Amikor a a szab\u00e1lyzat egyes elemei v\u00e1ltoztat\u00e1sra ker\u00fclnek, annak d\u00e1tum\u00e1t az oldal alj\u00e1n felt\u00fcntetj\u00fck.<\/p>\n<\/section>\n\n<section class=\"section section--gutenberg section--gutenberg-nomargin wp-block-paragraph\">\n<p>V\u00e1llalatunk fenntartja a jogot arra, hogy az adatkezel\u00e9s m\u00f3dj\u00e1t megv\u00e1ltoztassa, a felhaszn\u00e1l\u00f3i felt\u00e9teleket a s\u00fcti szab\u00e1lyzatban le\u00edrtak szerint m\u00f3dos\u00edtsa, \u00e9s ezeket a m\u00f3dos\u00edt\u00e1sokat az \u00d6n \u00e1ltal megadott adatokra alkalmazza. A weboldal l\u00e1togat\u00e1sakor \u00d6n elfogadja az aktu\u00e1lisan \u00e9rv\u00e9nyben l\u00e9v\u0151 s\u00fcti szab\u00e1lyzatot \u00e9s a felhaszn\u00e1l\u00f3i felt\u00e9teleket.<\/p>\n<\/section>","protected":false},"excerpt":{"rendered":"<p>Az Agrifirm (Agrifirm Group B.V. \u00e9s\/vagy a hozz\u00e1 kapcsol\u00f3d\u00f3 v\u00e1llalatok) s\u00fctiket haszn\u00e1l a www.earlyfeednutrition.com weboldalon. Ezek olyan kis inform\u00e1ci\u00f3s f\u00e1jlok, melyeket az \u00d6n sz\u00e1m\u00edt\u00f3g\u00e9pe t\u00e1rol, amikor \u00d6n felkeresi a weboldalunkat. A s\u00fctik lehet\u0151v\u00e9 teszik sz\u00e1munkra, hogy betekint\u00e9st nyerj\u00fcnk a weboldalunk l\u00e1togat\u00f3inak b\u00f6ng\u00e9sz\u00e9si szok\u00e1saiba. Ezeket az inform\u00e1ci\u00f3kat webes szolg\u00e1ltat\u00e1saink optimaliz\u00e1l\u00e1s\u00e1ra haszn\u00e1ljuk fel. A s\u00fctik nem vesz\u00e9lyeztetik [&hellip;]<\/p>\n","protected":false},"author":1,"featured_media":0,"parent":0,"menu_order":0,"comment_status":"closed","ping_status":"closed","template":"","meta":{"_acf_changed":false,"footnotes":""},"country":[],"class_list":["post-18059","page","type-page","status-publish","hentry"],"acf":[],"yoast_head":"<!-- This site is optimized with the Yoast SEO plugin v27.0 - https:\/\/yoast.com\/product\/yoast-seo-wordpress\/ -->\n<title>S\u00fcti szab\u00e1lyzat - Earlyfeed<\/title>\n<meta name=\"robots\" content=\"index, follow, max-snippet:-1, max-image-preview:large, max-video-preview:-1\" \/>\n<link rel=\"canonical\" href=\"https:\/\/earlyfeednutrition.com\/hu\/cookie-policy\/\" \/>\n<meta property=\"og:locale\" content=\"hu_HU\" \/>\n<meta property=\"og:type\" content=\"article\" \/>\n<meta property=\"og:title\" content=\"S\u00fcti szab\u00e1lyzat - Earlyfeed\" \/>\n<meta property=\"og:description\" content=\"Az Agrifirm (Agrifirm Group B.V. \u00e9s\/vagy a hozz\u00e1 kapcsol\u00f3d\u00f3 v\u00e1llalatok) s\u00fctiket haszn\u00e1l a www.earlyfeednutrition.com weboldalon. Ezek olyan kis inform\u00e1ci\u00f3s f\u00e1jlok, melyeket az \u00d6n sz\u00e1m\u00edt\u00f3g\u00e9pe t\u00e1rol, amikor \u00d6n felkeresi a weboldalunkat. A s\u00fctik lehet\u0151v\u00e9 teszik sz\u00e1munkra, hogy betekint\u00e9st nyerj\u00fcnk a weboldalunk l\u00e1togat\u00f3inak b\u00f6ng\u00e9sz\u00e9si szok\u00e1saiba. Ezeket az inform\u00e1ci\u00f3kat webes szolg\u00e1ltat\u00e1saink optimaliz\u00e1l\u00e1s\u00e1ra haszn\u00e1ljuk fel. A s\u00fctik nem vesz\u00e9lyeztetik [&hellip;]\" \/>\n<meta property=\"og:url\" content=\"https:\/\/earlyfeednutrition.com\/hu\/cookie-policy\/\" \/>\n<meta property=\"og:site_name\" content=\"Earlyfeed\" \/>\n<meta property=\"article:modified_time\" content=\"2022-07-12T11:53:44+00:00\" \/>\n<meta name=\"twitter:card\" content=\"summary_large_image\" \/>\n<meta name=\"twitter:label1\" content=\"Est. reading time\" \/>\n\t<meta name=\"twitter:data1\" content=\"2 minutes\" \/>\n<script type=\"application\/ld+json\" class=\"yoast-schema-graph\">{\"@context\":\"https:\/\/schema.org\",\"@graph\":[{\"@type\":\"WebPage\",\"@id\":\"https:\/\/earlyfeednutrition.com\/hu\/cookie-policy\/\",\"url\":\"https:\/\/earlyfeednutrition.com\/hu\/cookie-policy\/\",\"name\":\"S\u00fcti szab\u00e1lyzat - Earlyfeed\",\"isPartOf\":{\"@id\":\"https:\/\/earlyfeednutrition.com\/hu\/#website\"},\"datePublished\":\"2019-09-06T07:49:47+00:00\",\"dateModified\":\"2022-07-12T11:53:44+00:00\",\"breadcrumb\":{\"@id\":\"https:\/\/earlyfeednutrition.com\/hu\/cookie-policy\/#breadcrumb\"},\"inLanguage\":\"hu-HU\",\"potentialAction\":[{\"@type\":\"ReadAction\",\"target\":[\"https:\/\/earlyfeednutrition.com\/hu\/cookie-policy\/\"]}]},{\"@type\":\"BreadcrumbList\",\"@id\":\"https:\/\/earlyfeednutrition.com\/hu\/cookie-policy\/#breadcrumb\",\"itemListElement\":[{\"@type\":\"ListItem\",\"position\":1,\"name\":\"Kezd\u0151lap\",\"item\":\"https:\/\/earlyfeednutrition.com\/hu\/\"},{\"@type\":\"ListItem\",\"position\":2,\"name\":\"S\u00fcti szab\u00e1lyzat\"}]},{\"@type\":\"WebSite\",\"@id\":\"https:\/\/earlyfeednutrition.com\/hu\/#website\",\"url\":\"https:\/\/earlyfeednutrition.com\/hu\/\",\"name\":\"Earlyfeed\",\"description\":\"Right from the start\",\"potentialAction\":[{\"@type\":\"SearchAction\",\"target\":{\"@type\":\"EntryPoint\",\"urlTemplate\":\"https:\/\/earlyfeednutrition.com\/hu\/?s={search_term_string}\"},\"query-input\":{\"@type\":\"PropertyValueSpecification\",\"valueRequired\":true,\"valueName\":\"search_term_string\"}}],\"inLanguage\":\"hu-HU\"}]}<\/script>\n<!-- \/ Yoast SEO plugin. -->","yoast_head_json":{"title":"S\u00fcti szab\u00e1lyzat - Earlyfeed","robots":{"index":"index","follow":"follow","max-snippet":"max-snippet:-1","max-image-preview":"max-image-preview:large","max-video-preview":"max-video-preview:-1"},"canonical":"https:\/\/earlyfeednutrition.com\/hu\/cookie-policy\/","og_locale":"hu_HU","og_type":"article","og_title":"S\u00fcti szab\u00e1lyzat - Earlyfeed","og_description":"Az Agrifirm (Agrifirm Group B.V. \u00e9s\/vagy a hozz\u00e1 kapcsol\u00f3d\u00f3 v\u00e1llalatok) s\u00fctiket haszn\u00e1l a www.earlyfeednutrition.com weboldalon. Ezek olyan kis inform\u00e1ci\u00f3s f\u00e1jlok, melyeket az \u00d6n sz\u00e1m\u00edt\u00f3g\u00e9pe t\u00e1rol, amikor \u00d6n felkeresi a weboldalunkat. A s\u00fctik lehet\u0151v\u00e9 teszik sz\u00e1munkra, hogy betekint\u00e9st nyerj\u00fcnk a weboldalunk l\u00e1togat\u00f3inak b\u00f6ng\u00e9sz\u00e9si szok\u00e1saiba. Ezeket az inform\u00e1ci\u00f3kat webes szolg\u00e1ltat\u00e1saink optimaliz\u00e1l\u00e1s\u00e1ra haszn\u00e1ljuk fel. A s\u00fctik nem vesz\u00e9lyeztetik [&hellip;]","og_url":"https:\/\/earlyfeednutrition.com\/hu\/cookie-policy\/","og_site_name":"Earlyfeed","article_modified_time":"2022-07-12T11:53:44+00:00","twitter_card":"summary_large_image","twitter_misc":{"Est. reading time":"2 minutes"},"schema":{"@context":"https:\/\/schema.org","@graph":[{"@type":"WebPage","@id":"https:\/\/earlyfeednutrition.com\/hu\/cookie-policy\/","url":"https:\/\/earlyfeednutrition.com\/hu\/cookie-policy\/","name":"S\u00fcti szab\u00e1lyzat - Earlyfeed","isPartOf":{"@id":"https:\/\/earlyfeednutrition.com\/hu\/#website"},"datePublished":"2019-09-06T07:49:47+00:00","dateModified":"2022-07-12T11:53:44+00:00","breadcrumb":{"@id":"https:\/\/earlyfeednutrition.com\/hu\/cookie-policy\/#breadcrumb"},"inLanguage":"hu-HU","potentialAction":[{"@type":"ReadAction","target":["https:\/\/earlyfeednutrition.com\/hu\/cookie-policy\/"]}]},{"@type":"BreadcrumbList","@id":"https:\/\/earlyfeednutrition.com\/hu\/cookie-policy\/#breadcrumb","itemListElement":[{"@type":"ListItem","position":1,"name":"Kezd\u0151lap","item":"https:\/\/earlyfeednutrition.com\/hu\/"},{"@type":"ListItem","position":2,"name":"S\u00fcti szab\u00e1lyzat"}]},{"@type":"WebSite","@id":"https:\/\/earlyfeednutrition.com\/hu\/#website","url":"https:\/\/earlyfeednutrition.com\/hu\/","name":"Earlyfeed","description":"Right from the start","potentialAction":[{"@type":"SearchAction","target":{"@type":"EntryPoint","urlTemplate":"https:\/\/earlyfeednutrition.com\/hu\/?s={search_term_string}"},"query-input":{"@type":"PropertyValueSpecification","valueRequired":true,"valueName":"search_term_string"}}],"inLanguage":"hu-HU"}]}},"_links":{"self":[{"href":"https:\/\/earlyfeednutrition.com\/hu\/wp-json\/wp\/v2\/pages\/18059","targetHints":{"allow":["GET"]}}],"collection":[{"href":"https:\/\/earlyfeednutrition.com\/hu\/wp-json\/wp\/v2\/pages"}],"about":[{"href":"https:\/\/earlyfeednutrition.com\/hu\/wp-json\/wp\/v2\/types\/page"}],"author":[{"embeddable":true,"href":"https:\/\/earlyfeednutrition.com\/hu\/wp-json\/wp\/v2\/users\/1"}],"replies":[{"embeddable":true,"href":"https:\/\/earlyfeednutrition.com\/hu\/wp-json\/wp\/v2\/comments?post=18059"}],"version-history":[{"count":2,"href":"https:\/\/earlyfeednutrition.com\/hu\/wp-json\/wp\/v2\/pages\/18059\/revisions"}],"predecessor-version":[{"id":19132,"href":"https:\/\/earlyfeednutrition.com\/hu\/wp-json\/wp\/v2\/pages\/18059\/revisions\/19132"}],"wp:attachment":[{"href":"https:\/\/earlyfeednutrition.com\/hu\/wp-json\/wp\/v2\/media?parent=18059"}],"wp:term":[{"taxonomy":"country","embeddable":true,"href":"https:\/\/earlyfeednutrition.com\/hu\/wp-json\/wp\/v2\/country?post=18059"}],"curies":[{"name":"wp","href":"https:\/\/api.w.org\/{rel}","templated":true}]}}