{"id":15470,"date":"2020-11-05T15:50:36","date_gmt":"2020-11-05T15:50:36","guid":{"rendered":"https:\/\/earlyfeednutrition.com\/what-we-do\/"},"modified":"2022-06-14T10:14:51","modified_gmt":"2022-06-14T09:14:51","slug":"what-we-do","status":"publish","type":"page","link":"https:\/\/earlyfeednutrition.com\/hu\/what-we-do\/","title":{"rendered":"Tev\u00e9kenys\u00e9g\u00fcnk"},"content":{"rendered":"","protected":false},"excerpt":{"rendered":"","protected":false},"author":1,"featured_media":0,"parent":0,"menu_order":0,"comment_status":"closed","ping_status":"closed","template":"page-whatwedo.php","meta":{"_acf_changed":false,"footnotes":""},"country":[],"class_list":["post-15470","page","type-page","status-publish","hentry"],"acf":[],"yoast_head":"<!-- This site is optimized with the Yoast SEO plugin v27.0 - https:\/\/yoast.com\/product\/yoast-seo-wordpress\/ -->\n<title>Tev\u00e9kenys\u00e9g\u00fcnk - Earlyfeed<\/title>\n<meta name=\"robots\" content=\"index, follow, max-snippet:-1, max-image-preview:large, max-video-preview:-1\" \/>\n<link rel=\"canonical\" href=\"https:\/\/earlyfeednutrition.com\/hu\/what-we-do\/\" \/>\n<meta property=\"og:locale\" content=\"hu_HU\" \/>\n<meta property=\"og:type\" content=\"article\" \/>\n<meta property=\"og:title\" content=\"Tev\u00e9kenys\u00e9g\u00fcnk - Earlyfeed\" \/>\n<meta property=\"og:url\" content=\"https:\/\/earlyfeednutrition.com\/hu\/what-we-do\/\" \/>\n<meta property=\"og:site_name\" content=\"Earlyfeed\" \/>\n<meta property=\"article:modified_time\" content=\"2022-06-14T09:14:51+00:00\" \/>\n<meta name=\"twitter:card\" content=\"summary_large_image\" \/>\n<script type=\"application\/ld+json\" class=\"yoast-schema-graph\">{\"@context\":\"https:\/\/schema.org\",\"@graph\":[{\"@type\":\"WebPage\",\"@id\":\"https:\/\/earlyfeednutrition.com\/hu\/what-we-do\/\",\"url\":\"https:\/\/earlyfeednutrition.com\/hu\/what-we-do\/\",\"name\":\"Tev\u00e9kenys\u00e9g\u00fcnk - Earlyfeed\",\"isPartOf\":{\"@id\":\"https:\/\/earlyfeednutrition.com\/hu\/#website\"},\"datePublished\":\"2020-11-05T15:50:36+00:00\",\"dateModified\":\"2022-06-14T09:14:51+00:00\",\"breadcrumb\":{\"@id\":\"https:\/\/earlyfeednutrition.com\/hu\/what-we-do\/#breadcrumb\"},\"inLanguage\":\"hu-HU\",\"potentialAction\":[{\"@type\":\"ReadAction\",\"target\":[\"https:\/\/earlyfeednutrition.com\/hu\/what-we-do\/\"]}]},{\"@type\":\"BreadcrumbList\",\"@id\":\"https:\/\/earlyfeednutrition.com\/hu\/what-we-do\/#breadcrumb\",\"itemListElement\":[{\"@type\":\"ListItem\",\"position\":1,\"name\":\"Kezd\u0151lap\",\"item\":\"https:\/\/earlyfeednutrition.com\/hu\/\"},{\"@type\":\"ListItem\",\"position\":2,\"name\":\"Tev\u00e9kenys\u00e9g\u00fcnk\"}]},{\"@type\":\"WebSite\",\"@id\":\"https:\/\/earlyfeednutrition.com\/hu\/#website\",\"url\":\"https:\/\/earlyfeednutrition.com\/hu\/\",\"name\":\"Earlyfeed\",\"description\":\"Right from the start\",\"potentialAction\":[{\"@type\":\"SearchAction\",\"target\":{\"@type\":\"EntryPoint\",\"urlTemplate\":\"https:\/\/earlyfeednutrition.com\/hu\/?s={search_term_string}\"},\"query-input\":{\"@type\":\"PropertyValueSpecification\",\"valueRequired\":true,\"valueName\":\"search_term_string\"}}],\"inLanguage\":\"hu-HU\"}]}<\/script>\n<!-- \/ Yoast SEO plugin. -->","yoast_head_json":{"title":"Tev\u00e9kenys\u00e9g\u00fcnk - Earlyfeed","robots":{"index":"index","follow":"follow","max-snippet":"max-snippet:-1","max-image-preview":"max-image-preview:large","max-video-preview":"max-video-preview:-1"},"canonical":"https:\/\/earlyfeednutrition.com\/hu\/what-we-do\/","og_locale":"hu_HU","og_type":"article","og_title":"Tev\u00e9kenys\u00e9g\u00fcnk - Earlyfeed","og_url":"https:\/\/earlyfeednutrition.com\/hu\/what-we-do\/","og_site_name":"Earlyfeed","article_modified_time":"2022-06-14T09:14:51+00:00","twitter_card":"summary_large_image","schema":{"@context":"https:\/\/schema.org","@graph":[{"@type":"WebPage","@id":"https:\/\/earlyfeednutrition.com\/hu\/what-we-do\/","url":"https:\/\/earlyfeednutrition.com\/hu\/what-we-do\/","name":"Tev\u00e9kenys\u00e9g\u00fcnk - Earlyfeed","isPartOf":{"@id":"https:\/\/earlyfeednutrition.com\/hu\/#website"},"datePublished":"2020-11-05T15:50:36+00:00","dateModified":"2022-06-14T09:14:51+00:00","breadcrumb":{"@id":"https:\/\/earlyfeednutrition.com\/hu\/what-we-do\/#breadcrumb"},"inLanguage":"hu-HU","potentialAction":[{"@type":"ReadAction","target":["https:\/\/earlyfeednutrition.com\/hu\/what-we-do\/"]}]},{"@type":"BreadcrumbList","@id":"https:\/\/earlyfeednutrition.com\/hu\/what-we-do\/#breadcrumb","itemListElement":[{"@type":"ListItem","position":1,"name":"Kezd\u0151lap","item":"https:\/\/earlyfeednutrition.com\/hu\/"},{"@type":"ListItem","position":2,"name":"Tev\u00e9kenys\u00e9g\u00fcnk"}]},{"@type":"WebSite","@id":"https:\/\/earlyfeednutrition.com\/hu\/#website","url":"https:\/\/earlyfeednutrition.com\/hu\/","name":"Earlyfeed","description":"Right from the start","potentialAction":[{"@type":"SearchAction","target":{"@type":"EntryPoint","urlTemplate":"https:\/\/earlyfeednutrition.com\/hu\/?s={search_term_string}"},"query-input":{"@type":"PropertyValueSpecification","valueRequired":true,"valueName":"search_term_string"}}],"inLanguage":"hu-HU"}]}},"_links":{"self":[{"href":"https:\/\/earlyfeednutrition.com\/hu\/wp-json\/wp\/v2\/pages\/15470","targetHints":{"allow":["GET"]}}],"collection":[{"href":"https:\/\/earlyfeednutrition.com\/hu\/wp-json\/wp\/v2\/pages"}],"about":[{"href":"https:\/\/earlyfeednutrition.com\/hu\/wp-json\/wp\/v2\/types\/page"}],"author":[{"embeddable":true,"href":"https:\/\/earlyfeednutrition.com\/hu\/wp-json\/wp\/v2\/users\/1"}],"replies":[{"embeddable":true,"href":"https:\/\/earlyfeednutrition.com\/hu\/wp-json\/wp\/v2\/comments?post=15470"}],"version-history":[{"count":5,"href":"https:\/\/earlyfeednutrition.com\/hu\/wp-json\/wp\/v2\/pages\/15470\/revisions"}],"predecessor-version":[{"id":18929,"href":"https:\/\/earlyfeednutrition.com\/hu\/wp-json\/wp\/v2\/pages\/15470\/revisions\/18929"}],"wp:attachment":[{"href":"https:\/\/earlyfeednutrition.com\/hu\/wp-json\/wp\/v2\/media?parent=15470"}],"wp:term":[{"taxonomy":"country","embeddable":true,"href":"https:\/\/earlyfeednutrition.com\/hu\/wp-json\/wp\/v2\/country?post=15470"}],"curies":[{"name":"wp","href":"https:\/\/api.w.org\/{rel}","templated":true}]}}