{"id":25401,"date":"2022-09-19T08:12:04","date_gmt":"2022-09-19T07:12:04","guid":{"rendered":"https:\/\/earlyfeednutrition.com\/what-we-offer\/piglets-flavorit\/"},"modified":"2022-11-29T08:36:10","modified_gmt":"2022-11-29T07:36:10","slug":"piglets-flavorit","status":"publish","type":"product","link":"https:\/\/earlyfeednutrition.com\/fr\/what-we-offer\/piglets-flavorit\/","title":{"rendered":"PIGLET&#8217;S FLAVORIT"},"content":{"rendered":"<section class=\"section section--gutenberg section--gutenberg-nomargin wp-block-columns\"><div class=\"container\" style=\"\"><div class=\"columns\"><div class=\"wp-block-column column\" style=\"\"><section class=\"section section--gutenberg section--gutenberg-nomargin wp-block-heading\">\n<h2><span style=\"font-family: bebas-neue-rounded, &quot;Roboto&quot;, &quot;Open Sans&quot;, &quot;Helvetica&quot;, &quot;Arial&quot;, sans-serif;\" class=\"font-family\"><span style=\"color: #DBB154\" class=\"text-color\">(R)\u00e9volution en mati\u00e8re d\u2019app\u00e9tence<\/span><\/span><\/h2>\n<\/section><section class=\"section section--gutenberg section--gutenberg-nomargin wp-block-paragraph\">\n<p><span style=\"font-family: &quot;Roboto&quot;, &quot;Open Sans&quot;, &quot;Helvetica&quot;, &quot;Arial&quot;, sans-serif;\" class=\"font-family\"><span style=\"color: #FFFFFF\" class=\"text-color\">Ces derni\u00e8res ann\u00e9es, la composition des aliments porcelets a chang\u00e9 radicalement : r\u00e9duction (voire absence) d\u2019antibiotiques dans les aliments, suppression de l\u2019oxyde de zinc m\u00e9dicamenteux, nouvelles pratiques de formulation (prot\u00e9ines, fibres, etc.), utilisation accrue d&#8217;ingr\u00e9dients fonctionnels, etc. Tout ceci joue un r\u00f4le certain dans la perception et l\u2019app\u00e9tence des aliments.\n <\/span><\/span><\/p>\n<\/section><section class=\"section section--gutenberg section--gutenberg-nomargin wp-block-paragraph\">\n<p><span style=\"font-family: &quot;Roboto&quot;, &quot;Open Sans&quot;, &quot;Helvetica&quot;, &quot;Arial&quot;, sans-serif;\" class=\"font-family\"><span style=\"color: #FFFFFF\" class=\"text-color\">Il \u00e9tait donc temps pour Nuscience, et sa marque de nutrition pr\u00e9coce Earlyfeed, de r\u00e9inventer nos solutions destin\u00e9es \u00e0 optimiser l\u2019ing\u00e9r\u00e9 des porcelets.<\/span><\/span><\/p>\n<\/section><\/div><div class=\"wp-block-column column\" style=\"\"><section class=\"section section--gutenberg section--gutenberg-nomargin wp-block-heading\">\n<h2><span style=\"font-family: bebas-neue-rounded, &quot;Roboto&quot;, &quot;Open Sans&quot;, &quot;Helvetica&quot;, &quot;Arial&quot;, sans-serif;\" class=\"font-family\"><span style=\"color: #DBB154\" class=\"text-color\">L\u2019app\u00e9tence en trois leviers<\/span><\/span><\/h2>\n<\/section><section class=\"section section--gutenberg section--gutenberg-nomargin wp-block-paragraph\">\n<p><span style=\"font-family: &quot;Roboto&quot;, &quot;Open Sans&quot;, &quot;Helvetica&quot;, &quot;Arial&quot;, sans-serif;\" class=\"font-family\"><span style=\"color: #FFFFFF\" class=\"text-color\">La solution innovante d&#8217;Earlyfeed en mati\u00e8re d\u2019app\u00e9tence s\u2019appuie sur :<\/span><\/span><\/p>\n<\/section>\n<ul class=\"wp-block-list\">\n<li><span style=\"\" class=\"font-family\"><span style=\"font-family: Roboto, &quot;Open Sans&quot;, Helvetica, Arial, sans-serif; color: rgb(255, 255, 255);\" class=\"text-color\">un ar\u00f4me r\u00e9volutionnaire, con\u00e7u pour ressembler \u00e0 celui de la m\u00e8re du porcelet : cet ar\u00f4me r\u00e9confortant incite le porcelet \u00e0 venir se nourrir et \u00e9vite les ph\u00e9nom\u00e8nes de n\u00e9ophobie alimentaire dans le jeune \u00e2ge et lors des transitions,<\/span><\/span><\/li>\n\n\n\n<li><span style=\"\" class=\"font-family\"><span style=\"font-family: Roboto, &quot;Open Sans&quot;, Helvetica, Arial, sans-serif; color: rgb(255, 255, 255);\" class=\"text-color\">une saveur attrayante, pour augmenter l&#8217;app\u00e9tence de l&#8217;aliment et favoriser une consommation r\u00e9guli\u00e8re, <\/span><\/span><\/li>\n\n\n\n<li><span style=\"\" class=\"font-family\"><span style=\"font-family: Roboto, &quot;Open Sans&quot;, Helvetica, Arial, sans-serif; color: rgb(255, 255, 255);\" class=\"text-color\">l&#8217;utilisation d&#8217;\u00e9dulcorants naturels pour un concept \u00e0 l&#8217;\u00e9preuve du temps, non sensible aux \u00e9volutions prochaines de la l\u00e9gislation. <\/span><\/span><\/li>\n<\/ul>\n<section class=\"section section--gutenberg section--gutenberg-nomargin wp-block-paragraph\">\n<p><span style=\"font-family: &quot;Roboto&quot;, &quot;Open Sans&quot;, &quot;Helvetica&quot;, &quot;Arial&quot;, sans-serif;\" class=\"font-family\"><span style=\"color: #FFFFFF\" class=\"text-color\">En combinant la reconnaissance maternelle et l&#8217;apprentissage associatif, les porcelets peuvent effectuer des transitions plus douces avec des niveaux de stress r\u00e9duits. Il en r\u00e9sulte une am\u00e9lioration du bien-\u00eatre et des performances g\u00e9n\u00e9rales. <\/span><\/span><\/p>\n<\/section><\/div><div class=\"wp-block-column column\" style=\"\"><section class=\"section section--gutenberg section--gutenberg-nomargin wp-block-heading\">\n<h2><span style=\"color: #DBB154\" class=\"text-color\"><span style=\"font-family: bebas-neue-rounded, &quot;Roboto&quot;, &quot;Open Sans&quot;, &quot;Helvetica&quot;, &quot;Arial&quot;, sans-serif;\" class=\"font-family\">principaux avantages<br>de <\/span><\/span><span style=\"color: #ffffff\" class=\"text-color\"><span style=\"font-family: bebas-neue-rounded, &quot;Roboto&quot;, &quot;Open Sans&quot;, &quot;Helvetica&quot;, &quot;Arial&quot;, sans-serif;\" class=\"font-family\">PIGLET&#8217;S Flavorit<\/span><\/span><\/h2>\n<\/section>\n<ul class=\"wp-block-list\">\n<li><span style=\"\" class=\"font-family\"><span style=\"font-family: Roboto, &quot;Open Sans&quot;, Helvetica, Arial, sans-serif; color: rgb(255, 255, 255);\" class=\"text-color\">Une approche unique en mati\u00e8re d&#8217;app\u00e9tence<\/span><\/span><\/li>\n\n\n\n<li><span style=\"\" class=\"font-family\"><span style=\"font-family: Roboto, &quot;Open Sans&quot;, Helvetica, Arial, sans-serif; color: rgb(255, 255, 255);\" class=\"text-color\"><span style=\"\" class=\"font-family\"><span style=\"font-family: Roboto, &quot;Open Sans&quot;, Helvetica, Arial, sans-serif; color: rgb(255, 255, 255);\" class=\"text-color\">\tAnticipe toute modification future de la l\u00e9gislation en mati\u00e8re d\u2019\u00e9dulcorants de synth\u00e8se <\/span><\/span><\/span><\/span><\/li>\n\n\n\n<li><span style=\"\" class=\"font-family\"><span style=\"font-family: Roboto, &quot;Open Sans&quot;, Helvetica, Arial, sans-serif; color: rgb(255, 255, 255);\" class=\"text-color\">\tStimule l\u2019ingestion sous la m\u00e8re et en post-sevrage<\/span><\/span><\/li>\n<\/ul>\n<section class=\"section section--gutenberg section--gutenberg-nomargin wp-block-image\"><div class=\"container\"><div class=\"columns\"><div class=\"column\">\n<figure class=\"wp-block-image size-large is-resized\"><img loading=\"lazy\" decoding=\"async\" src=\"https:\/\/earlyfeednutrition.com\/app\/uploads\/2022\/09\/Piglets_flavorit_final_v2-1024x433.png\" alt=\"\" class=\"wp-image-25251\" width=\"255\" height=\"107\" srcset=\"https:\/\/earlyfeednutrition.com\/app\/uploads\/2022\/09\/Piglets_flavorit_final_v2-1024x433.png 1024w, https:\/\/earlyfeednutrition.com\/app\/uploads\/2022\/09\/Piglets_flavorit_final_v2-300x127.png 300w, https:\/\/earlyfeednutrition.com\/app\/uploads\/2022\/09\/Piglets_flavorit_final_v2-768x325.png 768w, https:\/\/earlyfeednutrition.com\/app\/uploads\/2022\/09\/Piglets_flavorit_final_v2-1280x542.png 1280w, https:\/\/earlyfeednutrition.com\/app\/uploads\/2022\/09\/Piglets_flavorit_final_v2-475x201.png 475w, https:\/\/earlyfeednutrition.com\/app\/uploads\/2022\/09\/Piglets_flavorit_final_v2-320x135.png 320w, https:\/\/earlyfeednutrition.com\/app\/uploads\/2022\/09\/Piglets_flavorit_final_v2.png 1382w\" sizes=\"auto, (max-width: 255px) 100vw, 255px\" \/><\/figure>\n<\/div><\/div><\/div><\/section><\/div><\/div><\/div><\/section>\n\n\n<figure class=\"wp-block-embed is-type-video is-provider-youtube wp-block-embed-youtube wp-embed-aspect-16-9 wp-has-aspect-ratio\"><div class=\"wp-block-embed__wrapper\">\n<iframe loading=\"lazy\" title=\"Piglets Flavorit movie - French\" width=\"500\" height=\"281\" src=\"https:\/\/www.youtube.com\/embed\/fvHvk-1E7po?feature=oembed\" frameborder=\"0\" allow=\"accelerometer; autoplay; clipboard-write; encrypted-media; gyroscope; picture-in-picture; web-share\" referrerpolicy=\"strict-origin-when-cross-origin\" allowfullscreen><\/iframe>\n<\/div><\/figure>\n\n\n\n<section id=\"agri-contact-tile-block_5cf0593acceb94328d52863cc4b99e7d\" class=\"section section--gutenberg agri-contact-tile\">\n    <div class=\"container\">\n        <div class=\"columns\">\n            <div class=\"column is-full is-8-tablet is-offset-2-tablet is-6-desktop is-offset-3-desktop is-4-widescreen is-offset-4-widescreen\">\n                <div class=\"block block--localcontact\">\n                    <div class=\"content\">\n                        <div class=\"note\">Votre expert Earlyfeed<\/div>\n                        <div class=\"name\">Christopher Marcq<\/div>\n                        <div class=\"function\"><\/div>\n                    <\/div>\n\n                    <div class=\"button--wrapper\">\n                        <a href=\"mailto:christopher.marcq@nusciencegroup.com\" class=\"button button--primary button--primary--brown\">Contactez-nous<\/a>\n                    <\/div>\n\n                    <div class=\"description\">\n                        <p>Ce contact a \u00e9t\u00e9 sugg\u00e9r\u00e9 en fonction de l&#8217;endroit d&#8217;o\u00f9 vous naviguez. Vous pouvez bien s\u00fbr aussi consulter nos autres contacts et lieux <a href=\"https:\/\/localhost:3000\/contact-us\/\"><span class=\"s1\">ici<\/span><\/a>.<\/p>\n                    <\/div>\n                <\/div>\n            <\/div>\n        <\/div>\n    <\/div>\n<\/section>","protected":false},"featured_media":25063,"template":"","sector":[510],"country":[],"product_category":[2122],"class_list":["post-25401","product","type-product","status-publish","has-post-thumbnail","hentry","sector-porcs-fr","product_category-the-innovative-feed-intake-solution"],"acf":[],"yoast_head":"<!-- This site is optimized with the Yoast SEO plugin v27.0 - https:\/\/yoast.com\/product\/yoast-seo-wordpress\/ -->\n<title>PIGLET&#039;S FLAVORIT - Earlyfeed<\/title>\n<meta name=\"robots\" content=\"index, follow, max-snippet:-1, max-image-preview:large, max-video-preview:-1\" \/>\n<link rel=\"canonical\" href=\"https:\/\/earlyfeednutrition.com\/fr\/what-we-offer\/piglets-flavorit\/\" \/>\n<meta property=\"og:locale\" content=\"fr_FR\" \/>\n<meta property=\"og:type\" content=\"article\" \/>\n<meta property=\"og:title\" content=\"PIGLET&#039;S FLAVORIT - Earlyfeed\" \/>\n<meta property=\"og:description\" content=\"(R)\u00e9volution en mati\u00e8re d\u2019app\u00e9tence Ces derni\u00e8res ann\u00e9es, la composition des aliments porcelets a chang\u00e9 radicalement : r\u00e9duction (voire absence) d\u2019antibiotiques dans les aliments, suppression de l\u2019oxyde de zinc m\u00e9dicamenteux, nouvelles pratiques de formulation (prot\u00e9ines, fibres, etc.), utilisation accrue d&#8217;ingr\u00e9dients fonctionnels, etc. Tout ceci joue un r\u00f4le certain dans la perception et l\u2019app\u00e9tence des aliments. Il [&hellip;]\" \/>\n<meta property=\"og:url\" content=\"https:\/\/earlyfeednutrition.com\/fr\/what-we-offer\/piglets-flavorit\/\" \/>\n<meta property=\"og:site_name\" content=\"Earlyfeed\" \/>\n<meta property=\"article:modified_time\" content=\"2022-11-29T07:36:10+00:00\" \/>\n<meta property=\"og:image\" content=\"https:\/\/earlyfeednutrition.com\/app\/uploads\/2022\/09\/Piglets-flavorit_main_website-1024x463.png\" \/>\n\t<meta property=\"og:image:width\" content=\"1024\" \/>\n\t<meta property=\"og:image:height\" content=\"463\" \/>\n\t<meta property=\"og:image:type\" content=\"image\/png\" \/>\n<meta name=\"twitter:card\" content=\"summary_large_image\" \/>\n<meta name=\"twitter:label1\" content=\"Est. reading time\" \/>\n\t<meta name=\"twitter:data1\" content=\"2 minutes\" \/>\n<script type=\"application\/ld+json\" class=\"yoast-schema-graph\">{\"@context\":\"https:\/\/schema.org\",\"@graph\":[{\"@type\":\"WebPage\",\"@id\":\"https:\/\/earlyfeednutrition.com\/fr\/what-we-offer\/piglets-flavorit\/\",\"url\":\"https:\/\/earlyfeednutrition.com\/fr\/what-we-offer\/piglets-flavorit\/\",\"name\":\"PIGLET'S FLAVORIT - Earlyfeed\",\"isPartOf\":{\"@id\":\"https:\/\/earlyfeednutrition.com\/fr\/#website\"},\"primaryImageOfPage\":{\"@id\":\"https:\/\/earlyfeednutrition.com\/fr\/what-we-offer\/piglets-flavorit\/#primaryimage\"},\"image\":{\"@id\":\"https:\/\/earlyfeednutrition.com\/fr\/what-we-offer\/piglets-flavorit\/#primaryimage\"},\"thumbnailUrl\":\"https:\/\/earlyfeednutrition.com\/app\/uploads\/2022\/09\/Piglets-flavorit_main_website.png\",\"datePublished\":\"2022-09-19T07:12:04+00:00\",\"dateModified\":\"2022-11-29T07:36:10+00:00\",\"breadcrumb\":{\"@id\":\"https:\/\/earlyfeednutrition.com\/fr\/what-we-offer\/piglets-flavorit\/#breadcrumb\"},\"inLanguage\":\"fr-FR\",\"potentialAction\":[{\"@type\":\"ReadAction\",\"target\":[\"https:\/\/earlyfeednutrition.com\/fr\/what-we-offer\/piglets-flavorit\/\"]}]},{\"@type\":\"ImageObject\",\"inLanguage\":\"fr-FR\",\"@id\":\"https:\/\/earlyfeednutrition.com\/fr\/what-we-offer\/piglets-flavorit\/#primaryimage\",\"url\":\"https:\/\/earlyfeednutrition.com\/app\/uploads\/2022\/09\/Piglets-flavorit_main_website.png\",\"contentUrl\":\"https:\/\/earlyfeednutrition.com\/app\/uploads\/2022\/09\/Piglets-flavorit_main_website.png\",\"width\":2500,\"height\":1131},{\"@type\":\"BreadcrumbList\",\"@id\":\"https:\/\/earlyfeednutrition.com\/fr\/what-we-offer\/piglets-flavorit\/#breadcrumb\",\"itemListElement\":[{\"@type\":\"ListItem\",\"position\":1,\"name\":\"Page d'accueil\",\"item\":\"https:\/\/earlyfeed.kinsta.cloud\/fr\/\"},{\"@type\":\"ListItem\",\"position\":2,\"name\":\"Produit\",\"item\":\"https:\/\/earlyfeednutrition.com\/fr\/what-we-offer\/\"},{\"@type\":\"ListItem\",\"position\":3,\"name\":\"PIGLET&#8217;S FLAVORIT\"}]},{\"@type\":\"WebSite\",\"@id\":\"https:\/\/earlyfeednutrition.com\/fr\/#website\",\"url\":\"https:\/\/earlyfeednutrition.com\/fr\/\",\"name\":\"Earlyfeed\",\"description\":\"Right from the start\",\"potentialAction\":[{\"@type\":\"SearchAction\",\"target\":{\"@type\":\"EntryPoint\",\"urlTemplate\":\"https:\/\/earlyfeednutrition.com\/fr\/?s={search_term_string}\"},\"query-input\":{\"@type\":\"PropertyValueSpecification\",\"valueRequired\":true,\"valueName\":\"search_term_string\"}}],\"inLanguage\":\"fr-FR\"}]}<\/script>\n<!-- \/ Yoast SEO plugin. -->","yoast_head_json":{"title":"PIGLET'S FLAVORIT - Earlyfeed","robots":{"index":"index","follow":"follow","max-snippet":"max-snippet:-1","max-image-preview":"max-image-preview:large","max-video-preview":"max-video-preview:-1"},"canonical":"https:\/\/earlyfeednutrition.com\/fr\/what-we-offer\/piglets-flavorit\/","og_locale":"fr_FR","og_type":"article","og_title":"PIGLET'S FLAVORIT - Earlyfeed","og_description":"(R)\u00e9volution en mati\u00e8re d\u2019app\u00e9tence Ces derni\u00e8res ann\u00e9es, la composition des aliments porcelets a chang\u00e9 radicalement : r\u00e9duction (voire absence) d\u2019antibiotiques dans les aliments, suppression de l\u2019oxyde de zinc m\u00e9dicamenteux, nouvelles pratiques de formulation (prot\u00e9ines, fibres, etc.), utilisation accrue d&#8217;ingr\u00e9dients fonctionnels, etc. Tout ceci joue un r\u00f4le certain dans la perception et l\u2019app\u00e9tence des aliments. Il [&hellip;]","og_url":"https:\/\/earlyfeednutrition.com\/fr\/what-we-offer\/piglets-flavorit\/","og_site_name":"Earlyfeed","article_modified_time":"2022-11-29T07:36:10+00:00","og_image":[{"width":1024,"height":463,"url":"https:\/\/earlyfeednutrition.com\/app\/uploads\/2022\/09\/Piglets-flavorit_main_website-1024x463.png","type":"image\/png"}],"twitter_card":"summary_large_image","twitter_misc":{"Est. reading time":"2 minutes"},"schema":{"@context":"https:\/\/schema.org","@graph":[{"@type":"WebPage","@id":"https:\/\/earlyfeednutrition.com\/fr\/what-we-offer\/piglets-flavorit\/","url":"https:\/\/earlyfeednutrition.com\/fr\/what-we-offer\/piglets-flavorit\/","name":"PIGLET'S FLAVORIT - Earlyfeed","isPartOf":{"@id":"https:\/\/earlyfeednutrition.com\/fr\/#website"},"primaryImageOfPage":{"@id":"https:\/\/earlyfeednutrition.com\/fr\/what-we-offer\/piglets-flavorit\/#primaryimage"},"image":{"@id":"https:\/\/earlyfeednutrition.com\/fr\/what-we-offer\/piglets-flavorit\/#primaryimage"},"thumbnailUrl":"https:\/\/earlyfeednutrition.com\/app\/uploads\/2022\/09\/Piglets-flavorit_main_website.png","datePublished":"2022-09-19T07:12:04+00:00","dateModified":"2022-11-29T07:36:10+00:00","breadcrumb":{"@id":"https:\/\/earlyfeednutrition.com\/fr\/what-we-offer\/piglets-flavorit\/#breadcrumb"},"inLanguage":"fr-FR","potentialAction":[{"@type":"ReadAction","target":["https:\/\/earlyfeednutrition.com\/fr\/what-we-offer\/piglets-flavorit\/"]}]},{"@type":"ImageObject","inLanguage":"fr-FR","@id":"https:\/\/earlyfeednutrition.com\/fr\/what-we-offer\/piglets-flavorit\/#primaryimage","url":"https:\/\/earlyfeednutrition.com\/app\/uploads\/2022\/09\/Piglets-flavorit_main_website.png","contentUrl":"https:\/\/earlyfeednutrition.com\/app\/uploads\/2022\/09\/Piglets-flavorit_main_website.png","width":2500,"height":1131},{"@type":"BreadcrumbList","@id":"https:\/\/earlyfeednutrition.com\/fr\/what-we-offer\/piglets-flavorit\/#breadcrumb","itemListElement":[{"@type":"ListItem","position":1,"name":"Page d'accueil","item":"https:\/\/earlyfeed.kinsta.cloud\/fr\/"},{"@type":"ListItem","position":2,"name":"Produit","item":"https:\/\/earlyfeednutrition.com\/fr\/what-we-offer\/"},{"@type":"ListItem","position":3,"name":"PIGLET&#8217;S FLAVORIT"}]},{"@type":"WebSite","@id":"https:\/\/earlyfeednutrition.com\/fr\/#website","url":"https:\/\/earlyfeednutrition.com\/fr\/","name":"Earlyfeed","description":"Right from the start","potentialAction":[{"@type":"SearchAction","target":{"@type":"EntryPoint","urlTemplate":"https:\/\/earlyfeednutrition.com\/fr\/?s={search_term_string}"},"query-input":{"@type":"PropertyValueSpecification","valueRequired":true,"valueName":"search_term_string"}}],"inLanguage":"fr-FR"}]}},"_links":{"self":[{"href":"https:\/\/earlyfeednutrition.com\/fr\/wp-json\/wp\/v2\/product\/25401","targetHints":{"allow":["GET"]}}],"collection":[{"href":"https:\/\/earlyfeednutrition.com\/fr\/wp-json\/wp\/v2\/product"}],"about":[{"href":"https:\/\/earlyfeednutrition.com\/fr\/wp-json\/wp\/v2\/types\/product"}],"wp:featuredmedia":[{"embeddable":true,"href":"https:\/\/earlyfeednutrition.com\/fr\/wp-json\/wp\/v2\/media\/25063"}],"wp:attachment":[{"href":"https:\/\/earlyfeednutrition.com\/fr\/wp-json\/wp\/v2\/media?parent=25401"}],"wp:term":[{"taxonomy":"sector","embeddable":true,"href":"https:\/\/earlyfeednutrition.com\/fr\/wp-json\/wp\/v2\/sector?post=25401"},{"taxonomy":"country","embeddable":true,"href":"https:\/\/earlyfeednutrition.com\/fr\/wp-json\/wp\/v2\/country?post=25401"},{"taxonomy":"product_category","embeddable":true,"href":"https:\/\/earlyfeednutrition.com\/fr\/wp-json\/wp\/v2\/product_category?post=25401"}],"curies":[{"name":"wp","href":"https:\/\/api.w.org\/{rel}","templated":true}]}}