{"id":18905,"date":"2019-08-29T19:20:04","date_gmt":"2019-08-29T19:20:04","guid":{"rendered":"https:\/\/earlyfeednutrition.com\/privacy-policy\/"},"modified":"2022-06-13T19:11:18","modified_gmt":"2022-06-13T18:11:18","slug":"privacy-policy","status":"publish","type":"page","link":"https:\/\/earlyfeednutrition.com\/fr\/privacy-policy\/","title":{"rendered":"Politique de vie priv\u00e9e"},"content":{"rendered":"<section class=\"section section--gutenberg section--gutenberg-nomargin wp-block-paragraph\">\n<p>Agrifirm (Agrifirm Group B.V. et\/ou des soci\u00e9t\u00e9s qui lui sont li\u00e9es) attache une grande importance \u00e0 la vie priv\u00e9e des utilisateurs de ses applications et des visiteurs de son site web. Agrifirm traite les donn\u00e9es personnelles des utilisateurs qui visitent son site web et utilisent son application. Dans cette d\u00e9claration, nous souhaitons vous informer sur les donn\u00e9es que nous traitons et pourquoi. Sur cette page, vous trouverez toujours la derni\u00e8re version de cette d\u00e9claration.<\/p>\n<\/section>\n\n<section class=\"section section--gutenberg section--gutenberg-nomargin wp-block-paragraph\">\n<p>Agrifirm est responsable en ce qui concerne le traitement de vos donn\u00e9es personnelles. Lisez attentivement ces informations pour comprendre comment nous traitons ces donn\u00e9es et quels sont vos droits en la mati\u00e8re.<\/p>\n<\/section>\n\n<section class=\"section section--gutenberg section--gutenberg-nomargin wp-block-paragraph\">\n<p>Pour garantir au mieux votre vie priv\u00e9e, nous utilisons un certain nombre de valeurs fondamentales.<br><strong>Informer <\/strong>&#8211; Nous souhaitons vous informer au mieux de la mani\u00e8re dont nous traitons les donn\u00e9es personnelles et comment. Nous le faisons \u00e0 l\u2019aide de la pr\u00e9sente d\u00e9claration de confidentialit\u00e9.<br><strong>Collecte limit\u00e9e<\/strong> &#8211; Nous accordons une attention particuli\u00e8re au fait que notre collecte de donn\u00e9es \u00e0 caract\u00e8re personnel se limite \u00e0 ce qui est vraiment n\u00e9cessaire au bon fonctionnement de l&#8217;application, des services et des produits que vous demandez.<br><strong>Pas de marketing bas\u00e9 sur les donn\u00e9es personnelles<\/strong> &#8211; Nous ne vendons pas de donn\u00e9es personnelles \u00e0 des tiers.<br><strong>S\u00e9curit\u00e9 <\/strong>&#8211; Nous prenons les mesures de s\u00e9curit\u00e9 appropri\u00e9es pour prot\u00e9ger vos donn\u00e9es \u00e0 caract\u00e8re personnel et l\u2019exigeons aussi des parties qui traitent les donn\u00e9es personnelles pour nous.<br><strong>Droit d&#8217;acc\u00e8s et de rectification<\/strong> &#8211; Nous respectons votre droit de voir vos informations personnelles, de les corriger ou les supprimer.<\/p>\n<\/section>\n\n<section class=\"section section--gutenberg section--gutenberg-nomargin wp-block-heading\">\n<h2>1. Utilisation des donn\u00e9es \u00e0 caract\u00e8re personnel<\/h2>\n<\/section>\n\n<section class=\"section section--gutenberg section--gutenberg-nomargin wp-block-paragraph\">\n<p>Il existe deux grandes cat\u00e9gories d&#8217;informations que nous recueillons et\/ou que nous vous demandons.<\/p>\n<\/section>\n\n<section class=\"section section--gutenberg section--gutenberg-nomargin wp-block-paragraph\">\n<p>Cat\u00e9gorie 1: <em>Informations que vous nous fournissez<\/em><br>Nous traitons les donn\u00e9es que nous recevons de votre part. Par exemple, lorsque vous vous Inscrivez en tant qu&#8217;utilisateur, vous inscrivez \u00e0 la newsletter ou lorsque vous nous contactez.<\/p>\n<\/section>\n\n<section class=\"section section--gutenberg section--gutenberg-nomargin wp-block-paragraph\">\n<p><strong>Information de compte<\/strong> &#8211; Si vous souhaitez utiliser notre application ou certaines parties de nos sites web, vous devez cr\u00e9er un compte afin de nous fournir certaines informations, telles que votre adresse e-mail et votre nom.<br><strong>Information de profil<\/strong> &#8211; Pour nous permettre de vous proposer nos services et d\u2019utiliser nos services, nous vous demanderons de fournir certaines informations, telles que votre nom complet, votre adresse \u00e9lectronique, votre num\u00e9ro de t\u00e9l\u00e9phone, votre adresse, \u00e2ge et\/ou date de naissance, num\u00e9ro de compte bancaire, num\u00e9ro de TVA et num\u00e9ro d\u2019entreprise. Nous avons besoin de ces informations pour vous contacter, mais \u00e9galement pour nous assurer de pouvoir fournir les services dont vous avez besoin.<br><strong>Information de communication<\/strong> &#8211; Lorsque vous nous contactez ou lorsque nous vous contactons, nous collectons des informations sur la raison de ce contact et toutes les informations que vous nous communiquez par t\u00e9l\u00e9phone ou par e-mail.<br><strong>Autres informations<\/strong> &#8211; Nous pouvons vous demander de nous donner votre avis sur nos services via un e-mail ou une enqu\u00eate en ligne. Nous appr\u00e9cions les commentaires et ne traitons que les donn\u00e9es personnelles qui peuvent \u00eatre collect\u00e9es par nous ou en notre nom \u00e0 des fins internes pour am\u00e9liorer notre service.<\/p>\n<\/section>\n\n<section class=\"section section--gutenberg section--gutenberg-nomargin wp-block-paragraph\">\n<p>Cat\u00e9gorie 2: <em>Informations que nous recueillons automatiquement<\/em><br>Lorsque vous utilisez notre site web ou notre application, nous recueillons des informations sur vos activit\u00e9s, telles que votre comportement au clic, les pages visit\u00e9es et les informations sur votre appareil, afin de vous fournir le meilleur service possible. Ces informations nous permettent de d\u00e9couvrir ce qui vous int\u00e9resse, de personnaliser notre service et de r\u00e9soudre des probl\u00e8mes impr\u00e9vus.<\/p>\n<\/section>\n\n<section class=\"section section--gutenberg section--gutenberg-nomargin wp-block-paragraph\">\n<p><strong>Donn\u00e9es de connexion<\/strong> &#8211; Nous recueillons automatiquement certaines informations envoy\u00e9es par votre navigateur web lorsque vous utilisez notre site web ou notre application. Ces informations incluent entre autres: des informations d\u00e9taill\u00e9es sur la mani\u00e8re dont vous utilisez notre site web ou notre application (y compris des liens vers des applications tierces), les heures de visite, des informations sur l&#8217;appareil que vous avez utilis\u00e9 et \u00e9ventuellement sur l&#8217;emplacement de l&#8217;appareil pour \u00e9viter toute utilisation abusive.<br><strong>Cookies <\/strong>&#8211; Nous utilisons des cookies, et autres techniques apparent\u00e9es, sur le site web et sur l\u2019application. Un cookie est un petit fichier simple, envoy\u00e9 avec certaines pages de ce site et de l\u2019application, et stock\u00e9 par votre navigateur sur le disque dur de votre ordinateur. Les informations qui y sont stock\u00e9es peuvent \u00eatre retourn\u00e9es \u00e0 nos serveurs ou aux serveurs des tiers concern\u00e9s lors d&#8217;une visite ult\u00e9rieure.<br>Vous pouvez toujours supprimer manuellement les cookies de votre ordinateur ou m\u00eame les bloquer. Voyez \u00e0 cet effet sous \u00ab Options Internet \u00bb dans votre navigateur. Si vous choisissez de supprimer ou de bloquer les cookies. Si vous ne consentez pas \u00e0 l&#8217;utilisation des cookies, cela peut avoir des cons\u00e9quences sur le fonctionnement de l&#8217;application ou du site web.<\/p>\n<\/section>\n\n<section class=\"section section--gutenberg section--gutenberg-nomargin wp-block-heading\">\n<h2>2. Fins pour lesquelles l&#8217;information est utilis\u00e9e<\/h2>\n<\/section>\n\n<section class=\"section section--gutenberg section--gutenberg-nomargin wp-block-paragraph\">\n<p>Nous utilisons tout d\u2019abord vos donn\u00e9es pour remplir nos obligations contractuelles envers vous, et pour nous assurer que notre service vous est propos\u00e9 de la meilleure fa\u00e7on possible (int\u00e9r\u00eat l\u00e9gitime). \u00c0 cet \u00e9gard, nous utilisons vos informations pour:<\/p>\n<\/section>\n\n\n<ol class=\"wp-block-list\"><li>Cr\u00e9er votre compte;<\/li><li>Vous permettre de vous connecter \u00e0 votre compte;<\/li><li>L&#8217;application et la mise en \u0153uvre de nos services;<\/li><li>Vous permettre de passer commande de produits et\/ou services;<\/li><li>Conserver des pr\u00e9f\u00e9rences d\u00e9finies;<\/li><li>Vous envoyer une newsletter;<\/li><li>Am\u00e9liorer nos services, la s\u00e9curit\u00e9 et la pr\u00e9vention des fraudes;<\/li><li>Ex\u00e9cuter d&#8217;autres services que vous nous avez demand\u00e9s;<\/li><li>Afficher de fa\u00e7on optimale le site ou l&#8217;application sur votre navigateur et appareil que vous utilisez;<\/li><li>Offrir un service \u00e0 la client\u00e8le par le biais de divers canaux;<\/li><li>Votre identification;<\/li><li>Garder notre administration interne \u00e0 jour et respecter nos obligations l\u00e9gales.<\/li><\/ol>\n\n\n<section class=\"section section--gutenberg section--gutenberg-nomargin wp-block-heading\">\n<h2>3. Communication \u00e0 des tiers<\/h2>\n<\/section>\n\n<section class=\"section section--gutenberg section--gutenberg-nomargin wp-block-paragraph\">\n<p>Vos donn\u00e9es ne sont express\u00e9ment pas transmises \u00e0 des tiers, autres que des tiers participant \u00e0 l&#8217;ex\u00e9cution du contrat entre vous et nous. Ce sont des tiers qui ex\u00e9cutent des services pour nous et traitent \u00e9galement des donn\u00e9es personnelles dans ce contexte. Ces sous-traitants peuvent, par exemple, nous fournir des services de paiement, de publicit\u00e9, d&#8217;assistance client\u00e8le ou de vente, nous aider \u00e0 envoyer des e-mails, \u00e0 analyser les commentaires, et nous aider \u00e0 s\u00e9curiser notre site web ou application.<br>Les sous-traitants ont un devoir de confidentialit\u00e9 et ne peuvent utiliser les donn\u00e9es sp\u00e9cifiques que pour nous fournir des services conform\u00e9ment \u00e0 nos instructions. Une disposition l\u00e9gale ou une demande des autorit\u00e9s peut \u00e9galement nous obliger \u00e0 partager des donn\u00e9es avec des tiers.<\/p>\n<\/section>\n\n<section class=\"section section--gutenberg section--gutenberg-nomargin wp-block-heading\">\n<h2>4. Protection<\/h2>\n<\/section>\n\n<section class=\"section section--gutenberg section--gutenberg-nomargin wp-block-paragraph\">\n<p>Nous prenons des mesures de s\u00e9curit\u00e9 pour pr\u00e9venir tout d\u00e9tournement et tout acc\u00e8s non autoris\u00e9 aux donn\u00e9es \u00e0 caract\u00e8re personnel. Nous prenons tr\u00e8s au s\u00e9rieux la s\u00e9curit\u00e9 de vos donn\u00e9es et appliquons des proc\u00e9dures de s\u00e9curit\u00e9 et des limitations techniques afin de prot\u00e9ger vos donn\u00e9es contre tout acc\u00e8s, destruction ou alt\u00e9ration non autoris\u00e9s. Outre les mesures de s\u00e9curit\u00e9 de notre c\u00f4t\u00e9, comme le cryptage de vos donn\u00e9es, nous vous recommandons de choisir un mot de passe avec soin et de vous assurer que vos informations de connexion restent secr\u00e8tes.<\/p>\n<\/section>\n\n<section class=\"section section--gutenberg section--gutenberg-nomargin wp-block-heading\">\n<h2>5. D\u00e9lai de conservation<\/h2>\n<\/section>\n\n<section class=\"section section--gutenberg section--gutenberg-nomargin wp-block-paragraph\">\n<p>Nous conservons les informations que vous nous avez fournies aussi longtemps que n\u00e9cessaire ou raisonnable pour le traitement de votre demande, le contrat et la prestation du service que vous souhaitez. Ces donn\u00e9es sont stock\u00e9es jusqu&#8217;\u00e0 huit ans apr\u00e8s la fin des prestations de service, conform\u00e9ment \u00e0 nos proc\u00e9dures. Apr\u00e8s cette p\u00e9riode, nous supprimerons ou anonymiserons vos informations.<\/p>\n<\/section>\n\n<section class=\"section section--gutenberg section--gutenberg-nomargin wp-block-heading\">\n<h2>6. Modifications de cette d\u00e9claration de confidentialit\u00e9<\/h2>\n<\/section>\n\n<section class=\"section section--gutenberg section--gutenberg-nomargin wp-block-paragraph\">\n<p>Nous nous r\u00e9servons le droit de modifier cette d\u00e9claration. Il est conseill\u00e9 de consulter r\u00e9guli\u00e8rement la pr\u00e9sente d\u00e9claration de confidentialit\u00e9 afin d&#8217;\u00eatre inform\u00e9 de ces changements.<\/p>\n<\/section>\n\n<section class=\"section section--gutenberg section--gutenberg-nomargin wp-block-heading\">\n<h2>7. Acc\u00e8s, rectification et suppression de vos donn\u00e9es<\/h2>\n<\/section>\n\n<section class=\"section section--gutenberg section--gutenberg-nomargin wp-block-paragraph\">\n<p>Si vous avez des questions sur notre politique de confidentialit\u00e9 ou sur l&#8217;acc\u00e8s \u00e0 vos donn\u00e9es personnelles et des changements (ou la suppression) de vos donn\u00e9es personnelles, vous pouvez nous contacter \u00e0 tout moment.<\/p>\n<\/section>\n\n<section class=\"section section--gutenberg section--gutenberg-nomargin wp-block-heading\">\n<h2>8. Contact<\/h2>\n<\/section>\n\n<section class=\"section section--gutenberg section--gutenberg-nomargin wp-block-paragraph\">\n<p>Agrifirm Group B.V.<br>Landgoedlaan 20<br>7325 AW Apeldoorn<br><a href=\"mailto:privacy@agrifirm.com\">privacy@agrifirm.com<\/a><\/p>\n<\/section>","protected":false},"excerpt":{"rendered":"<p>Agrifirm (Agrifirm Group B.V. et\/ou des soci\u00e9t\u00e9s qui lui sont li\u00e9es) attache une grande importance \u00e0 la vie priv\u00e9e des utilisateurs de ses applications et des visiteurs de son site web. Agrifirm traite les donn\u00e9es personnelles des utilisateurs qui visitent son site web et utilisent son application. Dans cette d\u00e9claration, nous souhaitons vous informer sur [&hellip;]<\/p>\n","protected":false},"author":1,"featured_media":0,"parent":0,"menu_order":0,"comment_status":"closed","ping_status":"open","template":"","meta":{"_acf_changed":false,"footnotes":""},"country":[],"class_list":["post-18905","page","type-page","status-publish","hentry"],"acf":[],"yoast_head":"<!-- This site is optimized with the Yoast SEO plugin v27.0 - https:\/\/yoast.com\/product\/yoast-seo-wordpress\/ -->\n<title>Politique de vie priv\u00e9e - Earlyfeed<\/title>\n<meta name=\"robots\" content=\"index, follow, max-snippet:-1, max-image-preview:large, max-video-preview:-1\" \/>\n<link rel=\"canonical\" href=\"https:\/\/earlyfeednutrition.com\/fr\/privacy-policy\/\" \/>\n<meta property=\"og:locale\" content=\"fr_FR\" \/>\n<meta property=\"og:type\" content=\"article\" \/>\n<meta property=\"og:title\" content=\"Politique de vie priv\u00e9e - Earlyfeed\" \/>\n<meta property=\"og:description\" content=\"Agrifirm (Agrifirm Group B.V. et\/ou des soci\u00e9t\u00e9s qui lui sont li\u00e9es) attache une grande importance \u00e0 la vie priv\u00e9e des utilisateurs de ses applications et des visiteurs de son site web. Agrifirm traite les donn\u00e9es personnelles des utilisateurs qui visitent son site web et utilisent son application. Dans cette d\u00e9claration, nous souhaitons vous informer sur [&hellip;]\" \/>\n<meta property=\"og:url\" content=\"https:\/\/earlyfeednutrition.com\/fr\/privacy-policy\/\" \/>\n<meta property=\"og:site_name\" content=\"Earlyfeed\" \/>\n<meta property=\"article:modified_time\" content=\"2022-06-13T18:11:18+00:00\" \/>\n<meta name=\"twitter:card\" content=\"summary_large_image\" \/>\n<meta name=\"twitter:label1\" content=\"Est. reading time\" \/>\n\t<meta name=\"twitter:data1\" content=\"6 minutes\" \/>\n<script type=\"application\/ld+json\" class=\"yoast-schema-graph\">{\"@context\":\"https:\/\/schema.org\",\"@graph\":[{\"@type\":\"WebPage\",\"@id\":\"https:\/\/earlyfeednutrition.com\/fr\/privacy-policy\/\",\"url\":\"https:\/\/earlyfeednutrition.com\/fr\/privacy-policy\/\",\"name\":\"Politique de vie priv\u00e9e - Earlyfeed\",\"isPartOf\":{\"@id\":\"https:\/\/earlyfeednutrition.com\/fr\/#website\"},\"datePublished\":\"2019-08-29T19:20:04+00:00\",\"dateModified\":\"2022-06-13T18:11:18+00:00\",\"breadcrumb\":{\"@id\":\"https:\/\/earlyfeednutrition.com\/fr\/privacy-policy\/#breadcrumb\"},\"inLanguage\":\"fr-FR\",\"potentialAction\":[{\"@type\":\"ReadAction\",\"target\":[\"https:\/\/earlyfeednutrition.com\/fr\/privacy-policy\/\"]}]},{\"@type\":\"BreadcrumbList\",\"@id\":\"https:\/\/earlyfeednutrition.com\/fr\/privacy-policy\/#breadcrumb\",\"itemListElement\":[{\"@type\":\"ListItem\",\"position\":1,\"name\":\"Page d'accueil\",\"item\":\"https:\/\/earlyfeed.kinsta.cloud\/fr\/\"},{\"@type\":\"ListItem\",\"position\":2,\"name\":\"Politique de vie priv\u00e9e\"}]},{\"@type\":\"WebSite\",\"@id\":\"https:\/\/earlyfeednutrition.com\/fr\/#website\",\"url\":\"https:\/\/earlyfeednutrition.com\/fr\/\",\"name\":\"Earlyfeed\",\"description\":\"Right from the start\",\"potentialAction\":[{\"@type\":\"SearchAction\",\"target\":{\"@type\":\"EntryPoint\",\"urlTemplate\":\"https:\/\/earlyfeednutrition.com\/fr\/?s={search_term_string}\"},\"query-input\":{\"@type\":\"PropertyValueSpecification\",\"valueRequired\":true,\"valueName\":\"search_term_string\"}}],\"inLanguage\":\"fr-FR\"}]}<\/script>\n<!-- \/ Yoast SEO plugin. -->","yoast_head_json":{"title":"Politique de vie priv\u00e9e - Earlyfeed","robots":{"index":"index","follow":"follow","max-snippet":"max-snippet:-1","max-image-preview":"max-image-preview:large","max-video-preview":"max-video-preview:-1"},"canonical":"https:\/\/earlyfeednutrition.com\/fr\/privacy-policy\/","og_locale":"fr_FR","og_type":"article","og_title":"Politique de vie priv\u00e9e - Earlyfeed","og_description":"Agrifirm (Agrifirm Group B.V. et\/ou des soci\u00e9t\u00e9s qui lui sont li\u00e9es) attache une grande importance \u00e0 la vie priv\u00e9e des utilisateurs de ses applications et des visiteurs de son site web. Agrifirm traite les donn\u00e9es personnelles des utilisateurs qui visitent son site web et utilisent son application. Dans cette d\u00e9claration, nous souhaitons vous informer sur [&hellip;]","og_url":"https:\/\/earlyfeednutrition.com\/fr\/privacy-policy\/","og_site_name":"Earlyfeed","article_modified_time":"2022-06-13T18:11:18+00:00","twitter_card":"summary_large_image","twitter_misc":{"Est. reading time":"6 minutes"},"schema":{"@context":"https:\/\/schema.org","@graph":[{"@type":"WebPage","@id":"https:\/\/earlyfeednutrition.com\/fr\/privacy-policy\/","url":"https:\/\/earlyfeednutrition.com\/fr\/privacy-policy\/","name":"Politique de vie priv\u00e9e - Earlyfeed","isPartOf":{"@id":"https:\/\/earlyfeednutrition.com\/fr\/#website"},"datePublished":"2019-08-29T19:20:04+00:00","dateModified":"2022-06-13T18:11:18+00:00","breadcrumb":{"@id":"https:\/\/earlyfeednutrition.com\/fr\/privacy-policy\/#breadcrumb"},"inLanguage":"fr-FR","potentialAction":[{"@type":"ReadAction","target":["https:\/\/earlyfeednutrition.com\/fr\/privacy-policy\/"]}]},{"@type":"BreadcrumbList","@id":"https:\/\/earlyfeednutrition.com\/fr\/privacy-policy\/#breadcrumb","itemListElement":[{"@type":"ListItem","position":1,"name":"Page d'accueil","item":"https:\/\/earlyfeed.kinsta.cloud\/fr\/"},{"@type":"ListItem","position":2,"name":"Politique de vie priv\u00e9e"}]},{"@type":"WebSite","@id":"https:\/\/earlyfeednutrition.com\/fr\/#website","url":"https:\/\/earlyfeednutrition.com\/fr\/","name":"Earlyfeed","description":"Right from the start","potentialAction":[{"@type":"SearchAction","target":{"@type":"EntryPoint","urlTemplate":"https:\/\/earlyfeednutrition.com\/fr\/?s={search_term_string}"},"query-input":{"@type":"PropertyValueSpecification","valueRequired":true,"valueName":"search_term_string"}}],"inLanguage":"fr-FR"}]}},"_links":{"self":[{"href":"https:\/\/earlyfeednutrition.com\/fr\/wp-json\/wp\/v2\/pages\/18905","targetHints":{"allow":["GET"]}}],"collection":[{"href":"https:\/\/earlyfeednutrition.com\/fr\/wp-json\/wp\/v2\/pages"}],"about":[{"href":"https:\/\/earlyfeednutrition.com\/fr\/wp-json\/wp\/v2\/types\/page"}],"author":[{"embeddable":true,"href":"https:\/\/earlyfeednutrition.com\/fr\/wp-json\/wp\/v2\/users\/1"}],"replies":[{"embeddable":true,"href":"https:\/\/earlyfeednutrition.com\/fr\/wp-json\/wp\/v2\/comments?post=18905"}],"version-history":[{"count":2,"href":"https:\/\/earlyfeednutrition.com\/fr\/wp-json\/wp\/v2\/pages\/18905\/revisions"}],"predecessor-version":[{"id":18919,"href":"https:\/\/earlyfeednutrition.com\/fr\/wp-json\/wp\/v2\/pages\/18905\/revisions\/18919"}],"wp:attachment":[{"href":"https:\/\/earlyfeednutrition.com\/fr\/wp-json\/wp\/v2\/media?parent=18905"}],"wp:term":[{"taxonomy":"country","embeddable":true,"href":"https:\/\/earlyfeednutrition.com\/fr\/wp-json\/wp\/v2\/country?post=18905"}],"curies":[{"name":"wp","href":"https:\/\/api.w.org\/{rel}","templated":true}]}}