{"id":14976,"date":"2020-11-05T16:05:40","date_gmt":"2020-11-05T16:05:40","guid":{"rendered":"https:\/\/earlyfeednutrition.com\/what-we-do\/ruminants\/"},"modified":"2025-05-07T08:42:53","modified_gmt":"2025-05-07T07:42:53","slug":"ruminants","status":"publish","type":"page","link":"https:\/\/earlyfeednutrition.com\/fr\/what-we-do\/ruminants\/","title":{"rendered":"Ruminants"},"content":{"rendered":"<section class=\"section section--gutenberg section--gutenberg-nomargin wp-block-heading\">\n<h2><span style=\"font-family: bebas-neue-rounded, &quot;Roboto&quot;, &quot;Open Sans&quot;, &quot;Helvetica&quot;, &quot;Arial&quot;, sans-serif;\" class=\"font-family\"><span style=\"color: #3A261B\" class=\"text-color\">LE TEMPS, C\u2019EST DE L\u2019ARGENT<\/span><\/span><\/h2>\n<\/section>\n\n<section class=\"section section--gutenberg section--gutenberg-nomargin wp-block-paragraph\">\n<p><span style=\"font-family: &quot;Roboto&quot;, &quot;Open Sans&quot;, &quot;Helvetica&quot;, &quot;Arial&quot;, sans-serif;\" class=\"font-family\">En moyenne, un veau laitier met 24\u00a0mois entre sa naissance et son premier v\u00ealage. Jusqu\u2019\u00e0 ce moment, le veau repr\u00e9sente un co\u00fbt pour l\u2019\u00e9leveur. L\u2019acc\u00e9l\u00e9ration de ce processus de croissance permet de maximiser l\u2019efficacit\u00e9 et d\u2019optimiser la rentabilit\u00e9. La croissance rapide des veaux entra\u00eene une ins\u00e9mination plus pr\u00e9coce. En outre, l\u2019\u00e9levage acc\u00e9l\u00e9r\u00e9 des veaux permet souvent une meilleure croissance et une production laiti\u00e8re plus efficace.<\/span><\/p>\n<\/section>\n\n<section class=\"section section--gutenberg section--gutenberg-nomargin wp-block-heading\">\n<h2><span style=\"font-family: bebas-neue-rounded, &quot;Roboto&quot;, &quot;Open Sans&quot;, &quot;Helvetica&quot;, &quot;Arial&quot;, sans-serif;\" class=\"font-family\"><span style=\"color: #3A261B\" class=\"text-color\">LE RUMEN COMME MOTEUR DE CROISSANCE<\/span><\/span><\/h2>\n<\/section>\n\n<section class=\"section section--gutenberg section--gutenberg-nomargin wp-block-paragraph\">\n<p><span style=\"font-family: &quot;Roboto&quot;, &quot;Open Sans&quot;, &quot;Helvetica&quot;, &quot;Arial&quot;, sans-serif;\" class=\"font-family\">Nos recherches sur le syst\u00e8me digestif unique et complexe des ruminants ont montr\u00e9 que le d\u00e9veloppement pr\u00e9coce du rumen est un m\u00e9canisme qui peut agir comme un puissant moteur de croissance. Sur la base de ces connaissances, Earlyfeed a mis au point des solutions nutritionnelles sp\u00e9cifiques pour les veaux afin de maximiser rapidement leur apport \u00e9nerg\u00e9tique, d\u2019am\u00e9liorer leur r\u00e9sistance aux pathog\u00e8nes courants et de r\u00e9duire la baisse de croissance classique apr\u00e8s le sevrage.<\/span><\/p>\n<\/section>","protected":false},"excerpt":{"rendered":"<p>LE TEMPS, C\u2019EST DE L\u2019ARGENT En moyenne, un veau laitier met 24\u00a0mois entre sa naissance et son premier v\u00ealage. Jusqu\u2019\u00e0 ce moment, le veau repr\u00e9sente un co\u00fbt pour l\u2019\u00e9leveur. L\u2019acc\u00e9l\u00e9ration de ce processus de croissance permet de maximiser l\u2019efficacit\u00e9 et d\u2019optimiser la rentabilit\u00e9. La croissance rapide des veaux entra\u00eene une ins\u00e9mination plus pr\u00e9coce. En outre, [&hellip;]<\/p>\n","protected":false},"author":1,"featured_media":0,"parent":14947,"menu_order":0,"comment_status":"closed","ping_status":"closed","template":"page-product-group.php","meta":{"_acf_changed":false,"footnotes":""},"country":[],"class_list":["post-14976","page","type-page","status-publish","hentry"],"acf":[],"yoast_head":"<!-- This site is optimized with the Yoast SEO plugin v27.0 - https:\/\/yoast.com\/product\/yoast-seo-wordpress\/ -->\n<title>Ruminants - Earlyfeed<\/title>\n<meta name=\"robots\" content=\"index, follow, max-snippet:-1, max-image-preview:large, max-video-preview:-1\" \/>\n<link rel=\"canonical\" href=\"https:\/\/earlyfeednutrition.com\/fr\/what-we-do\/ruminants\/\" \/>\n<meta property=\"og:locale\" content=\"fr_FR\" \/>\n<meta property=\"og:type\" content=\"article\" \/>\n<meta property=\"og:title\" content=\"Ruminants - Earlyfeed\" \/>\n<meta property=\"og:description\" content=\"LE TEMPS, C\u2019EST DE L\u2019ARGENT En moyenne, un veau laitier met 24\u00a0mois entre sa naissance et son premier v\u00ealage. Jusqu\u2019\u00e0 ce moment, le veau repr\u00e9sente un co\u00fbt pour l\u2019\u00e9leveur. L\u2019acc\u00e9l\u00e9ration de ce processus de croissance permet de maximiser l\u2019efficacit\u00e9 et d\u2019optimiser la rentabilit\u00e9. La croissance rapide des veaux entra\u00eene une ins\u00e9mination plus pr\u00e9coce. En outre, [&hellip;]\" \/>\n<meta property=\"og:url\" content=\"https:\/\/earlyfeednutrition.com\/fr\/what-we-do\/ruminants\/\" \/>\n<meta property=\"og:site_name\" content=\"Earlyfeed\" \/>\n<meta property=\"article:modified_time\" content=\"2025-05-07T07:42:53+00:00\" \/>\n<meta name=\"twitter:card\" content=\"summary_large_image\" \/>\n<meta name=\"twitter:label1\" content=\"Est. reading time\" \/>\n\t<meta name=\"twitter:data1\" content=\"1 minute\" \/>\n<script type=\"application\/ld+json\" class=\"yoast-schema-graph\">{\"@context\":\"https:\/\/schema.org\",\"@graph\":[{\"@type\":\"WebPage\",\"@id\":\"https:\/\/earlyfeednutrition.com\/fr\/what-we-do\/ruminants\/\",\"url\":\"https:\/\/earlyfeednutrition.com\/fr\/what-we-do\/ruminants\/\",\"name\":\"Ruminants - Earlyfeed\",\"isPartOf\":{\"@id\":\"https:\/\/earlyfeednutrition.com\/fr\/#website\"},\"datePublished\":\"2020-11-05T16:05:40+00:00\",\"dateModified\":\"2025-05-07T07:42:53+00:00\",\"breadcrumb\":{\"@id\":\"https:\/\/earlyfeednutrition.com\/fr\/what-we-do\/ruminants\/#breadcrumb\"},\"inLanguage\":\"fr-FR\",\"potentialAction\":[{\"@type\":\"ReadAction\",\"target\":[\"https:\/\/earlyfeednutrition.com\/fr\/what-we-do\/ruminants\/\"]}]},{\"@type\":\"BreadcrumbList\",\"@id\":\"https:\/\/earlyfeednutrition.com\/fr\/what-we-do\/ruminants\/#breadcrumb\",\"itemListElement\":[{\"@type\":\"ListItem\",\"position\":1,\"name\":\"Page d'accueil\",\"item\":\"https:\/\/earlyfeednutrition.com\/fr\/\"},{\"@type\":\"ListItem\",\"position\":2,\"name\":\"Ce que nous faisons\",\"item\":\"https:\/\/earlyfeednutrition.com\/fr\/what-we-do\/\"},{\"@type\":\"ListItem\",\"position\":3,\"name\":\"Ruminants\"}]},{\"@type\":\"WebSite\",\"@id\":\"https:\/\/earlyfeednutrition.com\/fr\/#website\",\"url\":\"https:\/\/earlyfeednutrition.com\/fr\/\",\"name\":\"Earlyfeed\",\"description\":\"Right from the start\",\"potentialAction\":[{\"@type\":\"SearchAction\",\"target\":{\"@type\":\"EntryPoint\",\"urlTemplate\":\"https:\/\/earlyfeednutrition.com\/fr\/?s={search_term_string}\"},\"query-input\":{\"@type\":\"PropertyValueSpecification\",\"valueRequired\":true,\"valueName\":\"search_term_string\"}}],\"inLanguage\":\"fr-FR\"}]}<\/script>\n<!-- \/ Yoast SEO plugin. -->","yoast_head_json":{"title":"Ruminants - Earlyfeed","robots":{"index":"index","follow":"follow","max-snippet":"max-snippet:-1","max-image-preview":"max-image-preview:large","max-video-preview":"max-video-preview:-1"},"canonical":"https:\/\/earlyfeednutrition.com\/fr\/what-we-do\/ruminants\/","og_locale":"fr_FR","og_type":"article","og_title":"Ruminants - Earlyfeed","og_description":"LE TEMPS, C\u2019EST DE L\u2019ARGENT En moyenne, un veau laitier met 24\u00a0mois entre sa naissance et son premier v\u00ealage. Jusqu\u2019\u00e0 ce moment, le veau repr\u00e9sente un co\u00fbt pour l\u2019\u00e9leveur. L\u2019acc\u00e9l\u00e9ration de ce processus de croissance permet de maximiser l\u2019efficacit\u00e9 et d\u2019optimiser la rentabilit\u00e9. La croissance rapide des veaux entra\u00eene une ins\u00e9mination plus pr\u00e9coce. En outre, [&hellip;]","og_url":"https:\/\/earlyfeednutrition.com\/fr\/what-we-do\/ruminants\/","og_site_name":"Earlyfeed","article_modified_time":"2025-05-07T07:42:53+00:00","twitter_card":"summary_large_image","twitter_misc":{"Est. reading time":"1 minute"},"schema":{"@context":"https:\/\/schema.org","@graph":[{"@type":"WebPage","@id":"https:\/\/earlyfeednutrition.com\/fr\/what-we-do\/ruminants\/","url":"https:\/\/earlyfeednutrition.com\/fr\/what-we-do\/ruminants\/","name":"Ruminants - Earlyfeed","isPartOf":{"@id":"https:\/\/earlyfeednutrition.com\/fr\/#website"},"datePublished":"2020-11-05T16:05:40+00:00","dateModified":"2025-05-07T07:42:53+00:00","breadcrumb":{"@id":"https:\/\/earlyfeednutrition.com\/fr\/what-we-do\/ruminants\/#breadcrumb"},"inLanguage":"fr-FR","potentialAction":[{"@type":"ReadAction","target":["https:\/\/earlyfeednutrition.com\/fr\/what-we-do\/ruminants\/"]}]},{"@type":"BreadcrumbList","@id":"https:\/\/earlyfeednutrition.com\/fr\/what-we-do\/ruminants\/#breadcrumb","itemListElement":[{"@type":"ListItem","position":1,"name":"Page d'accueil","item":"https:\/\/earlyfeednutrition.com\/fr\/"},{"@type":"ListItem","position":2,"name":"Ce que nous faisons","item":"https:\/\/earlyfeednutrition.com\/fr\/what-we-do\/"},{"@type":"ListItem","position":3,"name":"Ruminants"}]},{"@type":"WebSite","@id":"https:\/\/earlyfeednutrition.com\/fr\/#website","url":"https:\/\/earlyfeednutrition.com\/fr\/","name":"Earlyfeed","description":"Right from the start","potentialAction":[{"@type":"SearchAction","target":{"@type":"EntryPoint","urlTemplate":"https:\/\/earlyfeednutrition.com\/fr\/?s={search_term_string}"},"query-input":{"@type":"PropertyValueSpecification","valueRequired":true,"valueName":"search_term_string"}}],"inLanguage":"fr-FR"}]}},"_links":{"self":[{"href":"https:\/\/earlyfeednutrition.com\/fr\/wp-json\/wp\/v2\/pages\/14976","targetHints":{"allow":["GET"]}}],"collection":[{"href":"https:\/\/earlyfeednutrition.com\/fr\/wp-json\/wp\/v2\/pages"}],"about":[{"href":"https:\/\/earlyfeednutrition.com\/fr\/wp-json\/wp\/v2\/types\/page"}],"author":[{"embeddable":true,"href":"https:\/\/earlyfeednutrition.com\/fr\/wp-json\/wp\/v2\/users\/1"}],"replies":[{"embeddable":true,"href":"https:\/\/earlyfeednutrition.com\/fr\/wp-json\/wp\/v2\/comments?post=14976"}],"version-history":[{"count":6,"href":"https:\/\/earlyfeednutrition.com\/fr\/wp-json\/wp\/v2\/pages\/14976\/revisions"}],"predecessor-version":[{"id":28589,"href":"https:\/\/earlyfeednutrition.com\/fr\/wp-json\/wp\/v2\/pages\/14976\/revisions\/28589"}],"up":[{"embeddable":true,"href":"https:\/\/earlyfeednutrition.com\/fr\/wp-json\/wp\/v2\/pages\/14947"}],"wp:attachment":[{"href":"https:\/\/earlyfeednutrition.com\/fr\/wp-json\/wp\/v2\/media?parent=14976"}],"wp:term":[{"taxonomy":"country","embeddable":true,"href":"https:\/\/earlyfeednutrition.com\/fr\/wp-json\/wp\/v2\/country?post=14976"}],"curies":[{"name":"wp","href":"https:\/\/api.w.org\/{rel}","templated":true}]}}