{"id":14965,"date":"2020-11-05T16:00:36","date_gmt":"2020-11-05T16:00:36","guid":{"rendered":"https:\/\/earlyfeednutrition.com\/what-we-do\/poultry\/"},"modified":"2021-05-05T08:17:09","modified_gmt":"2021-05-05T08:17:09","slug":"poultry","status":"publish","type":"page","link":"https:\/\/earlyfeednutrition.com\/fr\/what-we-do\/poultry\/","title":{"rendered":"Volaille"},"content":{"rendered":"<section class=\"section section--gutenberg section--gutenberg-nomargin wp-block-heading\">\n<h2><span style=\"color: #3A261B\" class=\"text-color\"><span style=\"font-family: bebas-neue-rounded, &quot;Roboto&quot;, &quot;Open Sans&quot;, &quot;Helvetica&quot;, &quot;Arial&quot;, sans-serif;\" class=\"font-family\">Il n\u2019est jamais \u00ab trop t\u00f4t \u00bb<\/span><\/span><\/h2>\n<\/section>\n\n<section class=\"section section--gutenberg section--gutenberg-nomargin wp-block-paragraph\">\n<p><span style=\"font-family: &quot;Roboto&quot;, &quot;Open Sans&quot;, &quot;Helvetica&quot;, &quot;Arial&quot;, sans-serif;\" class=\"font-family\">Si vous voulez donner \u00e0 vos poussins la capacit\u00e9 de d\u00e9velopper leur corps de mani\u00e8re ad\u00e9quate, il n\u2019est jamais trop t\u00f4t pour intervenir. Par contre, vous pouvez malheureusement agir trop tard. La recherche scientifique et l\u2019exp\u00e9rience sur le terrain nous ont appris que les premi\u00e8res 24 \u00e0 72 heures de la vie d\u2019un poussin d\u00e9finissent largement ses performances ult\u00e9rieures. Bien que la nature fournisse au poussin des nutriments sous la forme d\u2019un reste de sac vitellin, cette r\u00e9serve naturelle est simplement destin\u00e9e \u00e0 emp\u00eacher le poussin de mourir de faim. Dans l\u2019environnement de production difficile d\u2019un \u00e9levage commercial de volailles, il ne suffit pas de pr\u00e9parer le jeune oiseau \u00e0 survivre et \u00e0 s\u2019\u00e9panouir.<\/span><\/p>\n<\/section>\n\n<section class=\"section section--gutenberg section--gutenberg-nomargin wp-block-heading\">\n<h2><span style=\"color: #3A261B\" class=\"text-color\"><span style=\"font-family: bebas-neue-rounded, &quot;Roboto&quot;, &quot;Open Sans&quot;, &quot;Helvetica&quot;, &quot;Arial&quot;, sans-serif;\" class=\"font-family\">Un petit coup de main<\/span><\/span><\/h2>\n<\/section>\n\n<section class=\"section section--gutenberg section--gutenberg-nomargin wp-block-paragraph\">\n<p><span style=\"font-family: &quot;Roboto&quot;, &quot;Open Sans&quot;, &quot;Helvetica&quot;, &quot;Arial&quot;, sans-serif;\" class=\"font-family\">Bonne nouvelle : beaucoup de poussins (et probablement plus que vous ne le pensez) peuvent s\u2019en sortir malgr\u00e9 les facteurs de stress survenant en d\u00e9but de vie. Tout ce dont ils ont besoin, c\u2019est d\u2019un petit coup de main. Les concepts d\u2019Earlyfeed pour les poussins d\u2019un jour ont \u00e9t\u00e9 soigneusement \u00e9labor\u00e9s pour harmoniser les besoins du jeune oiseau avec les exigences du cycle de vie.<\/span><\/p>\n<\/section>\n\n<section class=\"section section--gutenberg section--gutenberg-nomargin wp-block-paragraph\">\n<p><span style=\"font-family: &quot;Roboto&quot;, &quot;Open Sans&quot;, &quot;Helvetica&quot;, &quot;Arial&quot;, sans-serif;\" class=\"font-family\">Nos solutions, lorsqu\u2019elles sont correctement appliqu\u00e9es, permettent une consommation alimentaire rapide et stable et une transition en douceur du jaune d\u2019\u0153uf aux aliments. La composition des nutriments permet un d\u00e9veloppement rapide et \u00e9quilibr\u00e9 de l\u2019intestin sans exercer une trop grande pression sur le TGI et la stabilit\u00e9 de la microflore des jeunes animaux. L\u2019objectif final est que les jeunes oiseaux mangent le plus t\u00f4t possible, ce qui leur permettra d\u2019\u00eatre performants tout au long de leur cycle de vie.<\/span><\/p>\n<\/section>","protected":false},"excerpt":{"rendered":"<p>Il n\u2019est jamais \u00ab trop t\u00f4t \u00bb Si vous voulez donner \u00e0 vos poussins la capacit\u00e9 de d\u00e9velopper leur corps de mani\u00e8re ad\u00e9quate, il n\u2019est jamais trop t\u00f4t pour intervenir. Par contre, vous pouvez malheureusement agir trop tard. La recherche scientifique et l\u2019exp\u00e9rience sur le terrain nous ont appris que les premi\u00e8res 24 \u00e0 72 [&hellip;]<\/p>\n","protected":false},"author":1,"featured_media":0,"parent":14947,"menu_order":0,"comment_status":"closed","ping_status":"closed","template":"page-product-group.php","meta":{"_acf_changed":false,"footnotes":""},"country":[],"class_list":["post-14965","page","type-page","status-publish","hentry"],"acf":[],"yoast_head":"<!-- This site is optimized with the Yoast SEO plugin v27.0 - https:\/\/yoast.com\/product\/yoast-seo-wordpress\/ -->\n<title>Volaille - Earlyfeed<\/title>\n<meta name=\"robots\" content=\"index, follow, max-snippet:-1, max-image-preview:large, max-video-preview:-1\" \/>\n<link rel=\"canonical\" href=\"https:\/\/earlyfeednutrition.com\/fr\/what-we-do\/poultry\/\" \/>\n<meta property=\"og:locale\" content=\"fr_FR\" \/>\n<meta property=\"og:type\" content=\"article\" \/>\n<meta property=\"og:title\" content=\"Volaille - Earlyfeed\" \/>\n<meta property=\"og:description\" content=\"Il n\u2019est jamais \u00ab trop t\u00f4t \u00bb Si vous voulez donner \u00e0 vos poussins la capacit\u00e9 de d\u00e9velopper leur corps de mani\u00e8re ad\u00e9quate, il n\u2019est jamais trop t\u00f4t pour intervenir. Par contre, vous pouvez malheureusement agir trop tard. La recherche scientifique et l\u2019exp\u00e9rience sur le terrain nous ont appris que les premi\u00e8res 24 \u00e0 72 [&hellip;]\" \/>\n<meta property=\"og:url\" content=\"https:\/\/earlyfeednutrition.com\/fr\/what-we-do\/poultry\/\" \/>\n<meta property=\"og:site_name\" content=\"Earlyfeed\" \/>\n<meta property=\"article:modified_time\" content=\"2021-05-05T08:17:09+00:00\" \/>\n<meta name=\"twitter:card\" content=\"summary_large_image\" \/>\n<meta name=\"twitter:label1\" content=\"Est. reading time\" \/>\n\t<meta name=\"twitter:data1\" content=\"2 minutes\" \/>\n<script type=\"application\/ld+json\" class=\"yoast-schema-graph\">{\"@context\":\"https:\/\/schema.org\",\"@graph\":[{\"@type\":\"WebPage\",\"@id\":\"https:\/\/earlyfeednutrition.com\/fr\/what-we-do\/poultry\/\",\"url\":\"https:\/\/earlyfeednutrition.com\/fr\/what-we-do\/poultry\/\",\"name\":\"Volaille - Earlyfeed\",\"isPartOf\":{\"@id\":\"https:\/\/earlyfeednutrition.com\/fr\/#website\"},\"datePublished\":\"2020-11-05T16:00:36+00:00\",\"dateModified\":\"2021-05-05T08:17:09+00:00\",\"breadcrumb\":{\"@id\":\"https:\/\/earlyfeednutrition.com\/fr\/what-we-do\/poultry\/#breadcrumb\"},\"inLanguage\":\"fr-FR\",\"potentialAction\":[{\"@type\":\"ReadAction\",\"target\":[\"https:\/\/earlyfeednutrition.com\/fr\/what-we-do\/poultry\/\"]}]},{\"@type\":\"BreadcrumbList\",\"@id\":\"https:\/\/earlyfeednutrition.com\/fr\/what-we-do\/poultry\/#breadcrumb\",\"itemListElement\":[{\"@type\":\"ListItem\",\"position\":1,\"name\":\"Page d'accueil\",\"item\":\"https:\/\/earlyfeednutrition.com\/fr\/\"},{\"@type\":\"ListItem\",\"position\":2,\"name\":\"Ce que nous faisons\",\"item\":\"https:\/\/earlyfeednutrition.com\/fr\/what-we-do\/\"},{\"@type\":\"ListItem\",\"position\":3,\"name\":\"Volaille\"}]},{\"@type\":\"WebSite\",\"@id\":\"https:\/\/earlyfeednutrition.com\/fr\/#website\",\"url\":\"https:\/\/earlyfeednutrition.com\/fr\/\",\"name\":\"Earlyfeed\",\"description\":\"Right from the start\",\"potentialAction\":[{\"@type\":\"SearchAction\",\"target\":{\"@type\":\"EntryPoint\",\"urlTemplate\":\"https:\/\/earlyfeednutrition.com\/fr\/?s={search_term_string}\"},\"query-input\":{\"@type\":\"PropertyValueSpecification\",\"valueRequired\":true,\"valueName\":\"search_term_string\"}}],\"inLanguage\":\"fr-FR\"}]}<\/script>\n<!-- \/ Yoast SEO plugin. -->","yoast_head_json":{"title":"Volaille - Earlyfeed","robots":{"index":"index","follow":"follow","max-snippet":"max-snippet:-1","max-image-preview":"max-image-preview:large","max-video-preview":"max-video-preview:-1"},"canonical":"https:\/\/earlyfeednutrition.com\/fr\/what-we-do\/poultry\/","og_locale":"fr_FR","og_type":"article","og_title":"Volaille - Earlyfeed","og_description":"Il n\u2019est jamais \u00ab trop t\u00f4t \u00bb Si vous voulez donner \u00e0 vos poussins la capacit\u00e9 de d\u00e9velopper leur corps de mani\u00e8re ad\u00e9quate, il n\u2019est jamais trop t\u00f4t pour intervenir. Par contre, vous pouvez malheureusement agir trop tard. La recherche scientifique et l\u2019exp\u00e9rience sur le terrain nous ont appris que les premi\u00e8res 24 \u00e0 72 [&hellip;]","og_url":"https:\/\/earlyfeednutrition.com\/fr\/what-we-do\/poultry\/","og_site_name":"Earlyfeed","article_modified_time":"2021-05-05T08:17:09+00:00","twitter_card":"summary_large_image","twitter_misc":{"Est. reading time":"2 minutes"},"schema":{"@context":"https:\/\/schema.org","@graph":[{"@type":"WebPage","@id":"https:\/\/earlyfeednutrition.com\/fr\/what-we-do\/poultry\/","url":"https:\/\/earlyfeednutrition.com\/fr\/what-we-do\/poultry\/","name":"Volaille - Earlyfeed","isPartOf":{"@id":"https:\/\/earlyfeednutrition.com\/fr\/#website"},"datePublished":"2020-11-05T16:00:36+00:00","dateModified":"2021-05-05T08:17:09+00:00","breadcrumb":{"@id":"https:\/\/earlyfeednutrition.com\/fr\/what-we-do\/poultry\/#breadcrumb"},"inLanguage":"fr-FR","potentialAction":[{"@type":"ReadAction","target":["https:\/\/earlyfeednutrition.com\/fr\/what-we-do\/poultry\/"]}]},{"@type":"BreadcrumbList","@id":"https:\/\/earlyfeednutrition.com\/fr\/what-we-do\/poultry\/#breadcrumb","itemListElement":[{"@type":"ListItem","position":1,"name":"Page d'accueil","item":"https:\/\/earlyfeednutrition.com\/fr\/"},{"@type":"ListItem","position":2,"name":"Ce que nous faisons","item":"https:\/\/earlyfeednutrition.com\/fr\/what-we-do\/"},{"@type":"ListItem","position":3,"name":"Volaille"}]},{"@type":"WebSite","@id":"https:\/\/earlyfeednutrition.com\/fr\/#website","url":"https:\/\/earlyfeednutrition.com\/fr\/","name":"Earlyfeed","description":"Right from the start","potentialAction":[{"@type":"SearchAction","target":{"@type":"EntryPoint","urlTemplate":"https:\/\/earlyfeednutrition.com\/fr\/?s={search_term_string}"},"query-input":{"@type":"PropertyValueSpecification","valueRequired":true,"valueName":"search_term_string"}}],"inLanguage":"fr-FR"}]}},"_links":{"self":[{"href":"https:\/\/earlyfeednutrition.com\/fr\/wp-json\/wp\/v2\/pages\/14965","targetHints":{"allow":["GET"]}}],"collection":[{"href":"https:\/\/earlyfeednutrition.com\/fr\/wp-json\/wp\/v2\/pages"}],"about":[{"href":"https:\/\/earlyfeednutrition.com\/fr\/wp-json\/wp\/v2\/types\/page"}],"author":[{"embeddable":true,"href":"https:\/\/earlyfeednutrition.com\/fr\/wp-json\/wp\/v2\/users\/1"}],"replies":[{"embeddable":true,"href":"https:\/\/earlyfeednutrition.com\/fr\/wp-json\/wp\/v2\/comments?post=14965"}],"version-history":[{"count":3,"href":"https:\/\/earlyfeednutrition.com\/fr\/wp-json\/wp\/v2\/pages\/14965\/revisions"}],"predecessor-version":[{"id":14975,"href":"https:\/\/earlyfeednutrition.com\/fr\/wp-json\/wp\/v2\/pages\/14965\/revisions\/14975"}],"up":[{"embeddable":true,"href":"https:\/\/earlyfeednutrition.com\/fr\/wp-json\/wp\/v2\/pages\/14947"}],"wp:attachment":[{"href":"https:\/\/earlyfeednutrition.com\/fr\/wp-json\/wp\/v2\/media?parent=14965"}],"wp:term":[{"taxonomy":"country","embeddable":true,"href":"https:\/\/earlyfeednutrition.com\/fr\/wp-json\/wp\/v2\/country?post=14965"}],"curies":[{"name":"wp","href":"https:\/\/api.w.org\/{rel}","templated":true}]}}