{"id":14958,"date":"2020-11-05T16:06:10","date_gmt":"2020-11-05T16:06:10","guid":{"rendered":"https:\/\/earlyfeednutrition.com\/what-we-do\/swine\/"},"modified":"2021-05-05T08:06:58","modified_gmt":"2021-05-05T08:06:58","slug":"swine","status":"publish","type":"page","link":"https:\/\/earlyfeednutrition.com\/fr\/what-we-do\/swine\/","title":{"rendered":"Porcs"},"content":{"rendered":"<section class=\"section section--gutenberg section--gutenberg-nomargin wp-block-heading\">\n<h2><span style=\"font-family: bebas-neue-rounded, &quot;Roboto&quot;, &quot;Open Sans&quot;, &quot;Helvetica&quot;, &quot;Arial&quot;, sans-serif;\" class=\"font-family\"><span style=\"color: #3A261B\" class=\"text-color\">METTRE L\u2019ACCENT D\u00c8S LE D\u00c9PART SUR LA SANT\u00c9 INTESTINALE<\/span><\/span><\/h2>\n<\/section>\n\n<section class=\"section section--gutenberg section--gutenberg-nomargin wp-block-paragraph\">\n<p><span style=\"font-family: &quot;Roboto&quot;, &quot;Open Sans&quot;, &quot;Helvetica&quot;, &quot;Arial&quot;, sans-serif;\" class=\"font-family\">Il est bien connu que la maturation pr\u00e9coce du tractus gastro-intestinal est cruciale pour la croissance optimale et saine des porcelets. La stimulation de la sant\u00e9 intestinale des porcelets commence par une alimentation pr\u00e9cise des truies et se poursuit avec des concepts intelligents visant \u00e0 favoriser une consommation alimentaire pr\u00e9coce. Un nombre plus \u00e9lev\u00e9 de porcelets mangeant avant le sevrage facilite ce processus et a un effet positif sur les performances globales des animaux.<\/span><\/p>\n<\/section>\n\n<section class=\"section section--gutenberg section--gutenberg-nomargin wp-block-heading\">\n<h2><span style=\"font-family: bebas-neue-rounded, &quot;Roboto&quot;, &quot;Open Sans&quot;, &quot;Helvetica&quot;, &quot;Arial&quot;, sans-serif;\" class=\"font-family\"><span style=\"color: #3A261B\" class=\"text-color\">BIEN \u00c9QUILIBR\u00c9 ET APP\u00c9TENT<\/span><\/span><\/h2>\n<\/section>\n\n<section class=\"section section--gutenberg section--gutenberg-nomargin wp-block-paragraph\">\n<p><span style=\"font-family: &quot;Roboto&quot;, &quot;Open Sans&quot;, &quot;Helvetica&quot;, &quot;Arial&quot;, sans-serif;\" class=\"font-family\">Earlyfeed a d\u00e9velopp\u00e9 des solutions d\u2019alimentation pr\u00e9coce pour les porcelets qui sont mondialement reconnues comme les meilleures de leur cat\u00e9gorie. Bien \u00e9quilibr\u00e9es et innovantes, elles ont la capacit\u00e9 de soutenir la port\u00e9e compl\u00e8te d\u00e8s le d\u00e9but et de maximiser le succ\u00e8s et la rentabilit\u00e9 apr\u00e8s le sevrage. Une app\u00e9tence tr\u00e8s \u00e9lev\u00e9e encourage la consommation pr\u00e9coce d\u2019aliments, alors que des ingr\u00e9dients sophistiqu\u00e9s stimulent la maturation du tractus gastro-intestinal et fournissent des nutriments pour renforcer l\u2019\u00e9tat de sant\u00e9 de vos porcelets.<\/span><\/p>\n<\/section>","protected":false},"excerpt":{"rendered":"<p>METTRE L\u2019ACCENT D\u00c8S LE D\u00c9PART SUR LA SANT\u00c9 INTESTINALE Il est bien connu que la maturation pr\u00e9coce du tractus gastro-intestinal est cruciale pour la croissance optimale et saine des porcelets. La stimulation de la sant\u00e9 intestinale des porcelets commence par une alimentation pr\u00e9cise des truies et se poursuit avec des concepts intelligents visant \u00e0 favoriser [&hellip;]<\/p>\n","protected":false},"author":1,"featured_media":0,"parent":14947,"menu_order":0,"comment_status":"closed","ping_status":"closed","template":"page-product-group.php","meta":{"_acf_changed":false,"footnotes":""},"country":[],"class_list":["post-14958","page","type-page","status-publish","hentry"],"acf":[],"yoast_head":"<!-- This site is optimized with the Yoast SEO plugin v27.0 - https:\/\/yoast.com\/product\/yoast-seo-wordpress\/ -->\n<title>Porcs - Earlyfeed<\/title>\n<meta name=\"robots\" content=\"index, follow, max-snippet:-1, max-image-preview:large, max-video-preview:-1\" \/>\n<link rel=\"canonical\" href=\"https:\/\/earlyfeednutrition.com\/fr\/what-we-do\/swine\/\" \/>\n<meta property=\"og:locale\" content=\"fr_FR\" \/>\n<meta property=\"og:type\" content=\"article\" \/>\n<meta property=\"og:title\" content=\"Porcs - Earlyfeed\" \/>\n<meta property=\"og:description\" content=\"METTRE L\u2019ACCENT D\u00c8S LE D\u00c9PART SUR LA SANT\u00c9 INTESTINALE Il est bien connu que la maturation pr\u00e9coce du tractus gastro-intestinal est cruciale pour la croissance optimale et saine des porcelets. La stimulation de la sant\u00e9 intestinale des porcelets commence par une alimentation pr\u00e9cise des truies et se poursuit avec des concepts intelligents visant \u00e0 favoriser [&hellip;]\" \/>\n<meta property=\"og:url\" content=\"https:\/\/earlyfeednutrition.com\/fr\/what-we-do\/swine\/\" \/>\n<meta property=\"og:site_name\" content=\"Earlyfeed\" \/>\n<meta property=\"article:modified_time\" content=\"2021-05-05T08:06:58+00:00\" \/>\n<meta name=\"twitter:card\" content=\"summary_large_image\" \/>\n<meta name=\"twitter:label1\" content=\"Est. reading time\" \/>\n\t<meta name=\"twitter:data1\" content=\"1 minute\" \/>\n<script type=\"application\/ld+json\" class=\"yoast-schema-graph\">{\"@context\":\"https:\/\/schema.org\",\"@graph\":[{\"@type\":\"WebPage\",\"@id\":\"https:\/\/earlyfeednutrition.com\/fr\/what-we-do\/swine\/\",\"url\":\"https:\/\/earlyfeednutrition.com\/fr\/what-we-do\/swine\/\",\"name\":\"Porcs - Earlyfeed\",\"isPartOf\":{\"@id\":\"https:\/\/earlyfeednutrition.com\/fr\/#website\"},\"datePublished\":\"2020-11-05T16:06:10+00:00\",\"dateModified\":\"2021-05-05T08:06:58+00:00\",\"breadcrumb\":{\"@id\":\"https:\/\/earlyfeednutrition.com\/fr\/what-we-do\/swine\/#breadcrumb\"},\"inLanguage\":\"fr-FR\",\"potentialAction\":[{\"@type\":\"ReadAction\",\"target\":[\"https:\/\/earlyfeednutrition.com\/fr\/what-we-do\/swine\/\"]}]},{\"@type\":\"BreadcrumbList\",\"@id\":\"https:\/\/earlyfeednutrition.com\/fr\/what-we-do\/swine\/#breadcrumb\",\"itemListElement\":[{\"@type\":\"ListItem\",\"position\":1,\"name\":\"Page d'accueil\",\"item\":\"https:\/\/earlyfeed.kinsta.cloud\/fr\/\"},{\"@type\":\"ListItem\",\"position\":2,\"name\":\"Ce que nous faisons\",\"item\":\"https:\/\/earlyfeednutrition.com\/fr\/what-we-do\/\"},{\"@type\":\"ListItem\",\"position\":3,\"name\":\"Porcs\"}]},{\"@type\":\"WebSite\",\"@id\":\"https:\/\/earlyfeednutrition.com\/fr\/#website\",\"url\":\"https:\/\/earlyfeednutrition.com\/fr\/\",\"name\":\"Earlyfeed\",\"description\":\"Right from the start\",\"potentialAction\":[{\"@type\":\"SearchAction\",\"target\":{\"@type\":\"EntryPoint\",\"urlTemplate\":\"https:\/\/earlyfeednutrition.com\/fr\/?s={search_term_string}\"},\"query-input\":{\"@type\":\"PropertyValueSpecification\",\"valueRequired\":true,\"valueName\":\"search_term_string\"}}],\"inLanguage\":\"fr-FR\"}]}<\/script>\n<!-- \/ Yoast SEO plugin. -->","yoast_head_json":{"title":"Porcs - Earlyfeed","robots":{"index":"index","follow":"follow","max-snippet":"max-snippet:-1","max-image-preview":"max-image-preview:large","max-video-preview":"max-video-preview:-1"},"canonical":"https:\/\/earlyfeednutrition.com\/fr\/what-we-do\/swine\/","og_locale":"fr_FR","og_type":"article","og_title":"Porcs - Earlyfeed","og_description":"METTRE L\u2019ACCENT D\u00c8S LE D\u00c9PART SUR LA SANT\u00c9 INTESTINALE Il est bien connu que la maturation pr\u00e9coce du tractus gastro-intestinal est cruciale pour la croissance optimale et saine des porcelets. La stimulation de la sant\u00e9 intestinale des porcelets commence par une alimentation pr\u00e9cise des truies et se poursuit avec des concepts intelligents visant \u00e0 favoriser [&hellip;]","og_url":"https:\/\/earlyfeednutrition.com\/fr\/what-we-do\/swine\/","og_site_name":"Earlyfeed","article_modified_time":"2021-05-05T08:06:58+00:00","twitter_card":"summary_large_image","twitter_misc":{"Est. reading time":"1 minute"},"schema":{"@context":"https:\/\/schema.org","@graph":[{"@type":"WebPage","@id":"https:\/\/earlyfeednutrition.com\/fr\/what-we-do\/swine\/","url":"https:\/\/earlyfeednutrition.com\/fr\/what-we-do\/swine\/","name":"Porcs - Earlyfeed","isPartOf":{"@id":"https:\/\/earlyfeednutrition.com\/fr\/#website"},"datePublished":"2020-11-05T16:06:10+00:00","dateModified":"2021-05-05T08:06:58+00:00","breadcrumb":{"@id":"https:\/\/earlyfeednutrition.com\/fr\/what-we-do\/swine\/#breadcrumb"},"inLanguage":"fr-FR","potentialAction":[{"@type":"ReadAction","target":["https:\/\/earlyfeednutrition.com\/fr\/what-we-do\/swine\/"]}]},{"@type":"BreadcrumbList","@id":"https:\/\/earlyfeednutrition.com\/fr\/what-we-do\/swine\/#breadcrumb","itemListElement":[{"@type":"ListItem","position":1,"name":"Page d'accueil","item":"https:\/\/earlyfeed.kinsta.cloud\/fr\/"},{"@type":"ListItem","position":2,"name":"Ce que nous faisons","item":"https:\/\/earlyfeednutrition.com\/fr\/what-we-do\/"},{"@type":"ListItem","position":3,"name":"Porcs"}]},{"@type":"WebSite","@id":"https:\/\/earlyfeednutrition.com\/fr\/#website","url":"https:\/\/earlyfeednutrition.com\/fr\/","name":"Earlyfeed","description":"Right from the start","potentialAction":[{"@type":"SearchAction","target":{"@type":"EntryPoint","urlTemplate":"https:\/\/earlyfeednutrition.com\/fr\/?s={search_term_string}"},"query-input":{"@type":"PropertyValueSpecification","valueRequired":true,"valueName":"search_term_string"}}],"inLanguage":"fr-FR"}]}},"_links":{"self":[{"href":"https:\/\/earlyfeednutrition.com\/fr\/wp-json\/wp\/v2\/pages\/14958","targetHints":{"allow":["GET"]}}],"collection":[{"href":"https:\/\/earlyfeednutrition.com\/fr\/wp-json\/wp\/v2\/pages"}],"about":[{"href":"https:\/\/earlyfeednutrition.com\/fr\/wp-json\/wp\/v2\/types\/page"}],"author":[{"embeddable":true,"href":"https:\/\/earlyfeednutrition.com\/fr\/wp-json\/wp\/v2\/users\/1"}],"replies":[{"embeddable":true,"href":"https:\/\/earlyfeednutrition.com\/fr\/wp-json\/wp\/v2\/comments?post=14958"}],"version-history":[{"count":5,"href":"https:\/\/earlyfeednutrition.com\/fr\/wp-json\/wp\/v2\/pages\/14958\/revisions"}],"predecessor-version":[{"id":14968,"href":"https:\/\/earlyfeednutrition.com\/fr\/wp-json\/wp\/v2\/pages\/14958\/revisions\/14968"}],"up":[{"embeddable":true,"href":"https:\/\/earlyfeednutrition.com\/fr\/wp-json\/wp\/v2\/pages\/14947"}],"wp:attachment":[{"href":"https:\/\/earlyfeednutrition.com\/fr\/wp-json\/wp\/v2\/media?parent=14958"}],"wp:term":[{"taxonomy":"country","embeddable":true,"href":"https:\/\/earlyfeednutrition.com\/fr\/wp-json\/wp\/v2\/country?post=14958"}],"curies":[{"name":"wp","href":"https:\/\/api.w.org\/{rel}","templated":true}]}}