{"id":14896,"date":"2019-09-06T07:49:47","date_gmt":"2019-09-06T07:49:47","guid":{"rendered":"https:\/\/earlyfeednutrition.com\/cookie-policy\/"},"modified":"2022-06-13T19:05:35","modified_gmt":"2022-06-13T18:05:35","slug":"cookie-policy","status":"publish","type":"page","link":"https:\/\/earlyfeednutrition.com\/fr\/cookie-policy\/","title":{"rendered":"Politique de cookies"},"content":{"rendered":"<section class=\"section section--gutenberg section--gutenberg-nomargin wp-block-paragraph\">\n<p>Agrifirm (Agrifirm Group B.V. et\/ou des soci\u00e9t\u00e9s qui lui sont li\u00e9es) utilise des cookies sur le site <a href=\"http:\/\/www.earlyfeednutrition.com\">www.earlyfeednutrition.com<\/a>. Ce sont de petits fichiers d\u2019informations qui sont stock\u00e9s sur votre ordinateur lorsque vous visitez le site Web. Les cookies permettent \u00e0 notre site Web de fonctionner correctement et de mieux comprendre le comportement des visiteurs sur le site Web. Nous utilisons ces informations pour optimiser nos services web. Les cookies ne mettent pas en danger la s\u00e9curit\u00e9 de votre ordinateur.<\/p>\n<\/section>\n\n<section class=\"section section--gutenberg section--gutenberg-nomargin wp-block-paragraph\">\n<p>Vous pouvez \u00e9galement supprimer manuellement les cookies de votre ordinateur \u00e0 tout moment. Vous pouvez \u00e9galement bloquer les cookies. Regardez sous &#8220;Options Internet&#8221; dans votre navigateur. Si vous choisissez de supprimer ou de bloquer les cookies, notre site Web peut ne plus fonctionner de mani\u00e8re optimale et vous ne pourrez peut-\u00eatre pas utiliser certains services.<\/p>\n<\/section>\n\n<section class=\"section section--gutenberg section--gutenberg-nomargin wp-block-heading\">\n<h2>Cookies fonctionnels et non fonctionnels<\/h2>\n<\/section>\n\n<section class=\"section section--gutenberg section--gutenberg-nomargin wp-block-paragraph\">\n<p>Les cookies peuvent \u00eatre divis\u00e9s en cookies fonctionnels et non fontionnels. Les cookies fonctionnels sont n\u00e9cessaires au bon fonctionnement du site Web et garantissent que nous pouvons vous montrer rapidement et correctement les informations souhait\u00e9es chaque fois que vous visitez notre site Web. Pratique, car vous ne devez pas saisir vos coordonn\u00e9es \u00e0 chaque fois, indiquer vos pr\u00e9f\u00e9rences ou ajuster vos param\u00e8tres.<\/p>\n<\/section>\n\n<section class=\"section section--gutenberg section--gutenberg-nomargin wp-block-paragraph\">\n<p>Nous utilisons les cookies non fonctionnels pour voir combien de visiteurs notre site Web a et la fa\u00e7on dont ces visiteurs utilisent le site Web. Nous utilisons ces informations pour am\u00e9liorer encore le site Web. Cette information est anonyme, nous ne pouvons identifier personne avec ces informations. Ces fichiers disparaissent automatiquement d\u00e8s que vous fermer votre navigateur Internet ou restent sur l&#8217;ordinateur jusqu&#8217;\u00e0 12 mois au maximum apr\u00e8s votre derni\u00e8re visite.<\/p>\n<\/section>\n\n<section class=\"section section--gutenberg section--gutenberg-nomargin wp-block-paragraph\">\n<p>Les cookies fonctionnels sont utilis\u00e9s, entre autres, pour:<\/p>\n<\/section>\n\n\n<ul class=\"wp-block-list\"><li>M\u00e9moriser vos informations de connexion.<\/li><li>Assurer la s\u00e9curit\u00e9 de vos informations de connexion.<\/li><li>Pr\u00e9-remplir des formulaires de commande en ligne avec vos co\u00f6rdonn\u00e9es de client.<\/li><li>Garantir une conception sans ambigu\u00eft\u00e9 du site Web.<\/li><\/ul>\n\n\n<section class=\"section section--gutenberg section--gutenberg-nomargin wp-block-paragraph\">\n<p>Les cookies non fonctionnels sont utilis\u00e9s, entre autres, pour:<\/p>\n<\/section>\n\n\n<ul class=\"wp-block-list\"><li>Mesurer le nombre de visiteurs sur notre site Web.<\/li><li>D\u00e9terminer comment les visiteurs utilisent le site Web.<\/li><li>Am\u00e9liorer les performances du site Web.<\/li><li>Am\u00e9liorer votre exp\u00e9rience utilisateur sur le site Web.<\/li><\/ul>\n\n\n<section class=\"section section--gutenberg section--gutenberg-nomargin wp-block-paragraph\">\n<p>Vous pouvez trouver plus d&#8217;informations sur les cookies et la l\u00e9gislation sur&nbsp;<a href=\"https:\/\/www.youronlinechoices.com\/\">https:\/\/www.youronlinechoices.com\/<\/a><\/p>\n<\/section>\n\n<section class=\"section section--gutenberg section--gutenberg-nomargin wp-block-heading\">\n<h2>Mettre \u00e0 jour la politique des cookies<\/h2>\n<\/section>\n\n<section class=\"section section--gutenberg section--gutenberg-nomargin wp-block-paragraph\">\n<p>Cette politique de cookies peut \u00eatre ajust\u00e9e dans l&#8217;intervalle pour divulguer les changements et les cons\u00e9quences ult\u00e9rieures pour l&#8217;obtention et la gestion des donn\u00e9es. Si des modifications sont apport\u00e9es \u00e0 cette politique, vous pouvez voir la date en bas de la page quand le texte a \u00e9t\u00e9 modifi\u00e9 pour la derni\u00e8re fois.<\/p>\n<\/section>\n\n<section class=\"section section--gutenberg section--gutenberg-nomargin wp-block-paragraph\">\n<p>Nous nous r\u00e9servons le droit d&#8217;apporter des modifications \u00e0 la fa\u00e7on dont nous traitons les donn\u00e9es et d&#8217;ajuster les conditions d\u00e9crites dans la politique en mati\u00e8re de cookies et d&#8217;appliquer ces modifications \u00e0 vos donn\u00e9es. En visitant notre site Web, vous acceptez les conditions alors en vigueur de notre politique en mati\u00e8re de cookies.<\/p>\n<\/section>","protected":false},"excerpt":{"rendered":"<p>Agrifirm (Agrifirm Group B.V. et\/ou des soci\u00e9t\u00e9s qui lui sont li\u00e9es) utilise des cookies sur le site www.earlyfeednutrition.com. Ce sont de petits fichiers d\u2019informations qui sont stock\u00e9s sur votre ordinateur lorsque vous visitez le site Web. Les cookies permettent \u00e0 notre site Web de fonctionner correctement et de mieux comprendre le comportement des visiteurs sur [&hellip;]<\/p>\n","protected":false},"author":1,"featured_media":0,"parent":0,"menu_order":0,"comment_status":"closed","ping_status":"closed","template":"","meta":{"_acf_changed":false,"footnotes":""},"country":[],"class_list":["post-14896","page","type-page","status-publish","hentry"],"acf":[],"yoast_head":"<!-- This site is optimized with the Yoast SEO plugin v27.0 - https:\/\/yoast.com\/product\/yoast-seo-wordpress\/ -->\n<title>Politique de cookies - Earlyfeed<\/title>\n<meta name=\"robots\" content=\"index, follow, max-snippet:-1, max-image-preview:large, max-video-preview:-1\" \/>\n<link rel=\"canonical\" href=\"https:\/\/earlyfeednutrition.com\/fr\/cookie-policy\/\" \/>\n<meta property=\"og:locale\" content=\"fr_FR\" \/>\n<meta property=\"og:type\" content=\"article\" \/>\n<meta property=\"og:title\" content=\"Politique de cookies - Earlyfeed\" \/>\n<meta property=\"og:description\" content=\"Agrifirm (Agrifirm Group B.V. et\/ou des soci\u00e9t\u00e9s qui lui sont li\u00e9es) utilise des cookies sur le site www.earlyfeednutrition.com. Ce sont de petits fichiers d\u2019informations qui sont stock\u00e9s sur votre ordinateur lorsque vous visitez le site Web. Les cookies permettent \u00e0 notre site Web de fonctionner correctement et de mieux comprendre le comportement des visiteurs sur [&hellip;]\" \/>\n<meta property=\"og:url\" content=\"https:\/\/earlyfeednutrition.com\/fr\/cookie-policy\/\" \/>\n<meta property=\"og:site_name\" content=\"Earlyfeed\" \/>\n<meta property=\"article:modified_time\" content=\"2022-06-13T18:05:35+00:00\" \/>\n<meta name=\"twitter:card\" content=\"summary_large_image\" \/>\n<meta name=\"twitter:label1\" content=\"Est. reading time\" \/>\n\t<meta name=\"twitter:data1\" content=\"3 minutes\" \/>\n<script type=\"application\/ld+json\" class=\"yoast-schema-graph\">{\"@context\":\"https:\/\/schema.org\",\"@graph\":[{\"@type\":\"WebPage\",\"@id\":\"https:\/\/earlyfeednutrition.com\/fr\/cookie-policy\/\",\"url\":\"https:\/\/earlyfeednutrition.com\/fr\/cookie-policy\/\",\"name\":\"Politique de cookies - Earlyfeed\",\"isPartOf\":{\"@id\":\"https:\/\/earlyfeednutrition.com\/fr\/#website\"},\"datePublished\":\"2019-09-06T07:49:47+00:00\",\"dateModified\":\"2022-06-13T18:05:35+00:00\",\"breadcrumb\":{\"@id\":\"https:\/\/earlyfeednutrition.com\/fr\/cookie-policy\/#breadcrumb\"},\"inLanguage\":\"fr-FR\",\"potentialAction\":[{\"@type\":\"ReadAction\",\"target\":[\"https:\/\/earlyfeednutrition.com\/fr\/cookie-policy\/\"]}]},{\"@type\":\"BreadcrumbList\",\"@id\":\"https:\/\/earlyfeednutrition.com\/fr\/cookie-policy\/#breadcrumb\",\"itemListElement\":[{\"@type\":\"ListItem\",\"position\":1,\"name\":\"Page d'accueil\",\"item\":\"https:\/\/earlyfeednutrition.com\/fr\/\"},{\"@type\":\"ListItem\",\"position\":2,\"name\":\"Politique de cookies\"}]},{\"@type\":\"WebSite\",\"@id\":\"https:\/\/earlyfeednutrition.com\/fr\/#website\",\"url\":\"https:\/\/earlyfeednutrition.com\/fr\/\",\"name\":\"Earlyfeed\",\"description\":\"Right from the start\",\"potentialAction\":[{\"@type\":\"SearchAction\",\"target\":{\"@type\":\"EntryPoint\",\"urlTemplate\":\"https:\/\/earlyfeednutrition.com\/fr\/?s={search_term_string}\"},\"query-input\":{\"@type\":\"PropertyValueSpecification\",\"valueRequired\":true,\"valueName\":\"search_term_string\"}}],\"inLanguage\":\"fr-FR\"}]}<\/script>\n<!-- \/ Yoast SEO plugin. -->","yoast_head_json":{"title":"Politique de cookies - Earlyfeed","robots":{"index":"index","follow":"follow","max-snippet":"max-snippet:-1","max-image-preview":"max-image-preview:large","max-video-preview":"max-video-preview:-1"},"canonical":"https:\/\/earlyfeednutrition.com\/fr\/cookie-policy\/","og_locale":"fr_FR","og_type":"article","og_title":"Politique de cookies - Earlyfeed","og_description":"Agrifirm (Agrifirm Group B.V. et\/ou des soci\u00e9t\u00e9s qui lui sont li\u00e9es) utilise des cookies sur le site www.earlyfeednutrition.com. Ce sont de petits fichiers d\u2019informations qui sont stock\u00e9s sur votre ordinateur lorsque vous visitez le site Web. Les cookies permettent \u00e0 notre site Web de fonctionner correctement et de mieux comprendre le comportement des visiteurs sur [&hellip;]","og_url":"https:\/\/earlyfeednutrition.com\/fr\/cookie-policy\/","og_site_name":"Earlyfeed","article_modified_time":"2022-06-13T18:05:35+00:00","twitter_card":"summary_large_image","twitter_misc":{"Est. reading time":"3 minutes"},"schema":{"@context":"https:\/\/schema.org","@graph":[{"@type":"WebPage","@id":"https:\/\/earlyfeednutrition.com\/fr\/cookie-policy\/","url":"https:\/\/earlyfeednutrition.com\/fr\/cookie-policy\/","name":"Politique de cookies - Earlyfeed","isPartOf":{"@id":"https:\/\/earlyfeednutrition.com\/fr\/#website"},"datePublished":"2019-09-06T07:49:47+00:00","dateModified":"2022-06-13T18:05:35+00:00","breadcrumb":{"@id":"https:\/\/earlyfeednutrition.com\/fr\/cookie-policy\/#breadcrumb"},"inLanguage":"fr-FR","potentialAction":[{"@type":"ReadAction","target":["https:\/\/earlyfeednutrition.com\/fr\/cookie-policy\/"]}]},{"@type":"BreadcrumbList","@id":"https:\/\/earlyfeednutrition.com\/fr\/cookie-policy\/#breadcrumb","itemListElement":[{"@type":"ListItem","position":1,"name":"Page d'accueil","item":"https:\/\/earlyfeednutrition.com\/fr\/"},{"@type":"ListItem","position":2,"name":"Politique de cookies"}]},{"@type":"WebSite","@id":"https:\/\/earlyfeednutrition.com\/fr\/#website","url":"https:\/\/earlyfeednutrition.com\/fr\/","name":"Earlyfeed","description":"Right from the start","potentialAction":[{"@type":"SearchAction","target":{"@type":"EntryPoint","urlTemplate":"https:\/\/earlyfeednutrition.com\/fr\/?s={search_term_string}"},"query-input":{"@type":"PropertyValueSpecification","valueRequired":true,"valueName":"search_term_string"}}],"inLanguage":"fr-FR"}]}},"_links":{"self":[{"href":"https:\/\/earlyfeednutrition.com\/fr\/wp-json\/wp\/v2\/pages\/14896","targetHints":{"allow":["GET"]}}],"collection":[{"href":"https:\/\/earlyfeednutrition.com\/fr\/wp-json\/wp\/v2\/pages"}],"about":[{"href":"https:\/\/earlyfeednutrition.com\/fr\/wp-json\/wp\/v2\/types\/page"}],"author":[{"embeddable":true,"href":"https:\/\/earlyfeednutrition.com\/fr\/wp-json\/wp\/v2\/users\/1"}],"replies":[{"embeddable":true,"href":"https:\/\/earlyfeednutrition.com\/fr\/wp-json\/wp\/v2\/comments?post=14896"}],"version-history":[{"count":2,"href":"https:\/\/earlyfeednutrition.com\/fr\/wp-json\/wp\/v2\/pages\/14896\/revisions"}],"predecessor-version":[{"id":18917,"href":"https:\/\/earlyfeednutrition.com\/fr\/wp-json\/wp\/v2\/pages\/14896\/revisions\/18917"}],"wp:attachment":[{"href":"https:\/\/earlyfeednutrition.com\/fr\/wp-json\/wp\/v2\/media?parent=14896"}],"wp:term":[{"taxonomy":"country","embeddable":true,"href":"https:\/\/earlyfeednutrition.com\/fr\/wp-json\/wp\/v2\/country?post=14896"}],"curies":[{"name":"wp","href":"https:\/\/api.w.org\/{rel}","templated":true}]}}