{"id":14706,"date":"2020-11-30T18:00:17","date_gmt":"2020-11-30T18:00:17","guid":{"rendered":"https:\/\/earlyfeednutrition.com\/what-we-offer\/galli-first\/"},"modified":"2021-09-02T13:39:00","modified_gmt":"2021-09-02T13:39:00","slug":"galli-first","status":"publish","type":"product","link":"https:\/\/earlyfeednutrition.com\/es\/what-we-offer\/galli-first\/","title":{"rendered":"GALLI FIRST"},"content":{"rendered":"<section class=\"section section--gutenberg section--gutenberg-nomargin wp-block-columns\"><div class=\"container\" style=\"\"><div class=\"columns\"><div class=\"wp-block-column column\" style=\"\"><section class=\"section section--gutenberg section--gutenberg-nomargin wp-block-heading\">\n<h2><span style=\"font-family: bebas-neue-rounded, &quot;Roboto&quot;, &quot;Open Sans&quot;, &quot;Helvetica&quot;, &quot;Arial&quot;, sans-serif;\" class=\"font-family\"><span style=\"color: #DBB154\" class=\"text-color\">El pienso adaptable y desmenuzable<\/span><\/span><\/h2>\n<\/section><section class=\"section section--gutenberg section--gutenberg-nomargin wp-block-paragraph\">\n<p><span style=\"font-family: &quot;Roboto&quot;, &quot;Open Sans&quot;, &quot;Helvetica&quot;, &quot;Arial&quot;, sans-serif;\" class=\"font-family\"><span style=\"color: #FFFFFF\" class=\"text-color\">Dada la alta vulnerabilidad de los pollitos ante los factores estresantes, pat\u00f3genos y la privaci\u00f3n de agua y alimento, s\u00f3lo hay una cosa m\u00e1s importante que utilizar un pienso de arranque adecuado, y es encontrar la estrategia de alimentaci\u00f3n correcta para las necesidades espec\u00edficas de cada lote. Es por esto por lo que, con GalliFirst, Earlyfeed le ofrece un concepto adaptativo en t\u00e9rminos de composici\u00f3n, forma, aplicaci\u00f3n y duraci\u00f3n. De esta manera, personalizamos a medida el equilibrio nutricional de nuestros piensos para que coincida con condicionantes como el clima, la raza, el sistema de producci\u00f3n y el nivel de gesti\u00f3n y manejo.<\/span><\/span><\/p>\n<\/section><\/div><div class=\"wp-block-column column\" style=\"\"><section class=\"section section--gutenberg section--gutenberg-nomargin wp-block-heading\">\n<h2><span style=\"font-family: bebas-neue-rounded, &quot;Roboto&quot;, &quot;Open Sans&quot;, &quot;Helvetica&quot;, &quot;Arial&quot;, sans-serif;\" class=\"font-family\"><span style=\"color: #DBB154\" class=\"text-color\">Un escudo protector altamente digerible<\/span><\/span><\/h2>\n<\/section><section class=\"section section--gutenberg section--gutenberg-nomargin wp-block-paragraph\">\n<p><span style=\"font-family: &quot;Roboto&quot;, &quot;Open Sans&quot;, &quot;Helvetica&quot;, &quot;Arial&quot;, sans-serif;\" class=\"font-family\"><span style=\"color: #FFFFFF\" class=\"text-color\">Los ingredientes cuidadosamente elegidos, procesados en una delicada migaja de 2 mm, proporcionan un alimento f\u00e1cilmente asimilable y digestible. Al mismo tiempo, una mezcla sin\u00e9rgica de ingredientes antibacterianos, antioxidantes y moduladores de la inmunidad ofrece a los pollitos una amplia protecci\u00f3n, dando como resultado una menor mortalidad y una mayor uniformidad en el lote.<\/span><\/span><\/p>\n<\/section><\/div><div class=\"wp-block-column column\" style=\"\"><section class=\"section section--gutenberg section--gutenberg-nomargin wp-block-heading\">\n<h2><span style=\"color: #DBB154\" class=\"text-color\"><span style=\"font-family: bebas-neue-rounded, &quot;Roboto&quot;, &quot;Open Sans&quot;, &quot;Helvetica&quot;, &quot;Arial&quot;, sans-serif;\" class=\"font-family\">Principales beneficios de<\/span><\/span> <span style=\"color: #ffffff\" class=\"text-color\"><span style=\"font-family: bebas-neue-rounded, &quot;Roboto&quot;, &quot;Open Sans&quot;, &quot;Helvetica&quot;, &quot;Arial&quot;, sans-serif;\" class=\"font-family\">GalliFIRST<\/span><\/span><\/h2>\n<\/section>\n<ul class=\"wp-block-list\"><li><span style=\"font-family: &quot;Roboto&quot;, &quot;Open Sans&quot;, &quot;Helvetica&quot;, &quot;Arial&quot;, sans-serif;\" class=\"font-family\">Eficiente Fuente de Energ\u00eda<\/span><\/li><li><span style=\"font-family: &quot;Roboto&quot;, &quot;Open Sans&quot;, &quot;Helvetica&quot;, &quot;Arial&quot;, sans-serif;\" class=\"font-family\">F\u00e1cil digesti\u00f3n<\/span><\/li><li><span style=\"font-family: &quot;Roboto&quot;, &quot;Open Sans&quot;, &quot;Helvetica&quot;, &quot;Arial&quot;, sans-serif;\" class=\"font-family\">Protege contra pat\u00f3genos y apoya el sistema inmunol\u00f3gico<\/span><\/li><li><span style=\"font-family: &quot;Roboto&quot;, &quot;Open Sans&quot;, &quot;Helvetica&quot;, &quot;Arial&quot;, sans-serif;\" class=\"font-family\">Efecto antioxidante<\/span><\/li><\/ul>\n<\/div><\/div><\/div><\/section>\n\n\n\n<section id=\"earlyfeed-gallery-block_5fb79eaebe7b6\" class=\"section section--gutenberg earlyfeed-gallery\">\n    <div class=\"container\">\n        <div class=\"columns\" style='height: 400px'>\n                    \n            \n            <div class=\"column col-width--65\">\n                                <picture>\n                                        \n                    <source media=\"(min-width: 2561px)\" data-srcset=\"https:\/\/earlyfeednutrition.com\/app\/uploads\/2020\/11\/product-group_poultry_v2.jpg\" \/>\n                    <source media=\"(min-width: 1921px)\" data-srcset=\"https:\/\/earlyfeednutrition.com\/app\/uploads\/2020\/11\/product-group_poultry_v2.jpg\" \/>\n                    <source media=\"(min-width: 1441px)\" data-srcset=\"https:\/\/earlyfeednutrition.com\/app\/uploads\/2020\/11\/product-group_poultry_v2.jpg\" \/>\n                    <source media=\"(min-width: 1281px)\" data-srcset=\"https:\/\/earlyfeednutrition.com\/app\/uploads\/2020\/11\/product-group_poultry_v2.jpg\" \/>\n                    <source media=\"(min-width: 769px)\" data-srcset=\"https:\/\/earlyfeednutrition.com\/app\/uploads\/2020\/11\/product-group_poultry_v2.jpg\" \/>\n                    <source media=\"(min-width: 476px)\" data-srcset=\"https:\/\/earlyfeednutrition.com\/app\/uploads\/2020\/11\/product-group_poultry_v2.jpg\" \/>\n                    <source media=\"(min-width: 321px)\" data-srcset=\"https:\/\/earlyfeednutrition.com\/app\/uploads\/2020\/11\/product-group_poultry_v2.jpg\" \/>\n                    <source media=\"(max-width: 320px)\" data-srcset=\"https:\/\/earlyfeednutrition.com\/app\/uploads\/2020\/11\/product-group_poultry_v2.jpg\" \/>\n                    \n                    <img data-src=\"https:\/\/earlyfeednutrition.com\/app\/uploads\/2020\/11\/product-group_poultry_v2.jpg\" alt=\"\" class=\"lazyload\">\n                <\/picture>\n\n            <\/div>\n                                \n            \n            <div class=\"column col-width--30\">\n                                <picture>\n                                        \n                    <source media=\"(min-width: 2561px)\" data-srcset=\"https:\/\/earlyfeednutrition.com\/app\/uploads\/2020\/11\/shutterstock_135909518-scaled.jpg\" \/>\n                    <source media=\"(min-width: 1921px)\" data-srcset=\"https:\/\/earlyfeednutrition.com\/app\/uploads\/2020\/11\/shutterstock_135909518-2560x1556.jpg\" \/>\n                    <source media=\"(min-width: 1441px)\" data-srcset=\"https:\/\/earlyfeednutrition.com\/app\/uploads\/2020\/11\/shutterstock_135909518-1920x1167.jpg\" \/>\n                    <source media=\"(min-width: 1281px)\" data-srcset=\"https:\/\/earlyfeednutrition.com\/app\/uploads\/2020\/11\/shutterstock_135909518-1440x876.jpg\" \/>\n                    <source media=\"(min-width: 769px)\" data-srcset=\"https:\/\/earlyfeednutrition.com\/app\/uploads\/2020\/11\/shutterstock_135909518-1280x778.jpg\" \/>\n                    <source media=\"(min-width: 476px)\" data-srcset=\"https:\/\/earlyfeednutrition.com\/app\/uploads\/2020\/11\/shutterstock_135909518-768x467.jpg\" \/>\n                    <source media=\"(min-width: 321px)\" data-srcset=\"https:\/\/earlyfeednutrition.com\/app\/uploads\/2020\/11\/shutterstock_135909518-475x289.jpg\" \/>\n                    <source media=\"(max-width: 320px)\" data-srcset=\"https:\/\/earlyfeednutrition.com\/app\/uploads\/2020\/11\/shutterstock_135909518-320x195.jpg\" \/>\n                    \n                    <img data-src=\"https:\/\/earlyfeednutrition.com\/app\/uploads\/2020\/11\/shutterstock_135909518-320x195.jpg\" alt=\"\" class=\"lazyload\">\n                <\/picture>\n\n            <\/div>\n                            <\/div>\n    <\/div>\n<\/section> \n\n\n<section id=\"agri-contact-tile-block_5fc6257dddb92\" class=\"section section--gutenberg agri-contact-tile\">\n    <div class=\"container\">\n        <div class=\"columns\">\n            <div class=\"column is-full is-8-tablet is-offset-2-tablet is-6-desktop is-offset-3-desktop is-4-widescreen is-offset-4-widescreen\">\n                <div class=\"block block--localcontact\">\n                    <div class=\"content\">\n                        <div class=\"note\">Tu experto Earlyfeed<\/div>\n                        <div class=\"name\">Eduardo  Ichikawa<\/div>\n                        <div class=\"function\">Gerente Tecnico e de Inova\u00e7\u00f5es<\/div>\n                    <\/div>\n\n                    <div class=\"button--wrapper\">\n                        <a href=\"mailto:e.ichikawa@agrifirm.com\" class=\"button button--primary button--primary--brown\">Ponerse en contacto<\/a>\n                    <\/div>\n\n                    <div class=\"description\">\n                        <p>Este contacto se ha sugerido en funci\u00f3n de la ubicaci\u00f3n desde la que est\u00e1 navegando. Por supuesto, tambi\u00e9n puede consultar nuestros otros contactos y ubicaciones <a href=\"https:\/\/www.earlyfeednutrition.com\/es\/contact-us\/\">aqu\u00ed.<\/a><\/p>\n                    <\/div>\n                <\/div>\n            <\/div>\n        <\/div>\n    <\/div>\n<\/section>","protected":false},"featured_media":12774,"template":"","sector":[375],"country":[],"product_category":[2057],"class_list":["post-14706","product","type-product","status-publish","has-post-thumbnail","hentry","sector-poultry-es","product_category-pienso-en-migaja-versatil-y-protector"],"acf":[],"yoast_head":"<!-- This site is optimized with the Yoast SEO plugin v27.0 - https:\/\/yoast.com\/product\/yoast-seo-wordpress\/ -->\n<title>GALLI FIRST - Earlyfeed<\/title>\n<meta name=\"robots\" content=\"index, follow, max-snippet:-1, max-image-preview:large, max-video-preview:-1\" \/>\n<link rel=\"canonical\" href=\"https:\/\/earlyfeednutrition.com\/es\/what-we-offer\/galli-first\/\" \/>\n<meta property=\"og:locale\" content=\"es_ES\" \/>\n<meta property=\"og:type\" content=\"article\" \/>\n<meta property=\"og:title\" content=\"GALLI FIRST - Earlyfeed\" \/>\n<meta property=\"og:description\" content=\"El pienso adaptable y desmenuzable Dada la alta vulnerabilidad de los pollitos ante los factores estresantes, pat\u00f3genos y la privaci\u00f3n de agua y alimento, s\u00f3lo hay una cosa m\u00e1s importante que utilizar un pienso de arranque adecuado, y es encontrar la estrategia de alimentaci\u00f3n correcta para las necesidades espec\u00edficas de cada lote. Es por esto [&hellip;]\" \/>\n<meta property=\"og:url\" content=\"https:\/\/earlyfeednutrition.com\/es\/what-we-offer\/galli-first\/\" \/>\n<meta property=\"og:site_name\" content=\"Earlyfeed\" \/>\n<meta property=\"article:modified_time\" content=\"2021-09-02T13:39:00+00:00\" \/>\n<meta property=\"og:image\" content=\"https:\/\/earlyfeednutrition.com\/app\/uploads\/2020\/11\/contact_poultry.jpg\" \/>\n\t<meta property=\"og:image:width\" content=\"1920\" \/>\n\t<meta property=\"og:image:height\" content=\"1080\" \/>\n\t<meta property=\"og:image:type\" content=\"image\/jpeg\" \/>\n<meta name=\"twitter:card\" content=\"summary_large_image\" \/>\n<meta name=\"twitter:label1\" content=\"Est. reading time\" \/>\n\t<meta name=\"twitter:data1\" content=\"1 minute\" \/>\n<script type=\"application\/ld+json\" class=\"yoast-schema-graph\">{\"@context\":\"https:\/\/schema.org\",\"@graph\":[{\"@type\":\"WebPage\",\"@id\":\"https:\/\/earlyfeednutrition.com\/es\/what-we-offer\/galli-first\/\",\"url\":\"https:\/\/earlyfeednutrition.com\/es\/what-we-offer\/galli-first\/\",\"name\":\"GALLI FIRST - Earlyfeed\",\"isPartOf\":{\"@id\":\"https:\/\/earlyfeednutrition.com\/es\/#website\"},\"primaryImageOfPage\":{\"@id\":\"https:\/\/earlyfeednutrition.com\/es\/what-we-offer\/galli-first\/#primaryimage\"},\"image\":{\"@id\":\"https:\/\/earlyfeednutrition.com\/es\/what-we-offer\/galli-first\/#primaryimage\"},\"thumbnailUrl\":\"https:\/\/earlyfeednutrition.com\/app\/uploads\/2020\/11\/contact_poultry.jpg\",\"datePublished\":\"2020-11-30T18:00:17+00:00\",\"dateModified\":\"2021-09-02T13:39:00+00:00\",\"breadcrumb\":{\"@id\":\"https:\/\/earlyfeednutrition.com\/es\/what-we-offer\/galli-first\/#breadcrumb\"},\"inLanguage\":\"es-ES\",\"potentialAction\":[{\"@type\":\"ReadAction\",\"target\":[\"https:\/\/earlyfeednutrition.com\/es\/what-we-offer\/galli-first\/\"]}]},{\"@type\":\"ImageObject\",\"inLanguage\":\"es-ES\",\"@id\":\"https:\/\/earlyfeednutrition.com\/es\/what-we-offer\/galli-first\/#primaryimage\",\"url\":\"https:\/\/earlyfeednutrition.com\/app\/uploads\/2020\/11\/contact_poultry.jpg\",\"contentUrl\":\"https:\/\/earlyfeednutrition.com\/app\/uploads\/2020\/11\/contact_poultry.jpg\",\"width\":1920,\"height\":1080},{\"@type\":\"BreadcrumbList\",\"@id\":\"https:\/\/earlyfeednutrition.com\/es\/what-we-offer\/galli-first\/#breadcrumb\",\"itemListElement\":[{\"@type\":\"ListItem\",\"position\":1,\"name\":\"Incio\",\"item\":\"https:\/\/earlyfeednutrition.com\/es\/\"},{\"@type\":\"ListItem\",\"position\":2,\"name\":\"Product\",\"item\":\"https:\/\/earlyfeednutrition.com\/es\/producto\/\"},{\"@type\":\"ListItem\",\"position\":3,\"name\":\"GALLI FIRST\"}]},{\"@type\":\"WebSite\",\"@id\":\"https:\/\/earlyfeednutrition.com\/es\/#website\",\"url\":\"https:\/\/earlyfeednutrition.com\/es\/\",\"name\":\"Earlyfeed\",\"description\":\"Right from the start\",\"potentialAction\":[{\"@type\":\"SearchAction\",\"target\":{\"@type\":\"EntryPoint\",\"urlTemplate\":\"https:\/\/earlyfeednutrition.com\/es\/?s={search_term_string}\"},\"query-input\":{\"@type\":\"PropertyValueSpecification\",\"valueRequired\":true,\"valueName\":\"search_term_string\"}}],\"inLanguage\":\"es-ES\"}]}<\/script>\n<!-- \/ Yoast SEO plugin. -->","yoast_head_json":{"title":"GALLI FIRST - Earlyfeed","robots":{"index":"index","follow":"follow","max-snippet":"max-snippet:-1","max-image-preview":"max-image-preview:large","max-video-preview":"max-video-preview:-1"},"canonical":"https:\/\/earlyfeednutrition.com\/es\/what-we-offer\/galli-first\/","og_locale":"es_ES","og_type":"article","og_title":"GALLI FIRST - Earlyfeed","og_description":"El pienso adaptable y desmenuzable Dada la alta vulnerabilidad de los pollitos ante los factores estresantes, pat\u00f3genos y la privaci\u00f3n de agua y alimento, s\u00f3lo hay una cosa m\u00e1s importante que utilizar un pienso de arranque adecuado, y es encontrar la estrategia de alimentaci\u00f3n correcta para las necesidades espec\u00edficas de cada lote. Es por esto [&hellip;]","og_url":"https:\/\/earlyfeednutrition.com\/es\/what-we-offer\/galli-first\/","og_site_name":"Earlyfeed","article_modified_time":"2021-09-02T13:39:00+00:00","og_image":[{"width":1920,"height":1080,"url":"https:\/\/earlyfeednutrition.com\/app\/uploads\/2020\/11\/contact_poultry.jpg","type":"image\/jpeg"}],"twitter_card":"summary_large_image","twitter_misc":{"Est. reading time":"1 minute"},"schema":{"@context":"https:\/\/schema.org","@graph":[{"@type":"WebPage","@id":"https:\/\/earlyfeednutrition.com\/es\/what-we-offer\/galli-first\/","url":"https:\/\/earlyfeednutrition.com\/es\/what-we-offer\/galli-first\/","name":"GALLI FIRST - Earlyfeed","isPartOf":{"@id":"https:\/\/earlyfeednutrition.com\/es\/#website"},"primaryImageOfPage":{"@id":"https:\/\/earlyfeednutrition.com\/es\/what-we-offer\/galli-first\/#primaryimage"},"image":{"@id":"https:\/\/earlyfeednutrition.com\/es\/what-we-offer\/galli-first\/#primaryimage"},"thumbnailUrl":"https:\/\/earlyfeednutrition.com\/app\/uploads\/2020\/11\/contact_poultry.jpg","datePublished":"2020-11-30T18:00:17+00:00","dateModified":"2021-09-02T13:39:00+00:00","breadcrumb":{"@id":"https:\/\/earlyfeednutrition.com\/es\/what-we-offer\/galli-first\/#breadcrumb"},"inLanguage":"es-ES","potentialAction":[{"@type":"ReadAction","target":["https:\/\/earlyfeednutrition.com\/es\/what-we-offer\/galli-first\/"]}]},{"@type":"ImageObject","inLanguage":"es-ES","@id":"https:\/\/earlyfeednutrition.com\/es\/what-we-offer\/galli-first\/#primaryimage","url":"https:\/\/earlyfeednutrition.com\/app\/uploads\/2020\/11\/contact_poultry.jpg","contentUrl":"https:\/\/earlyfeednutrition.com\/app\/uploads\/2020\/11\/contact_poultry.jpg","width":1920,"height":1080},{"@type":"BreadcrumbList","@id":"https:\/\/earlyfeednutrition.com\/es\/what-we-offer\/galli-first\/#breadcrumb","itemListElement":[{"@type":"ListItem","position":1,"name":"Incio","item":"https:\/\/earlyfeednutrition.com\/es\/"},{"@type":"ListItem","position":2,"name":"Product","item":"https:\/\/earlyfeednutrition.com\/es\/producto\/"},{"@type":"ListItem","position":3,"name":"GALLI FIRST"}]},{"@type":"WebSite","@id":"https:\/\/earlyfeednutrition.com\/es\/#website","url":"https:\/\/earlyfeednutrition.com\/es\/","name":"Earlyfeed","description":"Right from the start","potentialAction":[{"@type":"SearchAction","target":{"@type":"EntryPoint","urlTemplate":"https:\/\/earlyfeednutrition.com\/es\/?s={search_term_string}"},"query-input":{"@type":"PropertyValueSpecification","valueRequired":true,"valueName":"search_term_string"}}],"inLanguage":"es-ES"}]}},"_links":{"self":[{"href":"https:\/\/earlyfeednutrition.com\/es\/wp-json\/wp\/v2\/product\/14706","targetHints":{"allow":["GET"]}}],"collection":[{"href":"https:\/\/earlyfeednutrition.com\/es\/wp-json\/wp\/v2\/product"}],"about":[{"href":"https:\/\/earlyfeednutrition.com\/es\/wp-json\/wp\/v2\/types\/product"}],"wp:featuredmedia":[{"embeddable":true,"href":"https:\/\/earlyfeednutrition.com\/es\/wp-json\/wp\/v2\/media\/12774"}],"wp:attachment":[{"href":"https:\/\/earlyfeednutrition.com\/es\/wp-json\/wp\/v2\/media?parent=14706"}],"wp:term":[{"taxonomy":"sector","embeddable":true,"href":"https:\/\/earlyfeednutrition.com\/es\/wp-json\/wp\/v2\/sector?post=14706"},{"taxonomy":"country","embeddable":true,"href":"https:\/\/earlyfeednutrition.com\/es\/wp-json\/wp\/v2\/country?post=14706"},{"taxonomy":"product_category","embeddable":true,"href":"https:\/\/earlyfeednutrition.com\/es\/wp-json\/wp\/v2\/product_category?post=14706"}],"curies":[{"name":"wp","href":"https:\/\/api.w.org\/{rel}","templated":true}]}}