{"id":14704,"date":"2020-11-30T18:30:00","date_gmt":"2020-11-30T18:30:00","guid":{"rendered":"https:\/\/earlyfeednutrition.com\/what-we-offer\/rumi-start\/"},"modified":"2022-08-22T15:26:32","modified_gmt":"2022-08-22T14:26:32","slug":"rumi-start","status":"publish","type":"product","link":"https:\/\/earlyfeednutrition.com\/es\/what-we-offer\/rumi-start\/","title":{"rendered":"RUMI START"},"content":{"rendered":"<section class=\"section section--gutenberg section--gutenberg-nomargin wp-block-columns\"><div class=\"container\" style=\"\"><div class=\"columns\"><div class=\"wp-block-column column\" style=\"\"><section class=\"section section--gutenberg section--gutenberg-nomargin wp-block-heading\">\n<h2><span style=\"font-family: bebas-neue-rounded, &quot;Roboto&quot;, &quot;Open Sans&quot;, &quot;Helvetica&quot;, &quot;Arial&quot;, sans-serif;\" class=\"font-family\"><span style=\"color: #DBB154\" class=\"text-color\">El alimento de terneros en forma de muesli para un desarrollo temprano del rumen<\/span><\/span><\/h2>\n<\/section><section class=\"section section--gutenberg section--gutenberg-nomargin wp-block-paragraph\">\n<p><span style=\"font-family: &quot;Roboto&quot;, &quot;Open Sans&quot;, &quot;Helvetica&quot;, &quot;Arial&quot;, sans-serif;\" class=\"font-family\"><span style=\"color: #FFFFFF\" class=\"text-color\">Los terneros tienen que evolucionar desde un animal monog\u00e1strico a un rumiante con cuatro est\u00f3magos funcionales en pocos meses. Rumi\u00ae Start es mezcla de cereales de tipo muesli para terneros sabrosa y digestible, especialmente creada para estimular el \u00f3ptimo desarrollo del rumen y facilitar la adaptaci\u00f3n a las nuevas raciones despu\u00e9s del destete. Esta mezcla ideal de cereales se puede administrar desde la primera semana de edad, junto a la leche materna o el sustituto l\u00e1cteo y el heno, garantizando un crecimiento m\u00e1ximo, constante y saludable durante los primeros meses de vida del animal.<\/span><\/span><\/p>\n<\/section><\/div><div class=\"wp-block-column column\" style=\"\"><section class=\"section section--gutenberg section--gutenberg-nomargin wp-block-heading\">\n<h2><span style=\"font-family: bebas-neue-rounded, &quot;Roboto&quot;, &quot;Open Sans&quot;, &quot;Helvetica&quot;, &quot;Arial&quot;, sans-serif;\" class=\"font-family\"><span style=\"color: #DBB154\" class=\"text-color\">Repleto de beneficios para mejorar el rendimiento y la salud<\/span><\/span><\/h2>\n<\/section><section class=\"section section--gutenberg section--gutenberg-nomargin wp-block-paragraph\">\n<p><span style=\"font-family: &quot;Roboto&quot;, &quot;Open Sans&quot;, &quot;Helvetica&quot;, &quot;Arial&quot;, sans-serif;\" class=\"font-family\"><span style=\"color: #FFFFFF\" class=\"text-color\">Rumi\u00ae Start contiene una combinaci\u00f3n equilibrada de componentes para apoyar la salud, el crecimiento y el desarrollo de los terneros. Este innovador concepto contiene, entre otros productos reconocidos, Aromabiotic\u00ae Cattle y Vitanox. Rumi Start mejora la integridad intestinal y la inmunidad del animal.<\/span><\/span><\/p>\n<\/section><\/div><div class=\"wp-block-column column\" style=\"\"><section class=\"section section--gutenberg section--gutenberg-nomargin wp-block-heading\">\n<h2><span style=\"color: #DBB154\" class=\"text-color\"><span style=\"font-family: bebas-neue-rounded, &quot;Roboto&quot;, &quot;Open Sans&quot;, &quot;Helvetica&quot;, &quot;Arial&quot;, sans-serif;\" class=\"font-family\">Principales beneficios de <\/span><\/span><span style=\"color: #ffffff\" class=\"text-color\"><span style=\"font-family: bebas-neue-rounded, &quot;Roboto&quot;, &quot;Open Sans&quot;, &quot;Helvetica&quot;, &quot;Arial&quot;, sans-serif;\" class=\"font-family\">RUMi  START<\/span><\/span><\/h2>\n<\/section>\n<ul class=\"wp-block-list\"><li><span style=\"font-family: &quot;Roboto&quot;, &quot;Open Sans&quot;, &quot;Helvetica&quot;, &quot;Arial&quot;, sans-serif;\" class=\"font-family\">Pienso de arranque completo y de alta calidad<\/span><\/li><li><span style=\"font-family: &quot;Roboto&quot;, &quot;Open Sans&quot;, &quot;Helvetica&quot;, &quot;Arial&quot;, sans-serif;\" class=\"font-family\">Ayuda al desarrollo del rumen, la inmunidad y fomenta el crecimiento<\/span><\/li><li><span style=\"font-family: &quot;Roboto&quot;, &quot;Open Sans&quot;, &quot;Helvetica&quot;, &quot;Arial&quot;, sans-serif;\" class=\"font-family\">Altamente palatable para estimular la pronta ingesta del pienso<\/span><\/li><li><span style=\"font-family: &quot;Roboto&quot;, &quot;Open Sans&quot;, &quot;Helvetica&quot;, &quot;Arial&quot;, sans-serif;\" class=\"font-family\">Contiene cereales tratados t\u00e9rmicamente para mejorar la digestibilidad.<\/span><\/li><\/ul>\n<\/div><\/div><\/div><\/section>\n\n\n\n<section id=\"earlyfeed-gallery-block_5fb79eaebe7b6\" class=\"section section--gutenberg earlyfeed-gallery\">\n    <div class=\"container\">\n        <div class=\"columns\" style='height: 400px'>\n                    \n            \n            <div class=\"column col-width--65\">\n                                <picture>\n                                        \n                    <source media=\"(min-width: 2561px)\" data-srcset=\"https:\/\/earlyfeednutrition.com\/app\/uploads\/2020\/11\/vleesvee-vleeskalveren-witvlees-eten-origineel-scaled.jpg\" \/>\n                    <source media=\"(min-width: 1921px)\" data-srcset=\"https:\/\/earlyfeednutrition.com\/app\/uploads\/2020\/11\/vleesvee-vleeskalveren-witvlees-eten-origineel-scaled.jpg\" \/>\n                    <source media=\"(min-width: 1441px)\" data-srcset=\"https:\/\/earlyfeednutrition.com\/app\/uploads\/2020\/11\/vleesvee-vleeskalveren-witvlees-eten-origineel-scaled.jpg\" \/>\n                    <source media=\"(min-width: 1281px)\" data-srcset=\"https:\/\/earlyfeednutrition.com\/app\/uploads\/2020\/11\/vleesvee-vleeskalveren-witvlees-eten-origineel-scaled.jpg\" \/>\n                    <source media=\"(min-width: 769px)\" data-srcset=\"https:\/\/earlyfeednutrition.com\/app\/uploads\/2020\/11\/vleesvee-vleeskalveren-witvlees-eten-origineel-scaled.jpg\" \/>\n                    <source media=\"(min-width: 476px)\" data-srcset=\"https:\/\/earlyfeednutrition.com\/app\/uploads\/2020\/11\/vleesvee-vleeskalveren-witvlees-eten-origineel-scaled.jpg\" \/>\n                    <source media=\"(min-width: 321px)\" data-srcset=\"https:\/\/earlyfeednutrition.com\/app\/uploads\/2020\/11\/vleesvee-vleeskalveren-witvlees-eten-origineel-scaled.jpg\" \/>\n                    <source media=\"(max-width: 320px)\" data-srcset=\"https:\/\/earlyfeednutrition.com\/app\/uploads\/2020\/11\/vleesvee-vleeskalveren-witvlees-eten-origineel-scaled.jpg\" \/>\n                    \n                    <img data-src=\"https:\/\/earlyfeednutrition.com\/app\/uploads\/2020\/11\/vleesvee-vleeskalveren-witvlees-eten-origineel-scaled.jpg\" alt=\"\" class=\"lazyload\">\n                <\/picture>\n\n            <\/div>\n                                \n            \n            <div class=\"column col-width--30\">\n                                <picture>\n                                        \n                    <source media=\"(min-width: 2561px)\" data-srcset=\"https:\/\/earlyfeednutrition.com\/app\/uploads\/2020\/11\/contact_ruminants.jpg\" \/>\n                    <source media=\"(min-width: 1921px)\" data-srcset=\"https:\/\/earlyfeednutrition.com\/app\/uploads\/2020\/11\/contact_ruminants.jpg\" \/>\n                    <source media=\"(min-width: 1441px)\" data-srcset=\"https:\/\/earlyfeednutrition.com\/app\/uploads\/2020\/11\/contact_ruminants.jpg\" \/>\n                    <source media=\"(min-width: 1281px)\" data-srcset=\"https:\/\/earlyfeednutrition.com\/app\/uploads\/2020\/11\/contact_ruminants-1440x810.jpg\" \/>\n                    <source media=\"(min-width: 769px)\" data-srcset=\"https:\/\/earlyfeednutrition.com\/app\/uploads\/2020\/11\/contact_ruminants-1280x720.jpg\" \/>\n                    <source media=\"(min-width: 476px)\" data-srcset=\"https:\/\/earlyfeednutrition.com\/app\/uploads\/2020\/11\/contact_ruminants-768x432.jpg\" \/>\n                    <source media=\"(min-width: 321px)\" data-srcset=\"https:\/\/earlyfeednutrition.com\/app\/uploads\/2020\/11\/contact_ruminants-475x267.jpg\" \/>\n                    <source media=\"(max-width: 320px)\" data-srcset=\"https:\/\/earlyfeednutrition.com\/app\/uploads\/2020\/11\/contact_ruminants-320x180.jpg\" \/>\n                    \n                    <img data-src=\"https:\/\/earlyfeednutrition.com\/app\/uploads\/2020\/11\/contact_ruminants-320x180.jpg\" alt=\"\" class=\"lazyload\">\n                <\/picture>\n\n            <\/div>\n                            <\/div>\n    <\/div>\n<\/section> \n\n\n<section id=\"agri-contact-tile-block_5fc6255e470a2\" class=\"section section--gutenberg agri-contact-tile\">\n    <div class=\"container\">\n        <div class=\"columns\">\n            <div class=\"column is-full is-8-tablet is-offset-2-tablet is-6-desktop is-offset-3-desktop is-4-widescreen is-offset-4-widescreen\">\n                <div class=\"block block--localcontact\">\n                    <div class=\"content\">\n                        <div class=\"note\">Tu experto Earlyfeed<\/div>\n                        <div class=\"name\">Eduardo  Ichikawa<\/div>\n                        <div class=\"function\">Gerente Tecnico e de Inova\u00e7\u00f5es<\/div>\n                    <\/div>\n\n                    <div class=\"button--wrapper\">\n                        <a href=\"mailto:e.ichikawa@agrifirm.com\" class=\"button button--primary button--primary--brown\">Ponerse en contacto<\/a>\n                    <\/div>\n\n                    <div class=\"description\">\n                        <p>Este contacto se ha sugerido en funci\u00f3n de la ubicaci\u00f3n desde la que est\u00e1 navegando. Por supuesto, tambi\u00e9n puede consultar nuestros otros contactos y ubicaciones <a href=\"https:\/\/www.earlyfeednutrition.com\/es\/contact-us\/\">aqu\u00ed.<\/a><\/p>\n                    <\/div>\n                <\/div>\n            <\/div>\n        <\/div>\n    <\/div>\n<\/section>","protected":false},"featured_media":24460,"template":"","sector":[504],"country":[],"product_category":[2056],"class_list":["post-14704","product","type-product","status-publish","has-post-thumbnail","hentry","sector-ruminants-es","product_category-la-mezcla-de-cereales-tipo-muesli-para-terneros"],"acf":[],"yoast_head":"<!-- This site is optimized with the Yoast SEO plugin v27.0 - https:\/\/yoast.com\/product\/yoast-seo-wordpress\/ -->\n<title>RUMI START - Earlyfeed<\/title>\n<meta name=\"robots\" content=\"index, follow, max-snippet:-1, max-image-preview:large, max-video-preview:-1\" \/>\n<link rel=\"canonical\" href=\"https:\/\/earlyfeednutrition.com\/es\/what-we-offer\/rumi-start\/\" \/>\n<meta property=\"og:locale\" content=\"es_ES\" \/>\n<meta property=\"og:type\" content=\"article\" \/>\n<meta property=\"og:title\" content=\"RUMI START - Earlyfeed\" \/>\n<meta property=\"og:description\" content=\"El alimento de terneros en forma de muesli para un desarrollo temprano del rumen Los terneros tienen que evolucionar desde un animal monog\u00e1strico a un rumiante con cuatro est\u00f3magos funcionales en pocos meses. Rumi\u00ae Start es mezcla de cereales de tipo muesli para terneros sabrosa y digestible, especialmente creada para estimular el \u00f3ptimo desarrollo del [&hellip;]\" \/>\n<meta property=\"og:url\" content=\"https:\/\/earlyfeednutrition.com\/es\/what-we-offer\/rumi-start\/\" \/>\n<meta property=\"og:site_name\" content=\"Earlyfeed\" \/>\n<meta property=\"article:modified_time\" content=\"2022-08-22T14:26:32+00:00\" \/>\n<meta property=\"og:image\" content=\"https:\/\/earlyfeednutrition.com\/app\/uploads\/2022\/08\/EF_milk_replacer-ORIGINAL-scaled.jpg\" \/>\n\t<meta property=\"og:image:width\" content=\"2560\" \/>\n\t<meta property=\"og:image:height\" content=\"1707\" \/>\n\t<meta property=\"og:image:type\" content=\"image\/jpeg\" \/>\n<meta name=\"twitter:card\" content=\"summary_large_image\" \/>\n<meta name=\"twitter:label1\" content=\"Est. reading time\" \/>\n\t<meta name=\"twitter:data1\" content=\"1 minute\" \/>\n<script type=\"application\/ld+json\" class=\"yoast-schema-graph\">{\"@context\":\"https:\/\/schema.org\",\"@graph\":[{\"@type\":\"WebPage\",\"@id\":\"https:\/\/earlyfeednutrition.com\/es\/what-we-offer\/rumi-start\/\",\"url\":\"https:\/\/earlyfeednutrition.com\/es\/what-we-offer\/rumi-start\/\",\"name\":\"RUMI START - Earlyfeed\",\"isPartOf\":{\"@id\":\"https:\/\/earlyfeednutrition.com\/es\/#website\"},\"primaryImageOfPage\":{\"@id\":\"https:\/\/earlyfeednutrition.com\/es\/what-we-offer\/rumi-start\/#primaryimage\"},\"image\":{\"@id\":\"https:\/\/earlyfeednutrition.com\/es\/what-we-offer\/rumi-start\/#primaryimage\"},\"thumbnailUrl\":\"https:\/\/earlyfeednutrition.com\/app\/uploads\/2022\/08\/EF_milk_replacer-ORIGINAL-scaled.jpg\",\"datePublished\":\"2020-11-30T18:30:00+00:00\",\"dateModified\":\"2022-08-22T14:26:32+00:00\",\"breadcrumb\":{\"@id\":\"https:\/\/earlyfeednutrition.com\/es\/what-we-offer\/rumi-start\/#breadcrumb\"},\"inLanguage\":\"es-ES\",\"potentialAction\":[{\"@type\":\"ReadAction\",\"target\":[\"https:\/\/earlyfeednutrition.com\/es\/what-we-offer\/rumi-start\/\"]}]},{\"@type\":\"ImageObject\",\"inLanguage\":\"es-ES\",\"@id\":\"https:\/\/earlyfeednutrition.com\/es\/what-we-offer\/rumi-start\/#primaryimage\",\"url\":\"https:\/\/earlyfeednutrition.com\/app\/uploads\/2022\/08\/EF_milk_replacer-ORIGINAL-scaled.jpg\",\"contentUrl\":\"https:\/\/earlyfeednutrition.com\/app\/uploads\/2022\/08\/EF_milk_replacer-ORIGINAL-scaled.jpg\",\"width\":2560,\"height\":1707},{\"@type\":\"BreadcrumbList\",\"@id\":\"https:\/\/earlyfeednutrition.com\/es\/what-we-offer\/rumi-start\/#breadcrumb\",\"itemListElement\":[{\"@type\":\"ListItem\",\"position\":1,\"name\":\"Incio\",\"item\":\"https:\/\/earlyfeednutrition.com\/es\/\"},{\"@type\":\"ListItem\",\"position\":2,\"name\":\"Product\",\"item\":\"https:\/\/earlyfeednutrition.com\/es\/producto\/\"},{\"@type\":\"ListItem\",\"position\":3,\"name\":\"RUMI START\"}]},{\"@type\":\"WebSite\",\"@id\":\"https:\/\/earlyfeednutrition.com\/es\/#website\",\"url\":\"https:\/\/earlyfeednutrition.com\/es\/\",\"name\":\"Earlyfeed\",\"description\":\"Right from the start\",\"potentialAction\":[{\"@type\":\"SearchAction\",\"target\":{\"@type\":\"EntryPoint\",\"urlTemplate\":\"https:\/\/earlyfeednutrition.com\/es\/?s={search_term_string}\"},\"query-input\":{\"@type\":\"PropertyValueSpecification\",\"valueRequired\":true,\"valueName\":\"search_term_string\"}}],\"inLanguage\":\"es-ES\"}]}<\/script>\n<!-- \/ Yoast SEO plugin. -->","yoast_head_json":{"title":"RUMI START - Earlyfeed","robots":{"index":"index","follow":"follow","max-snippet":"max-snippet:-1","max-image-preview":"max-image-preview:large","max-video-preview":"max-video-preview:-1"},"canonical":"https:\/\/earlyfeednutrition.com\/es\/what-we-offer\/rumi-start\/","og_locale":"es_ES","og_type":"article","og_title":"RUMI START - Earlyfeed","og_description":"El alimento de terneros en forma de muesli para un desarrollo temprano del rumen Los terneros tienen que evolucionar desde un animal monog\u00e1strico a un rumiante con cuatro est\u00f3magos funcionales en pocos meses. Rumi\u00ae Start es mezcla de cereales de tipo muesli para terneros sabrosa y digestible, especialmente creada para estimular el \u00f3ptimo desarrollo del [&hellip;]","og_url":"https:\/\/earlyfeednutrition.com\/es\/what-we-offer\/rumi-start\/","og_site_name":"Earlyfeed","article_modified_time":"2022-08-22T14:26:32+00:00","og_image":[{"width":2560,"height":1707,"url":"https:\/\/earlyfeednutrition.com\/app\/uploads\/2022\/08\/EF_milk_replacer-ORIGINAL-scaled.jpg","type":"image\/jpeg"}],"twitter_card":"summary_large_image","twitter_misc":{"Est. reading time":"1 minute"},"schema":{"@context":"https:\/\/schema.org","@graph":[{"@type":"WebPage","@id":"https:\/\/earlyfeednutrition.com\/es\/what-we-offer\/rumi-start\/","url":"https:\/\/earlyfeednutrition.com\/es\/what-we-offer\/rumi-start\/","name":"RUMI START - Earlyfeed","isPartOf":{"@id":"https:\/\/earlyfeednutrition.com\/es\/#website"},"primaryImageOfPage":{"@id":"https:\/\/earlyfeednutrition.com\/es\/what-we-offer\/rumi-start\/#primaryimage"},"image":{"@id":"https:\/\/earlyfeednutrition.com\/es\/what-we-offer\/rumi-start\/#primaryimage"},"thumbnailUrl":"https:\/\/earlyfeednutrition.com\/app\/uploads\/2022\/08\/EF_milk_replacer-ORIGINAL-scaled.jpg","datePublished":"2020-11-30T18:30:00+00:00","dateModified":"2022-08-22T14:26:32+00:00","breadcrumb":{"@id":"https:\/\/earlyfeednutrition.com\/es\/what-we-offer\/rumi-start\/#breadcrumb"},"inLanguage":"es-ES","potentialAction":[{"@type":"ReadAction","target":["https:\/\/earlyfeednutrition.com\/es\/what-we-offer\/rumi-start\/"]}]},{"@type":"ImageObject","inLanguage":"es-ES","@id":"https:\/\/earlyfeednutrition.com\/es\/what-we-offer\/rumi-start\/#primaryimage","url":"https:\/\/earlyfeednutrition.com\/app\/uploads\/2022\/08\/EF_milk_replacer-ORIGINAL-scaled.jpg","contentUrl":"https:\/\/earlyfeednutrition.com\/app\/uploads\/2022\/08\/EF_milk_replacer-ORIGINAL-scaled.jpg","width":2560,"height":1707},{"@type":"BreadcrumbList","@id":"https:\/\/earlyfeednutrition.com\/es\/what-we-offer\/rumi-start\/#breadcrumb","itemListElement":[{"@type":"ListItem","position":1,"name":"Incio","item":"https:\/\/earlyfeednutrition.com\/es\/"},{"@type":"ListItem","position":2,"name":"Product","item":"https:\/\/earlyfeednutrition.com\/es\/producto\/"},{"@type":"ListItem","position":3,"name":"RUMI START"}]},{"@type":"WebSite","@id":"https:\/\/earlyfeednutrition.com\/es\/#website","url":"https:\/\/earlyfeednutrition.com\/es\/","name":"Earlyfeed","description":"Right from the start","potentialAction":[{"@type":"SearchAction","target":{"@type":"EntryPoint","urlTemplate":"https:\/\/earlyfeednutrition.com\/es\/?s={search_term_string}"},"query-input":{"@type":"PropertyValueSpecification","valueRequired":true,"valueName":"search_term_string"}}],"inLanguage":"es-ES"}]}},"_links":{"self":[{"href":"https:\/\/earlyfeednutrition.com\/es\/wp-json\/wp\/v2\/product\/14704","targetHints":{"allow":["GET"]}}],"collection":[{"href":"https:\/\/earlyfeednutrition.com\/es\/wp-json\/wp\/v2\/product"}],"about":[{"href":"https:\/\/earlyfeednutrition.com\/es\/wp-json\/wp\/v2\/types\/product"}],"wp:featuredmedia":[{"embeddable":true,"href":"https:\/\/earlyfeednutrition.com\/es\/wp-json\/wp\/v2\/media\/24460"}],"wp:attachment":[{"href":"https:\/\/earlyfeednutrition.com\/es\/wp-json\/wp\/v2\/media?parent=14704"}],"wp:term":[{"taxonomy":"sector","embeddable":true,"href":"https:\/\/earlyfeednutrition.com\/es\/wp-json\/wp\/v2\/sector?post=14704"},{"taxonomy":"country","embeddable":true,"href":"https:\/\/earlyfeednutrition.com\/es\/wp-json\/wp\/v2\/country?post=14704"},{"taxonomy":"product_category","embeddable":true,"href":"https:\/\/earlyfeednutrition.com\/es\/wp-json\/wp\/v2\/product_category?post=14704"}],"curies":[{"name":"wp","href":"https:\/\/api.w.org\/{rel}","templated":true}]}}