{"id":14702,"date":"2020-11-29T21:16:16","date_gmt":"2020-11-29T21:16:16","guid":{"rendered":"https:\/\/earlyfeednutrition.com\/what-we-offer\/start_plus\/"},"modified":"2022-01-26T14:45:44","modified_gmt":"2022-01-26T14:45:44","slug":"start_plus","status":"publish","type":"product","link":"https:\/\/earlyfeednutrition.com\/es\/what-we-offer\/start_plus\/","title":{"rendered":"START+"},"content":{"rendered":"<section class=\"section section--gutenberg section--gutenberg-nomargin wp-block-columns\"><div class=\"container\" style=\"\"><div class=\"columns\"><div class=\"wp-block-column column\" style=\"\"><section class=\"section section--gutenberg section--gutenberg-nomargin wp-block-heading\">\n<h2><span style=\"font-family: bebas-neue-rounded, &quot;Roboto&quot;, &quot;Open Sans&quot;, &quot;Helvetica&quot;, &quot;Arial&quot;, sans-serif;\" class=\"font-family\"><span style=\"color: #DBB154\" class=\"text-color\">El componente natural<\/span><\/span><br> <span style=\"color: #DBB154\" class=\"text-color\">que estimula la maduraci\u00f3n intestinal temprana<\/span><\/h2>\n<\/section><section class=\"section section--gutenberg section--gutenberg-nomargin wp-block-paragraph\">\n<p><span style=\"font-family: &quot;Roboto&quot;, &quot;Open Sans&quot;, &quot;Helvetica&quot;, &quot;Arial&quot;, sans-serif;\" class=\"font-family\"><span style=\"color: #FFFFFF\" class=\"text-color\">START+ es un concepto \u00fanico desarrollado por nuestros investigadores para estimular la maduraci\u00f3n intestinal de los lechones. Los beneficios de START+ han sido documentados cient\u00edficamente mediante exhaustivos ensayos con nuestros productos Earlyfeed. <\/span><\/span><\/p>\n<\/section><\/div><div class=\"wp-block-column column\" style=\"\"><section class=\"section section--gutenberg section--gutenberg-nomargin wp-block-heading\">\n<h2><span style=\"font-family: bebas-neue-rounded, &quot;Roboto&quot;, &quot;Open Sans&quot;, &quot;Helvetica&quot;, &quot;Arial&quot;, sans-serif;\" class=\"font-family\"><span style=\"color: #DBB154\" class=\"text-color\">Inspirado en la Madre Naturaleza<\/span><\/span><\/h2>\n<\/section><section class=\"section section--gutenberg section--gutenberg-nomargin wp-block-paragraph\">\n<p><span style=\"font-family: &quot;Roboto&quot;, &quot;Open Sans&quot;, &quot;Helvetica&quot;, &quot;Arial&quot;, sans-serif;\" class=\"font-family\"><span style=\"color: #FFFFFF\" class=\"text-color\">El concepto START+ naci\u00f3 cuando nuestros investigadores fueron capaces de aislar y seleccionar galacto-oligosac\u00e1ridos espec\u00edficos o GOS, que reproduc\u00edan eficazmente las funciones de los oligosac\u00e1ridos de leche humana o HMOs. Los HMOs son prebi\u00f3ticos naturales que se encuentran en la leche materna. En la leche de la cerda existen estructuras similares y se llaman oligosac\u00e1ridos de leche porcina o PMOs. Al igual que los HMOs o los PMOs, la mezcla espec\u00edfica de GOS dentro del concepto START+ promueve el crecimiento de bacterias beneficiosas, mejora la morfolog\u00eda intestinal y mejora la salud integral del animal. De esta forma, incluso si los lechones no reciben suficiente calostro o leche, pueden tener una ventaja inicial en sus primeros d\u00edas de vida.<\/span><\/span><\/p>\n<\/section><\/div><div class=\"wp-block-column column\" style=\"\"><section class=\"section section--gutenberg section--gutenberg-nomargin wp-block-heading\">\n<h2><span style=\"color: #DBB154\" class=\"text-color\"><span style=\"font-family: bebas-neue-rounded, &quot;Roboto&quot;, &quot;Open Sans&quot;, &quot;Helvetica&quot;, &quot;Arial&quot;, sans-serif;\" class=\"font-family\">Principales beneficios <br>de <\/span><\/span><span style=\"color: #ffffff\" class=\"text-color\"><span style=\"font-family: bebas-neue-rounded, &quot;Roboto&quot;, &quot;Open Sans&quot;, &quot;Helvetica&quot;, &quot;Arial&quot;, sans-serif;\" class=\"font-family\">START+<\/span><\/span><\/h2>\n<\/section>\n<ul class=\"wp-block-list\"><li><span style=\"font-family: &quot;Roboto&quot;, &quot;Open Sans&quot;, &quot;Helvetica&quot;, &quot;Arial&quot;, sans-serif;\" class=\"font-family\">Mejora la maduraci\u00f3n intestinal<\/span><\/li><li><span style=\"font-family: &quot;Roboto&quot;, &quot;Open Sans&quot;, &quot;Helvetica&quot;, &quot;Arial&quot;, sans-serif;\" class=\"font-family\">Mejora la inmunidad <\/span><\/li><li><span style=\"font-family: &quot;Roboto&quot;, &quot;Open Sans&quot;, &quot;Helvetica&quot;, &quot;Arial&quot;, sans-serif;\" class=\"font-family\">Mejora el rendimiento<\/span><\/li><li><span style=\"font-family: &quot;Roboto&quot;, &quot;Open Sans&quot;, &quot;Helvetica&quot;, &quot;Arial&quot;, sans-serif;\" class=\"font-family\">Mejora el peso al destete<\/span><\/li><li><span style=\"font-family: &quot;Roboto&quot;, &quot;Open Sans&quot;, &quot;Helvetica&quot;, &quot;Arial&quot;, sans-serif;\" class=\"font-family\">Reduce el uso de antibi\u00f3ticos.<\/span><\/li><\/ul>\n<\/div><\/div><\/div><\/section>\n\n\n<figure class=\"wp-block-embed is-type-video is-provider-youtube wp-block-embed-youtube wp-embed-aspect-16-9 wp-has-aspect-ratio\"><div class=\"wp-block-embed__wrapper\">\n<iframe loading=\"lazy\" title=\"START+\" width=\"500\" height=\"281\" src=\"https:\/\/www.youtube.com\/embed\/8ULZiEOhZgg?feature=oembed\" frameborder=\"0\" allow=\"accelerometer; autoplay; clipboard-write; encrypted-media; gyroscope; picture-in-picture; web-share\" referrerpolicy=\"strict-origin-when-cross-origin\" allowfullscreen><\/iframe>\n<\/div><\/figure>\n\n\n\n\n<section id=\"earlyfeed-gallery-block_5fb79eaebe7b6\" class=\"section section--gutenberg earlyfeed-gallery\">\n    <div class=\"container\">\n        <div class=\"columns\" style='height: 400px'>\n                    \n            \n            <div class=\"column col-width--65\">\n                                <picture>\n                                        \n                    <source media=\"(min-width: 2561px)\" data-srcset=\"https:\/\/earlyfeednutrition.com\/app\/uploads\/2020\/12\/Agrifirm20201105-2482.jpg\" \/>\n                    <source media=\"(min-width: 1921px)\" data-srcset=\"https:\/\/earlyfeednutrition.com\/app\/uploads\/2020\/12\/Agrifirm20201105-2482.jpg\" \/>\n                    <source media=\"(min-width: 1441px)\" data-srcset=\"https:\/\/earlyfeednutrition.com\/app\/uploads\/2020\/12\/Agrifirm20201105-2482-1920x1279.jpg\" \/>\n                    <source media=\"(min-width: 1281px)\" data-srcset=\"https:\/\/earlyfeednutrition.com\/app\/uploads\/2020\/12\/Agrifirm20201105-2482-1440x960.jpg\" \/>\n                    <source media=\"(min-width: 769px)\" data-srcset=\"https:\/\/earlyfeednutrition.com\/app\/uploads\/2020\/12\/Agrifirm20201105-2482-1280x853.jpg\" \/>\n                    <source media=\"(min-width: 476px)\" data-srcset=\"https:\/\/earlyfeednutrition.com\/app\/uploads\/2020\/12\/Agrifirm20201105-2482-768x512.jpg\" \/>\n                    <source media=\"(min-width: 321px)\" data-srcset=\"https:\/\/earlyfeednutrition.com\/app\/uploads\/2020\/12\/Agrifirm20201105-2482-475x317.jpg\" \/>\n                    <source media=\"(max-width: 320px)\" data-srcset=\"https:\/\/earlyfeednutrition.com\/app\/uploads\/2020\/12\/Agrifirm20201105-2482-320x213.jpg\" \/>\n                    \n                    <img data-src=\"https:\/\/earlyfeednutrition.com\/app\/uploads\/2020\/12\/Agrifirm20201105-2482-320x213.jpg\" alt=\"\" class=\"lazyload\">\n                <\/picture>\n\n            <\/div>\n                                \n            \n            <div class=\"column col-width--30\">\n                                <picture>\n                                        \n                    <source media=\"(min-width: 2561px)\" data-srcset=\"https:\/\/earlyfeednutrition.com\/app\/uploads\/2020\/12\/Agrifirm20201105-3071.jpg\" \/>\n                    <source media=\"(min-width: 1921px)\" data-srcset=\"https:\/\/earlyfeednutrition.com\/app\/uploads\/2020\/12\/Agrifirm20201105-3071.jpg\" \/>\n                    <source media=\"(min-width: 1441px)\" data-srcset=\"https:\/\/earlyfeednutrition.com\/app\/uploads\/2020\/12\/Agrifirm20201105-3071-1920x1279.jpg\" \/>\n                    <source media=\"(min-width: 1281px)\" data-srcset=\"https:\/\/earlyfeednutrition.com\/app\/uploads\/2020\/12\/Agrifirm20201105-3071-1440x960.jpg\" \/>\n                    <source media=\"(min-width: 769px)\" data-srcset=\"https:\/\/earlyfeednutrition.com\/app\/uploads\/2020\/12\/Agrifirm20201105-3071-1280x853.jpg\" \/>\n                    <source media=\"(min-width: 476px)\" data-srcset=\"https:\/\/earlyfeednutrition.com\/app\/uploads\/2020\/12\/Agrifirm20201105-3071-768x512.jpg\" \/>\n                    <source media=\"(min-width: 321px)\" data-srcset=\"https:\/\/earlyfeednutrition.com\/app\/uploads\/2020\/12\/Agrifirm20201105-3071-475x317.jpg\" \/>\n                    <source media=\"(max-width: 320px)\" data-srcset=\"https:\/\/earlyfeednutrition.com\/app\/uploads\/2020\/12\/Agrifirm20201105-3071-320x213.jpg\" \/>\n                    \n                    <img data-src=\"https:\/\/earlyfeednutrition.com\/app\/uploads\/2020\/12\/Agrifirm20201105-3071-320x213.jpg\" alt=\"\" class=\"lazyload\">\n                <\/picture>\n\n            <\/div>\n                            <\/div>\n    <\/div>\n<\/section> \n\n\n<section id=\"agri-contact-tile-block_5fc4bc64411b1\" class=\"section section--gutenberg agri-contact-tile\">\n    <div class=\"container\">\n        <div class=\"columns\">\n            <div class=\"column is-full is-8-tablet is-offset-2-tablet is-6-desktop is-offset-3-desktop is-4-widescreen is-offset-4-widescreen\">\n                <div class=\"block block--localcontact\">\n                    <div class=\"content\">\n                        <div class=\"note\">Tu experto Earlyfeed<\/div>\n                        <div class=\"name\">Eduardo  Ichikawa<\/div>\n                        <div class=\"function\">Gerente Tecnico e de Inova\u00e7\u00f5es<\/div>\n                    <\/div>\n\n                    <div class=\"button--wrapper\">\n                        <a href=\"mailto:e.ichikawa@agrifirm.com\" class=\"button button--primary button--primary--brown\">Ponerse en contacto<\/a>\n                    <\/div>\n\n                    <div class=\"description\">\n                        <p>Este contacto se ha sugerido en funci\u00f3n de la ubicaci\u00f3n desde la que est\u00e1 navegando. Por supuesto, tambi\u00e9n puede consultar nuestros otros contactos y ubicaciones <a href=\"https:\/\/www.earlyfeednutrition.com\/es\/contact-us\/\"><span class=\"s1\">aqu\u00ed<\/span><\/a>.<\/p>\n                    <\/div>\n                <\/div>\n            <\/div>\n        <\/div>\n    <\/div>\n<\/section>","protected":false},"featured_media":12620,"template":"","sector":[503],"country":[],"product_category":[2054],"class_list":["post-14702","product","type-product","status-publish","has-post-thumbnail","hentry","sector-swine-es","product_category-ingesta-temprana-de-alimento"],"acf":[],"yoast_head":"<!-- This site is optimized with the Yoast SEO plugin v27.0 - https:\/\/yoast.com\/product\/yoast-seo-wordpress\/ -->\n<title>START+ - Earlyfeed<\/title>\n<meta name=\"robots\" content=\"index, follow, max-snippet:-1, max-image-preview:large, max-video-preview:-1\" \/>\n<link rel=\"canonical\" href=\"https:\/\/earlyfeednutrition.com\/es\/what-we-offer\/start_plus\/\" \/>\n<meta property=\"og:locale\" content=\"es_ES\" \/>\n<meta property=\"og:type\" content=\"article\" \/>\n<meta property=\"og:title\" content=\"START+ - Earlyfeed\" \/>\n<meta property=\"og:description\" content=\"El componente natural que estimula la maduraci\u00f3n intestinal temprana START+ es un concepto \u00fanico desarrollado por nuestros investigadores para estimular la maduraci\u00f3n intestinal de los lechones. Los beneficios de START+ han sido documentados cient\u00edficamente mediante exhaustivos ensayos con nuestros productos Earlyfeed. Inspirado en la Madre Naturaleza El concepto START+ naci\u00f3 cuando nuestros investigadores fueron capaces [&hellip;]\" \/>\n<meta property=\"og:url\" content=\"https:\/\/earlyfeednutrition.com\/es\/what-we-offer\/start_plus\/\" \/>\n<meta property=\"og:site_name\" content=\"Earlyfeed\" \/>\n<meta property=\"article:modified_time\" content=\"2022-01-26T14:45:44+00:00\" \/>\n<meta property=\"og:image\" content=\"https:\/\/earlyfeednutrition.com\/app\/uploads\/2020\/11\/Acr80252331918784-12776585_product.jpg\" \/>\n\t<meta property=\"og:image:width\" content=\"1631\" \/>\n\t<meta property=\"og:image:height\" content=\"817\" \/>\n\t<meta property=\"og:image:type\" content=\"image\/jpeg\" \/>\n<meta name=\"twitter:card\" content=\"summary_large_image\" \/>\n<meta name=\"twitter:label1\" content=\"Est. reading time\" \/>\n\t<meta name=\"twitter:data1\" content=\"1 minute\" \/>\n<script type=\"application\/ld+json\" class=\"yoast-schema-graph\">{\"@context\":\"https:\/\/schema.org\",\"@graph\":[{\"@type\":\"WebPage\",\"@id\":\"https:\/\/earlyfeednutrition.com\/es\/what-we-offer\/start_plus\/\",\"url\":\"https:\/\/earlyfeednutrition.com\/es\/what-we-offer\/start_plus\/\",\"name\":\"START+ - Earlyfeed\",\"isPartOf\":{\"@id\":\"https:\/\/earlyfeednutrition.com\/es\/#website\"},\"primaryImageOfPage\":{\"@id\":\"https:\/\/earlyfeednutrition.com\/es\/what-we-offer\/start_plus\/#primaryimage\"},\"image\":{\"@id\":\"https:\/\/earlyfeednutrition.com\/es\/what-we-offer\/start_plus\/#primaryimage\"},\"thumbnailUrl\":\"https:\/\/earlyfeednutrition.com\/app\/uploads\/2020\/11\/Acr80252331918784-12776585_product.jpg\",\"datePublished\":\"2020-11-29T21:16:16+00:00\",\"dateModified\":\"2022-01-26T14:45:44+00:00\",\"breadcrumb\":{\"@id\":\"https:\/\/earlyfeednutrition.com\/es\/what-we-offer\/start_plus\/#breadcrumb\"},\"inLanguage\":\"es-ES\",\"potentialAction\":[{\"@type\":\"ReadAction\",\"target\":[\"https:\/\/earlyfeednutrition.com\/es\/what-we-offer\/start_plus\/\"]}]},{\"@type\":\"ImageObject\",\"inLanguage\":\"es-ES\",\"@id\":\"https:\/\/earlyfeednutrition.com\/es\/what-we-offer\/start_plus\/#primaryimage\",\"url\":\"https:\/\/earlyfeednutrition.com\/app\/uploads\/2020\/11\/Acr80252331918784-12776585_product.jpg\",\"contentUrl\":\"https:\/\/earlyfeednutrition.com\/app\/uploads\/2020\/11\/Acr80252331918784-12776585_product.jpg\",\"width\":1631,\"height\":817},{\"@type\":\"BreadcrumbList\",\"@id\":\"https:\/\/earlyfeednutrition.com\/es\/what-we-offer\/start_plus\/#breadcrumb\",\"itemListElement\":[{\"@type\":\"ListItem\",\"position\":1,\"name\":\"Incio\",\"item\":\"https:\/\/earlyfeednutrition.com\/es\/\"},{\"@type\":\"ListItem\",\"position\":2,\"name\":\"Product\",\"item\":\"https:\/\/earlyfeednutrition.com\/es\/producto\/\"},{\"@type\":\"ListItem\",\"position\":3,\"name\":\"START+\"}]},{\"@type\":\"WebSite\",\"@id\":\"https:\/\/earlyfeednutrition.com\/es\/#website\",\"url\":\"https:\/\/earlyfeednutrition.com\/es\/\",\"name\":\"Earlyfeed\",\"description\":\"Right from the start\",\"potentialAction\":[{\"@type\":\"SearchAction\",\"target\":{\"@type\":\"EntryPoint\",\"urlTemplate\":\"https:\/\/earlyfeednutrition.com\/es\/?s={search_term_string}\"},\"query-input\":{\"@type\":\"PropertyValueSpecification\",\"valueRequired\":true,\"valueName\":\"search_term_string\"}}],\"inLanguage\":\"es-ES\"}]}<\/script>\n<!-- \/ Yoast SEO plugin. -->","yoast_head_json":{"title":"START+ - Earlyfeed","robots":{"index":"index","follow":"follow","max-snippet":"max-snippet:-1","max-image-preview":"max-image-preview:large","max-video-preview":"max-video-preview:-1"},"canonical":"https:\/\/earlyfeednutrition.com\/es\/what-we-offer\/start_plus\/","og_locale":"es_ES","og_type":"article","og_title":"START+ - Earlyfeed","og_description":"El componente natural que estimula la maduraci\u00f3n intestinal temprana START+ es un concepto \u00fanico desarrollado por nuestros investigadores para estimular la maduraci\u00f3n intestinal de los lechones. Los beneficios de START+ han sido documentados cient\u00edficamente mediante exhaustivos ensayos con nuestros productos Earlyfeed. Inspirado en la Madre Naturaleza El concepto START+ naci\u00f3 cuando nuestros investigadores fueron capaces [&hellip;]","og_url":"https:\/\/earlyfeednutrition.com\/es\/what-we-offer\/start_plus\/","og_site_name":"Earlyfeed","article_modified_time":"2022-01-26T14:45:44+00:00","og_image":[{"width":1631,"height":817,"url":"https:\/\/earlyfeednutrition.com\/app\/uploads\/2020\/11\/Acr80252331918784-12776585_product.jpg","type":"image\/jpeg"}],"twitter_card":"summary_large_image","twitter_misc":{"Est. reading time":"1 minute"},"schema":{"@context":"https:\/\/schema.org","@graph":[{"@type":"WebPage","@id":"https:\/\/earlyfeednutrition.com\/es\/what-we-offer\/start_plus\/","url":"https:\/\/earlyfeednutrition.com\/es\/what-we-offer\/start_plus\/","name":"START+ - Earlyfeed","isPartOf":{"@id":"https:\/\/earlyfeednutrition.com\/es\/#website"},"primaryImageOfPage":{"@id":"https:\/\/earlyfeednutrition.com\/es\/what-we-offer\/start_plus\/#primaryimage"},"image":{"@id":"https:\/\/earlyfeednutrition.com\/es\/what-we-offer\/start_plus\/#primaryimage"},"thumbnailUrl":"https:\/\/earlyfeednutrition.com\/app\/uploads\/2020\/11\/Acr80252331918784-12776585_product.jpg","datePublished":"2020-11-29T21:16:16+00:00","dateModified":"2022-01-26T14:45:44+00:00","breadcrumb":{"@id":"https:\/\/earlyfeednutrition.com\/es\/what-we-offer\/start_plus\/#breadcrumb"},"inLanguage":"es-ES","potentialAction":[{"@type":"ReadAction","target":["https:\/\/earlyfeednutrition.com\/es\/what-we-offer\/start_plus\/"]}]},{"@type":"ImageObject","inLanguage":"es-ES","@id":"https:\/\/earlyfeednutrition.com\/es\/what-we-offer\/start_plus\/#primaryimage","url":"https:\/\/earlyfeednutrition.com\/app\/uploads\/2020\/11\/Acr80252331918784-12776585_product.jpg","contentUrl":"https:\/\/earlyfeednutrition.com\/app\/uploads\/2020\/11\/Acr80252331918784-12776585_product.jpg","width":1631,"height":817},{"@type":"BreadcrumbList","@id":"https:\/\/earlyfeednutrition.com\/es\/what-we-offer\/start_plus\/#breadcrumb","itemListElement":[{"@type":"ListItem","position":1,"name":"Incio","item":"https:\/\/earlyfeednutrition.com\/es\/"},{"@type":"ListItem","position":2,"name":"Product","item":"https:\/\/earlyfeednutrition.com\/es\/producto\/"},{"@type":"ListItem","position":3,"name":"START+"}]},{"@type":"WebSite","@id":"https:\/\/earlyfeednutrition.com\/es\/#website","url":"https:\/\/earlyfeednutrition.com\/es\/","name":"Earlyfeed","description":"Right from the start","potentialAction":[{"@type":"SearchAction","target":{"@type":"EntryPoint","urlTemplate":"https:\/\/earlyfeednutrition.com\/es\/?s={search_term_string}"},"query-input":{"@type":"PropertyValueSpecification","valueRequired":true,"valueName":"search_term_string"}}],"inLanguage":"es-ES"}]}},"_links":{"self":[{"href":"https:\/\/earlyfeednutrition.com\/es\/wp-json\/wp\/v2\/product\/14702","targetHints":{"allow":["GET"]}}],"collection":[{"href":"https:\/\/earlyfeednutrition.com\/es\/wp-json\/wp\/v2\/product"}],"about":[{"href":"https:\/\/earlyfeednutrition.com\/es\/wp-json\/wp\/v2\/types\/product"}],"wp:featuredmedia":[{"embeddable":true,"href":"https:\/\/earlyfeednutrition.com\/es\/wp-json\/wp\/v2\/media\/12620"}],"wp:attachment":[{"href":"https:\/\/earlyfeednutrition.com\/es\/wp-json\/wp\/v2\/media?parent=14702"}],"wp:term":[{"taxonomy":"sector","embeddable":true,"href":"https:\/\/earlyfeednutrition.com\/es\/wp-json\/wp\/v2\/sector?post=14702"},{"taxonomy":"country","embeddable":true,"href":"https:\/\/earlyfeednutrition.com\/es\/wp-json\/wp\/v2\/country?post=14702"},{"taxonomy":"product_category","embeddable":true,"href":"https:\/\/earlyfeednutrition.com\/es\/wp-json\/wp\/v2\/product_category?post=14702"}],"curies":[{"name":"wp","href":"https:\/\/api.w.org\/{rel}","templated":true}]}}