{"id":14797,"date":"2020-11-05T16:06:10","date_gmt":"2020-11-05T16:06:10","guid":{"rendered":"https:\/\/earlyfeednutrition.com\/what-we-do\/swine\/"},"modified":"2021-09-01T07:55:54","modified_gmt":"2021-09-01T07:55:54","slug":"swine","status":"publish","type":"page","link":"https:\/\/earlyfeednutrition.com\/es\/what-we-do\/swine\/","title":{"rendered":"Cerdos"},"content":{"rendered":"<section class=\"section section--gutenberg section--gutenberg-nomargin wp-block-heading\">\n<h2><span style=\"font-family: bebas-neue-rounded, &quot;Roboto&quot;, &quot;Open Sans&quot;, &quot;Helvetica&quot;, &quot;Arial&quot;, sans-serif;\" class=\"font-family\"><span style=\"color: #3A261B\" class=\"text-color\">CONC\u00c9NTRESE EN LA SALUD INTESTINAL DESDE EL PRINCIPIO<\/span><\/span><\/h2>\n<\/section>\n\n<section class=\"section section--gutenberg section--gutenberg-nomargin wp-block-paragraph\">\n<p><span style=\"font-family: &quot;Roboto&quot;, &quot;Open Sans&quot;, &quot;Helvetica&quot;, &quot;Arial&quot;, sans-serif;\" class=\"font-family\">Es un hecho bien conocido que la maduraci\u00f3n temprana del tracto gastrointestinal es crucial para el crecimiento \u00f3ptimo y saludable de los lechones. Estimular la salud intestinal de los lechones comienza con una alimentaci\u00f3n precisa de la cerda y contin\u00faa con conceptos inteligentes para promover la ingesta temprana de pienso. Un mayor n\u00famero de lechones comiendo antes de destete facilita una transici\u00f3n m\u00e1s suave, y tendr\u00e1 un efecto positivo en el rendimiento general de los animales.<\/span><\/p>\n<\/section>\n\n<section class=\"section section--gutenberg section--gutenberg-nomargin wp-block-heading\">\n<h2><span style=\"font-family: bebas-neue-rounded, &quot;Roboto&quot;, &quot;Open Sans&quot;, &quot;Helvetica&quot;, &quot;Arial&quot;, sans-serif;\" class=\"font-family\"><span style=\"color: #3A261B\" class=\"text-color\">BIEN EQUILIBRADO Y PALATABLE<\/span><\/span><\/h2>\n<\/section>\n\n<section class=\"section section--gutenberg section--gutenberg-nomargin wp-block-paragraph\">\n<p><span style=\"font-family: &quot;Roboto&quot;, &quot;Open Sans&quot;, &quot;Helvetica&quot;, &quot;Arial&quot;, sans-serif;\" class=\"font-family\">Earlyfeed ha desarrollado soluciones de alimentaci\u00f3n temprana para lechones que son reconocidos mundialmente como los mejores en clase. Bien equilibrados e innovadores, tienen la capacidad de apoyar el desarrollo completo de la camada desde el inicio y para maximizar el \u00e9xito del destete y su rentabilidad. Una palatabilidad muy alta fomenta la ingesta temprana de alimentos, mientras que los ingredientes sofisticados estimulan la maduraci\u00f3n del tracto gastrointestinal y proporcionan nutrientes para reforzar el estado sanitario de sus lechones.<\/span><\/p>\n<\/section>","protected":false},"excerpt":{"rendered":"<p>CONC\u00c9NTRESE EN LA SALUD INTESTINAL DESDE EL PRINCIPIO Es un hecho bien conocido que la maduraci\u00f3n temprana del tracto gastrointestinal es crucial para el crecimiento \u00f3ptimo y saludable de los lechones. Estimular la salud intestinal de los lechones comienza con una alimentaci\u00f3n precisa de la cerda y contin\u00faa con conceptos inteligentes para promover la ingesta [&hellip;]<\/p>\n","protected":false},"author":1,"featured_media":0,"parent":14783,"menu_order":0,"comment_status":"closed","ping_status":"closed","template":"page-product-group.php","meta":{"_acf_changed":false,"footnotes":""},"country":[],"class_list":["post-14797","page","type-page","status-publish","hentry"],"acf":[],"yoast_head":"<!-- This site is optimized with the Yoast SEO plugin v27.0 - https:\/\/yoast.com\/product\/yoast-seo-wordpress\/ -->\n<title>Cerdos - Earlyfeed<\/title>\n<meta name=\"robots\" content=\"index, follow, max-snippet:-1, max-image-preview:large, max-video-preview:-1\" \/>\n<link rel=\"canonical\" href=\"https:\/\/earlyfeednutrition.com\/es\/what-we-do\/swine\/\" \/>\n<meta property=\"og:locale\" content=\"es_ES\" \/>\n<meta property=\"og:type\" content=\"article\" \/>\n<meta property=\"og:title\" content=\"Cerdos - Earlyfeed\" \/>\n<meta property=\"og:description\" content=\"CONC\u00c9NTRESE EN LA SALUD INTESTINAL DESDE EL PRINCIPIO Es un hecho bien conocido que la maduraci\u00f3n temprana del tracto gastrointestinal es crucial para el crecimiento \u00f3ptimo y saludable de los lechones. Estimular la salud intestinal de los lechones comienza con una alimentaci\u00f3n precisa de la cerda y contin\u00faa con conceptos inteligentes para promover la ingesta [&hellip;]\" \/>\n<meta property=\"og:url\" content=\"https:\/\/earlyfeednutrition.com\/es\/what-we-do\/swine\/\" \/>\n<meta property=\"og:site_name\" content=\"Earlyfeed\" \/>\n<meta property=\"article:modified_time\" content=\"2021-09-01T07:55:54+00:00\" \/>\n<meta name=\"twitter:card\" content=\"summary_large_image\" \/>\n<meta name=\"twitter:label1\" content=\"Est. reading time\" \/>\n\t<meta name=\"twitter:data1\" content=\"1 minute\" \/>\n<script type=\"application\/ld+json\" class=\"yoast-schema-graph\">{\"@context\":\"https:\/\/schema.org\",\"@graph\":[{\"@type\":\"WebPage\",\"@id\":\"https:\/\/earlyfeednutrition.com\/es\/what-we-do\/swine\/\",\"url\":\"https:\/\/earlyfeednutrition.com\/es\/what-we-do\/swine\/\",\"name\":\"Cerdos - Earlyfeed\",\"isPartOf\":{\"@id\":\"https:\/\/earlyfeednutrition.com\/es\/#website\"},\"datePublished\":\"2020-11-05T16:06:10+00:00\",\"dateModified\":\"2021-09-01T07:55:54+00:00\",\"breadcrumb\":{\"@id\":\"https:\/\/earlyfeednutrition.com\/es\/what-we-do\/swine\/#breadcrumb\"},\"inLanguage\":\"es-ES\",\"potentialAction\":[{\"@type\":\"ReadAction\",\"target\":[\"https:\/\/earlyfeednutrition.com\/es\/what-we-do\/swine\/\"]}]},{\"@type\":\"BreadcrumbList\",\"@id\":\"https:\/\/earlyfeednutrition.com\/es\/what-we-do\/swine\/#breadcrumb\",\"itemListElement\":[{\"@type\":\"ListItem\",\"position\":1,\"name\":\"Incio\",\"item\":\"https:\/\/earlyfeednutrition.com\/es\/\"},{\"@type\":\"ListItem\",\"position\":2,\"name\":\"Lo que hacemos\",\"item\":\"https:\/\/www.earlyfeednutrition.com\/es\/what-we-do\/\"},{\"@type\":\"ListItem\",\"position\":3,\"name\":\"Cerdos\"}]},{\"@type\":\"WebSite\",\"@id\":\"https:\/\/earlyfeednutrition.com\/es\/#website\",\"url\":\"https:\/\/earlyfeednutrition.com\/es\/\",\"name\":\"Earlyfeed\",\"description\":\"Right from the start\",\"potentialAction\":[{\"@type\":\"SearchAction\",\"target\":{\"@type\":\"EntryPoint\",\"urlTemplate\":\"https:\/\/earlyfeednutrition.com\/es\/?s={search_term_string}\"},\"query-input\":{\"@type\":\"PropertyValueSpecification\",\"valueRequired\":true,\"valueName\":\"search_term_string\"}}],\"inLanguage\":\"es-ES\"}]}<\/script>\n<!-- \/ Yoast SEO plugin. -->","yoast_head_json":{"title":"Cerdos - Earlyfeed","robots":{"index":"index","follow":"follow","max-snippet":"max-snippet:-1","max-image-preview":"max-image-preview:large","max-video-preview":"max-video-preview:-1"},"canonical":"https:\/\/earlyfeednutrition.com\/es\/what-we-do\/swine\/","og_locale":"es_ES","og_type":"article","og_title":"Cerdos - Earlyfeed","og_description":"CONC\u00c9NTRESE EN LA SALUD INTESTINAL DESDE EL PRINCIPIO Es un hecho bien conocido que la maduraci\u00f3n temprana del tracto gastrointestinal es crucial para el crecimiento \u00f3ptimo y saludable de los lechones. Estimular la salud intestinal de los lechones comienza con una alimentaci\u00f3n precisa de la cerda y contin\u00faa con conceptos inteligentes para promover la ingesta [&hellip;]","og_url":"https:\/\/earlyfeednutrition.com\/es\/what-we-do\/swine\/","og_site_name":"Earlyfeed","article_modified_time":"2021-09-01T07:55:54+00:00","twitter_card":"summary_large_image","twitter_misc":{"Est. reading time":"1 minute"},"schema":{"@context":"https:\/\/schema.org","@graph":[{"@type":"WebPage","@id":"https:\/\/earlyfeednutrition.com\/es\/what-we-do\/swine\/","url":"https:\/\/earlyfeednutrition.com\/es\/what-we-do\/swine\/","name":"Cerdos - Earlyfeed","isPartOf":{"@id":"https:\/\/earlyfeednutrition.com\/es\/#website"},"datePublished":"2020-11-05T16:06:10+00:00","dateModified":"2021-09-01T07:55:54+00:00","breadcrumb":{"@id":"https:\/\/earlyfeednutrition.com\/es\/what-we-do\/swine\/#breadcrumb"},"inLanguage":"es-ES","potentialAction":[{"@type":"ReadAction","target":["https:\/\/earlyfeednutrition.com\/es\/what-we-do\/swine\/"]}]},{"@type":"BreadcrumbList","@id":"https:\/\/earlyfeednutrition.com\/es\/what-we-do\/swine\/#breadcrumb","itemListElement":[{"@type":"ListItem","position":1,"name":"Incio","item":"https:\/\/earlyfeednutrition.com\/es\/"},{"@type":"ListItem","position":2,"name":"Lo que hacemos","item":"https:\/\/www.earlyfeednutrition.com\/es\/what-we-do\/"},{"@type":"ListItem","position":3,"name":"Cerdos"}]},{"@type":"WebSite","@id":"https:\/\/earlyfeednutrition.com\/es\/#website","url":"https:\/\/earlyfeednutrition.com\/es\/","name":"Earlyfeed","description":"Right from the start","potentialAction":[{"@type":"SearchAction","target":{"@type":"EntryPoint","urlTemplate":"https:\/\/earlyfeednutrition.com\/es\/?s={search_term_string}"},"query-input":{"@type":"PropertyValueSpecification","valueRequired":true,"valueName":"search_term_string"}}],"inLanguage":"es-ES"}]}},"_links":{"self":[{"href":"https:\/\/earlyfeednutrition.com\/es\/wp-json\/wp\/v2\/pages\/14797","targetHints":{"allow":["GET"]}}],"collection":[{"href":"https:\/\/earlyfeednutrition.com\/es\/wp-json\/wp\/v2\/pages"}],"about":[{"href":"https:\/\/earlyfeednutrition.com\/es\/wp-json\/wp\/v2\/types\/page"}],"author":[{"embeddable":true,"href":"https:\/\/earlyfeednutrition.com\/es\/wp-json\/wp\/v2\/users\/1"}],"replies":[{"embeddable":true,"href":"https:\/\/earlyfeednutrition.com\/es\/wp-json\/wp\/v2\/comments?post=14797"}],"version-history":[{"count":5,"href":"https:\/\/earlyfeednutrition.com\/es\/wp-json\/wp\/v2\/pages\/14797\/revisions"}],"predecessor-version":[{"id":16143,"href":"https:\/\/earlyfeednutrition.com\/es\/wp-json\/wp\/v2\/pages\/14797\/revisions\/16143"}],"up":[{"embeddable":true,"href":"https:\/\/earlyfeednutrition.com\/es\/wp-json\/wp\/v2\/pages\/14783"}],"wp:attachment":[{"href":"https:\/\/earlyfeednutrition.com\/es\/wp-json\/wp\/v2\/media?parent=14797"}],"wp:term":[{"taxonomy":"country","embeddable":true,"href":"https:\/\/earlyfeednutrition.com\/es\/wp-json\/wp\/v2\/country?post=14797"}],"curies":[{"name":"wp","href":"https:\/\/api.w.org\/{rel}","templated":true}]}}