{"id":14792,"date":"2020-11-05T16:05:40","date_gmt":"2020-11-05T16:05:40","guid":{"rendered":"https:\/\/earlyfeednutrition.com\/what-we-do\/ruminants\/"},"modified":"2025-04-28T13:29:24","modified_gmt":"2025-04-28T12:29:24","slug":"ruminants","status":"publish","type":"page","link":"https:\/\/earlyfeednutrition.com\/es\/what-we-do\/ruminants\/","title":{"rendered":"Rumiantes"},"content":{"rendered":"<section class=\"section section--gutenberg section--gutenberg-nomargin wp-block-heading\">\n<h2><span style=\"font-family: bebas-neue-rounded, &quot;Roboto&quot;, &quot;Open Sans&quot;, &quot;Helvetica&quot;, &quot;Arial&quot;, sans-serif;\" class=\"font-family\"><span style=\"color: #3A261B\" class=\"text-color\">EL TIEMPO ES DINERO<\/span><\/span><\/h2>\n<\/section>\n\n<section class=\"section section--gutenberg section--gutenberg-nomargin wp-block-paragraph\">\n<p><span style=\"font-family: &quot;Roboto&quot;, &quot;Open Sans&quot;, &quot;Helvetica&quot;, &quot;Arial&quot;, sans-serif;\" class=\"font-family\">De media, una vaca tiene 24 meses de vida en su primer parto. Hasta ese momento, el ternero es un coste para el agricultor. Acelerar este proceso de crecimiento ayuda a maximizar la eficiencia y optimizar la rentabilidad. El r\u00e1pido crecimiento de los terneros da lugar a una inseminaci\u00f3n m\u00e1s temprana. Adem\u00e1s, la cr\u00eda acelerada de terneros a menudo conduce a un mejor crecimiento y a una producci\u00f3n de leche m\u00e1s eficiente.<\/span><\/p>\n<\/section>\n\n<section class=\"section section--gutenberg section--gutenberg-nomargin wp-block-heading\">\n<h2><span style=\"font-family: bebas-neue-rounded, &quot;Roboto&quot;, &quot;Open Sans&quot;, &quot;Helvetica&quot;, &quot;Arial&quot;, sans-serif;\" class=\"font-family\"><span style=\"color: #3A261B\" class=\"text-color\">EL RUMEN COMO MOTOR DE CRECIMIENTO&nbsp;<\/span><\/span><\/h2>\n<\/section>\n\n<section class=\"section section--gutenberg section--gutenberg-nomargin wp-block-paragraph\">\n<p>Nuestra investigaci\u00f3n sobre el sistema digestivo \u00fanico y complejo de los rumiantes ha demostrado que el desarrollo temprano del rumen es un mecanismo que puede actuar como poderoso motor del crecimiento. Bas\u00e1ndose en este conocimiento, Earlyfeed ha desarrollado soluciones nutricionales espec\u00edficas para que los terneros maximicen r\u00e1pidamente su suministro de energ\u00eda, sean resistentes a los pat\u00f3genos comunes y reduzcan el cl\u00e1sico baj\u00f3n de crecimiento tras el destete.<\/p>\n<\/section>","protected":false},"excerpt":{"rendered":"<p>EL TIEMPO ES DINERO De media, una vaca tiene 24 meses de vida en su primer parto. Hasta ese momento, el ternero es un coste para el agricultor. Acelerar este proceso de crecimiento ayuda a maximizar la eficiencia y optimizar la rentabilidad. El r\u00e1pido crecimiento de los terneros da lugar a una inseminaci\u00f3n m\u00e1s temprana. [&hellip;]<\/p>\n","protected":false},"author":1,"featured_media":0,"parent":14783,"menu_order":0,"comment_status":"closed","ping_status":"closed","template":"page-product-group.php","meta":{"_acf_changed":false,"footnotes":""},"country":[],"class_list":["post-14792","page","type-page","status-publish","hentry"],"acf":[],"yoast_head":"<!-- This site is optimized with the Yoast SEO plugin v27.0 - https:\/\/yoast.com\/product\/yoast-seo-wordpress\/ -->\n<title>Rumiantes - Earlyfeed<\/title>\n<meta name=\"robots\" content=\"index, follow, max-snippet:-1, max-image-preview:large, max-video-preview:-1\" \/>\n<link rel=\"canonical\" href=\"https:\/\/earlyfeednutrition.com\/es\/what-we-do\/ruminants\/\" \/>\n<meta property=\"og:locale\" content=\"es_ES\" \/>\n<meta property=\"og:type\" content=\"article\" \/>\n<meta property=\"og:title\" content=\"Rumiantes - Earlyfeed\" \/>\n<meta property=\"og:description\" content=\"EL TIEMPO ES DINERO De media, una vaca tiene 24 meses de vida en su primer parto. Hasta ese momento, el ternero es un coste para el agricultor. Acelerar este proceso de crecimiento ayuda a maximizar la eficiencia y optimizar la rentabilidad. El r\u00e1pido crecimiento de los terneros da lugar a una inseminaci\u00f3n m\u00e1s temprana. [&hellip;]\" \/>\n<meta property=\"og:url\" content=\"https:\/\/earlyfeednutrition.com\/es\/what-we-do\/ruminants\/\" \/>\n<meta property=\"og:site_name\" content=\"Earlyfeed\" \/>\n<meta property=\"article:modified_time\" content=\"2025-04-28T12:29:24+00:00\" \/>\n<meta name=\"twitter:card\" content=\"summary_large_image\" \/>\n<meta name=\"twitter:label1\" content=\"Est. reading time\" \/>\n\t<meta name=\"twitter:data1\" content=\"1 minute\" \/>\n<script type=\"application\/ld+json\" class=\"yoast-schema-graph\">{\"@context\":\"https:\/\/schema.org\",\"@graph\":[{\"@type\":\"WebPage\",\"@id\":\"https:\/\/earlyfeednutrition.com\/es\/what-we-do\/ruminants\/\",\"url\":\"https:\/\/earlyfeednutrition.com\/es\/what-we-do\/ruminants\/\",\"name\":\"Rumiantes - Earlyfeed\",\"isPartOf\":{\"@id\":\"https:\/\/earlyfeednutrition.com\/es\/#website\"},\"datePublished\":\"2020-11-05T16:05:40+00:00\",\"dateModified\":\"2025-04-28T12:29:24+00:00\",\"breadcrumb\":{\"@id\":\"https:\/\/earlyfeednutrition.com\/es\/what-we-do\/ruminants\/#breadcrumb\"},\"inLanguage\":\"es-ES\",\"potentialAction\":[{\"@type\":\"ReadAction\",\"target\":[\"https:\/\/earlyfeednutrition.com\/es\/what-we-do\/ruminants\/\"]}]},{\"@type\":\"BreadcrumbList\",\"@id\":\"https:\/\/earlyfeednutrition.com\/es\/what-we-do\/ruminants\/#breadcrumb\",\"itemListElement\":[{\"@type\":\"ListItem\",\"position\":1,\"name\":\"Incio\",\"item\":\"https:\/\/earlyfeednutrition.com\/es\/\"},{\"@type\":\"ListItem\",\"position\":2,\"name\":\"Lo que hacemos\",\"item\":\"https:\/\/www.earlyfeednutrition.com\/es\/what-we-do\/\"},{\"@type\":\"ListItem\",\"position\":3,\"name\":\"Rumiantes\"}]},{\"@type\":\"WebSite\",\"@id\":\"https:\/\/earlyfeednutrition.com\/es\/#website\",\"url\":\"https:\/\/earlyfeednutrition.com\/es\/\",\"name\":\"Earlyfeed\",\"description\":\"Right from the start\",\"potentialAction\":[{\"@type\":\"SearchAction\",\"target\":{\"@type\":\"EntryPoint\",\"urlTemplate\":\"https:\/\/earlyfeednutrition.com\/es\/?s={search_term_string}\"},\"query-input\":{\"@type\":\"PropertyValueSpecification\",\"valueRequired\":true,\"valueName\":\"search_term_string\"}}],\"inLanguage\":\"es-ES\"}]}<\/script>\n<!-- \/ Yoast SEO plugin. -->","yoast_head_json":{"title":"Rumiantes - Earlyfeed","robots":{"index":"index","follow":"follow","max-snippet":"max-snippet:-1","max-image-preview":"max-image-preview:large","max-video-preview":"max-video-preview:-1"},"canonical":"https:\/\/earlyfeednutrition.com\/es\/what-we-do\/ruminants\/","og_locale":"es_ES","og_type":"article","og_title":"Rumiantes - Earlyfeed","og_description":"EL TIEMPO ES DINERO De media, una vaca tiene 24 meses de vida en su primer parto. Hasta ese momento, el ternero es un coste para el agricultor. Acelerar este proceso de crecimiento ayuda a maximizar la eficiencia y optimizar la rentabilidad. El r\u00e1pido crecimiento de los terneros da lugar a una inseminaci\u00f3n m\u00e1s temprana. [&hellip;]","og_url":"https:\/\/earlyfeednutrition.com\/es\/what-we-do\/ruminants\/","og_site_name":"Earlyfeed","article_modified_time":"2025-04-28T12:29:24+00:00","twitter_card":"summary_large_image","twitter_misc":{"Est. reading time":"1 minute"},"schema":{"@context":"https:\/\/schema.org","@graph":[{"@type":"WebPage","@id":"https:\/\/earlyfeednutrition.com\/es\/what-we-do\/ruminants\/","url":"https:\/\/earlyfeednutrition.com\/es\/what-we-do\/ruminants\/","name":"Rumiantes - Earlyfeed","isPartOf":{"@id":"https:\/\/earlyfeednutrition.com\/es\/#website"},"datePublished":"2020-11-05T16:05:40+00:00","dateModified":"2025-04-28T12:29:24+00:00","breadcrumb":{"@id":"https:\/\/earlyfeednutrition.com\/es\/what-we-do\/ruminants\/#breadcrumb"},"inLanguage":"es-ES","potentialAction":[{"@type":"ReadAction","target":["https:\/\/earlyfeednutrition.com\/es\/what-we-do\/ruminants\/"]}]},{"@type":"BreadcrumbList","@id":"https:\/\/earlyfeednutrition.com\/es\/what-we-do\/ruminants\/#breadcrumb","itemListElement":[{"@type":"ListItem","position":1,"name":"Incio","item":"https:\/\/earlyfeednutrition.com\/es\/"},{"@type":"ListItem","position":2,"name":"Lo que hacemos","item":"https:\/\/www.earlyfeednutrition.com\/es\/what-we-do\/"},{"@type":"ListItem","position":3,"name":"Rumiantes"}]},{"@type":"WebSite","@id":"https:\/\/earlyfeednutrition.com\/es\/#website","url":"https:\/\/earlyfeednutrition.com\/es\/","name":"Earlyfeed","description":"Right from the start","potentialAction":[{"@type":"SearchAction","target":{"@type":"EntryPoint","urlTemplate":"https:\/\/earlyfeednutrition.com\/es\/?s={search_term_string}"},"query-input":{"@type":"PropertyValueSpecification","valueRequired":true,"valueName":"search_term_string"}}],"inLanguage":"es-ES"}]}},"_links":{"self":[{"href":"https:\/\/earlyfeednutrition.com\/es\/wp-json\/wp\/v2\/pages\/14792","targetHints":{"allow":["GET"]}}],"collection":[{"href":"https:\/\/earlyfeednutrition.com\/es\/wp-json\/wp\/v2\/pages"}],"about":[{"href":"https:\/\/earlyfeednutrition.com\/es\/wp-json\/wp\/v2\/types\/page"}],"author":[{"embeddable":true,"href":"https:\/\/earlyfeednutrition.com\/es\/wp-json\/wp\/v2\/users\/1"}],"replies":[{"embeddable":true,"href":"https:\/\/earlyfeednutrition.com\/es\/wp-json\/wp\/v2\/comments?post=14792"}],"version-history":[{"count":6,"href":"https:\/\/earlyfeednutrition.com\/es\/wp-json\/wp\/v2\/pages\/14792\/revisions"}],"predecessor-version":[{"id":28536,"href":"https:\/\/earlyfeednutrition.com\/es\/wp-json\/wp\/v2\/pages\/14792\/revisions\/28536"}],"up":[{"embeddable":true,"href":"https:\/\/earlyfeednutrition.com\/es\/wp-json\/wp\/v2\/pages\/14783"}],"wp:attachment":[{"href":"https:\/\/earlyfeednutrition.com\/es\/wp-json\/wp\/v2\/media?parent=14792"}],"wp:term":[{"taxonomy":"country","embeddable":true,"href":"https:\/\/earlyfeednutrition.com\/es\/wp-json\/wp\/v2\/country?post=14792"}],"curies":[{"name":"wp","href":"https:\/\/api.w.org\/{rel}","templated":true}]}}