{"id":14786,"date":"2020-11-05T16:00:36","date_gmt":"2020-11-05T16:00:36","guid":{"rendered":"https:\/\/earlyfeednutrition.com\/what-we-do\/poultry\/"},"modified":"2021-09-01T08:00:46","modified_gmt":"2021-09-01T08:00:46","slug":"poultry","status":"publish","type":"page","link":"https:\/\/earlyfeednutrition.com\/es\/what-we-do\/poultry\/","title":{"rendered":"Aves de corral"},"content":{"rendered":"<section class=\"section section--gutenberg section--gutenberg-nomargin wp-block-heading\">\n<h2><span style=\"color: #3A261B\" class=\"text-color\"><span style=\"font-family: bebas-neue-rounded, &quot;Roboto&quot;, &quot;Open Sans&quot;, &quot;Helvetica&quot;, &quot;Arial&quot;, sans-serif;\" class=\"font-family\">No existe tal cosa como &#8216;demasiado temprano&#8217;<\/span><\/span><\/h2>\n<\/section>\n\n<section class=\"section section--gutenberg section--gutenberg-nomargin wp-block-paragraph\">\n<p><span style=\"font-family: &quot;Roboto&quot;, &quot;Open Sans&quot;, &quot;Helvetica&quot;, &quot;Arial&quot;, sans-serif;\" class=\"font-family\">Si quieres darle a tus pollitos la capacidad de desarrollar adecuadamente su organismo, no puedes intervenir demasiado pronto. Puedes, desafortunadamente, actuar demasiado tarde. Tanto la investigaci\u00f3n cient\u00edfica como la experiencia de campo nos han ense\u00f1ado que las primeras 24 a 72 horas de la vida de un pollito definen en gran medida su rendimiento posterior. Aunque la naturaleza proporciona al pollito nutrientes en forma de un saco vitelino residual, \u00e9sta reserva natural s\u00f3lo est\u00e1 destinada a evitar que el polluelo se muera de hambre. No basta con preparar al polluelo para sobrevivir y prosperar en el desafiante entorno de producci\u00f3n de una granja av\u00edcola comercial.<\/span><\/p>\n<\/section>\n\n<section class=\"section section--gutenberg section--gutenberg-nomargin wp-block-heading\">\n<h2><span style=\"color: #3A261B\" class=\"text-color\"><span style=\"font-family: bebas-neue-rounded, &quot;Roboto&quot;, &quot;Open Sans&quot;, &quot;Helvetica&quot;, &quot;Arial&quot;, sans-serif;\" class=\"font-family\">Un poco de ayuda de un amigo<\/span><\/span><\/h2>\n<\/section>\n\n<section class=\"section section--gutenberg section--gutenberg-nomargin wp-block-paragraph\">\n<p><span style=\"font-family: &quot;Roboto&quot;, &quot;Open Sans&quot;, &quot;Helvetica&quot;, &quot;Arial&quot;, sans-serif;\" class=\"font-family\">La buena noticia: un mont\u00f3n de pollitos (y probablemente m\u00e1s de lo que est\u00e1s acostumbrado) pueden salir adelante, a pesar de los factores de estr\u00e9s en sus primeros a\u00f1os de vida. Todo lo que necesitan es un poco de ayuda. Los conceptos de Earlyfeed para los pollitos de un d\u00eda de vida han sido cuidadosamente desarrollados para armonizar las necesidades del pollito con las demandas del ciclo de vida.<\/span><\/p>\n<\/section>\n\n<section class=\"section section--gutenberg section--gutenberg-nomargin wp-block-paragraph\">\n<p><span style=\"font-family: &quot;Roboto&quot;, &quot;Open Sans&quot;, &quot;Helvetica&quot;, &quot;Arial&quot;, sans-serif;\" class=\"font-family\">Nuestras soluciones, cuando se aplican adecuadamente, dan como resultado una ingesta r\u00e1pida y estable de piensos y una transici\u00f3n suave de la nutrici\u00f3n desde el saco vitelino al pienso. La composici\u00f3n de nutrientes permite un desarrollo intestinal r\u00e1pido y equilibrado sin ejercer demasiada presi\u00f3n sobre el TGI y la estabilidad microfloral de los animales j\u00f3venes. El objetivo final: que los pollitos est\u00e9n comiendo tan pronto como sea posible, lo que resulta en un alto rendimiento productivo durante todo el ciclo de vida.<\/span><\/p>\n<\/section>","protected":false},"excerpt":{"rendered":"<p>No existe tal cosa como &#8216;demasiado temprano&#8217; Si quieres darle a tus pollitos la capacidad de desarrollar adecuadamente su organismo, no puedes intervenir demasiado pronto. Puedes, desafortunadamente, actuar demasiado tarde. Tanto la investigaci\u00f3n cient\u00edfica como la experiencia de campo nos han ense\u00f1ado que las primeras 24 a 72 horas de la vida de un pollito [&hellip;]<\/p>\n","protected":false},"author":1,"featured_media":0,"parent":14783,"menu_order":0,"comment_status":"closed","ping_status":"closed","template":"page-product-group.php","meta":{"_acf_changed":false,"footnotes":""},"country":[],"class_list":["post-14786","page","type-page","status-publish","hentry"],"acf":[],"yoast_head":"<!-- This site is optimized with the Yoast SEO plugin v27.0 - https:\/\/yoast.com\/product\/yoast-seo-wordpress\/ -->\n<title>Aves de corral - Earlyfeed<\/title>\n<meta name=\"robots\" content=\"index, follow, max-snippet:-1, max-image-preview:large, max-video-preview:-1\" \/>\n<link rel=\"canonical\" href=\"https:\/\/earlyfeednutrition.com\/es\/what-we-do\/poultry\/\" \/>\n<meta property=\"og:locale\" content=\"es_ES\" \/>\n<meta property=\"og:type\" content=\"article\" \/>\n<meta property=\"og:title\" content=\"Aves de corral - Earlyfeed\" \/>\n<meta property=\"og:description\" content=\"No existe tal cosa como &#8216;demasiado temprano&#8217; Si quieres darle a tus pollitos la capacidad de desarrollar adecuadamente su organismo, no puedes intervenir demasiado pronto. Puedes, desafortunadamente, actuar demasiado tarde. Tanto la investigaci\u00f3n cient\u00edfica como la experiencia de campo nos han ense\u00f1ado que las primeras 24 a 72 horas de la vida de un pollito [&hellip;]\" \/>\n<meta property=\"og:url\" content=\"https:\/\/earlyfeednutrition.com\/es\/what-we-do\/poultry\/\" \/>\n<meta property=\"og:site_name\" content=\"Earlyfeed\" \/>\n<meta property=\"article:modified_time\" content=\"2021-09-01T08:00:46+00:00\" \/>\n<meta name=\"twitter:card\" content=\"summary_large_image\" \/>\n<meta name=\"twitter:label1\" content=\"Est. reading time\" \/>\n\t<meta name=\"twitter:data1\" content=\"2 minutes\" \/>\n<script type=\"application\/ld+json\" class=\"yoast-schema-graph\">{\"@context\":\"https:\/\/schema.org\",\"@graph\":[{\"@type\":\"WebPage\",\"@id\":\"https:\/\/earlyfeednutrition.com\/es\/what-we-do\/poultry\/\",\"url\":\"https:\/\/earlyfeednutrition.com\/es\/what-we-do\/poultry\/\",\"name\":\"Aves de corral - Earlyfeed\",\"isPartOf\":{\"@id\":\"https:\/\/earlyfeednutrition.com\/es\/#website\"},\"datePublished\":\"2020-11-05T16:00:36+00:00\",\"dateModified\":\"2021-09-01T08:00:46+00:00\",\"breadcrumb\":{\"@id\":\"https:\/\/earlyfeednutrition.com\/es\/what-we-do\/poultry\/#breadcrumb\"},\"inLanguage\":\"es-ES\",\"potentialAction\":[{\"@type\":\"ReadAction\",\"target\":[\"https:\/\/earlyfeednutrition.com\/es\/what-we-do\/poultry\/\"]}]},{\"@type\":\"BreadcrumbList\",\"@id\":\"https:\/\/earlyfeednutrition.com\/es\/what-we-do\/poultry\/#breadcrumb\",\"itemListElement\":[{\"@type\":\"ListItem\",\"position\":1,\"name\":\"Incio\",\"item\":\"https:\/\/earlyfeednutrition.com\/es\/\"},{\"@type\":\"ListItem\",\"position\":2,\"name\":\"Lo que hacemos\",\"item\":\"https:\/\/www.earlyfeednutrition.com\/es\/what-we-do\/\"},{\"@type\":\"ListItem\",\"position\":3,\"name\":\"Aves de corral\"}]},{\"@type\":\"WebSite\",\"@id\":\"https:\/\/earlyfeednutrition.com\/es\/#website\",\"url\":\"https:\/\/earlyfeednutrition.com\/es\/\",\"name\":\"Earlyfeed\",\"description\":\"Right from the start\",\"potentialAction\":[{\"@type\":\"SearchAction\",\"target\":{\"@type\":\"EntryPoint\",\"urlTemplate\":\"https:\/\/earlyfeednutrition.com\/es\/?s={search_term_string}\"},\"query-input\":{\"@type\":\"PropertyValueSpecification\",\"valueRequired\":true,\"valueName\":\"search_term_string\"}}],\"inLanguage\":\"es-ES\"}]}<\/script>\n<!-- \/ Yoast SEO plugin. -->","yoast_head_json":{"title":"Aves de corral - Earlyfeed","robots":{"index":"index","follow":"follow","max-snippet":"max-snippet:-1","max-image-preview":"max-image-preview:large","max-video-preview":"max-video-preview:-1"},"canonical":"https:\/\/earlyfeednutrition.com\/es\/what-we-do\/poultry\/","og_locale":"es_ES","og_type":"article","og_title":"Aves de corral - Earlyfeed","og_description":"No existe tal cosa como &#8216;demasiado temprano&#8217; Si quieres darle a tus pollitos la capacidad de desarrollar adecuadamente su organismo, no puedes intervenir demasiado pronto. Puedes, desafortunadamente, actuar demasiado tarde. Tanto la investigaci\u00f3n cient\u00edfica como la experiencia de campo nos han ense\u00f1ado que las primeras 24 a 72 horas de la vida de un pollito [&hellip;]","og_url":"https:\/\/earlyfeednutrition.com\/es\/what-we-do\/poultry\/","og_site_name":"Earlyfeed","article_modified_time":"2021-09-01T08:00:46+00:00","twitter_card":"summary_large_image","twitter_misc":{"Est. reading time":"2 minutes"},"schema":{"@context":"https:\/\/schema.org","@graph":[{"@type":"WebPage","@id":"https:\/\/earlyfeednutrition.com\/es\/what-we-do\/poultry\/","url":"https:\/\/earlyfeednutrition.com\/es\/what-we-do\/poultry\/","name":"Aves de corral - Earlyfeed","isPartOf":{"@id":"https:\/\/earlyfeednutrition.com\/es\/#website"},"datePublished":"2020-11-05T16:00:36+00:00","dateModified":"2021-09-01T08:00:46+00:00","breadcrumb":{"@id":"https:\/\/earlyfeednutrition.com\/es\/what-we-do\/poultry\/#breadcrumb"},"inLanguage":"es-ES","potentialAction":[{"@type":"ReadAction","target":["https:\/\/earlyfeednutrition.com\/es\/what-we-do\/poultry\/"]}]},{"@type":"BreadcrumbList","@id":"https:\/\/earlyfeednutrition.com\/es\/what-we-do\/poultry\/#breadcrumb","itemListElement":[{"@type":"ListItem","position":1,"name":"Incio","item":"https:\/\/earlyfeednutrition.com\/es\/"},{"@type":"ListItem","position":2,"name":"Lo que hacemos","item":"https:\/\/www.earlyfeednutrition.com\/es\/what-we-do\/"},{"@type":"ListItem","position":3,"name":"Aves de corral"}]},{"@type":"WebSite","@id":"https:\/\/earlyfeednutrition.com\/es\/#website","url":"https:\/\/earlyfeednutrition.com\/es\/","name":"Earlyfeed","description":"Right from the start","potentialAction":[{"@type":"SearchAction","target":{"@type":"EntryPoint","urlTemplate":"https:\/\/earlyfeednutrition.com\/es\/?s={search_term_string}"},"query-input":{"@type":"PropertyValueSpecification","valueRequired":true,"valueName":"search_term_string"}}],"inLanguage":"es-ES"}]}},"_links":{"self":[{"href":"https:\/\/earlyfeednutrition.com\/es\/wp-json\/wp\/v2\/pages\/14786","targetHints":{"allow":["GET"]}}],"collection":[{"href":"https:\/\/earlyfeednutrition.com\/es\/wp-json\/wp\/v2\/pages"}],"about":[{"href":"https:\/\/earlyfeednutrition.com\/es\/wp-json\/wp\/v2\/types\/page"}],"author":[{"embeddable":true,"href":"https:\/\/earlyfeednutrition.com\/es\/wp-json\/wp\/v2\/users\/1"}],"replies":[{"embeddable":true,"href":"https:\/\/earlyfeednutrition.com\/es\/wp-json\/wp\/v2\/comments?post=14786"}],"version-history":[{"count":4,"href":"https:\/\/earlyfeednutrition.com\/es\/wp-json\/wp\/v2\/pages\/14786\/revisions"}],"predecessor-version":[{"id":16144,"href":"https:\/\/earlyfeednutrition.com\/es\/wp-json\/wp\/v2\/pages\/14786\/revisions\/16144"}],"up":[{"embeddable":true,"href":"https:\/\/earlyfeednutrition.com\/es\/wp-json\/wp\/v2\/pages\/14783"}],"wp:attachment":[{"href":"https:\/\/earlyfeednutrition.com\/es\/wp-json\/wp\/v2\/media?parent=14786"}],"wp:term":[{"taxonomy":"country","embeddable":true,"href":"https:\/\/earlyfeednutrition.com\/es\/wp-json\/wp\/v2\/country?post=14786"}],"curies":[{"name":"wp","href":"https:\/\/api.w.org\/{rel}","templated":true}]}}