{"id":14768,"date":"2019-08-29T19:20:04","date_gmt":"2019-08-29T19:20:04","guid":{"rendered":"https:\/\/earlyfeednutrition.com\/privacy-policy\/"},"modified":"2021-04-22T14:01:07","modified_gmt":"2021-04-22T14:01:07","slug":"privacy-policy","status":"publish","type":"page","link":"https:\/\/earlyfeednutrition.com\/es\/privacy-policy\/","title":{"rendered":"T\u00e9rminos de privacidad"},"content":{"rendered":"<section class=\"section section--gutenberg section--gutenberg-nomargin wp-block-paragraph\">\n<p>Agrifirm (Grupo Agrifirm B.V. y\/o sus empresas afiliadas) concede gran importancia a la privacidad de los usuarios de la aplicaci\u00f3n y visitantes del sitio web. Agrifirm (Agrifirm Group B.V. y\/o sus empresas afiliadas) procesa datos personales de los usuarios que visitan nuestro sitio web y utilizan nuestra aplicaci\u00f3n. En esta declaraci\u00f3n nos gustar\u00eda informarle sobre qu\u00e9 datos procesamos y por qu\u00e9. Agrifirm (Agrifirm Group B.V. y\/o sus empresas afiliadas) es responsable del tratamiento de sus datos personales.<\/p>\n<\/section>\n\n<section class=\"section section--gutenberg section--gutenberg-nomargin wp-block-paragraph\">\n<p>Lea esta informaci\u00f3n detenidamente para que entienda c\u00f3mo procesamos los datos y cu\u00e1les son sus derechos. Aplicamos una serie de valores fundamentales para garantizar su privacidad lo mejor posible.<\/p>\n<\/section>\n\n<section class=\"section section--gutenberg section--gutenberg-nomargin wp-block-paragraph\">\n<p><strong>Informar <\/strong>\u2013 Queremos informarle lo mejor posible c\u00f3mo y por qu\u00e9 procesamos los datos personales. Hacemos esto a trav\u00e9s de la declaraci\u00f3n de privacidad.<br><strong>Limitar la recopilaci\u00f3n<\/strong> \u2013 Nos aseguramos de que nuestra recopilaci\u00f3n de datos personales se limite a s\u00f3lo lo que realmente es necesario para el correcto funcionamiento de la aplicaci\u00f3n y los servicios y productos que ha solicitado.<br><strong>Sin marketing basado en datos personales<\/strong> \u2013 No vendemos datos personales a terceros.<br><strong>Seguridad <\/strong>\u2013 Tomamos las medidas de seguridad adecuadas para proteger sus datos personales y tambi\u00e9n lo requerimos de las partes que procesan datos personales en nuestro nombre.<br><strong>Derecho de acceso y correcci\u00f3n<\/strong> \u2013 Respetamos su derecho a acceder, corregir o eliminar sus datos personales.<\/p>\n<\/section>\n\n\n<ol class=\"wp-block-list\"><li><strong>Uso de datos personales<\/strong><\/li><\/ol>\n\n\n<section class=\"section section--gutenberg section--gutenberg-nomargin wp-block-paragraph\">\n<p>Hay dos categor\u00edas generales de informaci\u00f3n que recopilamos y\/o solicitamos.<\/p>\n<\/section>\n\n<section class=\"section section--gutenberg section--gutenberg-nomargin wp-block-paragraph\">\n<p>Categor\u00eda 1: Informaci\u00f3n que usted nos da. Procesamos los datos que recibimos de usted. Por ejemplo, cuando se registre como usuario, reg\u00edstrese para recibir un bolet\u00edn informativo o cuando se ponga en contacto con nosotros.<br>Informaci\u00f3n de la cuenta \u2013 Para utilizar nuestra aplicaci\u00f3n o ciertas partes de nuestros sitios web, debe crear una cuenta, nos proporciona cierta informaci\u00f3n, por ejemplo, su direcci\u00f3n de correo electr\u00f3nico y su nombre.<\/p>\n<\/section>\n\n<section class=\"section section--gutenberg section--gutenberg-nomargin wp-block-paragraph\">\n<p>\u2022 <strong>Informaci\u00f3n de perfil<\/strong> \u2013 Para que podamos prestar nuestros servicios y para que usted utilice nuestros servicios, le pediremos que proporcione cierta informaci\u00f3n, por ejemplo, su nombre completo, direcci\u00f3n de correo electr\u00f3nico, n\u00famero de tel\u00e9fono, direcci\u00f3n, edad y\/o fecha de nacimiento, n\u00famero de cuenta bancaria, n\u00famero de IVA y n\u00famero de C\u00e1mara de Comercio de su empresa. Necesitamos esta informaci\u00f3n para contactar con usted, pero tambi\u00e9n para asegurarnos de que podemos proporcionar los servicios que se nos requieren.<br>\u2022 <strong>Informaci\u00f3n de comunicaci\u00f3n<\/strong>: cuando se pone en contacto con nosotros o cuando nos ponemos en contacto con usted, recopilamos informaci\u00f3n sobre el motivo de este contacto y cualquier informaci\u00f3n que nos proporcione por tel\u00e9fono o correo electr\u00f3nico.<br>\u2022 <strong>Otra informaci\u00f3n<\/strong> \u2013 Podemos pedirle que nos proporcione comentarios sobre nuestros servicios a trav\u00e9s de un correo electr\u00f3nico o una encuesta en l\u00ednea. Valoramos los comentarios y solo procesamos los datos personales que podamos recopilar nosotros o en nuestro nombre con fines internos para mejorar nuestros servicios.<\/p>\n<\/section>\n\n<section class=\"section section--gutenberg section--gutenberg-nomargin wp-block-heading\">\n<h3>Declaraci\u00f3n de privacidad<\/h3>\n<\/section>\n\n<section class=\"section section--gutenberg section--gutenberg-nomargin wp-block-paragraph\">\n<p><strong>Categor\u00eda 2: Informaci\u00f3n que recopilamos autom\u00e1ticamente<br><\/strong>Cuando utiliza nuestro sitio web o aplicaci\u00f3n, recopilamos informaci\u00f3n sobre sus actividades, como su comportamiento de clic, p\u00e1ginas visitadas e informaci\u00f3n sobre su dispositivo con el fin de proporcionarle el mejor servicio posible. Dicha informaci\u00f3n nos permite descubrir lo que le interesa y personalizar nuestros servicios para usted y remediar cualquier inconveniente.<\/p>\n<\/section>\n\n<section class=\"section section--gutenberg section--gutenberg-nomargin wp-block-paragraph\">\n<p><strong>Datos de registro. <\/strong>Recopilamos autom\u00e1ticamente cierta informaci\u00f3n proporcionada por su navegador de Internet cuando utiliza nuestro sitio web o aplicaci\u00f3n. Esta informaci\u00f3n incluye: detalles sobre c\u00f3mo utiliza nuestro sitio web o aplicaci\u00f3n (incluidos enlaces para aplicaciones de terceros), horarios de visita e informaci\u00f3n sobre el dispositivo que ha utilizado y posiblemente la ubicaci\u00f3n del dispositivo para evitar el uso indebido.<\/p>\n<\/section>\n\n<section class=\"section section--gutenberg section--gutenberg-nomargin wp-block-paragraph\">\n<p><strong>Cookies. <\/strong>Utilizamos cookies o t\u00e9cnicas similares en la aplicaci\u00f3n y el sitio web. Una cookie es un peque\u00f1o archivo simple que se env\u00eda junto con las p\u00e1ginas de esta aplicaci\u00f3n y sitio web y es almacenado por su navegador en el disco duro de su ordenador. La informaci\u00f3n almacenada en los mismos puede ser enviada de vuelta a nuestros servidores o a los de los terceros pertinentes en una visita posterior. Siempre puede eliminar manualmente las cookies de su ordenador y tambi\u00e9n puede bloquear las cookies. Busque en &#8220;Opciones de Internet&#8221; en su navegador si decide eliminar o bloquear las cookies. Si no acepta el uso de cookies, esto puede afectar al funcionamiento de la aplicaci\u00f3n o del sitio web.<\/p>\n<\/section>\n\n<section class=\"section section--gutenberg section--gutenberg-nomargin wp-block-paragraph\">\n<p><strong>2.<\/strong> <strong>Fines para los que se utiliza informaci\u00f3n<\/strong><\/p>\n<\/section>\n\n<section class=\"section section--gutenberg section--gutenberg-nomargin wp-block-paragraph\">\n<p>En primer lugar, utilizamos sus datos para cumplir con nuestras obligaciones contractuales con usted y para garantizar que nuestros servicios se le ofrezcan de la mejor manera posible (inter\u00e9s leg\u00edtimo). En este contexto, utilizamos sus datos para:<\/p>\n<\/section>\n\n\n<ol class=\"wp-block-list\"><li>Creaci\u00f3n de su cuenta;<\/li><li>Iniciar sesi\u00f3n en su cuenta;<\/li><li>Solicitar y realizar nuestros servicios;<\/li><li>Realizar un pedido de productos y\/o servicios;<\/li><li>Realizar un seguimiento de las preferencias que ha indicado;<\/li><li>Env\u00edo de un bolet\u00edn informativo;<\/li><li>Mejorar nuestros servicios, la seguridad y la prevenci\u00f3n del fraude;<\/li><li>Realizar otros servicios, solicitados por usted;<\/li><li>Visualizaci\u00f3n \u00f3ptima del sitio web o aplicaci\u00f3n en su navegador de Internet y el dispositivo que est\u00e1 utilizando;<\/li><li>Proporcionar servicio al cliente a trav\u00e9s de diferentes canales;<\/li><li>Su identificaci\u00f3n;<\/li><li>Mantener nuestra administraci\u00f3n interna en orden y cumplir con nuestras obligaciones legales.<\/li><\/ol>\n\n\n<section class=\"section section--gutenberg section--gutenberg-nomargin wp-block-paragraph\">\n<p><br><strong>3. Disposici\u00f3n a terceros<\/strong><\/p>\n<\/section>\n\n<section class=\"section section--gutenberg section--gutenberg-nomargin wp-block-paragraph\">\n<p>Sus datos no se proporcionar\u00e1n expl\u00edcitamente a terceros, excepto a terceros involucrados en la ejecuci\u00f3n del acuerdo entre usted y nosotros. Se trata de terceros que prestan servicios para nosotros y tambi\u00e9n procesan datos personales en ese contexto. Por ejemplo, los procesadores pueden proporcionarnos servicios de pago, publicidad, atenci\u00f3n al cliente o de ventas, apoyarnos en el env\u00edo de correos electr\u00f3nicos o analizar comentarios, y ayudarnos a proteger nuestro sitio web o aplicaci\u00f3n.<\/p>\n<\/section>\n\n<section class=\"section section--gutenberg section--gutenberg-nomargin wp-block-paragraph\">\n<p><br>Los encargados del tratamiento tienen un deber de confidencialidad y solo pueden utilizar los datos espec\u00edficos para proporcionarnos servicios en nuestras instrucciones. Una disposici\u00f3n legal o una solicitud de las autoridades tambi\u00e9n puede obligarnos a compartir datos con terceros.<\/p>\n<\/section>\n\n<section class=\"section section--gutenberg section--gutenberg-nomargin wp-block-paragraph\">\n<p><strong>4. <strong>Seguridad<\/strong><\/strong><\/p>\n<\/section>\n\n<section class=\"section section--gutenberg section--gutenberg-nomargin wp-block-paragraph\">\n<p>Tomamos medidas de seguridad para limitar el uso indebido y el acceso no autorizado a los datos personales. Nos tomamos en serio la seguridad de sus datos y contamos con procedimientos de seguridad y restricciones t\u00e9cnicas para proteger sus datos del acceso no autorizado, destrucci\u00f3n o alteraci\u00f3n. Adem\u00e1s de las medidas de seguridad de nuestro lado, como el cifrado de sus datos, le recomendamos que seleccione cuidadosamente una contrase\u00f1a y aseg\u00farese de que sus datos de inicio de sesi\u00f3n permanezcan en secreto.<\/p>\n<\/section>\n\n<section class=\"section section--gutenberg section--gutenberg-nomargin wp-block-paragraph\">\n<p><strong>5. Per\u00edodo de retenci\u00f3n<\/strong><\/p>\n<\/section>\n\n<section class=\"section section--gutenberg section--gutenberg-nomargin wp-block-paragraph\">\n<p>Conservamos la informaci\u00f3n que nos proporciona durante el tiempo que sea necesario o razonable para el procesamiento de su solicitud, el acuerdo y la prestaci\u00f3n del servicio que necesita. Estos datos se almacenan de acuerdo con nuestros procedimientos durante un m\u00e1ximo de 8 a\u00f1os despu\u00e9s de la finalizaci\u00f3n del servicio. Despu\u00e9s del per\u00edodo correspondiente, eliminaremos o anonimizaremos su informaci\u00f3n.<\/p>\n<\/section>\n\n<section class=\"section section--gutenberg section--gutenberg-nomargin wp-block-paragraph\">\n<p><strong>6. Cambios en esta declaraci\u00f3n de privacidad y cookies<\/strong><\/p>\n<\/section>\n\n<section class=\"section section--gutenberg section--gutenberg-nomargin wp-block-paragraph\">\n<p>Nos reservamos el derecho de realizar cambios en esta declaraci\u00f3n. Se recomienda que consulte esta declaraci\u00f3n con regularidad para que est\u00e9 al tanto de estos cambios.<\/p>\n<\/section>\n\n<section class=\"section section--gutenberg section--gutenberg-nomargin wp-block-paragraph\">\n<p><strong>7. Acceder, cambiar y eliminar sus datos<\/strong><\/p>\n<\/section>\n\n<section class=\"section section--gutenberg section--gutenberg-nomargin wp-block-paragraph\">\n<p>Para preguntas sobre nuestra pol\u00edtica de privacidad o preguntas sobre el acceso y los cambios en (o eliminaci\u00f3n de) sus datos personales, puede ponerse en contacto con nosotros en cualquier momento.<\/p>\n<\/section>\n\n<section class=\"section section--gutenberg section--gutenberg-nomargin wp-block-paragraph\">\n<p><strong>8. P\u00f3ngase en contacto con<\/strong><br>Agrifirm Group B.V.<br>Landgoedlaan 20<br>7325 AW Apeldoorn<br>privacy@agrifirm.com<\/p>\n<\/section>","protected":false},"excerpt":{"rendered":"<p>Agrifirm (Grupo Agrifirm B.V. y\/o sus empresas afiliadas) concede gran importancia a la privacidad de los usuarios de la aplicaci\u00f3n y visitantes del sitio web. Agrifirm (Agrifirm Group B.V. y\/o sus empresas afiliadas) procesa datos personales de los usuarios que visitan nuestro sitio web y utilizan nuestra aplicaci\u00f3n. En esta declaraci\u00f3n nos gustar\u00eda informarle sobre [&hellip;]<\/p>\n","protected":false},"author":1,"featured_media":0,"parent":0,"menu_order":0,"comment_status":"closed","ping_status":"open","template":"","meta":{"_acf_changed":false,"footnotes":""},"country":[],"class_list":["post-14768","page","type-page","status-publish","hentry"],"acf":[],"yoast_head":"<!-- This site is optimized with the Yoast SEO plugin v27.0 - https:\/\/yoast.com\/product\/yoast-seo-wordpress\/ -->\n<title>T\u00e9rminos de privacidad - Earlyfeed<\/title>\n<meta name=\"robots\" content=\"index, follow, max-snippet:-1, max-image-preview:large, max-video-preview:-1\" \/>\n<link rel=\"canonical\" href=\"https:\/\/earlyfeednutrition.com\/es\/privacy-policy\/\" \/>\n<meta property=\"og:locale\" content=\"es_ES\" \/>\n<meta property=\"og:type\" content=\"article\" \/>\n<meta property=\"og:title\" content=\"T\u00e9rminos de privacidad - Earlyfeed\" \/>\n<meta property=\"og:description\" content=\"Agrifirm (Grupo Agrifirm B.V. y\/o sus empresas afiliadas) concede gran importancia a la privacidad de los usuarios de la aplicaci\u00f3n y visitantes del sitio web. Agrifirm (Agrifirm Group B.V. y\/o sus empresas afiliadas) procesa datos personales de los usuarios que visitan nuestro sitio web y utilizan nuestra aplicaci\u00f3n. En esta declaraci\u00f3n nos gustar\u00eda informarle sobre [&hellip;]\" \/>\n<meta property=\"og:url\" content=\"https:\/\/earlyfeednutrition.com\/es\/privacy-policy\/\" \/>\n<meta property=\"og:site_name\" content=\"Earlyfeed\" \/>\n<meta property=\"article:modified_time\" content=\"2021-04-22T14:01:07+00:00\" \/>\n<meta name=\"twitter:card\" content=\"summary_large_image\" \/>\n<meta name=\"twitter:label1\" content=\"Est. reading time\" \/>\n\t<meta name=\"twitter:data1\" content=\"6 minutes\" \/>\n<script type=\"application\/ld+json\" class=\"yoast-schema-graph\">{\"@context\":\"https:\/\/schema.org\",\"@graph\":[{\"@type\":\"WebPage\",\"@id\":\"https:\/\/earlyfeednutrition.com\/es\/privacy-policy\/\",\"url\":\"https:\/\/earlyfeednutrition.com\/es\/privacy-policy\/\",\"name\":\"T\u00e9rminos de privacidad - Earlyfeed\",\"isPartOf\":{\"@id\":\"https:\/\/earlyfeednutrition.com\/es\/#website\"},\"datePublished\":\"2019-08-29T19:20:04+00:00\",\"dateModified\":\"2021-04-22T14:01:07+00:00\",\"breadcrumb\":{\"@id\":\"https:\/\/earlyfeednutrition.com\/es\/privacy-policy\/#breadcrumb\"},\"inLanguage\":\"es-ES\",\"potentialAction\":[{\"@type\":\"ReadAction\",\"target\":[\"https:\/\/earlyfeednutrition.com\/es\/privacy-policy\/\"]}]},{\"@type\":\"BreadcrumbList\",\"@id\":\"https:\/\/earlyfeednutrition.com\/es\/privacy-policy\/#breadcrumb\",\"itemListElement\":[{\"@type\":\"ListItem\",\"position\":1,\"name\":\"Incio\",\"item\":\"https:\/\/earlyfeednutrition.com\/es\/\"},{\"@type\":\"ListItem\",\"position\":2,\"name\":\"T\u00e9rminos de privacidad\"}]},{\"@type\":\"WebSite\",\"@id\":\"https:\/\/earlyfeednutrition.com\/es\/#website\",\"url\":\"https:\/\/earlyfeednutrition.com\/es\/\",\"name\":\"Earlyfeed\",\"description\":\"Right from the start\",\"potentialAction\":[{\"@type\":\"SearchAction\",\"target\":{\"@type\":\"EntryPoint\",\"urlTemplate\":\"https:\/\/earlyfeednutrition.com\/es\/?s={search_term_string}\"},\"query-input\":{\"@type\":\"PropertyValueSpecification\",\"valueRequired\":true,\"valueName\":\"search_term_string\"}}],\"inLanguage\":\"es-ES\"}]}<\/script>\n<!-- \/ Yoast SEO plugin. -->","yoast_head_json":{"title":"T\u00e9rminos de privacidad - Earlyfeed","robots":{"index":"index","follow":"follow","max-snippet":"max-snippet:-1","max-image-preview":"max-image-preview:large","max-video-preview":"max-video-preview:-1"},"canonical":"https:\/\/earlyfeednutrition.com\/es\/privacy-policy\/","og_locale":"es_ES","og_type":"article","og_title":"T\u00e9rminos de privacidad - Earlyfeed","og_description":"Agrifirm (Grupo Agrifirm B.V. y\/o sus empresas afiliadas) concede gran importancia a la privacidad de los usuarios de la aplicaci\u00f3n y visitantes del sitio web. Agrifirm (Agrifirm Group B.V. y\/o sus empresas afiliadas) procesa datos personales de los usuarios que visitan nuestro sitio web y utilizan nuestra aplicaci\u00f3n. En esta declaraci\u00f3n nos gustar\u00eda informarle sobre [&hellip;]","og_url":"https:\/\/earlyfeednutrition.com\/es\/privacy-policy\/","og_site_name":"Earlyfeed","article_modified_time":"2021-04-22T14:01:07+00:00","twitter_card":"summary_large_image","twitter_misc":{"Est. reading time":"6 minutes"},"schema":{"@context":"https:\/\/schema.org","@graph":[{"@type":"WebPage","@id":"https:\/\/earlyfeednutrition.com\/es\/privacy-policy\/","url":"https:\/\/earlyfeednutrition.com\/es\/privacy-policy\/","name":"T\u00e9rminos de privacidad - Earlyfeed","isPartOf":{"@id":"https:\/\/earlyfeednutrition.com\/es\/#website"},"datePublished":"2019-08-29T19:20:04+00:00","dateModified":"2021-04-22T14:01:07+00:00","breadcrumb":{"@id":"https:\/\/earlyfeednutrition.com\/es\/privacy-policy\/#breadcrumb"},"inLanguage":"es-ES","potentialAction":[{"@type":"ReadAction","target":["https:\/\/earlyfeednutrition.com\/es\/privacy-policy\/"]}]},{"@type":"BreadcrumbList","@id":"https:\/\/earlyfeednutrition.com\/es\/privacy-policy\/#breadcrumb","itemListElement":[{"@type":"ListItem","position":1,"name":"Incio","item":"https:\/\/earlyfeednutrition.com\/es\/"},{"@type":"ListItem","position":2,"name":"T\u00e9rminos de privacidad"}]},{"@type":"WebSite","@id":"https:\/\/earlyfeednutrition.com\/es\/#website","url":"https:\/\/earlyfeednutrition.com\/es\/","name":"Earlyfeed","description":"Right from the start","potentialAction":[{"@type":"SearchAction","target":{"@type":"EntryPoint","urlTemplate":"https:\/\/earlyfeednutrition.com\/es\/?s={search_term_string}"},"query-input":{"@type":"PropertyValueSpecification","valueRequired":true,"valueName":"search_term_string"}}],"inLanguage":"es-ES"}]}},"_links":{"self":[{"href":"https:\/\/earlyfeednutrition.com\/es\/wp-json\/wp\/v2\/pages\/14768","targetHints":{"allow":["GET"]}}],"collection":[{"href":"https:\/\/earlyfeednutrition.com\/es\/wp-json\/wp\/v2\/pages"}],"about":[{"href":"https:\/\/earlyfeednutrition.com\/es\/wp-json\/wp\/v2\/types\/page"}],"author":[{"embeddable":true,"href":"https:\/\/earlyfeednutrition.com\/es\/wp-json\/wp\/v2\/users\/1"}],"replies":[{"embeddable":true,"href":"https:\/\/earlyfeednutrition.com\/es\/wp-json\/wp\/v2\/comments?post=14768"}],"version-history":[{"count":1,"href":"https:\/\/earlyfeednutrition.com\/es\/wp-json\/wp\/v2\/pages\/14768\/revisions"}],"predecessor-version":[{"id":14770,"href":"https:\/\/earlyfeednutrition.com\/es\/wp-json\/wp\/v2\/pages\/14768\/revisions\/14770"}],"wp:attachment":[{"href":"https:\/\/earlyfeednutrition.com\/es\/wp-json\/wp\/v2\/media?parent=14768"}],"wp:term":[{"taxonomy":"country","embeddable":true,"href":"https:\/\/earlyfeednutrition.com\/es\/wp-json\/wp\/v2\/country?post=14768"}],"curies":[{"name":"wp","href":"https:\/\/api.w.org\/{rel}","templated":true}]}}