{"id":14737,"date":"2019-08-29T19:20:04","date_gmt":"2019-08-29T19:20:04","guid":{"rendered":"https:\/\/earlyfeednutrition.com\/sample-page\/"},"modified":"2021-04-21T14:14:42","modified_gmt":"2021-04-21T14:14:42","slug":"sample-page","status":"publish","type":"page","link":"https:\/\/earlyfeednutrition.com\/es\/sample-page\/","title":{"rendered":"Exenci\u00f3n de responsabilidad"},"content":{"rendered":"<section class=\"section section--gutenberg section--gutenberg-nomargin wp-block-paragraph\">\n<p>Este sitio ha sido elaborado con sumo cuidado. Sin embargo, puede contener informaci\u00f3n incorrecta y \/ o incompleta. No se pueden derivar derechos de su contenido. Royal Agrifirm Group no acepta ninguna responsabilidad por los da\u00f1os directos o indirectos que resulten del uso de la informaci\u00f3n obtenida de este sitio o de sitios vinculados. El contenido de este sitio no se puede utilizar para su publicaci\u00f3n sin el permiso de Royal Agrifirm Group.<\/p>\n<\/section>\n\n<section class=\"section section--gutenberg section--gutenberg-nomargin wp-block-paragraph\">\n<p>Para suministros, pagos, etc., se aplican los t\u00e9rminos de entrega local de una subsidiaria de Royal Agrifirm Group depositada en la C\u00e1mara de Comercio.<\/p>\n<\/section>\n\n<section class=\"section section--gutenberg section--gutenberg-nomargin wp-block-paragraph\">\n<p>Royal Agrifirm Group<br><em>CC 50003631<\/em><\/p>\n<\/section>\n\n<section class=\"section section--gutenberg section--gutenberg-nomargin wp-block-paragraph\">\n<p><\/p>\n<\/section>","protected":false},"excerpt":{"rendered":"<p>Este sitio ha sido elaborado con sumo cuidado. Sin embargo, puede contener informaci\u00f3n incorrecta y \/ o incompleta. No se pueden derivar derechos de su contenido. Royal Agrifirm Group no acepta ninguna responsabilidad por los da\u00f1os directos o indirectos que resulten del uso de la informaci\u00f3n obtenida de este sitio o de sitios vinculados. El [&hellip;]<\/p>\n","protected":false},"author":5,"featured_media":0,"parent":0,"menu_order":0,"comment_status":"closed","ping_status":"open","template":"","meta":{"_acf_changed":false,"footnotes":""},"country":[],"class_list":["post-14737","page","type-page","status-publish","hentry"],"acf":[],"yoast_head":"<!-- This site is optimized with the Yoast SEO plugin v27.0 - https:\/\/yoast.com\/product\/yoast-seo-wordpress\/ -->\n<title>Exenci\u00f3n de responsabilidad - Earlyfeed<\/title>\n<meta name=\"robots\" content=\"index, follow, max-snippet:-1, max-image-preview:large, max-video-preview:-1\" \/>\n<link rel=\"canonical\" href=\"https:\/\/earlyfeednutrition.com\/es\/sample-page\/\" \/>\n<meta property=\"og:locale\" content=\"es_ES\" \/>\n<meta property=\"og:type\" content=\"article\" \/>\n<meta property=\"og:title\" content=\"Exenci\u00f3n de responsabilidad - Earlyfeed\" \/>\n<meta property=\"og:description\" content=\"Este sitio ha sido elaborado con sumo cuidado. Sin embargo, puede contener informaci\u00f3n incorrecta y \/ o incompleta. No se pueden derivar derechos de su contenido. Royal Agrifirm Group no acepta ninguna responsabilidad por los da\u00f1os directos o indirectos que resulten del uso de la informaci\u00f3n obtenida de este sitio o de sitios vinculados. El [&hellip;]\" \/>\n<meta property=\"og:url\" content=\"https:\/\/earlyfeednutrition.com\/es\/sample-page\/\" \/>\n<meta property=\"og:site_name\" content=\"Earlyfeed\" \/>\n<meta property=\"article:modified_time\" content=\"2021-04-21T14:14:42+00:00\" \/>\n<meta name=\"twitter:card\" content=\"summary_large_image\" \/>\n<meta name=\"twitter:label1\" content=\"Est. reading time\" \/>\n\t<meta name=\"twitter:data1\" content=\"1 minute\" \/>\n<script type=\"application\/ld+json\" class=\"yoast-schema-graph\">{\"@context\":\"https:\/\/schema.org\",\"@graph\":[{\"@type\":\"WebPage\",\"@id\":\"https:\/\/earlyfeednutrition.com\/es\/sample-page\/\",\"url\":\"https:\/\/earlyfeednutrition.com\/es\/sample-page\/\",\"name\":\"Exenci\u00f3n de responsabilidad - Earlyfeed\",\"isPartOf\":{\"@id\":\"https:\/\/earlyfeednutrition.com\/es\/#website\"},\"datePublished\":\"2019-08-29T19:20:04+00:00\",\"dateModified\":\"2021-04-21T14:14:42+00:00\",\"breadcrumb\":{\"@id\":\"https:\/\/earlyfeednutrition.com\/es\/sample-page\/#breadcrumb\"},\"inLanguage\":\"es-ES\",\"potentialAction\":[{\"@type\":\"ReadAction\",\"target\":[\"https:\/\/earlyfeednutrition.com\/es\/sample-page\/\"]}]},{\"@type\":\"BreadcrumbList\",\"@id\":\"https:\/\/earlyfeednutrition.com\/es\/sample-page\/#breadcrumb\",\"itemListElement\":[{\"@type\":\"ListItem\",\"position\":1,\"name\":\"Incio\",\"item\":\"https:\/\/www.earlyfeednutrition.com\/es\/\"},{\"@type\":\"ListItem\",\"position\":2,\"name\":\"Exenci\u00f3n de responsabilidad\"}]},{\"@type\":\"WebSite\",\"@id\":\"https:\/\/earlyfeednutrition.com\/es\/#website\",\"url\":\"https:\/\/earlyfeednutrition.com\/es\/\",\"name\":\"Earlyfeed\",\"description\":\"Right from the start\",\"potentialAction\":[{\"@type\":\"SearchAction\",\"target\":{\"@type\":\"EntryPoint\",\"urlTemplate\":\"https:\/\/earlyfeednutrition.com\/es\/?s={search_term_string}\"},\"query-input\":{\"@type\":\"PropertyValueSpecification\",\"valueRequired\":true,\"valueName\":\"search_term_string\"}}],\"inLanguage\":\"es-ES\"}]}<\/script>\n<!-- \/ Yoast SEO plugin. -->","yoast_head_json":{"title":"Exenci\u00f3n de responsabilidad - Earlyfeed","robots":{"index":"index","follow":"follow","max-snippet":"max-snippet:-1","max-image-preview":"max-image-preview:large","max-video-preview":"max-video-preview:-1"},"canonical":"https:\/\/earlyfeednutrition.com\/es\/sample-page\/","og_locale":"es_ES","og_type":"article","og_title":"Exenci\u00f3n de responsabilidad - Earlyfeed","og_description":"Este sitio ha sido elaborado con sumo cuidado. Sin embargo, puede contener informaci\u00f3n incorrecta y \/ o incompleta. No se pueden derivar derechos de su contenido. Royal Agrifirm Group no acepta ninguna responsabilidad por los da\u00f1os directos o indirectos que resulten del uso de la informaci\u00f3n obtenida de este sitio o de sitios vinculados. El [&hellip;]","og_url":"https:\/\/earlyfeednutrition.com\/es\/sample-page\/","og_site_name":"Earlyfeed","article_modified_time":"2021-04-21T14:14:42+00:00","twitter_card":"summary_large_image","twitter_misc":{"Est. reading time":"1 minute"},"schema":{"@context":"https:\/\/schema.org","@graph":[{"@type":"WebPage","@id":"https:\/\/earlyfeednutrition.com\/es\/sample-page\/","url":"https:\/\/earlyfeednutrition.com\/es\/sample-page\/","name":"Exenci\u00f3n de responsabilidad - Earlyfeed","isPartOf":{"@id":"https:\/\/earlyfeednutrition.com\/es\/#website"},"datePublished":"2019-08-29T19:20:04+00:00","dateModified":"2021-04-21T14:14:42+00:00","breadcrumb":{"@id":"https:\/\/earlyfeednutrition.com\/es\/sample-page\/#breadcrumb"},"inLanguage":"es-ES","potentialAction":[{"@type":"ReadAction","target":["https:\/\/earlyfeednutrition.com\/es\/sample-page\/"]}]},{"@type":"BreadcrumbList","@id":"https:\/\/earlyfeednutrition.com\/es\/sample-page\/#breadcrumb","itemListElement":[{"@type":"ListItem","position":1,"name":"Incio","item":"https:\/\/www.earlyfeednutrition.com\/es\/"},{"@type":"ListItem","position":2,"name":"Exenci\u00f3n de responsabilidad"}]},{"@type":"WebSite","@id":"https:\/\/earlyfeednutrition.com\/es\/#website","url":"https:\/\/earlyfeednutrition.com\/es\/","name":"Earlyfeed","description":"Right from the start","potentialAction":[{"@type":"SearchAction","target":{"@type":"EntryPoint","urlTemplate":"https:\/\/earlyfeednutrition.com\/es\/?s={search_term_string}"},"query-input":{"@type":"PropertyValueSpecification","valueRequired":true,"valueName":"search_term_string"}}],"inLanguage":"es-ES"}]}},"_links":{"self":[{"href":"https:\/\/earlyfeednutrition.com\/es\/wp-json\/wp\/v2\/pages\/14737","targetHints":{"allow":["GET"]}}],"collection":[{"href":"https:\/\/earlyfeednutrition.com\/es\/wp-json\/wp\/v2\/pages"}],"about":[{"href":"https:\/\/earlyfeednutrition.com\/es\/wp-json\/wp\/v2\/types\/page"}],"author":[{"embeddable":true,"href":"https:\/\/earlyfeednutrition.com\/es\/wp-json\/wp\/v2\/users\/5"}],"replies":[{"embeddable":true,"href":"https:\/\/earlyfeednutrition.com\/es\/wp-json\/wp\/v2\/comments?post=14737"}],"version-history":[{"count":1,"href":"https:\/\/earlyfeednutrition.com\/es\/wp-json\/wp\/v2\/pages\/14737\/revisions"}],"predecessor-version":[{"id":14738,"href":"https:\/\/earlyfeednutrition.com\/es\/wp-json\/wp\/v2\/pages\/14737\/revisions\/14738"}],"wp:attachment":[{"href":"https:\/\/earlyfeednutrition.com\/es\/wp-json\/wp\/v2\/media?parent=14737"}],"wp:term":[{"taxonomy":"country","embeddable":true,"href":"https:\/\/earlyfeednutrition.com\/es\/wp-json\/wp\/v2\/country?post=14737"}],"curies":[{"name":"wp","href":"https:\/\/api.w.org\/{rel}","templated":true}]}}