{"id":25077,"date":"2022-09-19T08:12:04","date_gmt":"2022-09-19T07:12:04","guid":{"rendered":"https:\/\/earlyfeednutrition.com\/?post_type=product&#038;p=25077"},"modified":"2026-03-11T14:46:52","modified_gmt":"2026-03-11T13:46:52","slug":"piglets-flavorit","status":"publish","type":"product","link":"https:\/\/earlyfeednutrition.com\/de\/what-we-offer\/piglets-flavorit\/","title":{"rendered":"PIGLET&#8217;S FLAVORIT"},"content":{"rendered":"<section class=\"section section--gutenberg section--gutenberg-nomargin wp-block-columns\"><div class=\"container\" style=\"\"><div class=\"columns\"><div class=\"wp-block-column column\" style=\"\"><section class=\"section section--gutenberg section--gutenberg-nomargin wp-block-heading\">\n<h2 class=\"wp-block-heading\"><span style=\"font-family: bebas-neue-rounded, &quot;Roboto&quot;, &quot;Open Sans&quot;, &quot;Helvetica&quot;, &quot;Arial&quot;, sans-serif;\" class=\"font-family\"><span style=\"color: #DBB154\" class=\"text-color\">Die (R)Evolution der Futteraufnahme<\/span><\/span><\/h2>\n<\/section><section class=\"section section--gutenberg section--gutenberg-nomargin wp-block-paragraph\">\n<p><span style=\"font-family: &quot;Roboto&quot;, &quot;Open Sans&quot;, &quot;Helvetica&quot;, &quot;Arial&quot;, sans-serif;\" class=\"font-family\"><span style=\"color: #FFFFFF\" class=\"text-color\">In den letzten Jahren hat sich die Zusammensetzung des Futters f\u00fcr Ferkel sich drastisch ver\u00e4ndert: Entfernung von Zinkoxid, Reduzierung von (oder Verzicht auf) Antibiotika im Futter, verst\u00e4rkter Einsatz von Futterzusatzstoffe  usw.  Daher ist es an der Zeit, L\u00f6sungen f\u00fcr die Futteraufnahme von Ferkeln zu \u00fcberdenken.  <\/span><\/span><\/p>\n<\/section><section class=\"section section--gutenberg section--gutenberg-nomargin wp-block-paragraph\">\n<p><span style=\"font-family: &quot;Roboto&quot;, &quot;Open Sans&quot;, &quot;Helvetica&quot;, &quot;Arial&quot;, sans-serif;\" class=\"font-family\"><span style=\"color: #FFFFFF\" class=\"text-color\">Earlyfeed wei\u00df, dass &#8211; genau wie Menschen \u2013 Ferkel keine bitteren Geschmack m\u00f6gen und sich sowohl nach s\u00fc\u00dfen als auch nach herzhaften Geschmack sehnen.<\/span><\/span><\/p>\n<\/section><\/div><div class=\"wp-block-column column\" style=\"\"><section class=\"section section--gutenberg section--gutenberg-nomargin wp-block-heading\">\n<h2 class=\"wp-block-heading\"><span style=\"font-family: bebas-neue-rounded, &quot;Roboto&quot;, &quot;Open Sans&quot;, &quot;Helvetica&quot;, &quot;Arial&quot;, sans-serif;\" class=\"font-family\"><span style=\"color: #DBB154\" class=\"text-color\">Eine dreifache L\u00f6sung<\/span><\/span><\/h2>\n<\/section><section class=\"section section--gutenberg section--gutenberg-nomargin wp-block-paragraph\">\n<p><span style=\"font-family: &quot;Roboto&quot;, &quot;Open Sans&quot;, &quot;Helvetica&quot;, &quot;Arial&quot;, sans-serif;\" class=\"font-family\"><span style=\"color: #FFFFFF\" class=\"text-color\">Die innovative L\u00f6sung zur Futteraufnahme von Earlyfeed besteht aus drei S\u00e4ulen:<\/span><\/span><\/p>\n<\/section>\n<ul class=\"wp-block-list\">\n<li><span style=\"\" class=\"font-family\"><span style=\"font-family: Roboto, &quot;Open Sans&quot;, Helvetica, Arial, sans-serif; color: rgb(255, 255, 255);\" class=\"text-color\">Der verlockende Duft soll der Mutter des Ferkels \u00e4hneln und es so zum Futter locken.<\/span><\/span><\/li>\n\n\n\n<li><span style=\"\" class=\"font-family\"><span style=\"font-family: Roboto, &quot;Open Sans&quot;, Helvetica, Arial, sans-serif; color: rgb(255, 255, 255);\" class=\"text-color\">Durch die Verwendung eines attraktiven Geschmacks wird die Schmackhaftigkeit des Futters erh\u00f6ht, um eine kontinuierliche Aufnahme zu f\u00f6rdern.<\/span><\/span><\/li>\n\n\n\n<li><span style=\"\" class=\"font-family\"><span style=\"font-family: Roboto, &quot;Open Sans&quot;, Helvetica, Arial, sans-serif; color: rgb(255, 255, 255);\" class=\"text-color\">Die Verwendung von nat\u00fcrlichen S\u00fc\u00dfungsmitteln macht Piglet&#8217;s Flavorit zu einem zukunftssicheren Konzept <\/span><\/span><\/li>\n<\/ul>\n<section class=\"section section--gutenberg section--gutenberg-nomargin wp-block-paragraph\">\n<p><span style=\"font-family: &quot;Roboto&quot;, &quot;Open Sans&quot;, &quot;Helvetica&quot;, &quot;Arial&quot;, sans-serif;\" class=\"font-family\"><span style=\"color: #FFFFFF\" class=\"text-color\">Durch die Kombination von m\u00fctterlichem Erkennen und assoziativem Lernen k\u00f6nnen die Ferkel sanftere \u00dcberg\u00e4nge erreichen. Dies f\u00fchrt zu einer kontinuierlichen Futteraufnahme, einem geringeren Stressniveau und einer Verbesserung des allgemeinen Wohlbefindens und der Leistung. <\/span><\/span><\/p>\n<\/section><\/div><div class=\"wp-block-column column\" style=\"\"><section class=\"section section--gutenberg section--gutenberg-nomargin wp-block-heading\">\n<h2 class=\"wp-block-heading\"><span style=\"color: #DBB154\" class=\"text-color\"><span style=\"font-family: bebas-neue-rounded, &quot;Roboto&quot;, &quot;Open Sans&quot;, &quot;Helvetica&quot;, &quot;Arial&quot;, sans-serif;\" class=\"font-family\">VORTEILE<br>VON <\/span><\/span><span style=\"color: #ffffff\" class=\"text-color\"><span style=\"font-family: bebas-neue-rounded, &quot;Roboto&quot;, &quot;Open Sans&quot;, &quot;Helvetica&quot;, &quot;Arial&quot;, sans-serif;\" class=\"font-family\">PIGLET&#8217;S Flavorit<\/span><\/span><\/h2>\n<\/section>\n<ul class=\"wp-block-list\">\n<li><span style=\"\" class=\"font-family\"><span style=\"font-family: Roboto, &quot;Open Sans&quot;, Helvetica, Arial, sans-serif; color: rgb(255, 255, 255);\" class=\"text-color\">Einzigartiger Ansatz bei der Aufnahme<\/span><\/span><\/li>\n\n\n\n<li><span style=\"\" class=\"font-family\"><span style=\"font-family: Roboto, &quot;Open Sans&quot;, Helvetica, Arial, sans-serif; color: rgb(255, 255, 255);\" class=\"text-color\"><span style=\"\" class=\"font-family\"><span style=\"font-family: Roboto, &quot;Open Sans&quot;, Helvetica, Arial, sans-serif; color: rgb(255, 255, 255);\" class=\"text-color\">Zukunftssicher<\/span><\/span><\/span><\/span><\/li>\n\n\n\n<li><span style=\"\" class=\"font-family\"><span style=\"font-family: Roboto, &quot;Open Sans&quot;, Helvetica, Arial, sans-serif; color: rgb(255, 255, 255);\" class=\"text-color\">Unterst\u00fctzt die kontinuierliche Futteraufnahme<\/span><\/span><\/li>\n<\/ul>\n<div class=\"block block--productwhitepaper\">\n        <h3 class=\"block-title\">M\u00d6CHTEN SIE MEHR ERFAHREN?<\/h3>\n    \n            \n    \n\n    <a href=\"https:\/\/earlyfeednutrition.com\/de\/contact-us\/\" target=\"\" class=\"button button--secondary button--arrow button--large \" id=''>Kontakt aufnehmen\n    \n    <svg xmlns=\"http:\/\/www.w3.org\/2000\/svg\" xmlns:xlink=\"http:\/\/www.w3.org\/1999\/xlink\" width=\"31.207\" height=\"7.414\" viewBox=\"0 0 31.207 7.414\">\n        <defs>\n            <clipPath id=\"clip-path\">\n            <rect width=\"31.207\" height=\"7.414\" fill=\"none\"\/>\n            <\/clipPath>\n        <\/defs>\n        <g id=\"Long_arrow\" data-name=\"Long arrow\" transform=\"translate(0 0)\" clip-path=\"url(#clip-path)\">\n            <line id=\"Line_43\" data-name=\"Line 43\" x2=\"30\" transform=\"translate(0.5 3.707)\" fill=\"none\" stroke-linecap=\"round\" stroke-width=\"1\"\/>\n            <line id=\"Line_44\" data-name=\"Line 44\" x1=\"3\" y1=\"3\" transform=\"translate(27.5 0.707)\" fill=\"none\" stroke-linecap=\"round\" stroke-width=\"1\"\/>\n            <line id=\"Line_45\" data-name=\"Line 45\" x1=\"3\" y1=\"3\" transform=\"translate(30.5 3.707) rotate(90)\" fill=\"none\" stroke-linecap=\"round\" stroke-width=\"1\"\/>\n        <\/g>\n    <\/svg>\n\n\n <\/a>     <\/div><\/div><\/div><\/div><\/section>\n\n\n<figure class=\"wp-block-embed is-type-video is-provider-youtube wp-block-embed-youtube wp-embed-aspect-16-9 wp-has-aspect-ratio\"><div class=\"wp-block-embed__wrapper\">\n<iframe loading=\"lazy\" title=\"Piglet&#039;s flavorit\" width=\"500\" height=\"281\" src=\"https:\/\/www.youtube.com\/embed\/DG4ctRcpmeI?feature=oembed\" frameborder=\"0\" allow=\"accelerometer; autoplay; clipboard-write; encrypted-media; gyroscope; picture-in-picture; web-share\" referrerpolicy=\"strict-origin-when-cross-origin\" allowfullscreen><\/iframe>\n<\/div><\/figure>\n\n\n\n<section id=\"agri-contact-tile-block_45b222611d758263f244213ce70d898b\" class=\"section section--gutenberg agri-contact-tile\">\n    <div class=\"container\">\n        <div class=\"columns\">\n            <div class=\"column is-full is-8-tablet is-offset-2-tablet is-6-desktop is-offset-3-desktop is-4-widescreen is-offset-4-widescreen\">\n                <div class=\"block block--localcontact\">\n                    <div class=\"content\">\n                        <div class=\"note\">Ihr Earlyfeed-Experte<\/div>\n                        <div class=\"name\">Dick Wim Van Wijlen<\/div>\n                        <div class=\"function\">Dipl.-Ing. agr. Dick Wim van Wijlen, Country Manager Germany, Austria &#038; Switzerland<\/div>\n                    <\/div>\n\n                    <div class=\"button--wrapper\">\n                        <a href=\"mailto:dick.wim.van.wijlen@nusciencegroup.com\" class=\"button button--primary button--primary--brown\">Kontaktieren sie uns<\/a>\n                    <\/div>\n\n                    <div class=\"description\">\n                        <p>Dieser Kontakt wurde basierend auf dem Standort, von dem aus Sie aufs Internet zugreifen, vorgeschlagen. Nat\u00fcrlich k\u00f6nnen Sie <a href=\"https:\/\/www.earlyfeednutrition.com\/de\/contact-us\/\">hier<\/a> auch unsere anderen Kontakte und Standorte einsehen.<\/p>\n                    <\/div>\n                <\/div>\n            <\/div>\n        <\/div>\n    <\/div>\n<\/section>","protected":false},"featured_media":25064,"template":"","sector":[484],"country":[],"product_category":[2123],"class_list":["post-25077","product","type-product","status-publish","has-post-thumbnail","hentry","sector-swine-de","product_category-die-innovative-loesung-fuer-die-futteraufnahme"],"acf":[],"yoast_head":"<!-- This site is optimized with the Yoast SEO plugin v27.0 - https:\/\/yoast.com\/product\/yoast-seo-wordpress\/ -->\n<title>PIGLET&#039;S FLAVORIT - Earlyfeed<\/title>\n<meta name=\"description\" content=\"Mit Piglets Flavorit steigern Sie die Futteraufnahme bei Ferkeln und f\u00f6rdern Wachstum, Gesundheit und Leistung nach dem Absetzen.\" \/>\n<meta name=\"robots\" content=\"index, follow, max-snippet:-1, max-image-preview:large, max-video-preview:-1\" \/>\n<link rel=\"canonical\" href=\"https:\/\/earlyfeednutrition.com\/de\/what-we-offer\/piglets-flavorit\/\" \/>\n<meta property=\"og:locale\" content=\"de_DE\" \/>\n<meta property=\"og:type\" content=\"article\" \/>\n<meta property=\"og:title\" content=\"PIGLET&#039;S FLAVORIT - Earlyfeed\" \/>\n<meta property=\"og:description\" content=\"Mit Piglets Flavorit steigern Sie die Futteraufnahme bei Ferkeln und f\u00f6rdern Wachstum, Gesundheit und Leistung nach dem Absetzen.\" \/>\n<meta property=\"og:url\" content=\"https:\/\/earlyfeednutrition.com\/de\/what-we-offer\/piglets-flavorit\/\" \/>\n<meta property=\"og:site_name\" content=\"Earlyfeed\" \/>\n<meta property=\"article:modified_time\" content=\"2026-03-11T13:46:52+00:00\" \/>\n<meta property=\"og:image\" content=\"https:\/\/earlyfeednutrition.com\/app\/uploads\/2022\/09\/Piglets-flavorit_main_website-1024x463.png\" \/>\n\t<meta property=\"og:image:width\" content=\"1024\" \/>\n\t<meta property=\"og:image:height\" content=\"463\" \/>\n\t<meta property=\"og:image:type\" content=\"image\/png\" \/>\n<meta name=\"twitter:card\" content=\"summary_large_image\" \/>\n<meta name=\"twitter:label1\" content=\"Est. reading time\" \/>\n\t<meta name=\"twitter:data1\" content=\"1 minute\" \/>\n<script type=\"application\/ld+json\" class=\"yoast-schema-graph\">{\"@context\":\"https:\/\/schema.org\",\"@graph\":[{\"@type\":\"WebPage\",\"@id\":\"https:\/\/earlyfeednutrition.com\/de\/what-we-offer\/piglets-flavorit\/\",\"url\":\"https:\/\/earlyfeednutrition.com\/de\/what-we-offer\/piglets-flavorit\/\",\"name\":\"PIGLET'S FLAVORIT - Earlyfeed\",\"isPartOf\":{\"@id\":\"https:\/\/earlyfeednutrition.com\/de\/#website\"},\"primaryImageOfPage\":{\"@id\":\"https:\/\/earlyfeednutrition.com\/de\/what-we-offer\/piglets-flavorit\/#primaryimage\"},\"image\":{\"@id\":\"https:\/\/earlyfeednutrition.com\/de\/what-we-offer\/piglets-flavorit\/#primaryimage\"},\"thumbnailUrl\":\"https:\/\/earlyfeednutrition.com\/app\/uploads\/2022\/09\/Piglets-flavorit_main_website.png\",\"datePublished\":\"2022-09-19T07:12:04+00:00\",\"dateModified\":\"2026-03-11T13:46:52+00:00\",\"description\":\"Mit Piglets Flavorit steigern Sie die Futteraufnahme bei Ferkeln und f\u00f6rdern Wachstum, Gesundheit und Leistung nach dem Absetzen.\",\"breadcrumb\":{\"@id\":\"https:\/\/earlyfeednutrition.com\/de\/what-we-offer\/piglets-flavorit\/#breadcrumb\"},\"inLanguage\":\"de-DE\",\"potentialAction\":[{\"@type\":\"ReadAction\",\"target\":[\"https:\/\/earlyfeednutrition.com\/de\/what-we-offer\/piglets-flavorit\/\"]}]},{\"@type\":\"ImageObject\",\"inLanguage\":\"de-DE\",\"@id\":\"https:\/\/earlyfeednutrition.com\/de\/what-we-offer\/piglets-flavorit\/#primaryimage\",\"url\":\"https:\/\/earlyfeednutrition.com\/app\/uploads\/2022\/09\/Piglets-flavorit_main_website.png\",\"contentUrl\":\"https:\/\/earlyfeednutrition.com\/app\/uploads\/2022\/09\/Piglets-flavorit_main_website.png\",\"width\":2500,\"height\":1131},{\"@type\":\"BreadcrumbList\",\"@id\":\"https:\/\/earlyfeednutrition.com\/de\/what-we-offer\/piglets-flavorit\/#breadcrumb\",\"itemListElement\":[{\"@type\":\"ListItem\",\"position\":1,\"name\":\"Homepage\",\"item\":\"https:\/\/earlyfeednutrition.com\/de\/\"},{\"@type\":\"ListItem\",\"position\":2,\"name\":\"Product\",\"item\":\"https:\/\/earlyfeednutrition.com\/de\/what-we-offer\/\"},{\"@type\":\"ListItem\",\"position\":3,\"name\":\"PIGLET&#8217;S FLAVORIT\"}]},{\"@type\":\"WebSite\",\"@id\":\"https:\/\/earlyfeednutrition.com\/de\/#website\",\"url\":\"https:\/\/earlyfeednutrition.com\/de\/\",\"name\":\"Earlyfeed\",\"description\":\"Right from the start\",\"potentialAction\":[{\"@type\":\"SearchAction\",\"target\":{\"@type\":\"EntryPoint\",\"urlTemplate\":\"https:\/\/earlyfeednutrition.com\/de\/?s={search_term_string}\"},\"query-input\":{\"@type\":\"PropertyValueSpecification\",\"valueRequired\":true,\"valueName\":\"search_term_string\"}}],\"inLanguage\":\"de-DE\"}]}<\/script>\n<!-- \/ Yoast SEO plugin. -->","yoast_head_json":{"title":"PIGLET'S FLAVORIT - Earlyfeed","description":"Mit Piglets Flavorit steigern Sie die Futteraufnahme bei Ferkeln und f\u00f6rdern Wachstum, Gesundheit und Leistung nach dem Absetzen.","robots":{"index":"index","follow":"follow","max-snippet":"max-snippet:-1","max-image-preview":"max-image-preview:large","max-video-preview":"max-video-preview:-1"},"canonical":"https:\/\/earlyfeednutrition.com\/de\/what-we-offer\/piglets-flavorit\/","og_locale":"de_DE","og_type":"article","og_title":"PIGLET'S FLAVORIT - Earlyfeed","og_description":"Mit Piglets Flavorit steigern Sie die Futteraufnahme bei Ferkeln und f\u00f6rdern Wachstum, Gesundheit und Leistung nach dem Absetzen.","og_url":"https:\/\/earlyfeednutrition.com\/de\/what-we-offer\/piglets-flavorit\/","og_site_name":"Earlyfeed","article_modified_time":"2026-03-11T13:46:52+00:00","og_image":[{"width":1024,"height":463,"url":"https:\/\/earlyfeednutrition.com\/app\/uploads\/2022\/09\/Piglets-flavorit_main_website-1024x463.png","type":"image\/png"}],"twitter_card":"summary_large_image","twitter_misc":{"Est. reading time":"1 minute"},"schema":{"@context":"https:\/\/schema.org","@graph":[{"@type":"WebPage","@id":"https:\/\/earlyfeednutrition.com\/de\/what-we-offer\/piglets-flavorit\/","url":"https:\/\/earlyfeednutrition.com\/de\/what-we-offer\/piglets-flavorit\/","name":"PIGLET'S FLAVORIT - Earlyfeed","isPartOf":{"@id":"https:\/\/earlyfeednutrition.com\/de\/#website"},"primaryImageOfPage":{"@id":"https:\/\/earlyfeednutrition.com\/de\/what-we-offer\/piglets-flavorit\/#primaryimage"},"image":{"@id":"https:\/\/earlyfeednutrition.com\/de\/what-we-offer\/piglets-flavorit\/#primaryimage"},"thumbnailUrl":"https:\/\/earlyfeednutrition.com\/app\/uploads\/2022\/09\/Piglets-flavorit_main_website.png","datePublished":"2022-09-19T07:12:04+00:00","dateModified":"2026-03-11T13:46:52+00:00","description":"Mit Piglets Flavorit steigern Sie die Futteraufnahme bei Ferkeln und f\u00f6rdern Wachstum, Gesundheit und Leistung nach dem Absetzen.","breadcrumb":{"@id":"https:\/\/earlyfeednutrition.com\/de\/what-we-offer\/piglets-flavorit\/#breadcrumb"},"inLanguage":"de-DE","potentialAction":[{"@type":"ReadAction","target":["https:\/\/earlyfeednutrition.com\/de\/what-we-offer\/piglets-flavorit\/"]}]},{"@type":"ImageObject","inLanguage":"de-DE","@id":"https:\/\/earlyfeednutrition.com\/de\/what-we-offer\/piglets-flavorit\/#primaryimage","url":"https:\/\/earlyfeednutrition.com\/app\/uploads\/2022\/09\/Piglets-flavorit_main_website.png","contentUrl":"https:\/\/earlyfeednutrition.com\/app\/uploads\/2022\/09\/Piglets-flavorit_main_website.png","width":2500,"height":1131},{"@type":"BreadcrumbList","@id":"https:\/\/earlyfeednutrition.com\/de\/what-we-offer\/piglets-flavorit\/#breadcrumb","itemListElement":[{"@type":"ListItem","position":1,"name":"Homepage","item":"https:\/\/earlyfeednutrition.com\/de\/"},{"@type":"ListItem","position":2,"name":"Product","item":"https:\/\/earlyfeednutrition.com\/de\/what-we-offer\/"},{"@type":"ListItem","position":3,"name":"PIGLET&#8217;S FLAVORIT"}]},{"@type":"WebSite","@id":"https:\/\/earlyfeednutrition.com\/de\/#website","url":"https:\/\/earlyfeednutrition.com\/de\/","name":"Earlyfeed","description":"Right from the start","potentialAction":[{"@type":"SearchAction","target":{"@type":"EntryPoint","urlTemplate":"https:\/\/earlyfeednutrition.com\/de\/?s={search_term_string}"},"query-input":{"@type":"PropertyValueSpecification","valueRequired":true,"valueName":"search_term_string"}}],"inLanguage":"de-DE"}]}},"_links":{"self":[{"href":"https:\/\/earlyfeednutrition.com\/de\/wp-json\/wp\/v2\/product\/25077","targetHints":{"allow":["GET"]}}],"collection":[{"href":"https:\/\/earlyfeednutrition.com\/de\/wp-json\/wp\/v2\/product"}],"about":[{"href":"https:\/\/earlyfeednutrition.com\/de\/wp-json\/wp\/v2\/types\/product"}],"wp:featuredmedia":[{"embeddable":true,"href":"https:\/\/earlyfeednutrition.com\/de\/wp-json\/wp\/v2\/media\/25064"}],"wp:attachment":[{"href":"https:\/\/earlyfeednutrition.com\/de\/wp-json\/wp\/v2\/media?parent=25077"}],"wp:term":[{"taxonomy":"sector","embeddable":true,"href":"https:\/\/earlyfeednutrition.com\/de\/wp-json\/wp\/v2\/sector?post=25077"},{"taxonomy":"country","embeddable":true,"href":"https:\/\/earlyfeednutrition.com\/de\/wp-json\/wp\/v2\/country?post=25077"},{"taxonomy":"product_category","embeddable":true,"href":"https:\/\/earlyfeednutrition.com\/de\/wp-json\/wp\/v2\/product_category?post=25077"}],"curies":[{"name":"wp","href":"https:\/\/api.w.org\/{rel}","templated":true}]}}