{"id":18906,"date":"2019-08-29T19:20:04","date_gmt":"2019-08-29T19:20:04","guid":{"rendered":"https:\/\/earlyfeednutrition.com\/privacy-policy\/"},"modified":"2022-06-13T19:17:13","modified_gmt":"2022-06-13T18:17:13","slug":"privacy-policy","status":"publish","type":"page","link":"https:\/\/earlyfeednutrition.com\/de\/privacy-policy\/","title":{"rendered":"Datenschutzerkl\u00e4rung"},"content":{"rendered":"<section class=\"section section--gutenberg section--gutenberg-nomargin wp-block-paragraph\">\n<p>Agrifirm (Agrifirm Group B.V. und \/ oder ihre verbundenen Unternehmen) legt gro\u00dfen Wert darauf, die Privatsph\u00e4re von Besuchern der Website und Nutzern der App zu sch\u00fctzen. Agrifirm verarbeitet personenbezogene Daten von Personen, die unsere Website besuchen und unsere App nutzen. In der vorliegenden Datenschutzerkl\u00e4rung erl\u00e4utern wir, welche Daten von uns verarbeitet werden und zu welchem Zweck. Auf dieser Seite finden Sie immer die neueste Version.<\/p>\n<\/section>\n\n<section class=\"section section--gutenberg section--gutenberg-nomargin wp-block-paragraph\">\n<p>Agrifirm ist f\u00fcr die Verarbeitung Ihrer personenbezogenen Daten verantwortlich. Bitte lesen Sie diese Hinweise sorgf\u00e4ltig, damit Sie wissen, wie wir Daten verarbeiten und welche Rechte Sie in diesem Zusammenhang haben.<\/p>\n<\/section>\n\n<section class=\"section section--gutenberg section--gutenberg-nomargin wp-block-paragraph\">\n<p>Um den bestm\u00f6glichen Schutz Ihrer Privatsph\u00e4re zu gew\u00e4hrleisten, gelten bei uns eine Reihe von Grundwerten.<br><strong>Information <\/strong>&#8211; Wir m\u00f6chten Sie so gut wie m\u00f6glich dar\u00fcber informieren, wie und weshalb wir personenbezogene Daten verarbeiten. Diesem Zweck dient die vorliegende Datenschutzerkl\u00e4rung.<br><strong>Eingeschr\u00e4nkte Datenerfassung<\/strong> &#8211; Wir achten genau darauf, dass die Erfassung personenbezogener Daten nur in dem Umfang erfolgt, der f\u00fcr ein gutes Funktionieren der App\/Website und im Zusammenhang mit den von Ihnen erw\u00fcnschten Dienstleistungen und Produkten wirklich notwendig ist.<br><strong>Kein Marketing auf der Grundlage personenbezogener Daten<\/strong> &#8211; Wir verkaufen keine personenbezogenen Daten an Dritte.<br><strong>Sicherheit <\/strong>&#8211; Wir ergreifen angemessene Sicherheitsma\u00dfnahmen zum Schutz Ihrer personenbezogenen Daten und stellen auch entsprechende Anforderungen an Parteien, die Ihre personenbezogenen Daten in unserem Auftrag verarbeiten.<br><strong>Recht auf Einsicht und Berichtigung<\/strong> &#8211; Wir respektieren Ihr Recht, Einsicht in Ihre personenbezogenen Daten zu erhalten und Daten berichtigen oder l\u00f6schen zu lassen.<\/p>\n<\/section>\n\n<section class=\"section section--gutenberg section--gutenberg-nomargin wp-block-heading\">\n<h2>1. Nutzung personenbezogener Daten<\/h2>\n<\/section>\n\n<section class=\"section section--gutenberg section--gutenberg-nomargin wp-block-paragraph\">\n<p>Die Daten, die wir erheben bzw. um die wir Sie bitten, k\u00f6nnen in zwei allgemeine Kategorien unterteilt werden.<\/p>\n<\/section>\n\n<section class=\"section section--gutenberg section--gutenberg-nomargin wp-block-paragraph\">\n<p>Kategorie 1: <em>Von Ihnen vorgelegte Daten<\/em><br>Wir verarbeiten Daten, die wir von Ihnen erhalten, beispielsweise wenn Sie sich als Nutzer registrieren, f\u00fcr ein Newsletter-Abonnement anmelden oder Kontakt zu uns aufnehmen.<\/p>\n<\/section>\n\n<section class=\"section section--gutenberg section--gutenberg-nomargin wp-block-paragraph\">\n<p><strong>Account-Daten<\/strong> &#8211; Wenn Sie unsere App oder bestimmte Teile unserer Website nutzen m\u00f6chten, m\u00fcssen Sie einen Account einrichten und dabei bestimmte Daten vorlegen, beispielsweise Ihre E-Mail-Adresse und Ihren Namen.<br><strong>Profilangaben <\/strong>&#8211; Wir bitten Sie gegebenenfalls um die Vorlage bestimmter Daten, beispielsweise vollst\u00e4ndiger Namen, E-Mail-Adresse, Telefonnummer, Adresse, Alter und\/oder Geburtsdatum, Kontonummer, USt-IdNr. und Ihrer Unternehmensnummer, damit wir Ihnen unsere Dienstleistungen anbieten und Sie unsere Dienstleistungen nutzen k\u00f6nnen. Wir ben\u00f6tigen diese Daten, um Kontakt zu Ihnen aufnehmen und die erw\u00fcnschten Dienstleistungen erbringen zu k\u00f6nnen.<br><strong>Kommunikationsdaten <\/strong>&#8211; Wenn Sie Kontakt zu uns aufnehmen oder wir uns mit Ihnen in Verbindung setzen, erheben wir Daten \u00fcber den Grund der Kontaktaufnahme und alle Daten, die Sie uns telefonisch oder per E-Mail vorlegen.<br><strong>Andere Informationen<\/strong> &#8211; Wir k\u00f6nnen Sie bitten, mittels einer E-Mail oder Online-Umfrage ein Feedback zu unseren Dienstleistungen zu geben. Wir wissen Feedback sehr zu sch\u00e4tzen und verarbeiten dabei nur die personenbezogenen Daten, die von uns oder in unserem Auftrag m\u00f6glicherweise f\u00fcr interne Zwecke im Rahmen der Verbesserung unserer Dienstleistungen gesammelt werden.<\/p>\n<\/section>\n\n<section class=\"section section--gutenberg section--gutenberg-nomargin wp-block-paragraph\">\n<p>Kategorie 2: <em>Automatisch erhobene Daten<\/em><br>Um Ihnen bei der Nutzung unserer Website oder App einen optimalen Service zu bieten, werden Daten \u00fcber Ihre Aktivit\u00e4ten gesammelt, beispielsweise Ihr Klickverhalten, die besuchten Seiten sowie Informationen \u00fcber Ihr Ger\u00e4t. Wir k\u00f6nnen mit Hilfe dieser Daten feststellen, was Sie interessiert, und k\u00f6nnen unsere Dienstleistungen f\u00fcr Sie entsprechend personalisieren und unsere Angebote weiter optimieren.<\/p>\n<\/section>\n\n<section class=\"section section--gutenberg section--gutenberg-nomargin wp-block-paragraph\">\n<p><strong>Login-Daten<\/strong> &#8211; Wir sammeln automatisch bestimmte Daten, die bei einer Nutzung unserer Website oder App von Ihrem Internetbrowser verschickt werden. Dabei handelt es sich unter anderem um: Angaben \u00fcber die Art und Weise, wie Sie unsere Website oder App nutzen (einschlie\u00dflich Links zu Anwendungen Dritter), Zeitpunkt des Besuchs, Angaben zu dem von Ihnen genutzten Ger\u00e4t und eventuell Ortungsdaten des Ger\u00e4ts, um Missbrauch zu vermeiden.<br><strong>Cookies <\/strong>&#8211; Wir verwenden in der App und auf der Website Cookies oder vergleichbare Techniken. Ein Cookie ist eine einfache kleine Datei, die mit Seiten dieser App und Website mitgeschickt und von Ihrem Browser auf der Festplatte Ihres Computers abgelegt wird. Bei einem folgenden Besuch k\u00f6nnen die darin enthaltenen Informationen wieder an unsere Server oder die Server der betreffenden Drittparteien zur\u00fcckgeschickt werden. Sie k\u00f6nnen Cookies jederzeit von Hand in Ihrem Computer l\u00f6schen und\/oder Cookies blockieren. Klicken Sie in Ihrem Browser auf \u201eInternet-Optionen\u201c, wenn Sie Cookies l\u00f6schen oder blockieren m\u00f6chten. Es kann sein, dass die App oder Website nicht mehr optimal funktioniert, wenn Sie der Nutzung von Cookies nicht zustimmen.<\/p>\n<\/section>\n\n<section class=\"section section--gutenberg section--gutenberg-nomargin wp-block-heading\">\n<h2>2. Zwecke der Datenverarbeitung<\/h2>\n<\/section>\n\n<section class=\"section section--gutenberg section--gutenberg-nomargin wp-block-paragraph\">\n<p>Wir nutzen Ihre Daten vor allem, um unsere vertraglichen Verpflichtungen Ihnen gegen\u00fcber zu erf\u00fcllen und um daf\u00fcr zu sorgen, dass Ihnen unsere Dienstleistungen auf optimale Weise angeboten werden (berechtigtes Interesse). In diesem Zusammenhang werden Ihre Daten f\u00fcr folgende Zwecke genutzt:<\/p>\n<\/section>\n\n\n<ol class=\"wp-block-list\"><li>Einrichtung Ihres Nutzerkontos;<\/li><li>Einloggen in Ihr Nutzerkonto;<\/li><li>Anfragen und Verrichtung unserer Dienstleistungen;<\/li><li>Aufgeben einer Bestellung von Produkten und\/oder Dienstleistungen;<\/li><li>Registrierung der von Ihnen genannten Pr\u00e4ferenzen;<\/li><li>Versenden eines Newsletters;<\/li><li>Verbesserung unserer Dienstleistungen, Sicherheitsma\u00dfnahmen und Betrugspr\u00e4vention;<\/li><li>Durchf\u00fchrung sonstiger von Ihnen erw\u00fcnschter Dienste;<\/li><li>Eine optimale Darstellung der Website oder App auf Ihrem Internetbrowser und dem von Ihnen benutzten Ger\u00e4t;<\/li><li>Anbieten von Kundenservice \u00fcber verschiedene Kan\u00e4le;<\/li><li>Ihre Identifikation;<\/li><li>F\u00fchren unserer internen Verwaltung und Erf\u00fcllung unserer gesetzlichen Verpflichtungen.<\/li><\/ol>\n\n\n<section class=\"section section--gutenberg section--gutenberg-nomargin wp-block-heading\">\n<h2>3. Weitergabe an Dritte<\/h2>\n<\/section>\n\n<section class=\"section section--gutenberg section--gutenberg-nomargin wp-block-paragraph\">\n<p>Ihre Daten werden ausdr\u00fccklich nicht an Dritte weitergegeben, mit Ausnahme von Dritten, die an der Erf\u00fcllung des zwischen Ihnen und uns bestehenden Vertrags beteiligt sind. Das sind Dritte, die Dienstleistungen f\u00fcr uns verrichten und in diesem Zusammenhang auch personenbezogene Daten verarbeiten. Diese Datenverarbeiter k\u00f6nnen beispielsweise Zahlungs- und Anzeigendienstleistungen, Kundenunterst\u00fctzung und Verkaufsunterst\u00fctzung f\u00fcr uns leisten und uns beim Versenden von E-Mails, der Analyse von Feedback oder bei den Sicherheitsma\u00dfnahmen f\u00fcr unsere Website oder App unterst\u00fctzen. Datenverarbeiter sind zur Geheimhaltung verpflichtet und d\u00fcrfen die spezifischen Daten nur zur Durchf\u00fchrung von Dienstleistungen gem\u00e4\u00df unseren Anweisungen nutzen. Des Weiteren kann es sein, dass wir aufgrund einer gesetzlichen Verpflichtung oder einer beh\u00f6rdlichen Anweisung verpflichtet sind, Daten mit Dritten zu teilen.<\/p>\n<\/section>\n\n<section class=\"section section--gutenberg section--gutenberg-nomargin wp-block-heading\">\n<h2>4. Datensicherheit<\/h2>\n<\/section>\n\n<section class=\"section section--gutenberg section--gutenberg-nomargin wp-block-paragraph\">\n<p>Wir ergreifen Sicherheitsma\u00dfnahmen, um personenbezogene Daten gegen Missbrauch und unberechtigten Zugriff zu sch\u00fctzen. Wir legen gro\u00dfen Wert auf die Sicherheit Ihrer Daten und haben organisatorische und technische Ma\u00dfnahmen ergriffen, um Ihre Daten vor unberechtigtem Zugriff, Zerst\u00f6rung oder \u00c4nderung zu sch\u00fctzen.<br>Wir empfehlen Ihnen, zus\u00e4tzlich zu den von uns ergriffenen Sicherheitsma\u00dfnahmen, wie etwa Verschl\u00fcsselung Ihrer Daten, auch sorgf\u00e4ltig ein Kennwort zu w\u00e4hlen und Ihre Login-Daten geheim zu halten.<\/p>\n<\/section>\n\n<section class=\"section section--gutenberg section--gutenberg-nomargin wp-block-heading\">\n<h2>5. Aufbewahrungsfrist<\/h2>\n<\/section>\n\n<section class=\"section section--gutenberg section--gutenberg-nomargin wp-block-paragraph\">\n<p>Die Daten, die Sie uns zur Verf\u00fcgung stellen, werden von uns so lange gespeichert, wie dies f\u00fcr die Bearbeitung Ihrer Anfrage, die Vertragserf\u00fcllung und die Erbringung der von Ihnen gew\u00fcnschten Leistung notwendig oder angemessen ist. Entsprechend unseren Verfahren werden diese Daten nach der Beendigung der Dienstleistung noch maximal 8 Jahre lang gespeichert. Nach der betreffenden Aufbewahrungsfrist werden Ihre Daten gel\u00f6scht oder anonymisiert.<\/p>\n<\/section>\n\n<section class=\"section section--gutenberg section--gutenberg-nomargin wp-block-heading\">\n<h2>6. \u00c4nderungen dieser Datenschutz- und Cookie-Erkl\u00e4rung<\/h2>\n<\/section>\n\n<section class=\"section section--gutenberg section--gutenberg-nomargin wp-block-paragraph\">\n<p>Wir behalten uns das Recht vor, \u00c4nderungen in dieser Erkl\u00e4rung vorzunehmen. Daher empfiehlt es sich, diese Erkl\u00e4rung regelm\u00e4\u00dfig zu lesen, damit Sie \u00fcber etwaige \u00c4nderungen informiert sind.<\/p>\n<\/section>\n\n<section class=\"section section--gutenberg section--gutenberg-nomargin wp-block-heading\">\n<h2>7. Einsichtnahme, \u00c4nderung und L\u00f6schung Ihrer Daten<\/h2>\n<\/section>\n\n<section class=\"section section--gutenberg section--gutenberg-nomargin wp-block-paragraph\">\n<p>Wenn Sie Fragen zu unserer Datenschutzerkl\u00e4rung oder Fragen in Bezug auf Einsichtnahme, \u00c4nderung (oder L\u00f6schung) Ihrer personenbezogenen Daten haben, k\u00f6nnen Sie jederzeit Kontakt zu uns aufnehmen.<\/p>\n<\/section>\n\n<section class=\"section section--gutenberg section--gutenberg-nomargin wp-block-heading\">\n<h2>8. Contact<\/h2>\n<\/section>\n\n<section class=\"section section--gutenberg section--gutenberg-nomargin wp-block-paragraph\">\n<p>Agrifirm Group B.V.<br>Landgoedlaan 20<br>7325 AW Apeldoorn<br><a href=\"mailto:privacy@agrifirm.com\">privacy@agrifirm.com<\/a><\/p>\n<\/section>","protected":false},"excerpt":{"rendered":"<p>Agrifirm (Agrifirm Group B.V. und \/ oder ihre verbundenen Unternehmen) legt gro\u00dfen Wert darauf, die Privatsph\u00e4re von Besuchern der Website und Nutzern der App zu sch\u00fctzen. Agrifirm verarbeitet personenbezogene Daten von Personen, die unsere Website besuchen und unsere App nutzen. In der vorliegenden Datenschutzerkl\u00e4rung erl\u00e4utern wir, welche Daten von uns verarbeitet werden und zu welchem [&hellip;]<\/p>\n","protected":false},"author":1,"featured_media":0,"parent":0,"menu_order":0,"comment_status":"closed","ping_status":"open","template":"","meta":{"_acf_changed":false,"footnotes":""},"country":[],"class_list":["post-18906","page","type-page","status-publish","hentry"],"acf":[],"yoast_head":"<!-- This site is optimized with the Yoast SEO plugin v27.0 - https:\/\/yoast.com\/product\/yoast-seo-wordpress\/ -->\n<title>Datenschutzerkl\u00e4rung - Earlyfeed<\/title>\n<meta name=\"robots\" content=\"index, follow, max-snippet:-1, max-image-preview:large, max-video-preview:-1\" \/>\n<link rel=\"canonical\" href=\"https:\/\/earlyfeednutrition.com\/de\/privacy-policy\/\" \/>\n<meta property=\"og:locale\" content=\"de_DE\" \/>\n<meta property=\"og:type\" content=\"article\" \/>\n<meta property=\"og:title\" content=\"Datenschutzerkl\u00e4rung - Earlyfeed\" \/>\n<meta property=\"og:description\" content=\"Agrifirm (Agrifirm Group B.V. und \/ oder ihre verbundenen Unternehmen) legt gro\u00dfen Wert darauf, die Privatsph\u00e4re von Besuchern der Website und Nutzern der App zu sch\u00fctzen. Agrifirm verarbeitet personenbezogene Daten von Personen, die unsere Website besuchen und unsere App nutzen. In der vorliegenden Datenschutzerkl\u00e4rung erl\u00e4utern wir, welche Daten von uns verarbeitet werden und zu welchem [&hellip;]\" \/>\n<meta property=\"og:url\" content=\"https:\/\/earlyfeednutrition.com\/de\/privacy-policy\/\" \/>\n<meta property=\"og:site_name\" content=\"Earlyfeed\" \/>\n<meta property=\"article:modified_time\" content=\"2022-06-13T18:17:13+00:00\" \/>\n<meta name=\"twitter:card\" content=\"summary_large_image\" \/>\n<meta name=\"twitter:label1\" content=\"Est. reading time\" \/>\n\t<meta name=\"twitter:data1\" content=\"5 minutes\" \/>\n<script type=\"application\/ld+json\" class=\"yoast-schema-graph\">{\"@context\":\"https:\/\/schema.org\",\"@graph\":[{\"@type\":\"WebPage\",\"@id\":\"https:\/\/earlyfeednutrition.com\/de\/privacy-policy\/\",\"url\":\"https:\/\/earlyfeednutrition.com\/de\/privacy-policy\/\",\"name\":\"Datenschutzerkl\u00e4rung - Earlyfeed\",\"isPartOf\":{\"@id\":\"https:\/\/earlyfeednutrition.com\/de\/#website\"},\"datePublished\":\"2019-08-29T19:20:04+00:00\",\"dateModified\":\"2022-06-13T18:17:13+00:00\",\"breadcrumb\":{\"@id\":\"https:\/\/earlyfeednutrition.com\/de\/privacy-policy\/#breadcrumb\"},\"inLanguage\":\"de-DE\",\"potentialAction\":[{\"@type\":\"ReadAction\",\"target\":[\"https:\/\/earlyfeednutrition.com\/de\/privacy-policy\/\"]}]},{\"@type\":\"BreadcrumbList\",\"@id\":\"https:\/\/earlyfeednutrition.com\/de\/privacy-policy\/#breadcrumb\",\"itemListElement\":[{\"@type\":\"ListItem\",\"position\":1,\"name\":\"Homepage\",\"item\":\"https:\/\/earlyfeednutrition.com\/de\/\"},{\"@type\":\"ListItem\",\"position\":2,\"name\":\"Datenschutzerkl\u00e4rung\"}]},{\"@type\":\"WebSite\",\"@id\":\"https:\/\/earlyfeednutrition.com\/de\/#website\",\"url\":\"https:\/\/earlyfeednutrition.com\/de\/\",\"name\":\"Earlyfeed\",\"description\":\"Right from the start\",\"potentialAction\":[{\"@type\":\"SearchAction\",\"target\":{\"@type\":\"EntryPoint\",\"urlTemplate\":\"https:\/\/earlyfeednutrition.com\/de\/?s={search_term_string}\"},\"query-input\":{\"@type\":\"PropertyValueSpecification\",\"valueRequired\":true,\"valueName\":\"search_term_string\"}}],\"inLanguage\":\"de-DE\"}]}<\/script>\n<!-- \/ Yoast SEO plugin. -->","yoast_head_json":{"title":"Datenschutzerkl\u00e4rung - Earlyfeed","robots":{"index":"index","follow":"follow","max-snippet":"max-snippet:-1","max-image-preview":"max-image-preview:large","max-video-preview":"max-video-preview:-1"},"canonical":"https:\/\/earlyfeednutrition.com\/de\/privacy-policy\/","og_locale":"de_DE","og_type":"article","og_title":"Datenschutzerkl\u00e4rung - Earlyfeed","og_description":"Agrifirm (Agrifirm Group B.V. und \/ oder ihre verbundenen Unternehmen) legt gro\u00dfen Wert darauf, die Privatsph\u00e4re von Besuchern der Website und Nutzern der App zu sch\u00fctzen. Agrifirm verarbeitet personenbezogene Daten von Personen, die unsere Website besuchen und unsere App nutzen. In der vorliegenden Datenschutzerkl\u00e4rung erl\u00e4utern wir, welche Daten von uns verarbeitet werden und zu welchem [&hellip;]","og_url":"https:\/\/earlyfeednutrition.com\/de\/privacy-policy\/","og_site_name":"Earlyfeed","article_modified_time":"2022-06-13T18:17:13+00:00","twitter_card":"summary_large_image","twitter_misc":{"Est. reading time":"5 minutes"},"schema":{"@context":"https:\/\/schema.org","@graph":[{"@type":"WebPage","@id":"https:\/\/earlyfeednutrition.com\/de\/privacy-policy\/","url":"https:\/\/earlyfeednutrition.com\/de\/privacy-policy\/","name":"Datenschutzerkl\u00e4rung - Earlyfeed","isPartOf":{"@id":"https:\/\/earlyfeednutrition.com\/de\/#website"},"datePublished":"2019-08-29T19:20:04+00:00","dateModified":"2022-06-13T18:17:13+00:00","breadcrumb":{"@id":"https:\/\/earlyfeednutrition.com\/de\/privacy-policy\/#breadcrumb"},"inLanguage":"de-DE","potentialAction":[{"@type":"ReadAction","target":["https:\/\/earlyfeednutrition.com\/de\/privacy-policy\/"]}]},{"@type":"BreadcrumbList","@id":"https:\/\/earlyfeednutrition.com\/de\/privacy-policy\/#breadcrumb","itemListElement":[{"@type":"ListItem","position":1,"name":"Homepage","item":"https:\/\/earlyfeednutrition.com\/de\/"},{"@type":"ListItem","position":2,"name":"Datenschutzerkl\u00e4rung"}]},{"@type":"WebSite","@id":"https:\/\/earlyfeednutrition.com\/de\/#website","url":"https:\/\/earlyfeednutrition.com\/de\/","name":"Earlyfeed","description":"Right from the start","potentialAction":[{"@type":"SearchAction","target":{"@type":"EntryPoint","urlTemplate":"https:\/\/earlyfeednutrition.com\/de\/?s={search_term_string}"},"query-input":{"@type":"PropertyValueSpecification","valueRequired":true,"valueName":"search_term_string"}}],"inLanguage":"de-DE"}]}},"_links":{"self":[{"href":"https:\/\/earlyfeednutrition.com\/de\/wp-json\/wp\/v2\/pages\/18906","targetHints":{"allow":["GET"]}}],"collection":[{"href":"https:\/\/earlyfeednutrition.com\/de\/wp-json\/wp\/v2\/pages"}],"about":[{"href":"https:\/\/earlyfeednutrition.com\/de\/wp-json\/wp\/v2\/types\/page"}],"author":[{"embeddable":true,"href":"https:\/\/earlyfeednutrition.com\/de\/wp-json\/wp\/v2\/users\/1"}],"replies":[{"embeddable":true,"href":"https:\/\/earlyfeednutrition.com\/de\/wp-json\/wp\/v2\/comments?post=18906"}],"version-history":[{"count":2,"href":"https:\/\/earlyfeednutrition.com\/de\/wp-json\/wp\/v2\/pages\/18906\/revisions"}],"predecessor-version":[{"id":18923,"href":"https:\/\/earlyfeednutrition.com\/de\/wp-json\/wp\/v2\/pages\/18906\/revisions\/18923"}],"wp:attachment":[{"href":"https:\/\/earlyfeednutrition.com\/de\/wp-json\/wp\/v2\/media?parent=18906"}],"wp:term":[{"taxonomy":"country","embeddable":true,"href":"https:\/\/earlyfeednutrition.com\/de\/wp-json\/wp\/v2\/country?post=18906"}],"curies":[{"name":"wp","href":"https:\/\/api.w.org\/{rel}","templated":true}]}}