{"id":14483,"date":"2020-11-05T16:05:40","date_gmt":"2020-11-05T16:05:40","guid":{"rendered":"https:\/\/earlyfeednutrition.com\/ruminants\/"},"modified":"2025-05-07T08:43:17","modified_gmt":"2025-05-07T07:43:17","slug":"ruminants","status":"publish","type":"page","link":"https:\/\/earlyfeednutrition.com\/de\/ruminants\/","title":{"rendered":"Wiederk\u00e4uer"},"content":{"rendered":"<section class=\"section section--gutenberg section--gutenberg-nomargin wp-block-heading\">\n<h2><span style=\"font-family: bebas-neue-rounded, &quot;Roboto&quot;, &quot;Open Sans&quot;, &quot;Helvetica&quot;, &quot;Arial&quot;, sans-serif;\" class=\"font-family\"><span style=\"color: #3A261B\" class=\"text-color\">ZEIT IST GELD&nbsp;&nbsp;<\/span><\/span><\/h2>\n<\/section>\n\n<section class=\"section section--gutenberg section--gutenberg-nomargin wp-block-paragraph\">\n<p><span style=\"font-family: &quot;Roboto&quot;, &quot;Open Sans&quot;, &quot;Helvetica&quot;, &quot;Arial&quot;, sans-serif;\" class=\"font-family\">Im Durchschnitt braucht ein Milchkalb 24 Monate von der Geburt bis zum ersten Abkalben. Bis zu diesem Zeitpunkt ist das Kalb ein Kostenfaktor f\u00fcr den Landwirt. Wird der Wachstumsprozess beschleunigt, kann die Effizienz maximiert und dadurch die Rentabilit\u00e4t optimiert werden. Ein schnelles Wachstum der K\u00e4lber erm\u00f6glicht eine fr\u00fchere Besamung. Zus\u00e4tzlich f\u00fchrt eine beschleunigte K\u00e4lberaufzucht oft zu einem besseren Wachstum und einer effizienteren Milchproduktion.<\/span><\/p>\n<\/section>\n\n<section class=\"section section--gutenberg section--gutenberg-nomargin wp-block-heading\">\n<h2><span style=\"font-family: bebas-neue-rounded, &quot;Roboto&quot;, &quot;Open Sans&quot;, &quot;Helvetica&quot;, &quot;Arial&quot;, sans-serif;\" class=\"font-family\"><span style=\"color: #3A261B\" class=\"text-color\">FR\u00dcHE PANSENENTWICKLUNG SORGT F\u00dcR GUTES WACHSTUM&nbsp;&nbsp;<\/span><\/span><\/h2>\n<\/section>\n\n<section class=\"section section--gutenberg section--gutenberg-nomargin wp-block-paragraph\">\n<p><span style=\"font-family: &quot;Roboto&quot;, &quot;Open Sans&quot;, &quot;Helvetica&quot;, &quot;Arial&quot;, sans-serif;\" class=\"font-family\">Unsere Forschung \u00fcber das einzigartige und komplexe Verdauungssystem der Wiederk\u00e4uer hat gezeigt, dass die fr\u00fche Pansenentwicklung das Wachstum stimuliert. Basierend auf diesem Wissen hat Earlyfeed spezifische Futterl\u00f6sungen f\u00fcr K\u00e4lber entwickelt, um ihre Energieversorgung schnell zu maximieren, sie resistent gegen h\u00e4ufige Krankheitserreger zu machen und die typische Wachstumseinbr\u00fcche nach dem Absetzen m\u00f6glichst gering zu halten.<\/span><\/p>\n<\/section>","protected":false},"excerpt":{"rendered":"<p>ZEIT IST GELD&nbsp;&nbsp; Im Durchschnitt braucht ein Milchkalb 24 Monate von der Geburt bis zum ersten Abkalben. Bis zu diesem Zeitpunkt ist das Kalb ein Kostenfaktor f\u00fcr den Landwirt. Wird der Wachstumsprozess beschleunigt, kann die Effizienz maximiert und dadurch die Rentabilit\u00e4t optimiert werden. Ein schnelles Wachstum der K\u00e4lber erm\u00f6glicht eine fr\u00fchere Besamung. Zus\u00e4tzlich f\u00fchrt eine [&hellip;]<\/p>\n","protected":false},"author":1,"featured_media":0,"parent":14492,"menu_order":0,"comment_status":"closed","ping_status":"closed","template":"page-product-group.php","meta":{"_acf_changed":false,"footnotes":""},"country":[],"class_list":["post-14483","page","type-page","status-publish","hentry"],"acf":[],"yoast_head":"<!-- This site is optimized with the Yoast SEO plugin v27.0 - https:\/\/yoast.com\/product\/yoast-seo-wordpress\/ -->\n<title>Wiederk\u00e4uer - Earlyfeed<\/title>\n<meta name=\"robots\" content=\"index, follow, max-snippet:-1, max-image-preview:large, max-video-preview:-1\" \/>\n<link rel=\"canonical\" href=\"https:\/\/earlyfeednutrition.com\/de\/ruminants\/\" \/>\n<meta property=\"og:locale\" content=\"de_DE\" \/>\n<meta property=\"og:type\" content=\"article\" \/>\n<meta property=\"og:title\" content=\"Wiederk\u00e4uer - Earlyfeed\" \/>\n<meta property=\"og:description\" content=\"ZEIT IST GELD&nbsp;&nbsp; Im Durchschnitt braucht ein Milchkalb 24 Monate von der Geburt bis zum ersten Abkalben. Bis zu diesem Zeitpunkt ist das Kalb ein Kostenfaktor f\u00fcr den Landwirt. Wird der Wachstumsprozess beschleunigt, kann die Effizienz maximiert und dadurch die Rentabilit\u00e4t optimiert werden. Ein schnelles Wachstum der K\u00e4lber erm\u00f6glicht eine fr\u00fchere Besamung. Zus\u00e4tzlich f\u00fchrt eine [&hellip;]\" \/>\n<meta property=\"og:url\" content=\"https:\/\/earlyfeednutrition.com\/de\/ruminants\/\" \/>\n<meta property=\"og:site_name\" content=\"Earlyfeed\" \/>\n<meta property=\"article:modified_time\" content=\"2025-05-07T07:43:17+00:00\" \/>\n<meta name=\"twitter:card\" content=\"summary_large_image\" \/>\n<meta name=\"twitter:label1\" content=\"Est. reading time\" \/>\n\t<meta name=\"twitter:data1\" content=\"1 minute\" \/>\n<script type=\"application\/ld+json\" class=\"yoast-schema-graph\">{\"@context\":\"https:\/\/schema.org\",\"@graph\":[{\"@type\":\"WebPage\",\"@id\":\"https:\/\/earlyfeednutrition.com\/de\/ruminants\/\",\"url\":\"https:\/\/earlyfeednutrition.com\/de\/ruminants\/\",\"name\":\"Wiederk\u00e4uer - Earlyfeed\",\"isPartOf\":{\"@id\":\"https:\/\/earlyfeednutrition.com\/de\/#website\"},\"datePublished\":\"2020-11-05T16:05:40+00:00\",\"dateModified\":\"2025-05-07T07:43:17+00:00\",\"breadcrumb\":{\"@id\":\"https:\/\/earlyfeednutrition.com\/de\/ruminants\/#breadcrumb\"},\"inLanguage\":\"de-DE\",\"potentialAction\":[{\"@type\":\"ReadAction\",\"target\":[\"https:\/\/earlyfeednutrition.com\/de\/ruminants\/\"]}]},{\"@type\":\"BreadcrumbList\",\"@id\":\"https:\/\/earlyfeednutrition.com\/de\/ruminants\/#breadcrumb\",\"itemListElement\":[{\"@type\":\"ListItem\",\"position\":1,\"name\":\"Homepage\",\"item\":\"https:\/\/earlyfeed.kinsta.cloud\/de\/\"},{\"@type\":\"ListItem\",\"position\":2,\"name\":\"Was wir tun\",\"item\":\"https:\/\/earlyfeednutrition.com\/de\/what-we-do\/\"},{\"@type\":\"ListItem\",\"position\":3,\"name\":\"Wiederk\u00e4uer\"}]},{\"@type\":\"WebSite\",\"@id\":\"https:\/\/earlyfeednutrition.com\/de\/#website\",\"url\":\"https:\/\/earlyfeednutrition.com\/de\/\",\"name\":\"Earlyfeed\",\"description\":\"Right from the start\",\"potentialAction\":[{\"@type\":\"SearchAction\",\"target\":{\"@type\":\"EntryPoint\",\"urlTemplate\":\"https:\/\/earlyfeednutrition.com\/de\/?s={search_term_string}\"},\"query-input\":{\"@type\":\"PropertyValueSpecification\",\"valueRequired\":true,\"valueName\":\"search_term_string\"}}],\"inLanguage\":\"de-DE\"}]}<\/script>\n<!-- \/ Yoast SEO plugin. -->","yoast_head_json":{"title":"Wiederk\u00e4uer - Earlyfeed","robots":{"index":"index","follow":"follow","max-snippet":"max-snippet:-1","max-image-preview":"max-image-preview:large","max-video-preview":"max-video-preview:-1"},"canonical":"https:\/\/earlyfeednutrition.com\/de\/ruminants\/","og_locale":"de_DE","og_type":"article","og_title":"Wiederk\u00e4uer - Earlyfeed","og_description":"ZEIT IST GELD&nbsp;&nbsp; Im Durchschnitt braucht ein Milchkalb 24 Monate von der Geburt bis zum ersten Abkalben. Bis zu diesem Zeitpunkt ist das Kalb ein Kostenfaktor f\u00fcr den Landwirt. Wird der Wachstumsprozess beschleunigt, kann die Effizienz maximiert und dadurch die Rentabilit\u00e4t optimiert werden. Ein schnelles Wachstum der K\u00e4lber erm\u00f6glicht eine fr\u00fchere Besamung. Zus\u00e4tzlich f\u00fchrt eine [&hellip;]","og_url":"https:\/\/earlyfeednutrition.com\/de\/ruminants\/","og_site_name":"Earlyfeed","article_modified_time":"2025-05-07T07:43:17+00:00","twitter_card":"summary_large_image","twitter_misc":{"Est. reading time":"1 minute"},"schema":{"@context":"https:\/\/schema.org","@graph":[{"@type":"WebPage","@id":"https:\/\/earlyfeednutrition.com\/de\/ruminants\/","url":"https:\/\/earlyfeednutrition.com\/de\/ruminants\/","name":"Wiederk\u00e4uer - Earlyfeed","isPartOf":{"@id":"https:\/\/earlyfeednutrition.com\/de\/#website"},"datePublished":"2020-11-05T16:05:40+00:00","dateModified":"2025-05-07T07:43:17+00:00","breadcrumb":{"@id":"https:\/\/earlyfeednutrition.com\/de\/ruminants\/#breadcrumb"},"inLanguage":"de-DE","potentialAction":[{"@type":"ReadAction","target":["https:\/\/earlyfeednutrition.com\/de\/ruminants\/"]}]},{"@type":"BreadcrumbList","@id":"https:\/\/earlyfeednutrition.com\/de\/ruminants\/#breadcrumb","itemListElement":[{"@type":"ListItem","position":1,"name":"Homepage","item":"https:\/\/earlyfeed.kinsta.cloud\/de\/"},{"@type":"ListItem","position":2,"name":"Was wir tun","item":"https:\/\/earlyfeednutrition.com\/de\/what-we-do\/"},{"@type":"ListItem","position":3,"name":"Wiederk\u00e4uer"}]},{"@type":"WebSite","@id":"https:\/\/earlyfeednutrition.com\/de\/#website","url":"https:\/\/earlyfeednutrition.com\/de\/","name":"Earlyfeed","description":"Right from the start","potentialAction":[{"@type":"SearchAction","target":{"@type":"EntryPoint","urlTemplate":"https:\/\/earlyfeednutrition.com\/de\/?s={search_term_string}"},"query-input":{"@type":"PropertyValueSpecification","valueRequired":true,"valueName":"search_term_string"}}],"inLanguage":"de-DE"}]}},"_links":{"self":[{"href":"https:\/\/earlyfeednutrition.com\/de\/wp-json\/wp\/v2\/pages\/14483","targetHints":{"allow":["GET"]}}],"collection":[{"href":"https:\/\/earlyfeednutrition.com\/de\/wp-json\/wp\/v2\/pages"}],"about":[{"href":"https:\/\/earlyfeednutrition.com\/de\/wp-json\/wp\/v2\/types\/page"}],"author":[{"embeddable":true,"href":"https:\/\/earlyfeednutrition.com\/de\/wp-json\/wp\/v2\/users\/1"}],"replies":[{"embeddable":true,"href":"https:\/\/earlyfeednutrition.com\/de\/wp-json\/wp\/v2\/comments?post=14483"}],"version-history":[{"count":7,"href":"https:\/\/earlyfeednutrition.com\/de\/wp-json\/wp\/v2\/pages\/14483\/revisions"}],"predecessor-version":[{"id":28590,"href":"https:\/\/earlyfeednutrition.com\/de\/wp-json\/wp\/v2\/pages\/14483\/revisions\/28590"}],"up":[{"embeddable":true,"href":"https:\/\/earlyfeednutrition.com\/de\/wp-json\/wp\/v2\/pages\/14492"}],"wp:attachment":[{"href":"https:\/\/earlyfeednutrition.com\/de\/wp-json\/wp\/v2\/media?parent=14483"}],"wp:term":[{"taxonomy":"country","embeddable":true,"href":"https:\/\/earlyfeednutrition.com\/de\/wp-json\/wp\/v2\/country?post=14483"}],"curies":[{"name":"wp","href":"https:\/\/api.w.org\/{rel}","templated":true}]}}