{"id":14476,"date":"2020-11-05T16:06:10","date_gmt":"2020-11-05T16:06:10","guid":{"rendered":"https:\/\/earlyfeednutrition.com\/swine\/"},"modified":"2021-06-10T13:12:24","modified_gmt":"2021-06-10T13:12:24","slug":"swine","status":"publish","type":"page","link":"https:\/\/earlyfeednutrition.com\/de\/swine\/","title":{"rendered":"Schweine"},"content":{"rendered":"<section class=\"section section--gutenberg section--gutenberg-nomargin wp-block-heading\">\n<h2><span style=\"font-family: bebas-neue-rounded, &quot;Roboto&quot;, &quot;Open Sans&quot;, &quot;Helvetica&quot;, &quot;Arial&quot;, sans-serif;\" class=\"font-family\"><span style=\"color: #3A261B\" class=\"text-color\">FOKUS AUF DIE DARMGESUNDHEIT VON ANFANG AN<\/span><\/span><\/h2>\n<\/section>\n\n<section class=\"section section--gutenberg section--gutenberg-nomargin wp-block-paragraph\">\n<p><span style=\"font-family: &quot;Roboto&quot;, &quot;Open Sans&quot;, &quot;Helvetica&quot;, &quot;Arial&quot;, sans-serif;\" class=\"font-family\">Eine fr\u00fche Reifung des Verdauungstrakts ist bekannterweise entscheidend f\u00fcr das optimale und gesunde Wachstum der Ferkel. Die F\u00f6rderung der Darmgesundheit der Ferkel beginnt mit der richtigen F\u00fctterung der Sau und setzt sich fort mit cleveren Konzepten zur F\u00f6rderung der fr\u00fchen Futteraufnahme. Eine h\u00f6here Anzahl von Ferkeln, die vor dem Absetzen bereits Beifutter fressen, erleichtert ein reibungsloseres Absetzen und wirkt sich positiv auf die Gesamtleistung der Tiere aus.<\/span><\/p>\n<\/section>\n\n<section class=\"section section--gutenberg section--gutenberg-nomargin wp-block-heading\">\n<h2><span style=\"font-family: bebas-neue-rounded, &quot;Roboto&quot;, &quot;Open Sans&quot;, &quot;Helvetica&quot;, &quot;Arial&quot;, sans-serif;\" class=\"font-family\"><span style=\"color: #3A261B\" class=\"text-color\">AUSGEWOGEN UND SCHMACKHAFT<\/span><\/span><\/h2>\n<\/section>\n\n<section class=\"section section--gutenberg section--gutenberg-nomargin wp-block-paragraph\">\n<p><span style=\"font-family: &quot;Roboto&quot;, &quot;Open Sans&quot;, &quot;Helvetica&quot;, &quot;Arial&quot;, sans-serif;\" class=\"font-family\">Earlyfeed hat Fr\u00fchf\u00fctterungsl\u00f6sungen f\u00fcr Ferkel entwickelt, die weltweit als branchenf\u00fchrend anerkannt sind. Diese ausgewogenen und innovativen L\u00f6sungen unterst\u00fctzen den kompletten Wurf von Anfang an und maximieren den Erfolg und die Rentabilit\u00e4t nach dem Absetzen. Eine ausgezeichnete Schmackhaftigkeit sorgt daf\u00fcr, dass die Ferkel bereits fr\u00fch mit der Futteraufnahme beginnen, w\u00e4hrend raffinierte Inhaltsstoffe die Reifung des Verdauungstrakts stimulieren und N\u00e4hrstoffe liefern, die die Gesundheit Ihrer Ferkel st\u00e4rken.<\/span><\/p>\n<\/section>","protected":false},"excerpt":{"rendered":"<p>FOKUS AUF DIE DARMGESUNDHEIT VON ANFANG AN Eine fr\u00fche Reifung des Verdauungstrakts ist bekannterweise entscheidend f\u00fcr das optimale und gesunde Wachstum der Ferkel. Die F\u00f6rderung der Darmgesundheit der Ferkel beginnt mit der richtigen F\u00fctterung der Sau und setzt sich fort mit cleveren Konzepten zur F\u00f6rderung der fr\u00fchen Futteraufnahme. Eine h\u00f6here Anzahl von Ferkeln, die vor [&hellip;]<\/p>\n","protected":false},"author":1,"featured_media":0,"parent":14492,"menu_order":0,"comment_status":"closed","ping_status":"closed","template":"page-product-group.php","meta":{"_acf_changed":false,"footnotes":""},"country":[],"class_list":["post-14476","page","type-page","status-publish","hentry"],"acf":[],"yoast_head":"<!-- This site is optimized with the Yoast SEO plugin v27.0 - https:\/\/yoast.com\/product\/yoast-seo-wordpress\/ -->\n<title>Schweine - Earlyfeed<\/title>\n<meta name=\"robots\" content=\"index, follow, max-snippet:-1, max-image-preview:large, max-video-preview:-1\" \/>\n<link rel=\"canonical\" href=\"https:\/\/earlyfeednutrition.com\/de\/swine\/\" \/>\n<meta property=\"og:locale\" content=\"de_DE\" \/>\n<meta property=\"og:type\" content=\"article\" \/>\n<meta property=\"og:title\" content=\"Schweine - Earlyfeed\" \/>\n<meta property=\"og:description\" content=\"FOKUS AUF DIE DARMGESUNDHEIT VON ANFANG AN Eine fr\u00fche Reifung des Verdauungstrakts ist bekannterweise entscheidend f\u00fcr das optimale und gesunde Wachstum der Ferkel. Die F\u00f6rderung der Darmgesundheit der Ferkel beginnt mit der richtigen F\u00fctterung der Sau und setzt sich fort mit cleveren Konzepten zur F\u00f6rderung der fr\u00fchen Futteraufnahme. Eine h\u00f6here Anzahl von Ferkeln, die vor [&hellip;]\" \/>\n<meta property=\"og:url\" content=\"https:\/\/earlyfeednutrition.com\/de\/swine\/\" \/>\n<meta property=\"og:site_name\" content=\"Earlyfeed\" \/>\n<meta property=\"article:modified_time\" content=\"2021-06-10T13:12:24+00:00\" \/>\n<meta name=\"twitter:card\" content=\"summary_large_image\" \/>\n<meta name=\"twitter:label1\" content=\"Est. reading time\" \/>\n\t<meta name=\"twitter:data1\" content=\"1 minute\" \/>\n<script type=\"application\/ld+json\" class=\"yoast-schema-graph\">{\"@context\":\"https:\/\/schema.org\",\"@graph\":[{\"@type\":\"WebPage\",\"@id\":\"https:\/\/earlyfeednutrition.com\/de\/swine\/\",\"url\":\"https:\/\/earlyfeednutrition.com\/de\/swine\/\",\"name\":\"Schweine - Earlyfeed\",\"isPartOf\":{\"@id\":\"https:\/\/earlyfeednutrition.com\/de\/#website\"},\"datePublished\":\"2020-11-05T16:06:10+00:00\",\"dateModified\":\"2021-06-10T13:12:24+00:00\",\"breadcrumb\":{\"@id\":\"https:\/\/earlyfeednutrition.com\/de\/swine\/#breadcrumb\"},\"inLanguage\":\"de-DE\",\"potentialAction\":[{\"@type\":\"ReadAction\",\"target\":[\"https:\/\/earlyfeednutrition.com\/de\/swine\/\"]}]},{\"@type\":\"BreadcrumbList\",\"@id\":\"https:\/\/earlyfeednutrition.com\/de\/swine\/#breadcrumb\",\"itemListElement\":[{\"@type\":\"ListItem\",\"position\":1,\"name\":\"Homepage\",\"item\":\"https:\/\/www.earlyfeednutrition.com\/de\/\"},{\"@type\":\"ListItem\",\"position\":2,\"name\":\"Was wir tun\",\"item\":\"https:\/\/earlyfeednutrition.com\/de\/what-we-do\/\"},{\"@type\":\"ListItem\",\"position\":3,\"name\":\"Schweine\"}]},{\"@type\":\"WebSite\",\"@id\":\"https:\/\/earlyfeednutrition.com\/de\/#website\",\"url\":\"https:\/\/earlyfeednutrition.com\/de\/\",\"name\":\"Earlyfeed\",\"description\":\"Right from the start\",\"potentialAction\":[{\"@type\":\"SearchAction\",\"target\":{\"@type\":\"EntryPoint\",\"urlTemplate\":\"https:\/\/earlyfeednutrition.com\/de\/?s={search_term_string}\"},\"query-input\":{\"@type\":\"PropertyValueSpecification\",\"valueRequired\":true,\"valueName\":\"search_term_string\"}}],\"inLanguage\":\"de-DE\"}]}<\/script>\n<!-- \/ Yoast SEO plugin. -->","yoast_head_json":{"title":"Schweine - Earlyfeed","robots":{"index":"index","follow":"follow","max-snippet":"max-snippet:-1","max-image-preview":"max-image-preview:large","max-video-preview":"max-video-preview:-1"},"canonical":"https:\/\/earlyfeednutrition.com\/de\/swine\/","og_locale":"de_DE","og_type":"article","og_title":"Schweine - Earlyfeed","og_description":"FOKUS AUF DIE DARMGESUNDHEIT VON ANFANG AN Eine fr\u00fche Reifung des Verdauungstrakts ist bekannterweise entscheidend f\u00fcr das optimale und gesunde Wachstum der Ferkel. Die F\u00f6rderung der Darmgesundheit der Ferkel beginnt mit der richtigen F\u00fctterung der Sau und setzt sich fort mit cleveren Konzepten zur F\u00f6rderung der fr\u00fchen Futteraufnahme. Eine h\u00f6here Anzahl von Ferkeln, die vor [&hellip;]","og_url":"https:\/\/earlyfeednutrition.com\/de\/swine\/","og_site_name":"Earlyfeed","article_modified_time":"2021-06-10T13:12:24+00:00","twitter_card":"summary_large_image","twitter_misc":{"Est. reading time":"1 minute"},"schema":{"@context":"https:\/\/schema.org","@graph":[{"@type":"WebPage","@id":"https:\/\/earlyfeednutrition.com\/de\/swine\/","url":"https:\/\/earlyfeednutrition.com\/de\/swine\/","name":"Schweine - Earlyfeed","isPartOf":{"@id":"https:\/\/earlyfeednutrition.com\/de\/#website"},"datePublished":"2020-11-05T16:06:10+00:00","dateModified":"2021-06-10T13:12:24+00:00","breadcrumb":{"@id":"https:\/\/earlyfeednutrition.com\/de\/swine\/#breadcrumb"},"inLanguage":"de-DE","potentialAction":[{"@type":"ReadAction","target":["https:\/\/earlyfeednutrition.com\/de\/swine\/"]}]},{"@type":"BreadcrumbList","@id":"https:\/\/earlyfeednutrition.com\/de\/swine\/#breadcrumb","itemListElement":[{"@type":"ListItem","position":1,"name":"Homepage","item":"https:\/\/www.earlyfeednutrition.com\/de\/"},{"@type":"ListItem","position":2,"name":"Was wir tun","item":"https:\/\/earlyfeednutrition.com\/de\/what-we-do\/"},{"@type":"ListItem","position":3,"name":"Schweine"}]},{"@type":"WebSite","@id":"https:\/\/earlyfeednutrition.com\/de\/#website","url":"https:\/\/earlyfeednutrition.com\/de\/","name":"Earlyfeed","description":"Right from the start","potentialAction":[{"@type":"SearchAction","target":{"@type":"EntryPoint","urlTemplate":"https:\/\/earlyfeednutrition.com\/de\/?s={search_term_string}"},"query-input":{"@type":"PropertyValueSpecification","valueRequired":true,"valueName":"search_term_string"}}],"inLanguage":"de-DE"}]}},"_links":{"self":[{"href":"https:\/\/earlyfeednutrition.com\/de\/wp-json\/wp\/v2\/pages\/14476","targetHints":{"allow":["GET"]}}],"collection":[{"href":"https:\/\/earlyfeednutrition.com\/de\/wp-json\/wp\/v2\/pages"}],"about":[{"href":"https:\/\/earlyfeednutrition.com\/de\/wp-json\/wp\/v2\/types\/page"}],"author":[{"embeddable":true,"href":"https:\/\/earlyfeednutrition.com\/de\/wp-json\/wp\/v2\/users\/1"}],"replies":[{"embeddable":true,"href":"https:\/\/earlyfeednutrition.com\/de\/wp-json\/wp\/v2\/comments?post=14476"}],"version-history":[{"count":5,"href":"https:\/\/earlyfeednutrition.com\/de\/wp-json\/wp\/v2\/pages\/14476\/revisions"}],"predecessor-version":[{"id":15842,"href":"https:\/\/earlyfeednutrition.com\/de\/wp-json\/wp\/v2\/pages\/14476\/revisions\/15842"}],"up":[{"embeddable":true,"href":"https:\/\/earlyfeednutrition.com\/de\/wp-json\/wp\/v2\/pages\/14492"}],"wp:attachment":[{"href":"https:\/\/earlyfeednutrition.com\/de\/wp-json\/wp\/v2\/media?parent=14476"}],"wp:term":[{"taxonomy":"country","embeddable":true,"href":"https:\/\/earlyfeednutrition.com\/de\/wp-json\/wp\/v2\/country?post=14476"}],"curies":[{"name":"wp","href":"https:\/\/api.w.org\/{rel}","templated":true}]}}