{"id":14467,"date":"2020-11-05T16:00:36","date_gmt":"2020-11-05T16:00:36","guid":{"rendered":"https:\/\/earlyfeednutrition.com\/poultry\/"},"modified":"2021-06-10T13:12:05","modified_gmt":"2021-06-10T13:12:05","slug":"poultry","status":"publish","type":"page","link":"https:\/\/earlyfeednutrition.com\/de\/poultry\/","title":{"rendered":"Gefl\u00fcgel"},"content":{"rendered":"<section class=\"section section--gutenberg section--gutenberg-nomargin wp-block-heading\">\n<h2><span style=\"color: #3A261B\" class=\"text-color\"><span style=\"font-family: bebas-neue-rounded, &quot;Roboto&quot;, &quot;Open Sans&quot;, &quot;Helvetica&quot;, &quot;Arial&quot;, sans-serif;\" class=\"font-family\">Es gibt kein \u201ezu fr\u00fch\u201c<\/span><\/span><\/h2>\n<\/section>\n\n<section class=\"section section--gutenberg section--gutenberg-nomargin wp-block-paragraph\">\n<p><span style=\"font-family: &quot;Roboto&quot;, &quot;Open Sans&quot;, &quot;Helvetica&quot;, &quot;Arial&quot;, sans-serif;\" class=\"font-family\">F\u00fcr eine optimale k\u00f6rperliche Entwicklung des K\u00fckens k\u00f6nnen Sie nicht zu fr\u00fch handeln. Sie k\u00f6nnen aber leider zu sp\u00e4t handeln. Sowohl wissenschaftliche Untersuchungen als auch Erfahrungen aus der Praxis haben uns gelehrt, dass die ersten 24 bis 72 Lebensstunden eines K\u00fckens weitgehend seine sp\u00e4tere Leistung bestimmen. Zwar versorgt die Natur das K\u00fcken mit N\u00e4hrstoffen in Form eines Dottersackrestes, aber diese nat\u00fcrliche Reserve verhindert lediglich, dass das K\u00fcken verhungert. Es reicht nicht aus, um den Jungvogel darauf vorzubereiten, in der anspruchsvollen Produktionsumgebung einer kommerziellen Gefl\u00fcgelfarm zu \u00fcberleben und gut zu gedeihen.<\/span><\/p>\n<\/section>\n\n<section class=\"section section--gutenberg section--gutenberg-nomargin wp-block-heading\">\n<h2><span style=\"color: #3A261B\" class=\"text-color\"><span style=\"font-family: bebas-neue-rounded, &quot;Roboto&quot;, &quot;Open Sans&quot;, &quot;Helvetica&quot;, &quot;Arial&quot;, sans-serif;\" class=\"font-family\">Ein wenig Unterst\u00fctzung von einem Freund&nbsp;<\/span><\/span><\/h2>\n<\/section>\n\n<section class=\"section section--gutenberg section--gutenberg-nomargin wp-block-paragraph\">\n<p><span style=\"font-family: &quot;Roboto&quot;, &quot;Open Sans&quot;, &quot;Helvetica&quot;, &quot;Arial&quot;, sans-serif;\" class=\"font-family\">Die gute Nachricht: Ziemlich viele K\u00fcken (und wahrscheinlich mehr, als Sie gewohnt sind) gedeihen trotz der Stressfaktoren in den ersten Lebenstagen sp\u00e4ter gut. Alles, was sie brauchen, ist ein wenig Unterst\u00fctzung. Die Konzepte von Earlyfeed f\u00fcr Eintagsk\u00fcken wurden sorgf\u00e4ltig entwickelt, um die Bed\u00fcrfnisse des K\u00fckens mit den speziellen Anforderungen des Lebenszyklus in Einklang zu bringen.<\/span><\/p>\n<\/section>\n\n<section class=\"section section--gutenberg section--gutenberg-nomargin wp-block-paragraph\">\n<p><span style=\"font-family: &quot;Roboto&quot;, &quot;Open Sans&quot;, &quot;Helvetica&quot;, &quot;Arial&quot;, sans-serif;\" class=\"font-family\">Unsere L\u00f6sungen f\u00fchren bei richtiger Anwendung zu einer schnellen und best\u00e4ndigen Futteraufnahme und einem reibungslosen \u00dcbergang von den N\u00e4hrstoffen des Dotters zur externen F\u00fctterung. Die N\u00e4hrstoffzusammensetzung erm\u00f6glicht eine schnelle und ausgewogene Darmentwicklung, ohne das Verdauungssystem und die Stabilit\u00e4t der Mikroflora im Darm der Jungtiere zu stark zu belasten. Das abschlie\u00dfende Ziel: Ein m\u00f6glichst fr\u00fcher Beginn der Futteraufnahme durch die K\u00fcken, was zu einer hohen Leistung w\u00e4hrend des gesamten Lebenszyklus f\u00fchrt.<\/span><\/p>\n<\/section>","protected":false},"excerpt":{"rendered":"<p>Es gibt kein \u201ezu fr\u00fch\u201c F\u00fcr eine optimale k\u00f6rperliche Entwicklung des K\u00fckens k\u00f6nnen Sie nicht zu fr\u00fch handeln. Sie k\u00f6nnen aber leider zu sp\u00e4t handeln. Sowohl wissenschaftliche Untersuchungen als auch Erfahrungen aus der Praxis haben uns gelehrt, dass die ersten 24 bis 72 Lebensstunden eines K\u00fckens weitgehend seine sp\u00e4tere Leistung bestimmen. Zwar versorgt die Natur [&hellip;]<\/p>\n","protected":false},"author":1,"featured_media":0,"parent":14492,"menu_order":0,"comment_status":"closed","ping_status":"closed","template":"page-product-group.php","meta":{"_acf_changed":false,"footnotes":""},"country":[],"class_list":["post-14467","page","type-page","status-publish","hentry"],"acf":[],"yoast_head":"<!-- This site is optimized with the Yoast SEO plugin v27.0 - https:\/\/yoast.com\/product\/yoast-seo-wordpress\/ -->\n<title>Gefl\u00fcgel - Earlyfeed<\/title>\n<meta name=\"robots\" content=\"index, follow, max-snippet:-1, max-image-preview:large, max-video-preview:-1\" \/>\n<link rel=\"canonical\" href=\"https:\/\/earlyfeednutrition.com\/de\/poultry\/\" \/>\n<meta property=\"og:locale\" content=\"de_DE\" \/>\n<meta property=\"og:type\" content=\"article\" \/>\n<meta property=\"og:title\" content=\"Gefl\u00fcgel - Earlyfeed\" \/>\n<meta property=\"og:description\" content=\"Es gibt kein \u201ezu fr\u00fch\u201c F\u00fcr eine optimale k\u00f6rperliche Entwicklung des K\u00fckens k\u00f6nnen Sie nicht zu fr\u00fch handeln. Sie k\u00f6nnen aber leider zu sp\u00e4t handeln. Sowohl wissenschaftliche Untersuchungen als auch Erfahrungen aus der Praxis haben uns gelehrt, dass die ersten 24 bis 72 Lebensstunden eines K\u00fckens weitgehend seine sp\u00e4tere Leistung bestimmen. Zwar versorgt die Natur [&hellip;]\" \/>\n<meta property=\"og:url\" content=\"https:\/\/earlyfeednutrition.com\/de\/poultry\/\" \/>\n<meta property=\"og:site_name\" content=\"Earlyfeed\" \/>\n<meta property=\"article:modified_time\" content=\"2021-06-10T13:12:05+00:00\" \/>\n<meta name=\"twitter:card\" content=\"summary_large_image\" \/>\n<meta name=\"twitter:label1\" content=\"Est. reading time\" \/>\n\t<meta name=\"twitter:data1\" content=\"1 minute\" \/>\n<script type=\"application\/ld+json\" class=\"yoast-schema-graph\">{\"@context\":\"https:\/\/schema.org\",\"@graph\":[{\"@type\":\"WebPage\",\"@id\":\"https:\/\/earlyfeednutrition.com\/de\/poultry\/\",\"url\":\"https:\/\/earlyfeednutrition.com\/de\/poultry\/\",\"name\":\"Gefl\u00fcgel - Earlyfeed\",\"isPartOf\":{\"@id\":\"https:\/\/earlyfeednutrition.com\/de\/#website\"},\"datePublished\":\"2020-11-05T16:00:36+00:00\",\"dateModified\":\"2021-06-10T13:12:05+00:00\",\"breadcrumb\":{\"@id\":\"https:\/\/earlyfeednutrition.com\/de\/poultry\/#breadcrumb\"},\"inLanguage\":\"de-DE\",\"potentialAction\":[{\"@type\":\"ReadAction\",\"target\":[\"https:\/\/earlyfeednutrition.com\/de\/poultry\/\"]}]},{\"@type\":\"BreadcrumbList\",\"@id\":\"https:\/\/earlyfeednutrition.com\/de\/poultry\/#breadcrumb\",\"itemListElement\":[{\"@type\":\"ListItem\",\"position\":1,\"name\":\"Homepage\",\"item\":\"https:\/\/earlyfeednutrition.com\/de\/\"},{\"@type\":\"ListItem\",\"position\":2,\"name\":\"Was wir tun\",\"item\":\"https:\/\/www.earlyfeednutrition.com\/de\/what-we-do\/\"},{\"@type\":\"ListItem\",\"position\":3,\"name\":\"Gefl\u00fcgel\"}]},{\"@type\":\"WebSite\",\"@id\":\"https:\/\/earlyfeednutrition.com\/de\/#website\",\"url\":\"https:\/\/earlyfeednutrition.com\/de\/\",\"name\":\"Earlyfeed\",\"description\":\"Right from the start\",\"potentialAction\":[{\"@type\":\"SearchAction\",\"target\":{\"@type\":\"EntryPoint\",\"urlTemplate\":\"https:\/\/earlyfeednutrition.com\/de\/?s={search_term_string}\"},\"query-input\":{\"@type\":\"PropertyValueSpecification\",\"valueRequired\":true,\"valueName\":\"search_term_string\"}}],\"inLanguage\":\"de-DE\"}]}<\/script>\n<!-- \/ Yoast SEO plugin. -->","yoast_head_json":{"title":"Gefl\u00fcgel - Earlyfeed","robots":{"index":"index","follow":"follow","max-snippet":"max-snippet:-1","max-image-preview":"max-image-preview:large","max-video-preview":"max-video-preview:-1"},"canonical":"https:\/\/earlyfeednutrition.com\/de\/poultry\/","og_locale":"de_DE","og_type":"article","og_title":"Gefl\u00fcgel - Earlyfeed","og_description":"Es gibt kein \u201ezu fr\u00fch\u201c F\u00fcr eine optimale k\u00f6rperliche Entwicklung des K\u00fckens k\u00f6nnen Sie nicht zu fr\u00fch handeln. Sie k\u00f6nnen aber leider zu sp\u00e4t handeln. Sowohl wissenschaftliche Untersuchungen als auch Erfahrungen aus der Praxis haben uns gelehrt, dass die ersten 24 bis 72 Lebensstunden eines K\u00fckens weitgehend seine sp\u00e4tere Leistung bestimmen. Zwar versorgt die Natur [&hellip;]","og_url":"https:\/\/earlyfeednutrition.com\/de\/poultry\/","og_site_name":"Earlyfeed","article_modified_time":"2021-06-10T13:12:05+00:00","twitter_card":"summary_large_image","twitter_misc":{"Est. reading time":"1 minute"},"schema":{"@context":"https:\/\/schema.org","@graph":[{"@type":"WebPage","@id":"https:\/\/earlyfeednutrition.com\/de\/poultry\/","url":"https:\/\/earlyfeednutrition.com\/de\/poultry\/","name":"Gefl\u00fcgel - Earlyfeed","isPartOf":{"@id":"https:\/\/earlyfeednutrition.com\/de\/#website"},"datePublished":"2020-11-05T16:00:36+00:00","dateModified":"2021-06-10T13:12:05+00:00","breadcrumb":{"@id":"https:\/\/earlyfeednutrition.com\/de\/poultry\/#breadcrumb"},"inLanguage":"de-DE","potentialAction":[{"@type":"ReadAction","target":["https:\/\/earlyfeednutrition.com\/de\/poultry\/"]}]},{"@type":"BreadcrumbList","@id":"https:\/\/earlyfeednutrition.com\/de\/poultry\/#breadcrumb","itemListElement":[{"@type":"ListItem","position":1,"name":"Homepage","item":"https:\/\/earlyfeednutrition.com\/de\/"},{"@type":"ListItem","position":2,"name":"Was wir tun","item":"https:\/\/www.earlyfeednutrition.com\/de\/what-we-do\/"},{"@type":"ListItem","position":3,"name":"Gefl\u00fcgel"}]},{"@type":"WebSite","@id":"https:\/\/earlyfeednutrition.com\/de\/#website","url":"https:\/\/earlyfeednutrition.com\/de\/","name":"Earlyfeed","description":"Right from the start","potentialAction":[{"@type":"SearchAction","target":{"@type":"EntryPoint","urlTemplate":"https:\/\/earlyfeednutrition.com\/de\/?s={search_term_string}"},"query-input":{"@type":"PropertyValueSpecification","valueRequired":true,"valueName":"search_term_string"}}],"inLanguage":"de-DE"}]}},"_links":{"self":[{"href":"https:\/\/earlyfeednutrition.com\/de\/wp-json\/wp\/v2\/pages\/14467","targetHints":{"allow":["GET"]}}],"collection":[{"href":"https:\/\/earlyfeednutrition.com\/de\/wp-json\/wp\/v2\/pages"}],"about":[{"href":"https:\/\/earlyfeednutrition.com\/de\/wp-json\/wp\/v2\/types\/page"}],"author":[{"embeddable":true,"href":"https:\/\/earlyfeednutrition.com\/de\/wp-json\/wp\/v2\/users\/1"}],"replies":[{"embeddable":true,"href":"https:\/\/earlyfeednutrition.com\/de\/wp-json\/wp\/v2\/comments?post=14467"}],"version-history":[{"count":5,"href":"https:\/\/earlyfeednutrition.com\/de\/wp-json\/wp\/v2\/pages\/14467\/revisions"}],"predecessor-version":[{"id":15841,"href":"https:\/\/earlyfeednutrition.com\/de\/wp-json\/wp\/v2\/pages\/14467\/revisions\/15841"}],"up":[{"embeddable":true,"href":"https:\/\/earlyfeednutrition.com\/de\/wp-json\/wp\/v2\/pages\/14492"}],"wp:attachment":[{"href":"https:\/\/earlyfeednutrition.com\/de\/wp-json\/wp\/v2\/media?parent=14467"}],"wp:term":[{"taxonomy":"country","embeddable":true,"href":"https:\/\/earlyfeednutrition.com\/de\/wp-json\/wp\/v2\/country?post=14467"}],"curies":[{"name":"wp","href":"https:\/\/api.w.org\/{rel}","templated":true}]}}