{"id":14465,"date":"2020-01-24T20:04:39","date_gmt":"2020-01-24T20:04:39","guid":{"rendered":"https:\/\/earlyfeednutrition.com\/disclaimer\/"},"modified":"2021-03-31T14:27:41","modified_gmt":"2021-03-31T14:27:41","slug":"disclaimer","status":"publish","type":"page","link":"https:\/\/earlyfeednutrition.com\/de\/disclaimer\/","title":{"rendered":"Disclaimer"},"content":{"rendered":"<section class=\"section section--gutenberg section--gutenberg-nomargin wp-block-paragraph\">\n<p>Diese Seite wurde mit gr\u00f6\u00dfter Sorgfalt zusammengestellt. Diese Website kann jedoch Informationen enthalten, die falsch und\/oder unvollst\u00e4ndig sind. Aus dem Inhalt k\u00f6nnen keine Rechte abgeleitet werden. Royal Agrifirm Group \u00fcbernimmt keine Haftung f\u00fcr direkte oder indirekte Sch\u00e4den, die durch die Verwendung der auf dieser Website oder auf verlinkten Websites erhaltenen Informationen entstehen. Der Inhalt dieser Website darf ohne Genehmigung von Royal Agrifirm Group nicht zur Ver\u00f6ffentlichung verwendet werden.<\/p>\n<\/section>\n\n<section class=\"section section--gutenberg section--gutenberg-nomargin wp-block-paragraph\">\n<p>Royal Agrifirm Group<br><em>CC 50003631<\/em><\/p>\n<\/section>","protected":false},"excerpt":{"rendered":"<p>Diese Seite wurde mit gr\u00f6\u00dfter Sorgfalt zusammengestellt. Diese Website kann jedoch Informationen enthalten, die falsch und\/oder unvollst\u00e4ndig sind. Aus dem Inhalt k\u00f6nnen keine Rechte abgeleitet werden. Royal Agrifirm Group \u00fcbernimmt keine Haftung f\u00fcr direkte oder indirekte Sch\u00e4den, die durch die Verwendung der auf dieser Website oder auf verlinkten Websites erhaltenen Informationen entstehen. Der Inhalt dieser [&hellip;]<\/p>\n","protected":false},"author":1,"featured_media":0,"parent":0,"menu_order":0,"comment_status":"closed","ping_status":"closed","template":"","meta":{"_acf_changed":false,"footnotes":""},"country":[],"class_list":["post-14465","page","type-page","status-publish","hentry"],"acf":[],"yoast_head":"<!-- This site is optimized with the Yoast SEO plugin v27.0 - https:\/\/yoast.com\/product\/yoast-seo-wordpress\/ -->\n<title>Disclaimer - Earlyfeed<\/title>\n<meta name=\"robots\" content=\"index, follow, max-snippet:-1, max-image-preview:large, max-video-preview:-1\" \/>\n<link rel=\"canonical\" href=\"https:\/\/earlyfeednutrition.com\/de\/disclaimer\/\" \/>\n<meta property=\"og:locale\" content=\"de_DE\" \/>\n<meta property=\"og:type\" content=\"article\" \/>\n<meta property=\"og:title\" content=\"Disclaimer - Earlyfeed\" \/>\n<meta property=\"og:description\" content=\"Diese Seite wurde mit gr\u00f6\u00dfter Sorgfalt zusammengestellt. Diese Website kann jedoch Informationen enthalten, die falsch und\/oder unvollst\u00e4ndig sind. Aus dem Inhalt k\u00f6nnen keine Rechte abgeleitet werden. Royal Agrifirm Group \u00fcbernimmt keine Haftung f\u00fcr direkte oder indirekte Sch\u00e4den, die durch die Verwendung der auf dieser Website oder auf verlinkten Websites erhaltenen Informationen entstehen. Der Inhalt dieser [&hellip;]\" \/>\n<meta property=\"og:url\" content=\"https:\/\/earlyfeednutrition.com\/de\/disclaimer\/\" \/>\n<meta property=\"og:site_name\" content=\"Earlyfeed\" \/>\n<meta property=\"article:modified_time\" content=\"2021-03-31T14:27:41+00:00\" \/>\n<meta name=\"twitter:card\" content=\"summary_large_image\" \/>\n<meta name=\"twitter:label1\" content=\"Est. reading time\" \/>\n\t<meta name=\"twitter:data1\" content=\"1 minute\" \/>\n<script type=\"application\/ld+json\" class=\"yoast-schema-graph\">{\"@context\":\"https:\/\/schema.org\",\"@graph\":[{\"@type\":\"WebPage\",\"@id\":\"https:\/\/earlyfeednutrition.com\/de\/disclaimer\/\",\"url\":\"https:\/\/earlyfeednutrition.com\/de\/disclaimer\/\",\"name\":\"Disclaimer - Earlyfeed\",\"isPartOf\":{\"@id\":\"https:\/\/earlyfeednutrition.com\/de\/#website\"},\"datePublished\":\"2020-01-24T20:04:39+00:00\",\"dateModified\":\"2021-03-31T14:27:41+00:00\",\"breadcrumb\":{\"@id\":\"https:\/\/earlyfeednutrition.com\/de\/disclaimer\/#breadcrumb\"},\"inLanguage\":\"de-DE\",\"potentialAction\":[{\"@type\":\"ReadAction\",\"target\":[\"https:\/\/earlyfeednutrition.com\/de\/disclaimer\/\"]}]},{\"@type\":\"BreadcrumbList\",\"@id\":\"https:\/\/earlyfeednutrition.com\/de\/disclaimer\/#breadcrumb\",\"itemListElement\":[{\"@type\":\"ListItem\",\"position\":1,\"name\":\"Homepage\",\"item\":\"https:\/\/earlyfeednutrition.com\/de\/\"},{\"@type\":\"ListItem\",\"position\":2,\"name\":\"Disclaimer\"}]},{\"@type\":\"WebSite\",\"@id\":\"https:\/\/earlyfeednutrition.com\/de\/#website\",\"url\":\"https:\/\/earlyfeednutrition.com\/de\/\",\"name\":\"Earlyfeed\",\"description\":\"Right from the start\",\"potentialAction\":[{\"@type\":\"SearchAction\",\"target\":{\"@type\":\"EntryPoint\",\"urlTemplate\":\"https:\/\/earlyfeednutrition.com\/de\/?s={search_term_string}\"},\"query-input\":{\"@type\":\"PropertyValueSpecification\",\"valueRequired\":true,\"valueName\":\"search_term_string\"}}],\"inLanguage\":\"de-DE\"}]}<\/script>\n<!-- \/ Yoast SEO plugin. -->","yoast_head_json":{"title":"Disclaimer - Earlyfeed","robots":{"index":"index","follow":"follow","max-snippet":"max-snippet:-1","max-image-preview":"max-image-preview:large","max-video-preview":"max-video-preview:-1"},"canonical":"https:\/\/earlyfeednutrition.com\/de\/disclaimer\/","og_locale":"de_DE","og_type":"article","og_title":"Disclaimer - Earlyfeed","og_description":"Diese Seite wurde mit gr\u00f6\u00dfter Sorgfalt zusammengestellt. Diese Website kann jedoch Informationen enthalten, die falsch und\/oder unvollst\u00e4ndig sind. Aus dem Inhalt k\u00f6nnen keine Rechte abgeleitet werden. Royal Agrifirm Group \u00fcbernimmt keine Haftung f\u00fcr direkte oder indirekte Sch\u00e4den, die durch die Verwendung der auf dieser Website oder auf verlinkten Websites erhaltenen Informationen entstehen. Der Inhalt dieser [&hellip;]","og_url":"https:\/\/earlyfeednutrition.com\/de\/disclaimer\/","og_site_name":"Earlyfeed","article_modified_time":"2021-03-31T14:27:41+00:00","twitter_card":"summary_large_image","twitter_misc":{"Est. reading time":"1 minute"},"schema":{"@context":"https:\/\/schema.org","@graph":[{"@type":"WebPage","@id":"https:\/\/earlyfeednutrition.com\/de\/disclaimer\/","url":"https:\/\/earlyfeednutrition.com\/de\/disclaimer\/","name":"Disclaimer - Earlyfeed","isPartOf":{"@id":"https:\/\/earlyfeednutrition.com\/de\/#website"},"datePublished":"2020-01-24T20:04:39+00:00","dateModified":"2021-03-31T14:27:41+00:00","breadcrumb":{"@id":"https:\/\/earlyfeednutrition.com\/de\/disclaimer\/#breadcrumb"},"inLanguage":"de-DE","potentialAction":[{"@type":"ReadAction","target":["https:\/\/earlyfeednutrition.com\/de\/disclaimer\/"]}]},{"@type":"BreadcrumbList","@id":"https:\/\/earlyfeednutrition.com\/de\/disclaimer\/#breadcrumb","itemListElement":[{"@type":"ListItem","position":1,"name":"Homepage","item":"https:\/\/earlyfeednutrition.com\/de\/"},{"@type":"ListItem","position":2,"name":"Disclaimer"}]},{"@type":"WebSite","@id":"https:\/\/earlyfeednutrition.com\/de\/#website","url":"https:\/\/earlyfeednutrition.com\/de\/","name":"Earlyfeed","description":"Right from the start","potentialAction":[{"@type":"SearchAction","target":{"@type":"EntryPoint","urlTemplate":"https:\/\/earlyfeednutrition.com\/de\/?s={search_term_string}"},"query-input":{"@type":"PropertyValueSpecification","valueRequired":true,"valueName":"search_term_string"}}],"inLanguage":"de-DE"}]}},"_links":{"self":[{"href":"https:\/\/earlyfeednutrition.com\/de\/wp-json\/wp\/v2\/pages\/14465","targetHints":{"allow":["GET"]}}],"collection":[{"href":"https:\/\/earlyfeednutrition.com\/de\/wp-json\/wp\/v2\/pages"}],"about":[{"href":"https:\/\/earlyfeednutrition.com\/de\/wp-json\/wp\/v2\/types\/page"}],"author":[{"embeddable":true,"href":"https:\/\/earlyfeednutrition.com\/de\/wp-json\/wp\/v2\/users\/1"}],"replies":[{"embeddable":true,"href":"https:\/\/earlyfeednutrition.com\/de\/wp-json\/wp\/v2\/comments?post=14465"}],"version-history":[{"count":1,"href":"https:\/\/earlyfeednutrition.com\/de\/wp-json\/wp\/v2\/pages\/14465\/revisions"}],"predecessor-version":[{"id":14466,"href":"https:\/\/earlyfeednutrition.com\/de\/wp-json\/wp\/v2\/pages\/14465\/revisions\/14466"}],"wp:attachment":[{"href":"https:\/\/earlyfeednutrition.com\/de\/wp-json\/wp\/v2\/media?parent=14465"}],"wp:term":[{"taxonomy":"country","embeddable":true,"href":"https:\/\/earlyfeednutrition.com\/de\/wp-json\/wp\/v2\/country?post=14465"}],"curies":[{"name":"wp","href":"https:\/\/api.w.org\/{rel}","templated":true}]}}