{"id":14462,"date":"2019-09-06T07:49:47","date_gmt":"2019-09-06T07:49:47","guid":{"rendered":"https:\/\/earlyfeednutrition.com\/cookie-policy\/"},"modified":"2022-06-13T19:13:11","modified_gmt":"2022-06-13T18:13:11","slug":"cookie-policy","status":"publish","type":"page","link":"https:\/\/earlyfeednutrition.com\/de\/cookie-policy\/","title":{"rendered":"Cookie-Richtlinie"},"content":{"rendered":"<section class=\"section section--gutenberg section--gutenberg-nomargin wp-block-paragraph\">\n<p>Agrifirm (Agrifirm Group B.V. und \/ oder ihre verbundenen Unternehmen) verwendet Cookies auf der Website <a href=\"http:\/\/www.earlyfeednutrition.com\">www.earlyfeednutrition.com<\/a>. Dies sind kleine Informationsdateien, die beim Besuch der Website auf Ihrem Computer gespeichert werden. Cookies erm\u00f6glichen es unserer Website, ordnungsgem\u00e4\u00df zu funktionieren und Einblicke in das Besucherverhalten auf der Website zu erhalten. Wir verwenden diese Informationen, um unsere Webdienste zu optimieren. Cookies gef\u00e4hrden nicht die Sicherheit Ihres Computers.<\/p>\n<\/section>\n\n<section class=\"section section--gutenberg section--gutenberg-nomargin wp-block-paragraph\">\n<p>Sie k\u00f6nnen Cookies auch jederzeit manuell von Ihrem Computer l\u00f6schen. Sie k\u00f6nnen Cookies auch blockieren. Suchen Sie in Ihrem Browser unter &#8220;Internetoptionen&#8221;. Wenn Sie Cookies l\u00f6schen oder blockieren, funktioniert unsere Website m\u00f6glicherweise nicht mehr optimal und Sie k\u00f6nnen m\u00f6glicherweise einige Dienste nicht nutzen.<\/p>\n<\/section>\n\n<section class=\"section section--gutenberg section--gutenberg-nomargin wp-block-heading\">\n<h2>Funktionale und nicht funktionale Cookies<\/h2>\n<\/section>\n\n<section class=\"section section--gutenberg section--gutenberg-nomargin wp-block-paragraph\">\n<p>Cookies k\u00f6nnen in funktionale und nicht funktionale Cookies unterteilt werden. Funktionale Cookies sind f\u00fcr das ordnungsgem\u00e4\u00dfe Funktionieren der Website erforderlich und stellen sicher, dass wir Ihnen bei jedem Besuch unserer Website schnell und korrekt die gew\u00fcnschten Informationen anzeigen k\u00f6nnen. Praktisch, dann m\u00fcssen Sie nicht jedes Mal Ihre Daten eingeben, Bevorzugungen angeben oder Ihre Einstellungen anpassen.<\/p>\n<\/section>\n\n<section class=\"section section--gutenberg section--gutenberg-nomargin wp-block-paragraph\">\n<p>Wir verwenden die nicht funktionale Cookies, um zu sehen, wie viele Besucher unsere Website hat und wie diese Besucher die Website nutzen. Wir verwenden diese Informationen, um die Website weiter zu verbessern. Diese Informationen sind anonym, wir k\u00f6nnen niemanden mit diesen Informationen identifizieren. Diese Dateien verschwinden automatisch, sobald Sie Ihren Internetbrowser schlie\u00dfen oder bis zu 12 Monate nach Ihrem letzten Besuch auf dem Computer verbleiben.<\/p>\n<\/section>\n\n<section class=\"section section--gutenberg section--gutenberg-nomargin wp-block-paragraph\">\n<p>Funktionale Cookies werden unter anderem verwendet, um:<\/p>\n<\/section>\n\n\n<ul class=\"wp-block-list\"><li>Ihre Anmeldedaten zu speichern.<\/li><li>Die Sicherheit Ihrer Anmeldedaten zu garantieren.<\/li><li>Online Bestellformulare im voraus mit Ihren Kundendaten zu f\u00fcllen.<\/li><li>Ein eindeutiges Design der Website zu garantiere.<\/li><\/ul>\n\n\n<section class=\"section section--gutenberg section--gutenberg-nomargin wp-block-paragraph\">\n<p>Nicht funktionale Cookies werden unter anderem verwendet, um:<\/p>\n<\/section>\n\n\n<ul class=\"wp-block-list\"><li>Zu messen wie viele Besucher unsere Website hat.<\/li><li>Zu bestimmen wie Besucher die Website nutzen.<\/li><li>Die Leistugen der Website zu verbessern.<\/li><li>Ihre Benutzererfahrung auf der Website zu verbessern.<\/li><\/ul>\n\n\n<section class=\"section section--gutenberg section--gutenberg-nomargin wp-block-paragraph\">\n<p>Weitere Informationen zu Cookies und zur Cookie-Gesetzgebung finden Sie hier:&nbsp;<a href=\"https:\/\/www.youronlinechoices.com\/\">https:\/\/www.youronlinechoices.com\/<\/a><\/p>\n<\/section>\n\n<section class=\"section section--gutenberg section--gutenberg-nomargin wp-block-heading\">\n<h2>Cookie-Richtlinie aktualisieren<\/h2>\n<\/section>\n\n<section class=\"section section--gutenberg section--gutenberg-nomargin wp-block-paragraph\">\n<p>Diese Cookie-Richtlinie kann in der Zwischenzeit angepasst werden, um \u00c4nderungen und nachfolgende Konsequenzen f\u00fcr das Abrufen und Verwalten von Daten offenzulegen. Wenn \u00c4nderungen an dieser Richtlinie vorgenommen werden, sehen Sie unten auf der Seite das Datum, an dem der Text zuletzt ge\u00e4ndert wurde.<\/p>\n<\/section>\n\n<section class=\"section section--gutenberg section--gutenberg-nomargin wp-block-paragraph\">\n<p>Wir behalten uns das Recht vor, \u00c4nderungen an der Art und Weise vorzunehmen, wie wir mit Daten umgehen, die in den Cookie-Richtlinien beschriebenen Bedingungen anzupassen und diese \u00c4nderungen auf Ihre Daten anzuwenden. Durch den Besuch unserer Website stimmen Sie den jeweils aktuellen Bestimmungen unserer Cookie-Richtlinie zu.<\/p>\n<\/section>","protected":false},"excerpt":{"rendered":"<p>Agrifirm (Agrifirm Group B.V. und \/ oder ihre verbundenen Unternehmen) verwendet Cookies auf der Website www.earlyfeednutrition.com. Dies sind kleine Informationsdateien, die beim Besuch der Website auf Ihrem Computer gespeichert werden. Cookies erm\u00f6glichen es unserer Website, ordnungsgem\u00e4\u00df zu funktionieren und Einblicke in das Besucherverhalten auf der Website zu erhalten. Wir verwenden diese Informationen, um unsere Webdienste [&hellip;]<\/p>\n","protected":false},"author":1,"featured_media":0,"parent":0,"menu_order":0,"comment_status":"closed","ping_status":"closed","template":"","meta":{"_acf_changed":false,"footnotes":""},"country":[],"class_list":["post-14462","page","type-page","status-publish","hentry"],"acf":[],"yoast_head":"<!-- This site is optimized with the Yoast SEO plugin v27.0 - https:\/\/yoast.com\/product\/yoast-seo-wordpress\/ -->\n<title>Cookie-Richtlinie - Earlyfeed<\/title>\n<meta name=\"robots\" content=\"index, follow, max-snippet:-1, max-image-preview:large, max-video-preview:-1\" \/>\n<link rel=\"canonical\" href=\"https:\/\/earlyfeednutrition.com\/de\/cookie-policy\/\" \/>\n<meta property=\"og:locale\" content=\"de_DE\" \/>\n<meta property=\"og:type\" content=\"article\" \/>\n<meta property=\"og:title\" content=\"Cookie-Richtlinie - Earlyfeed\" \/>\n<meta property=\"og:description\" content=\"Agrifirm (Agrifirm Group B.V. und \/ oder ihre verbundenen Unternehmen) verwendet Cookies auf der Website www.earlyfeednutrition.com. Dies sind kleine Informationsdateien, die beim Besuch der Website auf Ihrem Computer gespeichert werden. Cookies erm\u00f6glichen es unserer Website, ordnungsgem\u00e4\u00df zu funktionieren und Einblicke in das Besucherverhalten auf der Website zu erhalten. Wir verwenden diese Informationen, um unsere Webdienste [&hellip;]\" \/>\n<meta property=\"og:url\" content=\"https:\/\/earlyfeednutrition.com\/de\/cookie-policy\/\" \/>\n<meta property=\"og:site_name\" content=\"Earlyfeed\" \/>\n<meta property=\"article:modified_time\" content=\"2022-06-13T18:13:11+00:00\" \/>\n<meta name=\"twitter:card\" content=\"summary_large_image\" \/>\n<meta name=\"twitter:label1\" content=\"Est. reading time\" \/>\n\t<meta name=\"twitter:data1\" content=\"2 minutes\" \/>\n<script type=\"application\/ld+json\" class=\"yoast-schema-graph\">{\"@context\":\"https:\/\/schema.org\",\"@graph\":[{\"@type\":\"WebPage\",\"@id\":\"https:\/\/earlyfeednutrition.com\/de\/cookie-policy\/\",\"url\":\"https:\/\/earlyfeednutrition.com\/de\/cookie-policy\/\",\"name\":\"Cookie-Richtlinie - Earlyfeed\",\"isPartOf\":{\"@id\":\"https:\/\/earlyfeednutrition.com\/de\/#website\"},\"datePublished\":\"2019-09-06T07:49:47+00:00\",\"dateModified\":\"2022-06-13T18:13:11+00:00\",\"breadcrumb\":{\"@id\":\"https:\/\/earlyfeednutrition.com\/de\/cookie-policy\/#breadcrumb\"},\"inLanguage\":\"de-DE\",\"potentialAction\":[{\"@type\":\"ReadAction\",\"target\":[\"https:\/\/earlyfeednutrition.com\/de\/cookie-policy\/\"]}]},{\"@type\":\"BreadcrumbList\",\"@id\":\"https:\/\/earlyfeednutrition.com\/de\/cookie-policy\/#breadcrumb\",\"itemListElement\":[{\"@type\":\"ListItem\",\"position\":1,\"name\":\"Homepage\",\"item\":\"https:\/\/earlyfeednutrition.com\/de\/\"},{\"@type\":\"ListItem\",\"position\":2,\"name\":\"Cookie-Richtlinie\"}]},{\"@type\":\"WebSite\",\"@id\":\"https:\/\/earlyfeednutrition.com\/de\/#website\",\"url\":\"https:\/\/earlyfeednutrition.com\/de\/\",\"name\":\"Earlyfeed\",\"description\":\"Right from the start\",\"potentialAction\":[{\"@type\":\"SearchAction\",\"target\":{\"@type\":\"EntryPoint\",\"urlTemplate\":\"https:\/\/earlyfeednutrition.com\/de\/?s={search_term_string}\"},\"query-input\":{\"@type\":\"PropertyValueSpecification\",\"valueRequired\":true,\"valueName\":\"search_term_string\"}}],\"inLanguage\":\"de-DE\"}]}<\/script>\n<!-- \/ Yoast SEO plugin. -->","yoast_head_json":{"title":"Cookie-Richtlinie - Earlyfeed","robots":{"index":"index","follow":"follow","max-snippet":"max-snippet:-1","max-image-preview":"max-image-preview:large","max-video-preview":"max-video-preview:-1"},"canonical":"https:\/\/earlyfeednutrition.com\/de\/cookie-policy\/","og_locale":"de_DE","og_type":"article","og_title":"Cookie-Richtlinie - Earlyfeed","og_description":"Agrifirm (Agrifirm Group B.V. und \/ oder ihre verbundenen Unternehmen) verwendet Cookies auf der Website www.earlyfeednutrition.com. Dies sind kleine Informationsdateien, die beim Besuch der Website auf Ihrem Computer gespeichert werden. Cookies erm\u00f6glichen es unserer Website, ordnungsgem\u00e4\u00df zu funktionieren und Einblicke in das Besucherverhalten auf der Website zu erhalten. Wir verwenden diese Informationen, um unsere Webdienste [&hellip;]","og_url":"https:\/\/earlyfeednutrition.com\/de\/cookie-policy\/","og_site_name":"Earlyfeed","article_modified_time":"2022-06-13T18:13:11+00:00","twitter_card":"summary_large_image","twitter_misc":{"Est. reading time":"2 minutes"},"schema":{"@context":"https:\/\/schema.org","@graph":[{"@type":"WebPage","@id":"https:\/\/earlyfeednutrition.com\/de\/cookie-policy\/","url":"https:\/\/earlyfeednutrition.com\/de\/cookie-policy\/","name":"Cookie-Richtlinie - Earlyfeed","isPartOf":{"@id":"https:\/\/earlyfeednutrition.com\/de\/#website"},"datePublished":"2019-09-06T07:49:47+00:00","dateModified":"2022-06-13T18:13:11+00:00","breadcrumb":{"@id":"https:\/\/earlyfeednutrition.com\/de\/cookie-policy\/#breadcrumb"},"inLanguage":"de-DE","potentialAction":[{"@type":"ReadAction","target":["https:\/\/earlyfeednutrition.com\/de\/cookie-policy\/"]}]},{"@type":"BreadcrumbList","@id":"https:\/\/earlyfeednutrition.com\/de\/cookie-policy\/#breadcrumb","itemListElement":[{"@type":"ListItem","position":1,"name":"Homepage","item":"https:\/\/earlyfeednutrition.com\/de\/"},{"@type":"ListItem","position":2,"name":"Cookie-Richtlinie"}]},{"@type":"WebSite","@id":"https:\/\/earlyfeednutrition.com\/de\/#website","url":"https:\/\/earlyfeednutrition.com\/de\/","name":"Earlyfeed","description":"Right from the start","potentialAction":[{"@type":"SearchAction","target":{"@type":"EntryPoint","urlTemplate":"https:\/\/earlyfeednutrition.com\/de\/?s={search_term_string}"},"query-input":{"@type":"PropertyValueSpecification","valueRequired":true,"valueName":"search_term_string"}}],"inLanguage":"de-DE"}]}},"_links":{"self":[{"href":"https:\/\/earlyfeednutrition.com\/de\/wp-json\/wp\/v2\/pages\/14462","targetHints":{"allow":["GET"]}}],"collection":[{"href":"https:\/\/earlyfeednutrition.com\/de\/wp-json\/wp\/v2\/pages"}],"about":[{"href":"https:\/\/earlyfeednutrition.com\/de\/wp-json\/wp\/v2\/types\/page"}],"author":[{"embeddable":true,"href":"https:\/\/earlyfeednutrition.com\/de\/wp-json\/wp\/v2\/users\/1"}],"replies":[{"embeddable":true,"href":"https:\/\/earlyfeednutrition.com\/de\/wp-json\/wp\/v2\/comments?post=14462"}],"version-history":[{"count":2,"href":"https:\/\/earlyfeednutrition.com\/de\/wp-json\/wp\/v2\/pages\/14462\/revisions"}],"predecessor-version":[{"id":18921,"href":"https:\/\/earlyfeednutrition.com\/de\/wp-json\/wp\/v2\/pages\/14462\/revisions\/18921"}],"wp:attachment":[{"href":"https:\/\/earlyfeednutrition.com\/de\/wp-json\/wp\/v2\/media?parent=14462"}],"wp:term":[{"taxonomy":"country","embeddable":true,"href":"https:\/\/earlyfeednutrition.com\/de\/wp-json\/wp\/v2\/country?post=14462"}],"curies":[{"name":"wp","href":"https:\/\/api.w.org\/{rel}","templated":true}]}}